






{"id":589,"date":"2022-07-06T10:14:17","date_gmt":"2022-07-06T10:14:17","guid":{"rendered":"https:\/\/gimi.looplabz.com\/?page_id=589"},"modified":"2022-11-23T07:07:08","modified_gmt":"2022-11-23T07:07:08","slug":"pris","status":"publish","type":"page","link":"https:\/\/gimi.com\/sv\/pris\/","title":{"rendered":"Pris"},"content":{"rendered":"\r\n<!--style=\"background-image: url(--><!--);\"-->\r\r\n<section id=\"banner-block_6348019ca3beb\" class=\"_hmbnr color-white   _ob_opsitionTpRight  _bannerCover\"  >\r\r\n    <div class=\"container\">\r\r\n        <div class=\"row\">\r\r\n            <div class=\"col-md-12\">\r\r\n                <div class=\"_hdrContent\"  >\r\r\n                    <h1 data-aos=\"fade-down\" class=\"color-white\">Pris.<\/h1>\r\r\n                    <p data-aos=\"fade-up\" >Utnyttja Gimis fulla potential med Superskills Pro. Starta din kostnadsfria provperiod idag!<\/p>\r\r\n                    \r\n                        <a href=\"https:\/\/gimi.onelink.me\/PNSs\/akm89un3\" data-aos=\"fade-up\" class=\"_btn\" target=\"_self\">Ladda ner appen<\/a>\r\r\n                    \r\n                <\/div>\r\r\n            <\/div>\r\r\n        <\/div>\r\r\n    <\/div>\r\r\n    <div class=\"_bnrAtchmnt\" data-aos=\"fade-down\" >\r\r\n<!--        -->\r\n        <img decoding=\"async\" src=\"https:\/\/gimi.com\/wp-content\/uploads\/2022\/10\/hero_pricing.jpg\" alt=\"\" class=\"img-fluid\">\r\r\n    <\/div>\r\r\n\r\r\n\r\r\n<\/section>\r\r\n\n\n\r\n\r\r\n<section  data-aos=\"fade-up\" data-aos-easing=\"ease-in-sine\" id=\"pricing_cntnt_block_634801c4a3bec\" class=\"_pricing  alignfull _top-50 _bottom-50\" >\r\r\n    <div class=\"container\">\r\r\n        <div class=\"row _spcing-40 align-items-center mob_revers\">\r\r\n            \r\n            <div class=\"col-md-6\">\r\r\n                <div class=\"\" data-aos=\"fade-right\">\r\r\n                    <img width=\"1323\" height=\"1524\" src=\"https:\/\/gimi.com\/wp-content\/uploads\/2022\/10\/planet_map.jpg\" class=\"attachment-full size-full\" alt=\"planet_map\" decoding=\"async\" loading=\"lazy\" srcset=\"https:\/\/gimi.com\/wp-content\/uploads\/2022\/10\/planet_map.jpg 1323w, https:\/\/gimi.com\/wp-content\/uploads\/2022\/10\/planet_map-260x300.jpg 260w, https:\/\/gimi.com\/wp-content\/uploads\/2022\/10\/planet_map-889x1024.jpg 889w, https:\/\/gimi.com\/wp-content\/uploads\/2022\/10\/planet_map-768x885.jpg 768w\" sizes=\"(max-width: 1323px) 100vw, 1323px\" \/>\r\n                <\/div>\r\r\n            <\/div>\r\r\n            <div class=\"col-md-6\">\r\r\n                <div class=\"_pricCntDes\">\r\r\n                    <h2>F\u00e5 den kompletta Gimi upplevelsen.<\/h2>\r\r\n\r\r\n                        \r\n                            <div class=\"row\">\r\r\n                           \r\n                                <div class=\"col-6\">\r\r\n                                    <div class=\"_pricCntItm\">\r\r\n                                        <h5 data-aos=\"fade-down\">Koppla ihop Gimi med barnets bankkonto.<\/h5>\r\r\n                                        <p data-aos=\"fade-up\">Skapa den ultimata kombinationen av utbildning i privatekonomi tillsammans med ditt barns bankkonto.<\/p>\r\r\n                                    <\/div>\r\r\n                                <\/div>\r\r\n                            \r\n                                <div class=\"col-6\">\r\r\n                                    <div class=\"_pricCntItm\">\r\r\n                                        <h5 data-aos=\"fade-down\">Utforska v\u00e5ra familjeuppdrag.<\/h5>\r\r\n                                        <p data-aos=\"fade-up\">Barn l\u00e4r sig inte att hantera pengar genom att l\u00e4sa, utan genom att g\u00f6ra. I v\u00e5ra familjeuppdrag l\u00e4r ni er om privatekonomi tillsamman. Bygg starka vanor kring privatekonomi genom att \u00f6va p\u00e5 hur du fattar sunda ekonomiska beslut i vardagen.<\/p>\r\r\n                                    <\/div>\r\r\n                                <\/div>\r\r\n                            \r\n                                <div class=\"col-6\">\r\r\n                                    <div class=\"_pricCntItm\">\r\r\n                                        <h5 data-aos=\"fade-down\">F\u00e5 tillg\u00e5ng till Superskills Adventure.<\/h5>\r\r\n                                        <p data-aos=\"fade-up\">Ge ditt barn tillg\u00e5ng till 40+ lektioner och utmaningar om privatekonomi. Utbildningspaketet \u00e4r utvecklad av experter inom didaktik och inneh\u00e5ller alla grunderna ditt barn beh\u00f6ver f\u00f6r att f\u00f6rst\u00e5 privatekonomi.<\/p>\r\r\n                                    <\/div>\r\r\n                                <\/div>\r\r\n                            \r\n                                <div class=\"col-6\">\r\r\n                                    <div class=\"_pricCntItm\">\r\r\n                                        <h5 data-aos=\"fade-down\">L\u00e4ra sig att spara sina pengar \u00e4r en l\u00e4rdom f\u00f6r resten av livet.<\/h5>\r\r\n                                        <p data-aos=\"fade-up\">Att skapa ett sparm\u00e5l m\u00f6jligg\u00f6r f\u00f6r b\u00e4ttre vanor inom privatekonomi. L\u00e5t ditt barn l\u00e4ra sig att hantera sina pengar b\u00e4ttre genom att ta ansvar f\u00f6r sina egna sparm\u00e5l.<\/p>\r\r\n                                    <\/div>\r\r\n                                <\/div>\r\r\n                            \r\n                            <\/div>\r\r\n                       \r\n                    \r\n\r\r\n                <\/div>\r\r\n            <\/div>\r\r\n        <\/div>\r\r\n    <\/div>\r\r\n<\/section>\r\r\n\r\r\n\r\r\n\r\r\n\r\r\n\n\n\r\n\r\r\n<section  data-aos=\"fade-up\" data-aos-easing=\"ease-in-sine\" id=\"pricing_cntnt_block_62c59b660d375\" class=\"_pricing_list  alignwide _top-50 _bottom-50\" >\r\r\n    <div class=\"container _container-1000\">\r\r\n        \r\n            <div class=\"row\">\r\r\n                \r\n                <div class=\"col-md-6\">\r\r\n                    <div class=\"_plistBlock\">\r\r\n                        <h3>Gimi Gratis<\/h3>\r\r\n                        <p><\/p>\r\r\n                        \r\n                            <ul>\r\r\n                                \r\n                                    <li class=\"\" data-aos=\"fade-up\">\r\r\n                                        Koppla ihop hela familjen<\/li>\r\r\n                                \r\n                                    <li class=\"\" data-aos=\"fade-up\">\r\r\n                                        Spargris<\/li>\r\r\n                                \r\n                                    <li class=\"\" data-aos=\"fade-up\">\r\r\n                                        Vecko\/m\u00e5nadspeng<\/li>\r\r\n                                \r\n                                    <li class=\"\" data-aos=\"fade-up\">\r\r\n                                        Hush\u00e5llssylor<\/li>\r\r\n                                \r\n                                    <li class=\"_disabled\" data-aos=\"fade-up\">\r\r\n                                        Sparm\u00e5l<\/li>\r\r\n                                \r\n                                    <li class=\"_disabled\" data-aos=\"fade-up\">\r\r\n                                        Bankkonto koppling<\/li>\r\r\n                                \r\n                                    <li class=\"_disabled\" data-aos=\"fade-up\">\r\r\n                                        Lektioner<\/li>\r\r\n                                \r\n                                    <li class=\"_disabled\" data-aos=\"fade-up\">\r\r\n                                        Familjeuppdrag<\/li>\r\r\n                                \r\n                            <\/ul>\r\r\n                        \r\n                    <\/div>\r\r\n                <\/div>\r\r\n                \r\n                <div class=\"col-md-6\">\r\r\n                    <div class=\"_plistBlock\">\r\r\n                        <h3>Gimi Pro<\/h3>\r\r\n                        <p>Pris fr\u00e5n 29 SEK\/m\u00e5nad<\/p>\r\r\n                        \r\n                            <ul>\r\r\n                                \r\n                                    <li class=\"\" data-aos=\"fade-up\">\r\r\n                                        Koppla ihop hela familjen<\/li>\r\r\n                                \r\n                                    <li class=\"\" data-aos=\"fade-up\">\r\r\n                                        Spargris<\/li>\r\r\n                                \r\n                                    <li class=\"\" data-aos=\"fade-up\">\r\r\n                                        Vecko\/m\u00e5nadspeng<\/li>\r\r\n                                \r\n                                    <li class=\"\" data-aos=\"fade-up\">\r\r\n                                        Hush\u00e5llssylor<\/li>\r\r\n                                \r\n                                    <li class=\"\" data-aos=\"fade-up\">\r\r\n                                        Sparm\u00e5l<\/li>\r\r\n                                \r\n                                    <li class=\"\" data-aos=\"fade-up\">\r\r\n                                        Bankkonto koppling<\/li>\r\r\n                                \r\n                                    <li class=\"\" data-aos=\"fade-up\">\r\r\n                                        Lektioner<\/li>\r\r\n                                \r\n                                    <li class=\"\" data-aos=\"fade-up\">\r\r\n                                        Familjeuppdrag<\/li>\r\r\n                                \r\n                            <\/ul>\r\r\n                        \r\n                    <\/div>\r\r\n                <\/div>\r\r\n                \r\n\r\r\n            <\/div>\r\r\n\r\r\n        \r\n        <div class=\"row align-items-center\">\r\r\n            <div class=\"col-md-6\">\r\r\n\r\r\n            <\/div>\r\r\n        <\/div>\r\r\n    <\/div>\r\r\n<\/section>\r\r\n\r\r\n\r\r\n\r\r\n\r\r\n","protected":false},"excerpt":{"rendered":"","protected":false},"author":12,"featured_media":3049,"parent":0,"menu_order":0,"comment_status":"closed","ping_status":"closed","template":"","meta":{"inline_featured_image":false},"yoast_head":"<!-- This site is optimized with the Yoast SEO plugin v19.10 - https:\/\/yoast.com\/wordpress\/plugins\/seo\/ -->\n<title>Pris - Utnyttja full potential med Superskills Pro - Gimi<\/title>\n<meta name=\"description\" content=\"Utnyttja Gimis fulla potential med Superskills Pro. Koppla ihop Gimi med barnets bank, utforska familjeuppdrag, tillg\u00e5ng till Superskills Adventure m.m.\" \/>\n<meta name=\"robots\" content=\"index, follow, max-snippet:-1, max-image-preview:large, max-video-preview:-1\" \/>\n<link rel=\"canonical\" href=\"https:\/\/gimi.com\/sv\/pris\/\" \/>\n<meta property=\"og:locale\" content=\"sv_SE\" \/>\n<meta property=\"og:type\" content=\"article\" \/>\n<meta property=\"og:title\" content=\"Pris - Utnyttja full potential med Superskills Pro - Gimi\" \/>\n<meta property=\"og:description\" content=\"Utnyttja Gimis fulla potential med Superskills Pro. Koppla ihop Gimi med barnets bank, utforska familjeuppdrag, tillg\u00e5ng till Superskills Adventure m.m.\" \/>\n<meta property=\"og:url\" content=\"https:\/\/gimi.com\/sv\/pris\/\" \/>\n<meta property=\"og:site_name\" content=\"Gimi\" \/>\n<meta property=\"article:publisher\" content=\"https:\/\/www.facebook.com\/GimiFinancialSuperskills\" \/>\n<meta property=\"article:modified_time\" content=\"2022-11-23T07:07:08+00:00\" \/>\n<meta property=\"og:image\" content=\"http:\/\/gimi.com\/wp-content\/uploads\/2022\/11\/gimi-logo-square.png\" \/>\n\t<meta property=\"og:image:width\" content=\"1080\" \/>\n\t<meta property=\"og:image:height\" content=\"1080\" \/>\n\t<meta property=\"og:image:type\" content=\"image\/png\" \/>\n<meta name=\"twitter:card\" content=\"summary_large_image\" \/>\n<script type=\"application\/ld+json\" class=\"yoast-schema-graph\">{\"@context\":\"https:\/\/schema.org\",\"@graph\":[{\"@type\":\"WebPage\",\"@id\":\"https:\/\/gimi.com\/sv\/pris\/\",\"url\":\"https:\/\/gimi.com\/sv\/pris\/\",\"name\":\"Pris - Utnyttja full potential med Superskills Pro - Gimi\",\"isPartOf\":{\"@id\":\"https:\/\/gimi.com\/#website\"},\"datePublished\":\"2022-07-06T10:14:17+00:00\",\"dateModified\":\"2022-11-23T07:07:08+00:00\",\"description\":\"Utnyttja Gimis fulla potential med Superskills Pro. Koppla ihop Gimi med barnets bank, utforska familjeuppdrag, tillg\u00e5ng till Superskills Adventure m.m.\",\"breadcrumb\":{\"@id\":\"https:\/\/gimi.com\/sv\/pris\/#breadcrumb\"},\"inLanguage\":\"sv-SE\",\"potentialAction\":[{\"@type\":\"ReadAction\",\"target\":[\"https:\/\/gimi.com\/sv\/pris\/\"]}]},{\"@type\":\"BreadcrumbList\",\"@id\":\"https:\/\/gimi.com\/sv\/pris\/#breadcrumb\",\"itemListElement\":[{\"@type\":\"ListItem\",\"position\":1,\"name\":\"Home\",\"item\":\"https:\/\/gimi.com\/sv\/\"},{\"@type\":\"ListItem\",\"position\":2,\"name\":\"Pris\"}]},{\"@type\":\"WebSite\",\"@id\":\"https:\/\/gimi.com\/#website\",\"url\":\"https:\/\/gimi.com\/\",\"name\":\"Gimi\",\"description\":\"Gimi\",\"publisher\":{\"@id\":\"https:\/\/gimi.com\/#organization\"},\"potentialAction\":[{\"@type\":\"SearchAction\",\"target\":{\"@type\":\"EntryPoint\",\"urlTemplate\":\"https:\/\/gimi.com\/?s={search_term_string}\"},\"query-input\":\"required name=search_term_string\"}],\"inLanguage\":\"sv-SE\"},{\"@type\":\"Organization\",\"@id\":\"https:\/\/gimi.com\/#organization\",\"name\":\"Gimi\",\"url\":\"https:\/\/gimi.com\/\",\"logo\":{\"@type\":\"ImageObject\",\"inLanguage\":\"sv-SE\",\"@id\":\"https:\/\/gimi.com\/#\/schema\/logo\/image\/\",\"url\":\"https:\/\/gimi.com\/wp-content\/uploads\/2022\/11\/gimi-logo-square.png\",\"contentUrl\":\"https:\/\/gimi.com\/wp-content\/uploads\/2022\/11\/gimi-logo-square.png\",\"width\":1080,\"height\":1080,\"caption\":\"Gimi\"},\"image\":{\"@id\":\"https:\/\/gimi.com\/#\/schema\/logo\/image\/\"},\"sameAs\":[\"https:\/\/www.youtube.com\/c\/Gimi-FinancialSuperskills\",\"https:\/\/www.instagram.com\/gimitheapp\/?hl=en\",\"https:\/\/www.facebook.com\/GimiFinancialSuperskills\"]}]}<\/script>\n<!-- \/ Yoast SEO plugin. -->","yoast_head_json":{"title":"Pris - Utnyttja full potential med Superskills Pro - Gimi","description":"Utnyttja Gimis fulla potential med Superskills Pro. Koppla ihop Gimi med barnets bank, utforska familjeuppdrag, tillg\u00e5ng till Superskills Adventure m.m.","robots":{"index":"index","follow":"follow","max-snippet":"max-snippet:-1","max-image-preview":"max-image-preview:large","max-video-preview":"max-video-preview:-1"},"canonical":"https:\/\/gimi.com\/sv\/pris\/","og_locale":"sv_SE","og_type":"article","og_title":"Pris - Utnyttja full potential med Superskills Pro - Gimi","og_description":"Utnyttja Gimis fulla potential med Superskills Pro. Koppla ihop Gimi med barnets bank, utforska familjeuppdrag, tillg\u00e5ng till Superskills Adventure m.m.","og_url":"https:\/\/gimi.com\/sv\/pris\/","og_site_name":"Gimi","article_publisher":"https:\/\/www.facebook.com\/GimiFinancialSuperskills","article_modified_time":"2022-11-23T07:07:08+00:00","og_image":[{"width":1080,"height":1080,"url":"http:\/\/gimi.com\/wp-content\/uploads\/2022\/11\/gimi-logo-square.png","type":"image\/png"}],"twitter_card":"summary_large_image","schema":{"@context":"https:\/\/schema.org","@graph":[{"@type":"WebPage","@id":"https:\/\/gimi.com\/sv\/pris\/","url":"https:\/\/gimi.com\/sv\/pris\/","name":"Pris - Utnyttja full potential med Superskills Pro - Gimi","isPartOf":{"@id":"https:\/\/gimi.com\/#website"},"datePublished":"2022-07-06T10:14:17+00:00","dateModified":"2022-11-23T07:07:08+00:00","description":"Utnyttja Gimis fulla potential med Superskills Pro. Koppla ihop Gimi med barnets bank, utforska familjeuppdrag, tillg\u00e5ng till Superskills Adventure m.m.","breadcrumb":{"@id":"https:\/\/gimi.com\/sv\/pris\/#breadcrumb"},"inLanguage":"sv-SE","potentialAction":[{"@type":"ReadAction","target":["https:\/\/gimi.com\/sv\/pris\/"]}]},{"@type":"BreadcrumbList","@id":"https:\/\/gimi.com\/sv\/pris\/#breadcrumb","itemListElement":[{"@type":"ListItem","position":1,"name":"Home","item":"https:\/\/gimi.com\/sv\/"},{"@type":"ListItem","position":2,"name":"Pris"}]},{"@type":"WebSite","@id":"https:\/\/gimi.com\/#website","url":"https:\/\/gimi.com\/","name":"Gimi","description":"Gimi","publisher":{"@id":"https:\/\/gimi.com\/#organization"},"potentialAction":[{"@type":"SearchAction","target":{"@type":"EntryPoint","urlTemplate":"https:\/\/gimi.com\/?s={search_term_string}"},"query-input":"required name=search_term_string"}],"inLanguage":"sv-SE"},{"@type":"Organization","@id":"https:\/\/gimi.com\/#organization","name":"Gimi","url":"https:\/\/gimi.com\/","logo":{"@type":"ImageObject","inLanguage":"sv-SE","@id":"https:\/\/gimi.com\/#\/schema\/logo\/image\/","url":"https:\/\/gimi.com\/wp-content\/uploads\/2022\/11\/gimi-logo-square.png","contentUrl":"https:\/\/gimi.com\/wp-content\/uploads\/2022\/11\/gimi-logo-square.png","width":1080,"height":1080,"caption":"Gimi"},"image":{"@id":"https:\/\/gimi.com\/#\/schema\/logo\/image\/"},"sameAs":["https:\/\/www.youtube.com\/c\/Gimi-FinancialSuperskills","https:\/\/www.instagram.com\/gimitheapp\/?hl=en","https:\/\/www.facebook.com\/GimiFinancialSuperskills"]}]}},"_links":{"self":[{"href":"https:\/\/gimi.com\/sv\/wp-json\/wp\/v2\/pages\/589"}],"collection":[{"href":"https:\/\/gimi.com\/sv\/wp-json\/wp\/v2\/pages"}],"about":[{"href":"https:\/\/gimi.com\/sv\/wp-json\/wp\/v2\/types\/page"}],"author":[{"embeddable":true,"href":"https:\/\/gimi.com\/sv\/wp-json\/wp\/v2\/users\/12"}],"replies":[{"embeddable":true,"href":"https:\/\/gimi.com\/sv\/wp-json\/wp\/v2\/comments?post=589"}],"version-history":[{"count":22,"href":"https:\/\/gimi.com\/sv\/wp-json\/wp\/v2\/pages\/589\/revisions"}],"predecessor-version":[{"id":3402,"href":"https:\/\/gimi.com\/sv\/wp-json\/wp\/v2\/pages\/589\/revisions\/3402"}],"wp:featuredmedia":[{"embeddable":true,"href":"https:\/\/gimi.com\/sv\/wp-json\/wp\/v2\/media\/3049"}],"wp:attachment":[{"href":"https:\/\/gimi.com\/sv\/wp-json\/wp\/v2\/media?parent=589"}],"curies":[{"name":"wp","href":"https:\/\/api.w.org\/{rel}","templated":true}]}}