






{"id":571,"date":"2022-07-18T11:42:04","date_gmt":"2022-07-18T11:42:04","guid":{"rendered":"https:\/\/gimi.looplabz.com\/?page_id=571"},"modified":"2022-12-05T06:15:24","modified_gmt":"2022-12-05T06:15:24","slug":"sparburkar","status":"publish","type":"page","link":"https:\/\/gimi.com\/sv\/sparburkar\/","title":{"rendered":"Sparburkar"},"content":{"rendered":"\r\n\r\r\n<section  data-aos=\"fade-up\" data-aos-easing=\"ease-in-sine\" id=\"article-block_62cec8533af00\" class=\"_article _topGray   \" >\r\r\n    <div class=\"container\">\r\r\n        <div class=\"row\">\r\r\n            <div class=\"col-md-12\">\r\r\n                <div class=\"_pageHdr _container-1000    \">\r\r\n                    <h1>Sparburkar<\/h1>\r\r\n                    <div class=\"_pgHdrDesc\">\r\r\n                        \r\n                    <\/div>\r\r\n                <\/div>\r\r\n                <div class=\"_pageCntnt _container-690\">\r\r\n                    <div class=\"_articleImg\">\r\r\n                        <img width=\"1536\" height=\"1024\" src=\"https:\/\/gimi.com\/wp-content\/uploads\/2022\/12\/piggybank-1.webp\" class=\"attachment-post-thumbnail size-post-thumbnail wp-post-image\" alt=\"piggybank with coins\" decoding=\"async\" loading=\"lazy\" srcset=\"https:\/\/gimi.com\/wp-content\/uploads\/2022\/12\/piggybank-1.webp 1536w, https:\/\/gimi.com\/wp-content\/uploads\/2022\/12\/piggybank-1-300x200.webp 300w, https:\/\/gimi.com\/wp-content\/uploads\/2022\/12\/piggybank-1-1024x683.webp 1024w, https:\/\/gimi.com\/wp-content\/uploads\/2022\/12\/piggybank-1-768x512.webp 768w\" sizes=\"(max-width: 1536px) 100vw, 1536px\" \/>\r\n                    <\/div>\r\r\n                    <div class=\"_art_desc\">\r\r\n                        <article class=\"text\">\n<div class=\"excerpt__AvuEQ\">\n<p><strong>N\u00e4r man ska l\u00e4ra sig n\u00e5got nytt vill man ju ofta se vad som h\u00e4nder, d\u00e5 blir det enklare att komma ih\u00e5g. N\u00e4r du anv\u00e4nder sparburkar s\u00e5 l\u00e4r du dig om pengar och hinner pyssla lite p\u00e5 k\u00f6pet!<\/strong><\/p>\n<\/div>\n<div class=\"text__body\">\n<p>Det beh\u00f6ver inte vara tr\u00e5kigt att l\u00e4ra sig om pengar! Och det beh\u00f6ver heller inte vara s\u00e5 abstrakt. N\u00e4r man ska l\u00e4ra sig n\u00e5got nytt vill man ju ofta se vad som h\u00e4nder, d\u00e5 blir det enklare att komma ih\u00e5g. N\u00e4r du anv\u00e4nder sparburkar s\u00e5 l\u00e4r du dig om pengar och hinner pyssla lite p\u00e5 k\u00f6pet!<\/p>\n<h3>Vad \u00e4r en sparburk?<\/h3>\n<p>M\u00e5nga f\u00f6r\u00e4ldrar l\u00e4r sina barn hur man l\u00e4gger upp en budget med \u201csk\u00e4nk-, spara-, spenderaburkar\u201d. N\u00e4r barnet tj\u00e4nar pengar delar man upp dom i burkarna.<\/p>\n<p>Leta upp tre stycken burkar, g\u00e4rna i samma storlek men det \u00e4r inte ett m\u00e5ste. Ta fram etiketter eller en vattenfast tuschpenna, burkarna ska f\u00e5 varsitt namn! En burk ska heta \u201cSPARA\u201d, en ska heta \u201cSPENDERA\u201d och den sista ska heta \u201cSK\u00c4NKA\u201d. St\u00e4ll upp dom p\u00e5 rad p\u00e5 ett st\u00e4lle d\u00e4r du enkelt kan ta fram dom, g\u00e4rne ett st\u00e4lle som du ser varje dag!<\/p>\n<p>I \u201cspara\u201d burken l\u00e4gger man undan pengar till ett l\u00e5ngsiktigt m\u00e5l, pengarna i \u201cspendera\u201d burken kan man anv\u00e4nda n\u00e4r som helst, och pengarna i \u201csk\u00e4nka\u201d burken sk\u00e4nks till en v\u00e4lg\u00f6renhet som barnet sj\u00e4lv v\u00e4ljer.<\/p>\n<h3>Varf\u00f6r ska man anv\u00e4nda sparburkar?<\/h3>\n<p>N\u00e4r vi l\u00e5ter barn koppla en konkret handling med ett abstrakt beteende eller koncept som \u201cl\u00e5ngsiktigt sparande\u201d, \u201ckortsiktigt sparande\u201d och g\u00e5vor uppmuntrar vi deras f\u00f6rm\u00e5ga att f\u00f6rst\u00e5 och fundera p\u00e5 vad koncepten faktiskt betyder och hur dom fungerar. Sparburkar demonstrerar en mindre budget, barnen l\u00e4gger pengar i olika burkar, h\u00f6r hur mynten klirrar och ser hur mycket pengar som l\u00e4ggs i varje burk.<\/p>\n<p>N\u00e4r det \u00e4r dags f\u00f6r barnen att anv\u00e4nda sina pengar f\u00f6r att k\u00f6pa fika \u00e4r det enkelt att ta mynt fr\u00e5n spenderaburken och inte r\u00f6ra pengarna som barnet redan best\u00e4mt sig f\u00f6r att spara. Det ger barnet \u00e4ven m\u00f6jligheten att omv\u00e4rdera sitt beslut om hur mycket pengar l\u00e4ggs i varje burk och balansera om sin budget.<\/p>\n<p>Olika s\u00e4tt att hantera pengar:<\/p>\n<h3>Gimi<\/h3>\n<p>Vi rekommenderar att anv\u00e4nda Gimi ist\u00e4llet f\u00f6r att l\u00e4gga alla dina pengar i en sparb\u00f6ssa. N\u00e4r du anv\u00e4nder Gimi kan du h\u00e5lla koll och hantera din vecko- eller m\u00e5nadspeng, och med gamifierat inneh\u00e5ll blir du pengasmart samtidigt som du sparar pengar!<\/p>\n<p>Med Gimi s\u00e5 kan du b\u00e5de h\u00e5lla koll p\u00e5 din veckopeng och bel\u00f6ning som du f\u00e5r f\u00f6r sysslor som du g\u00f6r i hemmet. Kolla runt och f\u00f6rs\u00f6k hitta problem som du kan l\u00f6sa. \u00c4r diskmaskinen full? T\u00f6m den! \u00c4r s\u00e4ngarna ob\u00e4ddade? B\u00e4dda dom!<\/p>\n<p>En grej som g\u00f6r det lite enklare att spara \u00e4r om du har ett tydligt m\u00e5l, eller en dr\u00f6m. Ta reda p\u00e5 vad din dr\u00f6m kostar och leta upp en bild p\u00e5 den. Kanske \u00e4r det en ny cykel, ett par h\u00f6rlurar eller kanske en resa? Ladda upp den i Gimi och l\u00e4gg in beloppet, nu kan du enkelt h\u00e5lla koll p\u00e5 hur mycket du har kvar! D\u00e5 blir det direkt lite roligare att h\u00e5lla p\u00e5 pengarna ist\u00e4llet f\u00f6r att spendera direkt.<\/p>\n<p>Notera att Gimi inte erbjuder sparprodukter s\u00e5som sparkonton, utan \u00e4r ett s\u00e4tt att h\u00e5lla koll p\u00e5 hur mycket pengar du har lagt undan.<\/p>\n<h3>Sparb\u00f6ssor<\/h3>\n<p>Sparb\u00f6ssa \u00e4r det vanligaste namnet f\u00f6r en burk eller l\u00e5da som barn anv\u00e4nder f\u00f6r att f\u00f6rvara mynt. Sparb\u00f6ssor anv\u00e4nds oftast f\u00f6r att f\u00f6rvara mynt i ett vackert eller gulligt k\u00e4rl, traditionellt i form av en gris. Moderna sparb\u00f6ssor har fler former \u00e4n grisen, dom finns i m\u00e5nga olika former, storlekar och f\u00e4rger.<\/p>\n<p>Kassaskrin med l\u00e5s och en liten \u00f6ppning f\u00f6r mynt eller sedlar anv\u00e4nds fr\u00e4mst av kyrkor och tempel. Under skrinet finns en propp som lossas n\u00e4r man ska ta ut och r\u00e4kna pengarna.<\/p>\n<p>Kom ig\u00e5ng med en sparb\u00f6ssa<\/p>\n<h3>Sparkonto f\u00f6r barn<\/h3>\n<p>Sparkonton f\u00f6r barn, \u00e4ven kallade barnsparkonton, \u00e4r konton som f\u00f6r\u00e4ldrar, familjemedlemmar och barn anv\u00e4nder f\u00f6r att spara pengar f\u00f6r barnets framtid. Det \u00e4r ett utm\u00e4rkt s\u00e4tt f\u00f6r barn att l\u00e4ra sig hur man hanterar pengar och vikten av att spara pengar.<\/p>\n<\/div>\n<\/article>\n<p>&nbsp;<\/p>\n<p><a class=\"_btn aos-init aos-animate\" href=\"https:\/\/gimi.onelink.me\/PNSs\/3i2iyznt\" target=\"_self\" data-aos=\"fade-up\">Ladda ner Gimi h\u00e4r!<\/a><\/p>\n\r\n                    <\/div>\r\r\n\r\r\n                <\/div>\r\r\n            <\/div>\r\r\n        <\/div>\r\r\n    <\/div>\r\r\n<\/section>\r\r\n\r\r\n\r\r\n\r\r\n\r\r\n","protected":false},"excerpt":{"rendered":"","protected":false},"author":12,"featured_media":3670,"parent":0,"menu_order":0,"comment_status":"closed","ping_status":"closed","template":"","meta":{"inline_featured_image":false},"yoast_head":"<!-- This site is optimized with the Yoast SEO plugin v19.10 - https:\/\/yoast.com\/wordpress\/plugins\/seo\/ -->\n<title>Sparburkar - L\u00e4r dina barn att budgetera sina pengar - Gimi<\/title>\n<meta name=\"description\" content=\"M\u00e5nga f\u00f6r\u00e4ldrar l\u00e4r sina barn hur man l\u00e4gger upp en budget med \u201csk\u00e4nk, spara, spendera-burkar\u201d. N\u00e4r barnet tj\u00e4nar pengar delar man upp dom i burkarna.\" \/>\n<meta name=\"robots\" content=\"index, follow, max-snippet:-1, max-image-preview:large, max-video-preview:-1\" \/>\n<link rel=\"canonical\" href=\"https:\/\/gimi.com\/sv\/sparburkar\/\" \/>\n<meta property=\"og:locale\" content=\"sv_SE\" \/>\n<meta property=\"og:type\" content=\"article\" \/>\n<meta property=\"og:title\" content=\"Sparburkar - L\u00e4r dina barn att budgetera sina pengar - Gimi\" \/>\n<meta property=\"og:description\" content=\"M\u00e5nga f\u00f6r\u00e4ldrar l\u00e4r sina barn hur man l\u00e4gger upp en budget med \u201csk\u00e4nk, spara, spendera-burkar\u201d. N\u00e4r barnet tj\u00e4nar pengar delar man upp dom i burkarna.\" \/>\n<meta property=\"og:url\" content=\"https:\/\/gimi.com\/sv\/sparburkar\/\" \/>\n<meta property=\"og:site_name\" content=\"Gimi\" \/>\n<meta property=\"article:publisher\" content=\"https:\/\/www.facebook.com\/GimiFinancialSuperskills\" \/>\n<meta property=\"article:modified_time\" content=\"2022-12-05T06:15:24+00:00\" \/>\n<meta property=\"og:image\" content=\"http:\/\/gimi.com\/wp-content\/uploads\/2022\/12\/piggybank-1.webp\" \/>\n\t<meta property=\"og:image:width\" content=\"1536\" \/>\n\t<meta property=\"og:image:height\" content=\"1024\" \/>\n\t<meta property=\"og:image:type\" content=\"image\/webp\" \/>\n<meta name=\"twitter:card\" content=\"summary_large_image\" \/>\n<script type=\"application\/ld+json\" class=\"yoast-schema-graph\">{\"@context\":\"https:\/\/schema.org\",\"@graph\":[{\"@type\":\"WebPage\",\"@id\":\"https:\/\/gimi.com\/sv\/sparburkar\/\",\"url\":\"https:\/\/gimi.com\/sv\/sparburkar\/\",\"name\":\"Sparburkar - L\u00e4r dina barn att budgetera sina pengar - Gimi\",\"isPartOf\":{\"@id\":\"https:\/\/gimi.com\/#website\"},\"datePublished\":\"2022-07-18T11:42:04+00:00\",\"dateModified\":\"2022-12-05T06:15:24+00:00\",\"description\":\"M\u00e5nga f\u00f6r\u00e4ldrar l\u00e4r sina barn hur man l\u00e4gger upp en budget med \u201csk\u00e4nk, spara, spendera-burkar\u201d. N\u00e4r barnet tj\u00e4nar pengar delar man upp dom i burkarna.\",\"breadcrumb\":{\"@id\":\"https:\/\/gimi.com\/sv\/sparburkar\/#breadcrumb\"},\"inLanguage\":\"sv-SE\",\"potentialAction\":[{\"@type\":\"ReadAction\",\"target\":[\"https:\/\/gimi.com\/sv\/sparburkar\/\"]}]},{\"@type\":\"BreadcrumbList\",\"@id\":\"https:\/\/gimi.com\/sv\/sparburkar\/#breadcrumb\",\"itemListElement\":[{\"@type\":\"ListItem\",\"position\":1,\"name\":\"Home\",\"item\":\"https:\/\/gimi.com\/sv\/\"},{\"@type\":\"ListItem\",\"position\":2,\"name\":\"Sparburkar\"}]},{\"@type\":\"WebSite\",\"@id\":\"https:\/\/gimi.com\/#website\",\"url\":\"https:\/\/gimi.com\/\",\"name\":\"Gimi\",\"description\":\"Gimi\",\"publisher\":{\"@id\":\"https:\/\/gimi.com\/#organization\"},\"potentialAction\":[{\"@type\":\"SearchAction\",\"target\":{\"@type\":\"EntryPoint\",\"urlTemplate\":\"https:\/\/gimi.com\/?s={search_term_string}\"},\"query-input\":\"required name=search_term_string\"}],\"inLanguage\":\"sv-SE\"},{\"@type\":\"Organization\",\"@id\":\"https:\/\/gimi.com\/#organization\",\"name\":\"Gimi\",\"url\":\"https:\/\/gimi.com\/\",\"logo\":{\"@type\":\"ImageObject\",\"inLanguage\":\"sv-SE\",\"@id\":\"https:\/\/gimi.com\/#\/schema\/logo\/image\/\",\"url\":\"https:\/\/gimi.com\/wp-content\/uploads\/2022\/11\/gimi-logo-square.png\",\"contentUrl\":\"https:\/\/gimi.com\/wp-content\/uploads\/2022\/11\/gimi-logo-square.png\",\"width\":1080,\"height\":1080,\"caption\":\"Gimi\"},\"image\":{\"@id\":\"https:\/\/gimi.com\/#\/schema\/logo\/image\/\"},\"sameAs\":[\"https:\/\/www.youtube.com\/c\/Gimi-FinancialSuperskills\",\"https:\/\/www.instagram.com\/gimitheapp\/?hl=en\",\"https:\/\/www.facebook.com\/GimiFinancialSuperskills\"]}]}<\/script>\n<!-- \/ Yoast SEO plugin. -->","yoast_head_json":{"title":"Sparburkar - L\u00e4r dina barn att budgetera sina pengar - Gimi","description":"M\u00e5nga f\u00f6r\u00e4ldrar l\u00e4r sina barn hur man l\u00e4gger upp en budget med \u201csk\u00e4nk, spara, spendera-burkar\u201d. N\u00e4r barnet tj\u00e4nar pengar delar man upp dom i burkarna.","robots":{"index":"index","follow":"follow","max-snippet":"max-snippet:-1","max-image-preview":"max-image-preview:large","max-video-preview":"max-video-preview:-1"},"canonical":"https:\/\/gimi.com\/sv\/sparburkar\/","og_locale":"sv_SE","og_type":"article","og_title":"Sparburkar - L\u00e4r dina barn att budgetera sina pengar - Gimi","og_description":"M\u00e5nga f\u00f6r\u00e4ldrar l\u00e4r sina barn hur man l\u00e4gger upp en budget med \u201csk\u00e4nk, spara, spendera-burkar\u201d. N\u00e4r barnet tj\u00e4nar pengar delar man upp dom i burkarna.","og_url":"https:\/\/gimi.com\/sv\/sparburkar\/","og_site_name":"Gimi","article_publisher":"https:\/\/www.facebook.com\/GimiFinancialSuperskills","article_modified_time":"2022-12-05T06:15:24+00:00","og_image":[{"width":1536,"height":1024,"url":"http:\/\/gimi.com\/wp-content\/uploads\/2022\/12\/piggybank-1.webp","type":"image\/webp"}],"twitter_card":"summary_large_image","schema":{"@context":"https:\/\/schema.org","@graph":[{"@type":"WebPage","@id":"https:\/\/gimi.com\/sv\/sparburkar\/","url":"https:\/\/gimi.com\/sv\/sparburkar\/","name":"Sparburkar - L\u00e4r dina barn att budgetera sina pengar - Gimi","isPartOf":{"@id":"https:\/\/gimi.com\/#website"},"datePublished":"2022-07-18T11:42:04+00:00","dateModified":"2022-12-05T06:15:24+00:00","description":"M\u00e5nga f\u00f6r\u00e4ldrar l\u00e4r sina barn hur man l\u00e4gger upp en budget med \u201csk\u00e4nk, spara, spendera-burkar\u201d. N\u00e4r barnet tj\u00e4nar pengar delar man upp dom i burkarna.","breadcrumb":{"@id":"https:\/\/gimi.com\/sv\/sparburkar\/#breadcrumb"},"inLanguage":"sv-SE","potentialAction":[{"@type":"ReadAction","target":["https:\/\/gimi.com\/sv\/sparburkar\/"]}]},{"@type":"BreadcrumbList","@id":"https:\/\/gimi.com\/sv\/sparburkar\/#breadcrumb","itemListElement":[{"@type":"ListItem","position":1,"name":"Home","item":"https:\/\/gimi.com\/sv\/"},{"@type":"ListItem","position":2,"name":"Sparburkar"}]},{"@type":"WebSite","@id":"https:\/\/gimi.com\/#website","url":"https:\/\/gimi.com\/","name":"Gimi","description":"Gimi","publisher":{"@id":"https:\/\/gimi.com\/#organization"},"potentialAction":[{"@type":"SearchAction","target":{"@type":"EntryPoint","urlTemplate":"https:\/\/gimi.com\/?s={search_term_string}"},"query-input":"required name=search_term_string"}],"inLanguage":"sv-SE"},{"@type":"Organization","@id":"https:\/\/gimi.com\/#organization","name":"Gimi","url":"https:\/\/gimi.com\/","logo":{"@type":"ImageObject","inLanguage":"sv-SE","@id":"https:\/\/gimi.com\/#\/schema\/logo\/image\/","url":"https:\/\/gimi.com\/wp-content\/uploads\/2022\/11\/gimi-logo-square.png","contentUrl":"https:\/\/gimi.com\/wp-content\/uploads\/2022\/11\/gimi-logo-square.png","width":1080,"height":1080,"caption":"Gimi"},"image":{"@id":"https:\/\/gimi.com\/#\/schema\/logo\/image\/"},"sameAs":["https:\/\/www.youtube.com\/c\/Gimi-FinancialSuperskills","https:\/\/www.instagram.com\/gimitheapp\/?hl=en","https:\/\/www.facebook.com\/GimiFinancialSuperskills"]}]}},"_links":{"self":[{"href":"https:\/\/gimi.com\/sv\/wp-json\/wp\/v2\/pages\/571"}],"collection":[{"href":"https:\/\/gimi.com\/sv\/wp-json\/wp\/v2\/pages"}],"about":[{"href":"https:\/\/gimi.com\/sv\/wp-json\/wp\/v2\/types\/page"}],"author":[{"embeddable":true,"href":"https:\/\/gimi.com\/sv\/wp-json\/wp\/v2\/users\/12"}],"replies":[{"embeddable":true,"href":"https:\/\/gimi.com\/sv\/wp-json\/wp\/v2\/comments?post=571"}],"version-history":[{"count":19,"href":"https:\/\/gimi.com\/sv\/wp-json\/wp\/v2\/pages\/571\/revisions"}],"predecessor-version":[{"id":2926,"href":"https:\/\/gimi.com\/sv\/wp-json\/wp\/v2\/pages\/571\/revisions\/2926"}],"wp:featuredmedia":[{"embeddable":true,"href":"https:\/\/gimi.com\/sv\/wp-json\/wp\/v2\/media\/3670"}],"wp:attachment":[{"href":"https:\/\/gimi.com\/sv\/wp-json\/wp\/v2\/media?parent=571"}],"curies":[{"name":"wp","href":"https:\/\/api.w.org\/{rel}","templated":true}]}}