






{"id":5697,"date":"2025-06-25T11:30:26","date_gmt":"2025-06-25T11:30:26","guid":{"rendered":"https:\/\/gimi.com\/?page_id=5697"},"modified":"2025-09-03T11:23:28","modified_gmt":"2025-09-03T11:23:28","slug":"foraldraguide","status":"publish","type":"page","link":"https:\/\/gimi.com\/sv\/foraldraguide\/","title":{"rendered":"Snabbguide till f\u00f6r\u00e4ldrar"},"content":{"rendered":"\r\n<!--style=\"background-image: url(--><!--);\"-->\r\r\n<section id=\"banner-block_685c077000de1\" class=\"_hmbnr color-white   _ob_opsition alignwide  _bannerCover\"  >\r\r\n    <div class=\"container\">\r\r\n        <div class=\"row\">\r\r\n            <div class=\"col-md-12\">\r\r\n                <div class=\"_hdrContent\"  >\r\r\n                    <h1 data-aos=\"fade-down\" class=\"color-white\">S\u00e5 hj\u00e4lper du ditt barn att bli pengasmart<\/h1>\r\r\n                    <p data-aos=\"fade-up\" >F\u00f6rklara pengar f\u00f6r barn \u00e4r inte helt enkelt, framf\u00f6rallt utan kontanter. Men det finns v\u00e4gar fram, som visat sig funka. Nyckeln \u00e4r att v\u00e5ga ge barnen frihet \u2013 inom trygga ramar. Forskning visar att barn l\u00e4r sig ekonomi b\u00e4st tillsammans med sina f\u00f6r\u00e4ldrar.<\/p>\r\r\n                    \r\n                <\/div>\r\r\n            <\/div>\r\r\n        <\/div>\r\r\n    <\/div>\r\r\n    <div class=\"_bnrAtchmnt\" data-aos=\"fade-down\" >\r\r\n<!--        -->\r\n        <img decoding=\"async\" src=\"https:\/\/gimi.com\/wp-content\/uploads\/2025\/06\/moth4.png\" alt=\"\" class=\"img-fluid\">\r\r\n    <\/div>\r\r\n\r\r\n\r\r\n<\/section>\r\r\n\n\n\r\n\r\r\n<section  data-aos=\"fade-up\" data-aos-easing=\"ease-in-sine\" id=\"article-block_685c0280a3c31\" class=\"_article _topGray  alignwide  \" >\r\r\n    <div class=\"container\">\r\r\n        <div class=\"row\">\r\r\n            <div class=\"col-md-12\">\r\r\n                <div class=\"_pageHdr _container-1000    \">\r\r\n                    <h1>Snabbguide till f\u00f6r\u00e4ldrar<\/h1>\r\r\n                    <div class=\"_pgHdrDesc\">\r\r\n                        TRE DELAR ATT FOKUSERA P\u00c5\r\n                    <\/div>\r\r\n                <\/div>\r\r\n                <div class=\"_pageCntnt _container-690\">\r\r\n                    <div class=\"_articleImg\">\r\r\n                        \r\n                    <\/div>\r\r\n                    <div class=\"_art_desc\">\r\r\n                        <h3>Spendera<\/h3>\n<h5>L\u00e4r k\u00e4nna v\u00e4rdet av pengar<\/h5>\n<ol>\n<li><strong>L\u00e5t ditt barn ta egna k\u00f6pbeslut. <\/strong>Ge ditt barn frihet att spendera delar av sin veckopeng \u2013 \u00e4ven om du tycker att k\u00f6pet \u00e4r on\u00f6digt. Egen erfarenhet \u00e4r b\u00e4sta l\u00e4raren.<\/li>\n<li><strong>Prata om skillnaden p\u00e5 behov och \u00f6nskningar. <\/strong>Hj\u00e4lp ditt barn f\u00f6rst\u00e5 skillnaden mellan det man beh\u00f6ver och det man bara vill ha. Anv\u00e4nd vardagliga exempel: M\u00e4rkesjacka eller &#8220;vanlig jacka&#8221;?<\/li>\n<li><strong>Visa att pengar tar slut. <\/strong>L\u00e5t ditt barn uppleva att pengarna inte r\u00e4cker till allt. Det \u00e4r en viktig insikt som bygger ansvar.<\/li>\n<\/ol>\n<p><em>Med Gimi kan ditt barn f\u00e5 hj\u00e4lp att enkelt h\u00e5lla koll p\u00e5 sitt saldo, f\u00e5 m\u00e5nadsstatistik \u00f6ver k\u00f6p, och f\u00e5 veckopeng utbetald.<\/em><\/p>\n<h3><img data-dominant-color=\"b5b7c1\" data-has-transparency=\"true\" style=\"--dominant-color: #b5b7c1;\" decoding=\"async\" loading=\"lazy\" class=\"has-transparency aligncenter size-full wp-image-5825\" src=\"http:\/\/gimi.com\/wp-content\/uploads\/2025\/06\/konto.png\" alt=\"\" width=\"879\" height=\"563\" srcset=\"https:\/\/gimi.com\/wp-content\/uploads\/2025\/06\/konto.png 879w, https:\/\/gimi.com\/wp-content\/uploads\/2025\/06\/konto-300x192.png 300w, https:\/\/gimi.com\/wp-content\/uploads\/2025\/06\/konto-768x492.png 768w\" sizes=\"(max-width: 879px) 100vw, 879px\" \/><\/h3>\n<h3><img data-dominant-color=\"ffffff\" data-has-transparency=\"false\" style=\"--dominant-color: #ffffff;\" decoding=\"async\" loading=\"lazy\" class=\"not-transparent aligncenter size-medium wp-image-5848\" src=\"http:\/\/gimi.com\/wp-content\/uploads\/2025\/06\/whitespace-300x62.png\" alt=\"\" width=\"300\" height=\"62\" srcset=\"https:\/\/gimi.com\/wp-content\/uploads\/2025\/06\/whitespace-300x62.png 300w, https:\/\/gimi.com\/wp-content\/uploads\/2025\/06\/whitespace.png 760w\" sizes=\"(max-width: 300px) 100vw, 300px\" \/><\/h3>\n<h3>Tj\u00e4na<\/h3>\n<h5>Pengar kommer inte av sig sj\u00e4lva<\/h5>\n<ol>\n<li><strong>Koppla ihop arbete och bel\u00f6ning. <\/strong>L\u00e5t ditt barn tj\u00e4na extra pengar genom enkla hush\u00e5llssysslor ut\u00f6ver det vanliga \u2013 till exempel g\u00e5 ut med hunden eller st\u00e4da f\u00f6rr\u00e5det.<\/li>\n<li><strong>Uppmuntra initiativ. <\/strong>Om ditt barn kommer med egna id\u00e9er (t.ex. s\u00e4lja saft eller hj\u00e4lpa grannar), st\u00f6tta och visa att du tror p\u00e5 deras f\u00f6rm\u00e5ga.<\/li>\n<li><strong>Prata om stolthet i att tj\u00e4na sj\u00e4lv. <\/strong>Lyft fram hur bra det k\u00e4nns att k\u00f6pa n\u00e5got f\u00f6r egna pengar. Det bygger b\u00e5de sj\u00e4lvf\u00f6rtroende och f\u00f6rst\u00e5else f\u00f6r pengars v\u00e4rde.<\/li>\n<\/ol>\n<p><em>Med Gimi kan ni s\u00e4tta upp sysslor direkt i appen. Antingen som frist\u00e5ende sysslor, eller som grund f\u00f6r veckopeng. Barnet kan ocks\u00e5 f\u00f6resl\u00e5 sj\u00e4lv. <\/em><\/p>\n<h3><img data-dominant-color=\"d0d1d8\" data-has-transparency=\"true\" style=\"--dominant-color: #d0d1d8;\" decoding=\"async\" loading=\"lazy\" class=\"has-transparency aligncenter size-full wp-image-5835\" src=\"http:\/\/gimi.com\/wp-content\/uploads\/2025\/06\/sysslor.png\" alt=\"\" width=\"961\" height=\"580\" srcset=\"https:\/\/gimi.com\/wp-content\/uploads\/2025\/06\/sysslor.png 961w, https:\/\/gimi.com\/wp-content\/uploads\/2025\/06\/sysslor-300x181.png 300w, https:\/\/gimi.com\/wp-content\/uploads\/2025\/06\/sysslor-768x464.png 768w\" sizes=\"(max-width: 961px) 100vw, 961px\" \/><\/h3>\n<h3><img data-dominant-color=\"ffffff\" data-has-transparency=\"false\" style=\"--dominant-color: #ffffff;\" decoding=\"async\" loading=\"lazy\" class=\"not-transparent aligncenter wp-image-5848 size-medium\" src=\"http:\/\/gimi.com\/wp-content\/uploads\/2025\/06\/whitespace-300x62.png\" alt=\"\" width=\"300\" height=\"62\" srcset=\"https:\/\/gimi.com\/wp-content\/uploads\/2025\/06\/whitespace-300x62.png 300w, https:\/\/gimi.com\/wp-content\/uploads\/2025\/06\/whitespace.png 760w\" sizes=\"(max-width: 300px) 100vw, 300px\" \/><\/h3>\n<h3>Spara<\/h3>\n<h5>Grunden till trygghet och m\u00e5l<\/h5>\n<ol>\n<li><strong>Prata om m\u00e5l p\u00e5 barnets niv\u00e5. <\/strong>Hj\u00e4lp barnet att s\u00e4tta upp konkreta sparm\u00e5l, som en leksak eller nya h\u00f6rlurar \u2013 g\u00e4rna med bilder eller en lista f\u00f6r att visualisera m\u00e5let.<\/li>\n<li><strong>Visa att sparande tar tid. <\/strong>F\u00f6rklara att man inte kan f\u00e5 allt direkt \u2013 och att det \u00e4r n\u00e5got bra! Att v\u00e4nta och spara g\u00f6r bel\u00f6ningen mer v\u00e4rdefull.<\/li>\n<li><strong>G\u00f6r sparande till en vana. <\/strong>Uppmuntra barnet att l\u00e4gga undan en del av sin veckopeng varje g\u00e5ng. Se till att ditt barn rent konkret kan se sparandet v\u00e4xa och n\u00e4rma sig m\u00e5let.<\/li>\n<\/ol>\n<p><em>Med Gimi kan ditt barn v\u00e4lja att till exempel spara till ett par h\u00f6rlurar, och jobba mot m\u00e5let sj\u00e4lv genom att s\u00e4tta av pengar i sitt Sparvalv. Du som f\u00f6r\u00e4lder kan uppmuntra sparandet genom att s\u00e4tta en bonus.<\/em><\/p>\n<p><img data-dominant-color=\"c0c3d4\" data-has-transparency=\"true\" style=\"--dominant-color: #c0c3d4;\" decoding=\"async\" loading=\"lazy\" class=\"has-transparency aligncenter size-full wp-image-5830\" src=\"http:\/\/gimi.com\/wp-content\/uploads\/2025\/06\/karta.png\" alt=\"\" width=\"922\" height=\"547\" srcset=\"https:\/\/gimi.com\/wp-content\/uploads\/2025\/06\/karta.png 922w, https:\/\/gimi.com\/wp-content\/uploads\/2025\/06\/karta-300x178.png 300w, https:\/\/gimi.com\/wp-content\/uploads\/2025\/06\/karta-768x456.png 768w\" sizes=\"(max-width: 922px) 100vw, 922px\" \/><\/p>\n\r\n                    <\/div>\r\r\n\r\r\n                <\/div>\r\r\n            <\/div>\r\r\n        <\/div>\r\r\n    <\/div>\r\r\n<\/section>\r\r\n\r\r\n\r\r\n\r\r\n\r\r\n","protected":false},"excerpt":{"rendered":"","protected":false},"author":13,"featured_media":0,"parent":0,"menu_order":0,"comment_status":"closed","ping_status":"closed","template":"","meta":{"inline_featured_image":false},"yoast_head":"<!-- This site is optimized with the Yoast SEO plugin v19.10 - https:\/\/yoast.com\/wordpress\/plugins\/seo\/ -->\n<title>Snabbguide till f\u00f6r\u00e4ldrar - Gimi<\/title>\n<meta name=\"robots\" content=\"index, follow, max-snippet:-1, max-image-preview:large, max-video-preview:-1\" \/>\n<link rel=\"canonical\" href=\"https:\/\/gimi.com\/sv\/foraldraguide\/\" \/>\n<meta property=\"og:locale\" content=\"sv_SE\" \/>\n<meta property=\"og:type\" content=\"article\" \/>\n<meta property=\"og:title\" content=\"Snabbguide: S\u00e5 hj\u00e4lper du ditt barn att bli pengasmart\" \/>\n<meta property=\"og:url\" content=\"https:\/\/gimi.com\/sv\/foraldraguide\/\" \/>\n<meta property=\"og:site_name\" content=\"Gimi\" \/>\n<meta property=\"article:publisher\" content=\"https:\/\/www.facebook.com\/GimiFinancialSuperskills\" \/>\n<meta property=\"article:modified_time\" content=\"2025-09-03T11:23:28+00:00\" \/>\n<meta property=\"og:image\" content=\"http:\/\/gimi.com\/wp-content\/uploads\/2025\/06\/mother2-1024x626.png\" \/>\n\t<meta property=\"og:image:width\" content=\"1024\" \/>\n\t<meta property=\"og:image:height\" content=\"626\" \/>\n\t<meta property=\"og:image:type\" content=\"image\/png\" \/>\n<meta name=\"twitter:card\" content=\"summary_large_image\" \/>\n<meta name=\"twitter:image\" content=\"https:\/\/gimi.com\/wp-content\/uploads\/2025\/06\/mother2.png\" \/>\n<script type=\"application\/ld+json\" class=\"yoast-schema-graph\">{\"@context\":\"https:\/\/schema.org\",\"@graph\":[{\"@type\":\"WebPage\",\"@id\":\"https:\/\/gimi.com\/sv\/foraldraguide\/\",\"url\":\"https:\/\/gimi.com\/sv\/foraldraguide\/\",\"name\":\"Snabbguide till f\u00f6r\u00e4ldrar - Gimi\",\"isPartOf\":{\"@id\":\"https:\/\/gimi.com\/#website\"},\"datePublished\":\"2025-06-25T11:30:26+00:00\",\"dateModified\":\"2025-09-03T11:23:28+00:00\",\"breadcrumb\":{\"@id\":\"https:\/\/gimi.com\/sv\/foraldraguide\/#breadcrumb\"},\"inLanguage\":\"sv-SE\",\"potentialAction\":[{\"@type\":\"ReadAction\",\"target\":[\"https:\/\/gimi.com\/sv\/foraldraguide\/\"]}]},{\"@type\":\"BreadcrumbList\",\"@id\":\"https:\/\/gimi.com\/sv\/foraldraguide\/#breadcrumb\",\"itemListElement\":[{\"@type\":\"ListItem\",\"position\":1,\"name\":\"Home\",\"item\":\"https:\/\/gimi.com\/sv\/\"},{\"@type\":\"ListItem\",\"position\":2,\"name\":\"Snabbguide till f\u00f6r\u00e4ldrar\"}]},{\"@type\":\"WebSite\",\"@id\":\"https:\/\/gimi.com\/#website\",\"url\":\"https:\/\/gimi.com\/\",\"name\":\"Gimi\",\"description\":\"Gimi\",\"publisher\":{\"@id\":\"https:\/\/gimi.com\/#organization\"},\"potentialAction\":[{\"@type\":\"SearchAction\",\"target\":{\"@type\":\"EntryPoint\",\"urlTemplate\":\"https:\/\/gimi.com\/?s={search_term_string}\"},\"query-input\":\"required name=search_term_string\"}],\"inLanguage\":\"sv-SE\"},{\"@type\":\"Organization\",\"@id\":\"https:\/\/gimi.com\/#organization\",\"name\":\"Gimi\",\"url\":\"https:\/\/gimi.com\/\",\"logo\":{\"@type\":\"ImageObject\",\"inLanguage\":\"sv-SE\",\"@id\":\"https:\/\/gimi.com\/#\/schema\/logo\/image\/\",\"url\":\"https:\/\/gimi.com\/wp-content\/uploads\/2022\/11\/gimi-logo-square.png\",\"contentUrl\":\"https:\/\/gimi.com\/wp-content\/uploads\/2022\/11\/gimi-logo-square.png\",\"width\":1080,\"height\":1080,\"caption\":\"Gimi\"},\"image\":{\"@id\":\"https:\/\/gimi.com\/#\/schema\/logo\/image\/\"},\"sameAs\":[\"https:\/\/www.youtube.com\/c\/Gimi-FinancialSuperskills\",\"https:\/\/www.instagram.com\/gimitheapp\/?hl=en\",\"https:\/\/www.facebook.com\/GimiFinancialSuperskills\"]}]}<\/script>\n<!-- \/ Yoast SEO plugin. -->","yoast_head_json":{"title":"Snabbguide till f\u00f6r\u00e4ldrar - Gimi","robots":{"index":"index","follow":"follow","max-snippet":"max-snippet:-1","max-image-preview":"max-image-preview:large","max-video-preview":"max-video-preview:-1"},"canonical":"https:\/\/gimi.com\/sv\/foraldraguide\/","og_locale":"sv_SE","og_type":"article","og_title":"Snabbguide: S\u00e5 hj\u00e4lper du ditt barn att bli pengasmart","og_url":"https:\/\/gimi.com\/sv\/foraldraguide\/","og_site_name":"Gimi","article_publisher":"https:\/\/www.facebook.com\/GimiFinancialSuperskills","article_modified_time":"2025-09-03T11:23:28+00:00","og_image":[{"width":1024,"height":626,"url":"http:\/\/gimi.com\/wp-content\/uploads\/2025\/06\/mother2-1024x626.png","type":"image\/png"}],"twitter_card":"summary_large_image","twitter_image":"https:\/\/gimi.com\/wp-content\/uploads\/2025\/06\/mother2.png","schema":{"@context":"https:\/\/schema.org","@graph":[{"@type":"WebPage","@id":"https:\/\/gimi.com\/sv\/foraldraguide\/","url":"https:\/\/gimi.com\/sv\/foraldraguide\/","name":"Snabbguide till f\u00f6r\u00e4ldrar - Gimi","isPartOf":{"@id":"https:\/\/gimi.com\/#website"},"datePublished":"2025-06-25T11:30:26+00:00","dateModified":"2025-09-03T11:23:28+00:00","breadcrumb":{"@id":"https:\/\/gimi.com\/sv\/foraldraguide\/#breadcrumb"},"inLanguage":"sv-SE","potentialAction":[{"@type":"ReadAction","target":["https:\/\/gimi.com\/sv\/foraldraguide\/"]}]},{"@type":"BreadcrumbList","@id":"https:\/\/gimi.com\/sv\/foraldraguide\/#breadcrumb","itemListElement":[{"@type":"ListItem","position":1,"name":"Home","item":"https:\/\/gimi.com\/sv\/"},{"@type":"ListItem","position":2,"name":"Snabbguide till f\u00f6r\u00e4ldrar"}]},{"@type":"WebSite","@id":"https:\/\/gimi.com\/#website","url":"https:\/\/gimi.com\/","name":"Gimi","description":"Gimi","publisher":{"@id":"https:\/\/gimi.com\/#organization"},"potentialAction":[{"@type":"SearchAction","target":{"@type":"EntryPoint","urlTemplate":"https:\/\/gimi.com\/?s={search_term_string}"},"query-input":"required name=search_term_string"}],"inLanguage":"sv-SE"},{"@type":"Organization","@id":"https:\/\/gimi.com\/#organization","name":"Gimi","url":"https:\/\/gimi.com\/","logo":{"@type":"ImageObject","inLanguage":"sv-SE","@id":"https:\/\/gimi.com\/#\/schema\/logo\/image\/","url":"https:\/\/gimi.com\/wp-content\/uploads\/2022\/11\/gimi-logo-square.png","contentUrl":"https:\/\/gimi.com\/wp-content\/uploads\/2022\/11\/gimi-logo-square.png","width":1080,"height":1080,"caption":"Gimi"},"image":{"@id":"https:\/\/gimi.com\/#\/schema\/logo\/image\/"},"sameAs":["https:\/\/www.youtube.com\/c\/Gimi-FinancialSuperskills","https:\/\/www.instagram.com\/gimitheapp\/?hl=en","https:\/\/www.facebook.com\/GimiFinancialSuperskills"]}]}},"_links":{"self":[{"href":"https:\/\/gimi.com\/sv\/wp-json\/wp\/v2\/pages\/5697"}],"collection":[{"href":"https:\/\/gimi.com\/sv\/wp-json\/wp\/v2\/pages"}],"about":[{"href":"https:\/\/gimi.com\/sv\/wp-json\/wp\/v2\/types\/page"}],"author":[{"embeddable":true,"href":"https:\/\/gimi.com\/sv\/wp-json\/wp\/v2\/users\/13"}],"replies":[{"embeddable":true,"href":"https:\/\/gimi.com\/sv\/wp-json\/wp\/v2\/comments?post=5697"}],"version-history":[{"count":73,"href":"https:\/\/gimi.com\/sv\/wp-json\/wp\/v2\/pages\/5697\/revisions"}],"predecessor-version":[{"id":5859,"href":"https:\/\/gimi.com\/sv\/wp-json\/wp\/v2\/pages\/5697\/revisions\/5859"}],"wp:attachment":[{"href":"https:\/\/gimi.com\/sv\/wp-json\/wp\/v2\/media?parent=5697"}],"curies":[{"name":"wp","href":"https:\/\/api.w.org\/{rel}","templated":true}]}}