
{"id":562,"date":"2022-07-05T13:18:30","date_gmt":"2022-07-05T13:18:30","guid":{"rendered":"https:\/\/gimi.looplabz.com\/?page_id=562"},"modified":"2022-12-02T09:08:33","modified_gmt":"2022-12-02T09:08:33","slug":"hur-funkar-det","status":"publish","type":"page","link":"https:\/\/gimi.com\/sv\/hur-funkar-det\/","title":{"rendered":"Hur funkar det"},"content":{"rendered":"\r\n<!--style=\"background-image: url(--><!--);\"-->\r\r\n<section id=\"banner-block_6347fda2d18df\" class=\"_hmbnr color-white   _ob_opsition  _bannerCover\"  >\r\r\n    <div class=\"container\">\r\r\n        <div class=\"row\">\r\r\n            <div class=\"col-md-12\">\r\r\n                <div class=\"_hdrContent\"  >\r\r\n                    <h1 data-aos=\"fade-down\" class=\"color-white\">Hur funkar det.<\/h1>\r\r\n                    <p data-aos=\"fade-up\" >\u200b\u200bGimi hj\u00e4lper familjer att hantera sin vardag. Hush\u00e5llssysslor bel\u00f6nas, sparm\u00e5len uppfylls och tjatet kring veckopeng, m\u00e5nadspeng eller fickpengar \u00e4r ett minne blott.<\/p>\r\r\n                    \r\n                        <a href=\"https:\/\/gimi.onelink.me\/PNSs?af_xp=custom&#038;pid=website&#038;c=how-it-works\" data-aos=\"fade-up\" class=\"_btn\" target=\"_self\">Ladda ner appen<\/a>\r\r\n                    \r\n                <\/div>\r\r\n            <\/div>\r\r\n        <\/div>\r\r\n    <\/div>\r\r\n    <div class=\"_bnrAtchmnt\" data-aos=\"fade-down\" >\r\r\n<!--        -->\r\n        <img decoding=\"async\" src=\"https:\/\/gimi.com\/wp-content\/uploads\/2022\/12\/hero_howitworks.webp\" alt=\"\" class=\"img-fluid\">\r\r\n    <\/div>\r\r\n\r\r\n\r\r\n<\/section>\r\r\n\n\n\n\n\n<section  data-aos=\"fade-up\" data-aos-easing=\"ease-in-sine\" id=\"usp-block_633fd4cb9ee6e\" class=\"_imgWithCntent  _top-50 _bottom-50\" >\n\n    <div class=\"container\">\n\n        <div class=\"row align-items-center \">\n\n            <div class=\"col-md-6\">\n\n                <div class=\"_imgWper \">\n\n                    <img width=\"1518\" height=\"1011\" src=\"https:\/\/gimi.com\/wp-content\/uploads\/2022\/12\/31-1.webp\" class=\"attachment-full size-full has-transparency\" alt=\"bank account mockup\" decoding=\"async\" loading=\"lazy\" srcset=\"https:\/\/gimi.com\/wp-content\/uploads\/2022\/12\/31-1.webp 1518w, https:\/\/gimi.com\/wp-content\/uploads\/2022\/12\/31-1-300x200.webp 300w, https:\/\/gimi.com\/wp-content\/uploads\/2022\/12\/31-1-1024x682.webp 1024w, https:\/\/gimi.com\/wp-content\/uploads\/2022\/12\/31-1-768x511.webp 768w\" sizes=\"(max-width: 1518px) 100vw, 1518px\" data-has-transparency=\"true\" data-dominant-color=\"141759\" style=\"--dominant-color: #141759;\" \/>\n                <\/div>\n\n            <\/div>\n\n            <div class=\"col-md-6\">\n\n                <div class=\"_imgCntnt\">\n\n                    <h2 data-aos=\"fade-down\">Koppla ihop ditt barns bankkonto med Gimi.<\/h2>\n\n                    <p>Vi har skapat det f\u00f6rsta open-banking verktyget f\u00f6r barn som l\u00e5ter f\u00f6r\u00e4ldrar koppla sitt barns bankkonto direkt i Gimi-appen. Skapa den ultimata kombinationen av utbildning i privatekonomi tillsammans med ditt barns bankkonto.<\/p>\n\t\t\t\t\t\n                <\/div>\n\n            <\/div>\n\n        <\/div>\n\n    <\/div>\n\n<\/section>\n\n\n\n\n\n\n\n\n\n\n\n\n\n\n<section  data-aos=\"fade-up\" data-aos-easing=\"ease-in-sine\" id=\"usp-block_633fdf5f9ee70\" class=\"_imgWithCntent  _top-50 _bottom-50\" >\n\n    <div class=\"container\">\n\n        <div class=\"row align-items-center _imgRight\">\n\n            <div class=\"col-md-6\">\n\n                <div class=\"_imgWper \">\n\n                    <img width=\"1518\" height=\"1011\" src=\"https:\/\/gimi.com\/wp-content\/uploads\/2022\/12\/32-1.webp\" class=\"attachment-full size-full has-transparency\" alt=\"allowance mockup\" decoding=\"async\" loading=\"lazy\" srcset=\"https:\/\/gimi.com\/wp-content\/uploads\/2022\/12\/32-1.webp 1518w, https:\/\/gimi.com\/wp-content\/uploads\/2022\/12\/32-1-300x200.webp 300w, https:\/\/gimi.com\/wp-content\/uploads\/2022\/12\/32-1-1024x682.webp 1024w, https:\/\/gimi.com\/wp-content\/uploads\/2022\/12\/32-1-768x511.webp 768w\" sizes=\"(max-width: 1518px) 100vw, 1518px\" data-has-transparency=\"true\" data-dominant-color=\"151862\" style=\"--dominant-color: #151862;\" \/>\n                <\/div>\n\n            <\/div>\n\n            <div class=\"col-md-6\">\n\n                <div class=\"_imgCntnt\">\n\n                    <h2 data-aos=\"fade-down\">S\u00e4tt upp vecko\/m\u00e5nadspeng.<\/h2>\n\n                    <p>F\u00f6r\u00e4ldrar kan anv\u00e4nda Gimi f\u00f6r att schemal\u00e4gga vecko\/m\u00e5nadspeng f\u00f6r sina barn! H\u00e5ll koll p\u00e5 hur mycket ditt barn har tj\u00e4nat och hj\u00e4lp dem att anv\u00e4nda sina pengar p\u00e5 ett smart s\u00e4tt.<\/p>\n\t\t\t\t\t\n                <\/div>\n\n            <\/div>\n\n        <\/div>\n\n    <\/div>\n\n<\/section>\n\n\n\n\n\n\n\n\n\n\n\n\n\n\n<section  data-aos=\"fade-up\" data-aos-easing=\"ease-in-sine\" id=\"usp-block_633fdf7d9ee71\" class=\"_imgWithCntent  _top-50 _bottom-50\" >\n\n    <div class=\"container\">\n\n        <div class=\"row align-items-center \">\n\n            <div class=\"col-md-6\">\n\n                <div class=\"_imgWper \">\n\n                    <img width=\"1518\" height=\"1011\" src=\"https:\/\/gimi.com\/wp-content\/uploads\/2022\/12\/33-1.webp\" class=\"attachment-full size-full has-transparency\" alt=\"chores mockup\" decoding=\"async\" loading=\"lazy\" srcset=\"https:\/\/gimi.com\/wp-content\/uploads\/2022\/12\/33-1.webp 1518w, https:\/\/gimi.com\/wp-content\/uploads\/2022\/12\/33-1-300x200.webp 300w, https:\/\/gimi.com\/wp-content\/uploads\/2022\/12\/33-1-1024x682.webp 1024w, https:\/\/gimi.com\/wp-content\/uploads\/2022\/12\/33-1-768x511.webp 768w\" sizes=\"(max-width: 1518px) 100vw, 1518px\" data-has-transparency=\"true\" data-dominant-color=\"43447b\" style=\"--dominant-color: #43447b;\" \/>\n                <\/div>\n\n            <\/div>\n\n            <div class=\"col-md-6\">\n\n                <div class=\"_imgCntnt\">\n\n                    <h2 data-aos=\"fade-down\">Hush\u00e5llssysslor.<\/h2>\n\n                    <p>Hush\u00e5llssysslor ger barn m\u00f6jlighet att \u00f6ka sin vecko\/m\u00e5nadspeng och uppleva vad det inneb\u00e4r att tj\u00e4na sina egna pengar. Gimi system f\u00f6r hush\u00e5llssysslor g\u00f6r det enkelt f\u00f6r f\u00f6r\u00e4ldrar att dela ut hush\u00e5llssysslor och f\u00f6r barn att ans\u00f6ka om att g\u00f6ra hush\u00e5llssysslor p\u00e5 eget initiativ.<\/p>\n\t\t\t\t\t\n                <\/div>\n\n            <\/div>\n\n        <\/div>\n\n    <\/div>\n\n<\/section>\n\n\n\n\n\n\n\n\n\n\n\n\n\n\n<section  data-aos=\"fade-up\" data-aos-easing=\"ease-in-sine\" id=\"usp-block_633fdf949ee72\" class=\"_imgWithCntent  _top-50 _bottom-50\" >\n\n    <div class=\"container\">\n\n        <div class=\"row align-items-center _imgRight\">\n\n            <div class=\"col-md-6\">\n\n                <div class=\"_imgWper \">\n\n                    <img width=\"1518\" height=\"1011\" src=\"https:\/\/gimi.com\/wp-content\/uploads\/2022\/12\/34-1.webp\" class=\"attachment-full size-full has-transparency\" alt=\"goals mockup\" decoding=\"async\" loading=\"lazy\" srcset=\"https:\/\/gimi.com\/wp-content\/uploads\/2022\/12\/34-1.webp 1518w, https:\/\/gimi.com\/wp-content\/uploads\/2022\/12\/34-1-300x200.webp 300w, https:\/\/gimi.com\/wp-content\/uploads\/2022\/12\/34-1-1024x682.webp 1024w, https:\/\/gimi.com\/wp-content\/uploads\/2022\/12\/34-1-768x511.webp 768w\" sizes=\"(max-width: 1518px) 100vw, 1518px\" data-has-transparency=\"true\" data-dominant-color=\"161a5e\" style=\"--dominant-color: #161a5e;\" \/>\n                <\/div>\n\n            <\/div>\n\n            <div class=\"col-md-6\">\n\n                <div class=\"_imgCntnt\">\n\n                    <h2 data-aos=\"fade-down\">N\u00e5 dina sparm\u00e5l.<\/h2>\n\n                    <p>En av grundpelarna f\u00f6r framtida ekonomiskt v\u00e4lbefinnande \u00e4r att f\u00f6rst\u00e5 hur man ska spara sina pengar. Gimi hj\u00e4lper barn att bygga upp f\u00f6rst\u00e5elsen f\u00f6r vad det inneb\u00e4r att spara genom att skapa sina egna sparm\u00e5l och f\u00f6lja deras framsteg p\u00e5 ett interaktivt s\u00e4tt.<\/p>\n\t\t\t\t\t\n                <\/div>\n\n            <\/div>\n\n        <\/div>\n\n    <\/div>\n\n<\/section>\n\n\n\n\n\n\n\n\n\n\n\n\r\n\r\r\n<section  data-aos=\"fade-up\" data-aos-easing=\"ease-in-sine\" id=\"pricing_cntnt_block_633d8ce9eb690\" class=\"_pricing  _top-50 _bottom-50\" >\r\r\n    <div class=\"container\">\r\r\n        <div class=\"row _spcing-40 align-items-center mob_revers\">\r\r\n            \r\n            <div class=\"col-md-6\">\r\r\n                <div class=\"\" data-aos=\"fade-right\">\r\r\n                    <img width=\"1323\" height=\"1524\" src=\"https:\/\/gimi.com\/wp-content\/uploads\/2022\/12\/SApiggybot-1.webp\" class=\"attachment-full size-full has-transparency\" alt=\"dual function mockup\" decoding=\"async\" loading=\"lazy\" srcset=\"https:\/\/gimi.com\/wp-content\/uploads\/2022\/12\/SApiggybot-1.webp 1323w, https:\/\/gimi.com\/wp-content\/uploads\/2022\/12\/SApiggybot-1-260x300.webp 260w, https:\/\/gimi.com\/wp-content\/uploads\/2022\/12\/SApiggybot-1-889x1024.webp 889w, https:\/\/gimi.com\/wp-content\/uploads\/2022\/12\/SApiggybot-1-768x885.webp 768w\" sizes=\"(max-width: 1323px) 100vw, 1323px\" data-has-transparency=\"true\" data-dominant-color=\"1a1a5d\" style=\"--dominant-color: #1a1a5d;\" \/>\r\n                <\/div>\r\r\n            <\/div>\r\r\n            <div class=\"col-md-6\">\r\r\n                <div class=\"_pricCntDes\">\r\r\n                    <h2><\/h2>\r\r\n\r\r\n                        \r\n                            <div class=\"row\">\r\r\n                           \r\n                                <div class=\"col-6\">\r\r\n                                    <div class=\"_pricCntItm\">\r\r\n                                        <h5 data-aos=\"fade-down\">Framtidens finansiella utbildning \u2013 The Superskills Adventure.<\/h5>\r\r\n                                        <p data-aos=\"fade-up\">Hemligheten f\u00f6r god finansiell utbildning ligger i att kombinera teoretisk utbildning med verktyg d\u00e4r barnen f\u00e5r anv\u00e4nda sina pengar p\u00e5 ett hands-on s\u00e4tt. Superskills Adventure l\u00e4r barn viktiga begrepp och kunskap p\u00e5 ett roligt och engagerande s\u00e4tt samtidigt som de utforskar universumet av privatekonomi. Res mellan planeter i rymden och uppt\u00e4ck nya ekonomiska \u00e4mne p\u00e5 varje planet.<\/p>\r\r\n                                    <\/div>\r\r\n                                <\/div>\r\r\n                            \r\n                                <div class=\"col-6\">\r\r\n                                    <div class=\"_pricCntItm\">\r\r\n                                        <h5 data-aos=\"fade-down\">Piggy &#8211; Din egna finansiella r\u00e5dgivare.<\/h5>\r\r\n                                        <p data-aos=\"fade-up\">Piggy \u00e4r barnens egna r\u00e5dgivare i appen, piggy hj\u00e4lper barnen att k\u00e4nna sig st\u00e4rkta och oberoende i sina ekonomiska beslut. Barn kan st\u00e4lla fr\u00e5gor till Piggy och l\u00e4ra sig mer om ekonomi p\u00e5 ett interaktivt s\u00e4tt. Piggy leder ocks\u00e5 barn genom appen och hj\u00e4lper dem att enkelt navigera de olika funktionerna.<\/p>\r\r\n                                    <\/div>\r\r\n                                <\/div>\r\r\n                            \r\n                                <div class=\"col-6\">\r\r\n                                    <div class=\"_pricCntItm\">\r\r\n                                        <h5 data-aos=\"fade-down\">Hj\u00e4lp barnen att utv\u00e4rdera sina k\u00f6p och l\u00e4ra sig av sina misstag.<\/h5>\r\r\n                                        <p data-aos=\"fade-up\">Varje ekonomiskt beslut \u00e4r en m\u00f6jlighet att l\u00e4ra sig. I Gimi kan barn utv\u00e4rdera sina ink\u00f6p, vad \u00e4r ett bra ink\u00f6p och vad \u00e4r ett mindre bra ink\u00f6p.<\/p>\r\r\n                                    <\/div>\r\r\n                                <\/div>\r\r\n                            \r\n                                <div class=\"col-6\">\r\r\n                                    <div class=\"_pricCntItm\">\r\r\n                                        <h5 data-aos=\"fade-down\">Uppmana barnen att spara med hj\u00e4lp av ett bonussystem.<\/h5>\r\r\n                                        <p data-aos=\"fade-up\">Precis som i det verkliga livet kan ditt barns pengar v\u00e4xa och ackumuleras. Du v\u00e4ljer bonus-r\u00e4nta och ditt barn kan se sina pengar v\u00e4xa.<\/p>\r\r\n                                    <\/div>\r\r\n                                <\/div>\r\r\n                            \r\n                            <\/div>\r\r\n                       \r\n                    \r\n\r\r\n                <\/div>\r\r\n            <\/div>\r\r\n        <\/div>\r\r\n    <\/div>\r\r\n<\/section>\r\r\n\r\r\n\r\r\n\r\r\n\r\r\n","protected":false},"excerpt":{"rendered":"","protected":false},"author":12,"featured_media":3049,"parent":0,"menu_order":0,"comment_status":"closed","ping_status":"closed","template":"","meta":{"inline_featured_image":false},"acf":[],"yoast_head":"<!-- This site is optimized with the Yoast SEO plugin v19.10 - https:\/\/yoast.com\/wordpress\/plugins\/seo\/ -->\n<title>Hur funkar det - Sysslor, sparm\u00e5l &amp; veckopeng - Gimi<\/title>\n<meta name=\"description\" content=\"Gimi hj\u00e4lper familjer att hantera sin vardag. Hush\u00e5llssysslor bel\u00f6nas, sparm\u00e5len uppfylls och tjatet kring vecko\/m\u00e5nadspeng \u00e4r ett minne blott.\" \/>\n<meta name=\"robots\" content=\"index, follow, max-snippet:-1, max-image-preview:large, max-video-preview:-1\" \/>\n<link rel=\"canonical\" href=\"https:\/\/gimi.com\/sv\/hur-funkar-det\/\" \/>\n<meta property=\"og:locale\" content=\"sv_SE\" \/>\n<meta property=\"og:type\" content=\"article\" \/>\n<meta property=\"og:title\" content=\"Hur funkar det - Sysslor, sparm\u00e5l &amp; veckopeng - Gimi\" \/>\n<meta property=\"og:description\" content=\"Gimi hj\u00e4lper familjer att hantera sin vardag. Hush\u00e5llssysslor bel\u00f6nas, sparm\u00e5len uppfylls och tjatet kring vecko\/m\u00e5nadspeng \u00e4r ett minne blott.\" \/>\n<meta property=\"og:url\" content=\"https:\/\/gimi.com\/sv\/hur-funkar-det\/\" \/>\n<meta property=\"og:site_name\" content=\"Gimi\" \/>\n<meta property=\"article:publisher\" content=\"https:\/\/www.facebook.com\/GimiFinancialSuperskills\" \/>\n<meta property=\"article:modified_time\" content=\"2022-12-02T09:08:33+00:00\" \/>\n<meta property=\"og:image\" content=\"http:\/\/gimi.com\/wp-content\/uploads\/2022\/11\/gimi-logo-square.png\" \/>\n\t<meta property=\"og:image:width\" content=\"1080\" \/>\n\t<meta property=\"og:image:height\" content=\"1080\" \/>\n\t<meta property=\"og:image:type\" content=\"image\/png\" \/>\n<meta name=\"twitter:card\" content=\"summary_large_image\" \/>\n<script type=\"application\/ld+json\" class=\"yoast-schema-graph\">{\"@context\":\"https:\/\/schema.org\",\"@graph\":[{\"@type\":\"WebPage\",\"@id\":\"https:\/\/gimi.com\/sv\/hur-funkar-det\/\",\"url\":\"https:\/\/gimi.com\/sv\/hur-funkar-det\/\",\"name\":\"Hur funkar det - Sysslor, sparm\u00e5l & veckopeng - Gimi\",\"isPartOf\":{\"@id\":\"https:\/\/gimi.com\/#website\"},\"datePublished\":\"2022-07-05T13:18:30+00:00\",\"dateModified\":\"2022-12-02T09:08:33+00:00\",\"description\":\"Gimi hj\u00e4lper familjer att hantera sin vardag. Hush\u00e5llssysslor bel\u00f6nas, sparm\u00e5len uppfylls och tjatet kring vecko\/m\u00e5nadspeng \u00e4r ett minne blott.\",\"breadcrumb\":{\"@id\":\"https:\/\/gimi.com\/sv\/hur-funkar-det\/#breadcrumb\"},\"inLanguage\":\"sv-SE\",\"potentialAction\":[{\"@type\":\"ReadAction\",\"target\":[\"https:\/\/gimi.com\/sv\/hur-funkar-det\/\"]}]},{\"@type\":\"BreadcrumbList\",\"@id\":\"https:\/\/gimi.com\/sv\/hur-funkar-det\/#breadcrumb\",\"itemListElement\":[{\"@type\":\"ListItem\",\"position\":1,\"name\":\"Home\",\"item\":\"https:\/\/gimi.com\/sv\/\"},{\"@type\":\"ListItem\",\"position\":2,\"name\":\"Hur funkar det\"}]},{\"@type\":\"WebSite\",\"@id\":\"https:\/\/gimi.com\/#website\",\"url\":\"https:\/\/gimi.com\/\",\"name\":\"Gimi\",\"description\":\"Gimi\",\"publisher\":{\"@id\":\"https:\/\/gimi.com\/#organization\"},\"potentialAction\":[{\"@type\":\"SearchAction\",\"target\":{\"@type\":\"EntryPoint\",\"urlTemplate\":\"https:\/\/gimi.com\/?s={search_term_string}\"},\"query-input\":\"required name=search_term_string\"}],\"inLanguage\":\"sv-SE\"},{\"@type\":\"Organization\",\"@id\":\"https:\/\/gimi.com\/#organization\",\"name\":\"Gimi\",\"url\":\"https:\/\/gimi.com\/\",\"logo\":{\"@type\":\"ImageObject\",\"inLanguage\":\"sv-SE\",\"@id\":\"https:\/\/gimi.com\/#\/schema\/logo\/image\/\",\"url\":\"https:\/\/gimi.com\/wp-content\/uploads\/2022\/11\/gimi-logo-square.png\",\"contentUrl\":\"https:\/\/gimi.com\/wp-content\/uploads\/2022\/11\/gimi-logo-square.png\",\"width\":1080,\"height\":1080,\"caption\":\"Gimi\"},\"image\":{\"@id\":\"https:\/\/gimi.com\/#\/schema\/logo\/image\/\"},\"sameAs\":[\"https:\/\/www.youtube.com\/c\/Gimi-FinancialSuperskills\",\"https:\/\/www.instagram.com\/gimitheapp\/?hl=en\",\"https:\/\/www.facebook.com\/GimiFinancialSuperskills\"]}]}<\/script>\n<!-- \/ Yoast SEO plugin. -->","yoast_head_json":{"title":"Hur funkar det - Sysslor, sparm\u00e5l & veckopeng - Gimi","description":"Gimi hj\u00e4lper familjer att hantera sin vardag. Hush\u00e5llssysslor bel\u00f6nas, sparm\u00e5len uppfylls och tjatet kring vecko\/m\u00e5nadspeng \u00e4r ett minne blott.","robots":{"index":"index","follow":"follow","max-snippet":"max-snippet:-1","max-image-preview":"max-image-preview:large","max-video-preview":"max-video-preview:-1"},"canonical":"https:\/\/gimi.com\/sv\/hur-funkar-det\/","og_locale":"sv_SE","og_type":"article","og_title":"Hur funkar det - Sysslor, sparm\u00e5l & veckopeng - Gimi","og_description":"Gimi hj\u00e4lper familjer att hantera sin vardag. Hush\u00e5llssysslor bel\u00f6nas, sparm\u00e5len uppfylls och tjatet kring vecko\/m\u00e5nadspeng \u00e4r ett minne blott.","og_url":"https:\/\/gimi.com\/sv\/hur-funkar-det\/","og_site_name":"Gimi","article_publisher":"https:\/\/www.facebook.com\/GimiFinancialSuperskills","article_modified_time":"2022-12-02T09:08:33+00:00","og_image":[{"width":1080,"height":1080,"url":"http:\/\/gimi.com\/wp-content\/uploads\/2022\/11\/gimi-logo-square.png","type":"image\/png"}],"twitter_card":"summary_large_image","schema":{"@context":"https:\/\/schema.org","@graph":[{"@type":"WebPage","@id":"https:\/\/gimi.com\/sv\/hur-funkar-det\/","url":"https:\/\/gimi.com\/sv\/hur-funkar-det\/","name":"Hur funkar det - Sysslor, sparm\u00e5l & veckopeng - Gimi","isPartOf":{"@id":"https:\/\/gimi.com\/#website"},"datePublished":"2022-07-05T13:18:30+00:00","dateModified":"2022-12-02T09:08:33+00:00","description":"Gimi hj\u00e4lper familjer att hantera sin vardag. Hush\u00e5llssysslor bel\u00f6nas, sparm\u00e5len uppfylls och tjatet kring vecko\/m\u00e5nadspeng \u00e4r ett minne blott.","breadcrumb":{"@id":"https:\/\/gimi.com\/sv\/hur-funkar-det\/#breadcrumb"},"inLanguage":"sv-SE","potentialAction":[{"@type":"ReadAction","target":["https:\/\/gimi.com\/sv\/hur-funkar-det\/"]}]},{"@type":"BreadcrumbList","@id":"https:\/\/gimi.com\/sv\/hur-funkar-det\/#breadcrumb","itemListElement":[{"@type":"ListItem","position":1,"name":"Home","item":"https:\/\/gimi.com\/sv\/"},{"@type":"ListItem","position":2,"name":"Hur funkar det"}]},{"@type":"WebSite","@id":"https:\/\/gimi.com\/#website","url":"https:\/\/gimi.com\/","name":"Gimi","description":"Gimi","publisher":{"@id":"https:\/\/gimi.com\/#organization"},"potentialAction":[{"@type":"SearchAction","target":{"@type":"EntryPoint","urlTemplate":"https:\/\/gimi.com\/?s={search_term_string}"},"query-input":"required name=search_term_string"}],"inLanguage":"sv-SE"},{"@type":"Organization","@id":"https:\/\/gimi.com\/#organization","name":"Gimi","url":"https:\/\/gimi.com\/","logo":{"@type":"ImageObject","inLanguage":"sv-SE","@id":"https:\/\/gimi.com\/#\/schema\/logo\/image\/","url":"https:\/\/gimi.com\/wp-content\/uploads\/2022\/11\/gimi-logo-square.png","contentUrl":"https:\/\/gimi.com\/wp-content\/uploads\/2022\/11\/gimi-logo-square.png","width":1080,"height":1080,"caption":"Gimi"},"image":{"@id":"https:\/\/gimi.com\/#\/schema\/logo\/image\/"},"sameAs":["https:\/\/www.youtube.com\/c\/Gimi-FinancialSuperskills","https:\/\/www.instagram.com\/gimitheapp\/?hl=en","https:\/\/www.facebook.com\/GimiFinancialSuperskills"]}]}},"_links":{"self":[{"href":"https:\/\/gimi.com\/sv\/wp-json\/wp\/v2\/pages\/562"}],"collection":[{"href":"https:\/\/gimi.com\/sv\/wp-json\/wp\/v2\/pages"}],"about":[{"href":"https:\/\/gimi.com\/sv\/wp-json\/wp\/v2\/types\/page"}],"author":[{"embeddable":true,"href":"https:\/\/gimi.com\/sv\/wp-json\/wp\/v2\/users\/12"}],"replies":[{"embeddable":true,"href":"https:\/\/gimi.com\/sv\/wp-json\/wp\/v2\/comments?post=562"}],"version-history":[{"count":35,"href":"https:\/\/gimi.com\/sv\/wp-json\/wp\/v2\/pages\/562\/revisions"}],"predecessor-version":[{"id":3613,"href":"https:\/\/gimi.com\/sv\/wp-json\/wp\/v2\/pages\/562\/revisions\/3613"}],"wp:featuredmedia":[{"embeddable":true,"href":"https:\/\/gimi.com\/sv\/wp-json\/wp\/v2\/media\/3049"}],"wp:attachment":[{"href":"https:\/\/gimi.com\/sv\/wp-json\/wp\/v2\/media?parent=562"}],"curies":[{"name":"wp","href":"https:\/\/api.w.org\/{rel}","templated":true}]}}