






{"id":553,"date":"2022-07-05T06:18:26","date_gmt":"2022-07-05T06:18:26","guid":{"rendered":"https:\/\/gimi.looplabz.com\/?page_id=553"},"modified":"2023-08-21T18:19:41","modified_gmt":"2023-08-21T18:19:41","slug":"om-oss","status":"publish","type":"page","link":"https:\/\/gimi.com\/sv\/om-oss\/","title":{"rendered":"Om oss"},"content":{"rendered":"\r\n<!--style=\"background-image: url(--><!--);\"-->\r\r\n<section id=\"banner-block_6347fbc159bdf\" class=\"_hmbnr color-white   _ob_opsition  _abtBnr alignfull  _bannerCover\"  >\r\r\n    <div class=\"container\">\r\r\n        <div class=\"row\">\r\r\n            <div class=\"col-md-12\">\r\r\n                <div class=\"_hdrContent\"  >\r\r\n                    <h1 data-aos=\"fade-down\" class=\"color-white\">Framtiden f\u00f6r finansiell utbildning.<\/h1>\r\r\n                    <p data-aos=\"fade-up\" >G\u00f6r varje interaktion med pengar till en l\u00e4rorik upplevelse.<\/p>\r\r\n                    \r\n                        <a href=\"https:\/\/gimi.onelink.me\/PNSs\/kb298tc3\" data-aos=\"fade-up\" class=\"_btn\" target=\"_self\">Ladda ner appen<\/a>\r\r\n                    \r\n                <\/div>\r\r\n            <\/div>\r\r\n        <\/div>\r\r\n    <\/div>\r\r\n    <div class=\"_bnrAtchmnt\" data-aos=\"fade-down\" >\r\r\n<!--        -->\r\n        <img decoding=\"async\" src=\"https:\/\/gimi.com\/wp-content\/uploads\/2022\/12\/hero_aboutus.webp\" alt=\"\" class=\"img-fluid\">\r\r\n    <\/div>\r\r\n\r\r\n\r\r\n<\/section>\r\r\n\n\n\r\n<section  data-aos=\"fade-up\" data-aos-easing=\"ease-in-sine\" id=\"txtWithHead-block_63401b18338cc\" class=\"_txtWithHding  _top-50 _bottom-50\" >\r\r\n    <div class=\"container\">\r\r\n        <div class=\"row\">\r\r\n            <div class=\"col-md-4\">\r\r\n                <h3 data-aos=\"fade-down\" >Den finansiella kunskapskrisen.<\/h3>\r\r\n            <\/div>\r\r\n            <div class=\"col-md-8\">\r\r\n                <div data-aos=\"fade-up\"  class=\"_smplTxtCntnt\">\r\r\n                    <p>PISA-tester visar att 22 % av 15-\u00e5ringarna idag har l\u00e4gre niv\u00e5er av finansiell kunskap \u00e4n genomsnittet, och OECD p\u00e5pekar att unga vuxna har bland de l\u00e4gsta niv\u00e5erna av finansiell kunskap. Skolor saknar undervisning i privatekonomi eftersom inget europeiskt land har implementerat utbildning i privatekonomi som \u00e4mne.<\/p>\n<p>Barn g\u00e5r miste om m\u00f6jligheter att l\u00e4ra sig om pengar med mobilbanker som s\u00e4llan \u00e4r barnanpassade. Detta resulterar ofta i att barn inte interagerar med sina egna pengar, vilket g\u00f6r dem ekonomiskt utest\u00e4ngda i dagens kontantl\u00f6sa samh\u00e4lle.<\/p>\n<blockquote><p><em>&#8220;\u00d6ver hela v\u00e4rlden f\u00e5r barn l\u00e4ra sig om avl\u00e4gsna planeter, historiska kungar och drottningar, men de vet lite om hur de ska budgetera eller f\u00f6rst\u00e5 sin ekonomi.&#8221;<\/em><\/p>\n<p><i><span style=\"font-weight: 400;\">&#8211; Philip Haglund, VD p\u00e5 Gimi<\/span><\/i><\/p><\/blockquote>\n\r\n                <\/div>\r\r\n            <\/div>\r\r\n        <\/div>\r\r\n    <\/div>\r\r\n<\/section>\r\r\n\r\r\n\r\r\n\r\r\n\r\r\n\n\n\n\n\n<section  data-aos=\"fade-up\" data-aos-easing=\"ease-in-sine\" id=\"usp-block_63401b7c338cd\" class=\"_imgWithCntent  _top-50 _bottom-50\" >\n\n    <div class=\"container\">\n\n        <div class=\"row align-items-center _imgRight\">\n\n            <div class=\"col-md-6\">\n\n                <div class=\"_imgWper \">\n\n                    <img width=\"1518\" height=\"1011\" src=\"https:\/\/gimi.com\/wp-content\/uploads\/2022\/12\/22.webp\" class=\"attachment-full size-full has-transparency\" alt=\"two phones\" decoding=\"async\" loading=\"lazy\" srcset=\"https:\/\/gimi.com\/wp-content\/uploads\/2022\/12\/22.webp 1518w, https:\/\/gimi.com\/wp-content\/uploads\/2022\/12\/22-300x200.webp 300w, https:\/\/gimi.com\/wp-content\/uploads\/2022\/12\/22-1024x682.webp 1024w, https:\/\/gimi.com\/wp-content\/uploads\/2022\/12\/22-768x511.webp 768w\" sizes=\"(max-width: 1518px) 100vw, 1518px\" data-has-transparency=\"true\" data-dominant-color=\"2a3156\" style=\"--dominant-color: #2a3156;\" \/>\n                <\/div>\n\n            <\/div>\n\n            <div class=\"col-md-6\">\n\n                <div class=\"_imgCntnt\">\n\n                    <h2 data-aos=\"fade-down\">Gimi, den prisbel\u00f6nta appen d\u00e4r barn l\u00e4r sig smarta pengavanor.<\/h2>\n\n                    <p>Gimi-appen \u00e4r ett unikt verktyg f\u00f6r barn att f\u00e5 en god ekonomisk f\u00f6rst\u00e5else. Med Gimi l\u00e4r sig barn hur pengar fungerar genom att engagera sig i sin egen ekonomi under \u00f6versikt av sina f\u00f6r\u00e4ldrar. Gimi erbjuder ocks\u00e5 ett brett paket av utbildning kring privatekonomi anpassat f\u00f6r barn. Allt detta i en och samma app.<\/p>\n\t\t\t\t\t                    <a href=\"\/sv\/hur-funkar-det\/\" data-aos=\"fade-up\" class=\"_btn_sec\" target=\"_self\">Gimi learning by doing <i class=\"fa fa-angle-right\"><\/i><\/a>\n\t\t\t\t\t\n                <\/div>\n\n            <\/div>\n\n        <\/div>\n\n    <\/div>\n\n<\/section>\n\n\n\n\n\n\n\n\n\n\n\n\n\n\n<section  data-aos=\"fade-up\" data-aos-easing=\"ease-in-sine\" id=\"usp-block_63401ba2338ce\" class=\"_imgWithCntent  _top-50 _bottom-50\" >\n\n    <div class=\"container\">\n\n        <div class=\"row align-items-center \">\n\n            <div class=\"col-md-6\">\n\n                <div class=\"_imgWper \">\n\n                    <img width=\"2560\" height=\"1691\" src=\"https:\/\/gimi.com\/wp-content\/uploads\/2022\/12\/pexels-olya-kobruseva-5712050-3-scaled-1.webp\" class=\"attachment-full size-full not-transparent\" alt=\"mom and daughter\" decoding=\"async\" loading=\"lazy\" srcset=\"https:\/\/gimi.com\/wp-content\/uploads\/2022\/12\/pexels-olya-kobruseva-5712050-3-scaled-1.webp 2560w, https:\/\/gimi.com\/wp-content\/uploads\/2022\/12\/pexels-olya-kobruseva-5712050-3-scaled-1-300x198.webp 300w, https:\/\/gimi.com\/wp-content\/uploads\/2022\/12\/pexels-olya-kobruseva-5712050-3-scaled-1-1024x676.webp 1024w, https:\/\/gimi.com\/wp-content\/uploads\/2022\/12\/pexels-olya-kobruseva-5712050-3-scaled-1-768x507.webp 768w, https:\/\/gimi.com\/wp-content\/uploads\/2022\/12\/pexels-olya-kobruseva-5712050-3-scaled-1-1536x1015.webp 1536w, https:\/\/gimi.com\/wp-content\/uploads\/2022\/12\/pexels-olya-kobruseva-5712050-3-scaled-1-2048x1353.webp 2048w\" sizes=\"(max-width: 2560px) 100vw, 2560px\" data-has-transparency=\"false\" data-dominant-color=\"c1bfb6\" style=\"--dominant-color: #c1bfb6;\" \/>\n                <\/div>\n\n            <\/div>\n\n            <div class=\"col-md-6\">\n\n                <div class=\"_imgCntnt\">\n\n                    <h2 data-aos=\"fade-down\">Din partner i ekonomisk utbildning.<\/h2>\n\n                    <p>Ta reda p\u00e5 hur Gimi erbjuder m\u00f6jligheten till partnerskap f\u00f6r banker och f\u00f6retag, via white-labeling, via v\u00e5r open-banking funktionalitet och\/eller tillsammans med v\u00e5rat utbildningspaket i privateknomi.<\/p>\n\t\t\t\t\t                    <a href=\"\/sv\/for-banker\/\" data-aos=\"fade-up\" class=\"_btn_sec\" target=\"_self\">Samarbeta med oss <i class=\"fa fa-angle-right\"><\/i><\/a>\n\t\t\t\t\t\n                <\/div>\n\n            <\/div>\n\n        <\/div>\n\n    <\/div>\n\n<\/section>\n\n\n\n\n\n\n\n\n\n\n\n\n\n\n<section  data-aos=\"fade-up\" data-aos-easing=\"ease-in-sine\" id=\"usp-block_63401c8c338cf\" class=\"_imgWithCntent  _top-50 _bottom-50\" >\n\n    <div class=\"container\">\n\n        <div class=\"row align-items-center _imgRight\">\n\n            <div class=\"col-md-6\">\n\n                <div class=\"_imgWper \">\n\n                    <img width=\"2560\" height=\"1707\" src=\"https:\/\/gimi.com\/wp-content\/uploads\/2022\/12\/pexels-marta-wave-6437845-scaled-1.webp\" class=\"attachment-full size-full not-transparent\" alt=\"children with ipad\" decoding=\"async\" loading=\"lazy\" srcset=\"https:\/\/gimi.com\/wp-content\/uploads\/2022\/12\/pexels-marta-wave-6437845-scaled-1.webp 2560w, https:\/\/gimi.com\/wp-content\/uploads\/2022\/12\/pexels-marta-wave-6437845-scaled-1-300x200.webp 300w, https:\/\/gimi.com\/wp-content\/uploads\/2022\/12\/pexels-marta-wave-6437845-scaled-1-1024x683.webp 1024w, https:\/\/gimi.com\/wp-content\/uploads\/2022\/12\/pexels-marta-wave-6437845-scaled-1-768x512.webp 768w, https:\/\/gimi.com\/wp-content\/uploads\/2022\/12\/pexels-marta-wave-6437845-scaled-1-1536x1024.webp 1536w, https:\/\/gimi.com\/wp-content\/uploads\/2022\/12\/pexels-marta-wave-6437845-scaled-1-2048x1366.webp 2048w\" sizes=\"(max-width: 2560px) 100vw, 2560px\" data-has-transparency=\"false\" data-dominant-color=\"ada6a2\" style=\"--dominant-color: #ada6a2;\" \/>\n                <\/div>\n\n            <\/div>\n\n            <div class=\"col-md-6\">\n\n                <div class=\"_imgCntnt\">\n\n                    <h2 data-aos=\"fade-down\">En forskningsbaserad e-learning plattform.<\/h2>\n\n                    <p>Att tr\u00e4na sina ekonomiska f\u00e4rdigheter \u00e4r viktigt, men det \u00e4r ocks\u00e5 viktigt att l\u00e4ra sig grunderna i privatekonom \u2013 Gimi har skapat en holistisk inl\u00e4rningscykel som m\u00f6jligg\u00f6r b\u00e5da dessa delar. Baserat p\u00e5 forskning erbjuder vi en unik kombination av l\u00e4rande, praktik i verkligheten och gamification som l\u00e4r barn om att tj\u00e4na, spara och spendera pengar p\u00e5 ett smart s\u00e4tt. Gimi ger ekonomiska f\u00e4rdigheter p\u00e5 ett roligt och tillg\u00e4nglig s\u00e4tt f\u00f6r alla.<\/p>\n\t\t\t\t\t                    <a href=\"\/sv\/for-banker\/\" data-aos=\"fade-up\" class=\"_btn_sec\" target=\"_self\">Ekonomisk utbildning f\u00f6r alla <i class=\"fa fa-angle-right\"><\/i><\/a>\n\t\t\t\t\t\n                <\/div>\n\n            <\/div>\n\n        <\/div>\n\n    <\/div>\n\n<\/section>\n\n\n\n\n\n\n\n\n\n\n\n\n\n\n<section  data-aos=\"fade-up\" data-aos-easing=\"ease-in-sine\" id=\"usp-block_6385f559333de\" class=\"_imgWithCntent  _top-50 _bottom-50\" >\n\n    <div class=\"container\">\n\n        <div class=\"row align-items-center \">\n\n            <div class=\"col-md-6\">\n\n                <div class=\"_imgWper \">\n\n                    <img width=\"1920\" height=\"1280\" src=\"https:\/\/gimi.com\/wp-content\/uploads\/2022\/11\/New-gimi-team.jpg\" class=\"attachment-full size-full\" alt=\"The Gimi team\" decoding=\"async\" loading=\"lazy\" srcset=\"https:\/\/gimi.com\/wp-content\/uploads\/2022\/11\/New-gimi-team.jpg 1920w, https:\/\/gimi.com\/wp-content\/uploads\/2022\/11\/New-gimi-team-300x200.jpg 300w, https:\/\/gimi.com\/wp-content\/uploads\/2022\/11\/New-gimi-team-1024x683.jpg 1024w, https:\/\/gimi.com\/wp-content\/uploads\/2022\/11\/New-gimi-team-768x512.jpg 768w, https:\/\/gimi.com\/wp-content\/uploads\/2022\/11\/New-gimi-team-1536x1024.jpg 1536w\" sizes=\"(max-width: 1920px) 100vw, 1920px\" \/>\n                <\/div>\n\n            <\/div>\n\n            <div class=\"col-md-6\">\n\n                <div class=\"_imgCntnt\">\n\n                    <h2 data-aos=\"fade-down\">S\u00e4g hej<\/h2>\n\n                    <p>Vi \u00e4r ett g\u00e4ng designers, ingenj\u00f6rer, marknadsf\u00f6rare och produkt experter, tillsammans har vi skapat en unik, l\u00e4rande och engagerande app f\u00f6r barn. H\u00e4ng med oss p\u00e5 resan n\u00e4r vi skapar v\u00e4rldens mest anv\u00e4nda pfm-app f\u00f6r barn.<\/p>\n\t\t\t\t\t                    <a href=\"mailto:hello@gimi.com\" data-aos=\"fade-up\" class=\"_btn_sec\" target=\"_self\">Kontakta oss <i class=\"fa fa-angle-right\"><\/i><\/a>\n\t\t\t\t\t\n                <\/div>\n\n            <\/div>\n\n        <\/div>\n\n    <\/div>\n\n<\/section>\n\n\n\n\n\n\n\n\n\n","protected":false},"excerpt":{"rendered":"","protected":false},"author":12,"featured_media":3049,"parent":0,"menu_order":0,"comment_status":"closed","ping_status":"closed","template":"","meta":{"inline_featured_image":false},"yoast_head":"<!-- This site is optimized with the Yoast SEO plugin v19.10 - https:\/\/yoast.com\/wordpress\/plugins\/seo\/ -->\n<title>Om oss - Framtiden f\u00f6r finansiell utbildning - Gimi<\/title>\n<meta name=\"description\" content=\"Om oss - Gimi \u00e4r en prisbel\u00f6nt app som l\u00e4r barn smarta pengavanor genom att praktiskt anv\u00e4nda sina pengar under f\u00f6r\u00e4ldrarnas tillsyn, allt in en och samma app.\" \/>\n<meta name=\"robots\" content=\"index, follow, max-snippet:-1, max-image-preview:large, max-video-preview:-1\" \/>\n<link rel=\"canonical\" href=\"https:\/\/gimi.com\/sv\/om-oss\/\" \/>\n<meta property=\"og:locale\" content=\"sv_SE\" \/>\n<meta property=\"og:type\" content=\"article\" \/>\n<meta property=\"og:title\" content=\"Om oss - Framtiden f\u00f6r finansiell utbildning - Gimi\" \/>\n<meta property=\"og:description\" content=\"Om oss - Gimi \u00e4r en prisbel\u00f6nt app som l\u00e4r barn smarta pengavanor genom att praktiskt anv\u00e4nda sina pengar under f\u00f6r\u00e4ldrarnas tillsyn, allt in en och samma app.\" \/>\n<meta property=\"og:url\" content=\"https:\/\/gimi.com\/sv\/om-oss\/\" \/>\n<meta property=\"og:site_name\" content=\"Gimi\" \/>\n<meta property=\"article:publisher\" content=\"https:\/\/www.facebook.com\/GimiFinancialSuperskills\" \/>\n<meta property=\"article:modified_time\" content=\"2023-08-21T18:19:41+00:00\" \/>\n<meta property=\"og:image\" content=\"http:\/\/gimi.com\/wp-content\/uploads\/2022\/11\/gimi-logo-square.png\" \/>\n\t<meta property=\"og:image:width\" content=\"1080\" \/>\n\t<meta property=\"og:image:height\" content=\"1080\" \/>\n\t<meta property=\"og:image:type\" content=\"image\/png\" \/>\n<meta name=\"twitter:card\" content=\"summary_large_image\" \/>\n<script type=\"application\/ld+json\" class=\"yoast-schema-graph\">{\"@context\":\"https:\/\/schema.org\",\"@graph\":[{\"@type\":\"WebPage\",\"@id\":\"https:\/\/gimi.com\/sv\/om-oss\/\",\"url\":\"https:\/\/gimi.com\/sv\/om-oss\/\",\"name\":\"Om oss - Framtiden f\u00f6r finansiell utbildning - Gimi\",\"isPartOf\":{\"@id\":\"https:\/\/gimi.com\/#website\"},\"datePublished\":\"2022-07-05T06:18:26+00:00\",\"dateModified\":\"2023-08-21T18:19:41+00:00\",\"description\":\"Om oss - Gimi \u00e4r en prisbel\u00f6nt app som l\u00e4r barn smarta pengavanor genom att praktiskt anv\u00e4nda sina pengar under f\u00f6r\u00e4ldrarnas tillsyn, allt in en och samma app.\",\"breadcrumb\":{\"@id\":\"https:\/\/gimi.com\/sv\/om-oss\/#breadcrumb\"},\"inLanguage\":\"sv-SE\",\"potentialAction\":[{\"@type\":\"ReadAction\",\"target\":[\"https:\/\/gimi.com\/sv\/om-oss\/\"]}]},{\"@type\":\"BreadcrumbList\",\"@id\":\"https:\/\/gimi.com\/sv\/om-oss\/#breadcrumb\",\"itemListElement\":[{\"@type\":\"ListItem\",\"position\":1,\"name\":\"Home\",\"item\":\"https:\/\/gimi.com\/sv\/\"},{\"@type\":\"ListItem\",\"position\":2,\"name\":\"Om oss\"}]},{\"@type\":\"WebSite\",\"@id\":\"https:\/\/gimi.com\/#website\",\"url\":\"https:\/\/gimi.com\/\",\"name\":\"Gimi\",\"description\":\"Gimi\",\"publisher\":{\"@id\":\"https:\/\/gimi.com\/#organization\"},\"potentialAction\":[{\"@type\":\"SearchAction\",\"target\":{\"@type\":\"EntryPoint\",\"urlTemplate\":\"https:\/\/gimi.com\/?s={search_term_string}\"},\"query-input\":\"required name=search_term_string\"}],\"inLanguage\":\"sv-SE\"},{\"@type\":\"Organization\",\"@id\":\"https:\/\/gimi.com\/#organization\",\"name\":\"Gimi\",\"url\":\"https:\/\/gimi.com\/\",\"logo\":{\"@type\":\"ImageObject\",\"inLanguage\":\"sv-SE\",\"@id\":\"https:\/\/gimi.com\/#\/schema\/logo\/image\/\",\"url\":\"https:\/\/gimi.com\/wp-content\/uploads\/2022\/11\/gimi-logo-square.png\",\"contentUrl\":\"https:\/\/gimi.com\/wp-content\/uploads\/2022\/11\/gimi-logo-square.png\",\"width\":1080,\"height\":1080,\"caption\":\"Gimi\"},\"image\":{\"@id\":\"https:\/\/gimi.com\/#\/schema\/logo\/image\/\"},\"sameAs\":[\"https:\/\/www.youtube.com\/c\/Gimi-FinancialSuperskills\",\"https:\/\/www.instagram.com\/gimitheapp\/?hl=en\",\"https:\/\/www.facebook.com\/GimiFinancialSuperskills\"]}]}<\/script>\n<!-- \/ Yoast SEO plugin. -->","yoast_head_json":{"title":"Om oss - Framtiden f\u00f6r finansiell utbildning - Gimi","description":"Om oss - Gimi \u00e4r en prisbel\u00f6nt app som l\u00e4r barn smarta pengavanor genom att praktiskt anv\u00e4nda sina pengar under f\u00f6r\u00e4ldrarnas tillsyn, allt in en och samma app.","robots":{"index":"index","follow":"follow","max-snippet":"max-snippet:-1","max-image-preview":"max-image-preview:large","max-video-preview":"max-video-preview:-1"},"canonical":"https:\/\/gimi.com\/sv\/om-oss\/","og_locale":"sv_SE","og_type":"article","og_title":"Om oss - Framtiden f\u00f6r finansiell utbildning - Gimi","og_description":"Om oss - Gimi \u00e4r en prisbel\u00f6nt app som l\u00e4r barn smarta pengavanor genom att praktiskt anv\u00e4nda sina pengar under f\u00f6r\u00e4ldrarnas tillsyn, allt in en och samma app.","og_url":"https:\/\/gimi.com\/sv\/om-oss\/","og_site_name":"Gimi","article_publisher":"https:\/\/www.facebook.com\/GimiFinancialSuperskills","article_modified_time":"2023-08-21T18:19:41+00:00","og_image":[{"width":1080,"height":1080,"url":"http:\/\/gimi.com\/wp-content\/uploads\/2022\/11\/gimi-logo-square.png","type":"image\/png"}],"twitter_card":"summary_large_image","schema":{"@context":"https:\/\/schema.org","@graph":[{"@type":"WebPage","@id":"https:\/\/gimi.com\/sv\/om-oss\/","url":"https:\/\/gimi.com\/sv\/om-oss\/","name":"Om oss - Framtiden f\u00f6r finansiell utbildning - Gimi","isPartOf":{"@id":"https:\/\/gimi.com\/#website"},"datePublished":"2022-07-05T06:18:26+00:00","dateModified":"2023-08-21T18:19:41+00:00","description":"Om oss - Gimi \u00e4r en prisbel\u00f6nt app som l\u00e4r barn smarta pengavanor genom att praktiskt anv\u00e4nda sina pengar under f\u00f6r\u00e4ldrarnas tillsyn, allt in en och samma app.","breadcrumb":{"@id":"https:\/\/gimi.com\/sv\/om-oss\/#breadcrumb"},"inLanguage":"sv-SE","potentialAction":[{"@type":"ReadAction","target":["https:\/\/gimi.com\/sv\/om-oss\/"]}]},{"@type":"BreadcrumbList","@id":"https:\/\/gimi.com\/sv\/om-oss\/#breadcrumb","itemListElement":[{"@type":"ListItem","position":1,"name":"Home","item":"https:\/\/gimi.com\/sv\/"},{"@type":"ListItem","position":2,"name":"Om oss"}]},{"@type":"WebSite","@id":"https:\/\/gimi.com\/#website","url":"https:\/\/gimi.com\/","name":"Gimi","description":"Gimi","publisher":{"@id":"https:\/\/gimi.com\/#organization"},"potentialAction":[{"@type":"SearchAction","target":{"@type":"EntryPoint","urlTemplate":"https:\/\/gimi.com\/?s={search_term_string}"},"query-input":"required name=search_term_string"}],"inLanguage":"sv-SE"},{"@type":"Organization","@id":"https:\/\/gimi.com\/#organization","name":"Gimi","url":"https:\/\/gimi.com\/","logo":{"@type":"ImageObject","inLanguage":"sv-SE","@id":"https:\/\/gimi.com\/#\/schema\/logo\/image\/","url":"https:\/\/gimi.com\/wp-content\/uploads\/2022\/11\/gimi-logo-square.png","contentUrl":"https:\/\/gimi.com\/wp-content\/uploads\/2022\/11\/gimi-logo-square.png","width":1080,"height":1080,"caption":"Gimi"},"image":{"@id":"https:\/\/gimi.com\/#\/schema\/logo\/image\/"},"sameAs":["https:\/\/www.youtube.com\/c\/Gimi-FinancialSuperskills","https:\/\/www.instagram.com\/gimitheapp\/?hl=en","https:\/\/www.facebook.com\/GimiFinancialSuperskills"]}]}},"_links":{"self":[{"href":"https:\/\/gimi.com\/sv\/wp-json\/wp\/v2\/pages\/553"}],"collection":[{"href":"https:\/\/gimi.com\/sv\/wp-json\/wp\/v2\/pages"}],"about":[{"href":"https:\/\/gimi.com\/sv\/wp-json\/wp\/v2\/types\/page"}],"author":[{"embeddable":true,"href":"https:\/\/gimi.com\/sv\/wp-json\/wp\/v2\/users\/12"}],"replies":[{"embeddable":true,"href":"https:\/\/gimi.com\/sv\/wp-json\/wp\/v2\/comments?post=553"}],"version-history":[{"count":60,"href":"https:\/\/gimi.com\/sv\/wp-json\/wp\/v2\/pages\/553\/revisions"}],"predecessor-version":[{"id":4582,"href":"https:\/\/gimi.com\/sv\/wp-json\/wp\/v2\/pages\/553\/revisions\/4582"}],"wp:featuredmedia":[{"embeddable":true,"href":"https:\/\/gimi.com\/sv\/wp-json\/wp\/v2\/media\/3049"}],"wp:attachment":[{"href":"https:\/\/gimi.com\/sv\/wp-json\/wp\/v2\/media?parent=553"}],"curies":[{"name":"wp","href":"https:\/\/api.w.org\/{rel}","templated":true}]}}