






{"id":534,"date":"2022-06-30T15:35:43","date_gmt":"2022-06-30T15:35:43","guid":{"rendered":"https:\/\/gimi.looplabz.com\/?page_id=534"},"modified":"2026-01-19T10:07:59","modified_gmt":"2026-01-19T10:07:59","slug":"home","status":"publish","type":"page","link":"https:\/\/gimi.com\/sv\/","title":{"rendered":"Home"},"content":{"rendered":"\r\n<!--style=\"background-image: url(--><!--);\"-->\r\r\n<section id=\"banner-block_63345ba525237\" class=\"_hmbnr color-white  bg_lightGray _ob_opsition  _bannerCover\"  >\r\r\n    <div class=\"container\">\r\r\n        <div class=\"row\">\r\r\n            <div class=\"col-md-12\">\r\r\n                <div class=\"_hdrContent\"  >\r\r\n                    <h1 data-aos=\"fade-down\" class=\"color-white\">L\u00e4r ditt barn bli pengasmart<\/h1>\r\r\n                    <p data-aos=\"fade-up\" >I Gimi-appen kan barnet se sitt bankkonto och l\u00e4ra sig om pengar under f\u00f6r\u00e4ldrarnas tillsyn<\/p>\r\r\n                    \r\n                        <a href=\"https:\/\/gimi.onelink.me\/PNSs\/nmdmc7sy\" data-aos=\"fade-up\" class=\"_btn\" target=\"_self\">Ladda ner appen<\/a>\r\r\n                    \r\n                <\/div>\r\r\n            <\/div>\r\r\n        <\/div>\r\r\n    <\/div>\r\r\n    <div class=\"_bnrAtchmnt\" data-aos=\"fade-down\" >\r\r\n<!--        -->\r\n        <img decoding=\"async\" src=\"https:\/\/gimi.com\/wp-content\/uploads\/2025\/09\/Hero_Landing@2x-1-scaled.webp\" alt=\"\" class=\"img-fluid\">\r\r\n    <\/div>\r\r\n\r\r\n\r\r\n<\/section>\r\r\n\n\n\r\n\r\n<section  data-aos=\"fade-up\" data-aos-easing=\"ease-in-sine\" id=\"usp-block_62bf00af46b0e\" class=\"_usp  alignfull _top-50 _bottom-50\" >\r\r\n    <div class=\"container\">\r\r\n        <div class=\"row _uspItmsList\">\r\r\n        \r\n            <div class=\"col-md-3\">\r\r\n                <div class=\"_uspItm \">\r\r\n                    <img width=\"691\" height=\"295\" src=\"https:\/\/gimi.com\/wp-content\/uploads\/2025\/06\/Nordea_Masterbrand_500px_RGB-e1749152040213.png\" class=\"attachment-full size-full\" alt=\"\" decoding=\"async\" loading=\"lazy\" \/>\r\n                    <p><\/p>\r\r\n                <\/div>\r\r\n            <\/div>\r\r\n        \r\n            <div class=\"col-md-3\">\r\r\n                <div class=\"_uspItm \">\r\r\n                    <img width=\"1\" height=\"1\" src=\"https:\/\/gimi.com\/wp-content\/uploads\/2025\/06\/icabanken.svg\" class=\"attachment-full size-full\" alt=\"\" decoding=\"async\" loading=\"lazy\" \/>\r\n                    <p><\/p>\r\r\n                <\/div>\r\r\n            <\/div>\r\r\n        \r\n            <div class=\"col-md-3\">\r\r\n                <div class=\"_uspItm \">\r\r\n                    <img width=\"1\" height=\"1\" src=\"https:\/\/gimi.com\/wp-content\/uploads\/2025\/06\/Logo-abn.svg\" class=\"attachment-full size-full\" alt=\"\" decoding=\"async\" loading=\"lazy\" \/>\r\n                    <p><\/p>\r\r\n                <\/div>\r\r\n            <\/div>\r\r\n        \r\n            <div class=\"col-md-3\">\r\r\n                <div class=\"_uspItm \">\r\r\n                    <img width=\"750\" height=\"750\" src=\"https:\/\/gimi.com\/wp-content\/uploads\/2025\/06\/CAT-E-Winner-2.png\" class=\"attachment-full size-full\" alt=\"\" decoding=\"async\" loading=\"lazy\" srcset=\"https:\/\/gimi.com\/wp-content\/uploads\/2025\/06\/CAT-E-Winner-2.png 750w, https:\/\/gimi.com\/wp-content\/uploads\/2025\/06\/CAT-E-Winner-2-300x300.png 300w, https:\/\/gimi.com\/wp-content\/uploads\/2025\/06\/CAT-E-Winner-2-150x150.png 150w, https:\/\/gimi.com\/wp-content\/uploads\/2025\/06\/CAT-E-Winner-2-276x276.png 276w\" sizes=\"(max-width: 750px) 100vw, 750px\" \/>\r\n                    <p><\/p>\r\r\n                <\/div>\r\r\n            <\/div>\r\r\n        \r\n        <\/div>\r\r\n    <\/div>\r\r\n<\/section>\r\r\n\r\n\r\r\n\r\r\n\r\r\n\n\n\n<h2><\/h2>\n\n\n\n\n\n<section  data-aos=\"fade-up\" data-aos-easing=\"ease-in-sine\" id=\"usp-block_6347f8b78440b\" class=\"_imgWithCntent  alignfull _top-50 _bottom-50\" >\n\n    <div class=\"container\">\n\n        <div class=\"row align-items-center \">\n\n            <div class=\"col-md-6\">\n\n                <div class=\"_imgWper \">\n\n                    <img width=\"1920\" height=\"1279\" src=\"https:\/\/gimi.com\/wp-content\/uploads\/2022\/12\/startpage2-1.webp\" class=\"attachment-full size-full\" alt=\"hand holding iphone\" decoding=\"async\" loading=\"lazy\" srcset=\"https:\/\/gimi.com\/wp-content\/uploads\/2022\/12\/startpage2-1.webp 1920w, https:\/\/gimi.com\/wp-content\/uploads\/2022\/12\/startpage2-1-300x200.webp 300w, https:\/\/gimi.com\/wp-content\/uploads\/2022\/12\/startpage2-1-1024x682.webp 1024w, https:\/\/gimi.com\/wp-content\/uploads\/2022\/12\/startpage2-1-768x512.webp 768w, https:\/\/gimi.com\/wp-content\/uploads\/2022\/12\/startpage2-1-1536x1023.webp 1536w\" sizes=\"(max-width: 1920px) 100vw, 1920px\" \/>\n                <\/div>\n\n            <\/div>\n\n            <div class=\"col-md-6\">\n\n                <div class=\"_imgCntnt\">\n\n                    <h2 data-aos=\"fade-down\">Appen som g\u00f6r ditt barn smartare med pengar.<\/h2>\n\n                    <p>F\u00e5 ut det mesta av ditt barns bankkonto och f\u00f6rvandla det till ett l\u00e4roverktyg. L\u00e4r ditt barn allt om att spara, spendera och tj\u00e4na. Med Gimi l\u00e4r barn sig att hantera pengar under \u00f6versikt av sina f\u00f6r\u00e4ldrar, de l\u00e4r sig i praktiken och introduceras till de grundl\u00e4ggande reglerna f\u00f6r privatekonomi. Och allt detta p\u00e5 ett roligt och s\u00e4kert s\u00e4tt.<\/p>\n\t\t\t\t\t                    <a href=\"\/sv\/hur-funkar-det\/\" data-aos=\"fade-up\" class=\"_btn_sec\" target=\"_self\">Utbildning i Gimi <i class=\"fa fa-angle-right\"><\/i><\/a>\n\t\t\t\t\t\n                <\/div>\n\n            <\/div>\n\n        <\/div>\n\n    <\/div>\n\n<\/section>\n\n\n\n\n\n\n\n\n\n\n\n\n\n\n<section  data-aos=\"fade-up\" data-aos-easing=\"ease-in-sine\" id=\"usp-block_6347f8f68440c\" class=\"_imgWithCntent  alignfull _top-50 _bottom-50\" >\n\n    <div class=\"container\">\n\n        <div class=\"row align-items-center _imgRight\">\n\n            <div class=\"col-md-6\">\n\n                <div class=\"_imgWper \">\n\n                    <img width=\"1920\" height=\"1274\" src=\"https:\/\/gimi.com\/wp-content\/uploads\/2022\/12\/image-2022-07-06-at-09-1.webp\" class=\"attachment-full size-full\" alt=\"Kids eating icecream in front of ipad\" decoding=\"async\" loading=\"lazy\" srcset=\"https:\/\/gimi.com\/wp-content\/uploads\/2022\/12\/image-2022-07-06-at-09-1.webp 1920w, https:\/\/gimi.com\/wp-content\/uploads\/2022\/12\/image-2022-07-06-at-09-1-300x199.webp 300w, https:\/\/gimi.com\/wp-content\/uploads\/2022\/12\/image-2022-07-06-at-09-1-1024x679.webp 1024w, https:\/\/gimi.com\/wp-content\/uploads\/2022\/12\/image-2022-07-06-at-09-1-768x510.webp 768w, https:\/\/gimi.com\/wp-content\/uploads\/2022\/12\/image-2022-07-06-at-09-1-1536x1019.webp 1536w\" sizes=\"(max-width: 1920px) 100vw, 1920px\" \/>\n                <\/div>\n\n            <\/div>\n\n            <div class=\"col-md-6\">\n\n                <div class=\"_imgCntnt\">\n\n                    <h2 data-aos=\"fade-down\">Praktisk utbildning med Gimi.<\/h2>\n\n                    <p>Pengar blir allt mindre fysiskt p\u00e5 grund av betalkort och onlinebetalningar. Med Gimi blir digitala pengar p\u00e5tagliga, och barn kan f\u00e5 praktisk erfarenhet av hur pengar faktiskt fungerar. Som f\u00f6r\u00e4lder kan du h\u00e5lla ett \u00f6ga p\u00e5 deras fickpengar och h\u00e5lla koll p\u00e5 vad dina barn spenderar sina pengar p\u00e5. Ge ditt barn m\u00f6jlighet att l\u00e4ra sig att spara, spendera och tj\u00e4na.<\/p>\n\t\t\t\t\t                    <a href=\"\/sv\/hur-funkar-det\/\" data-aos=\"fade-up\" class=\"_btn_sec\" target=\"_self\">Gimi i praktiken <i class=\"fa fa-angle-right\"><\/i><\/a>\n\t\t\t\t\t\n                <\/div>\n\n            <\/div>\n\n        <\/div>\n\n    <\/div>\n\n<\/section>\n\n\n\n\n\n\n\n\n\n\n\n\r\n\r\r\n<section data-aos=\"fade-up\" data-aos-easing=\"ease-in-sine\" id=\"usp-block_62c1f92c90f1f\" class=\"_ctaDownload  alignfull _top-50 \" >\r\r\n    <div class=\"container\">\r\r\n        <div class=\"row\">\r\r\n            <div class=\"col-md-12\">\r\r\n                <div class=\"_mainTitl\">\r\r\n                    <h2 class=\"_cuntr\" data-aos=\"fade-down\" data-number=\"1652344\">1652344<\/h2>\r\r\n                    <h4 data-aos=\"fade-up\">Totalt antal nedladdningar<\/h4>\r\r\n                    <a href=\"https:\/\/gimi.onelink.me\/PNSs\/nmdmc7sy\" data-aos=\"fade-up\" class=\"_btn\" target=\"_self\">Ladda ner appen<\/a>\r\r\n                <\/div>\r\r\n            <\/div>\r\r\n\r\r\n        <\/div>\r\r\n    <\/div>\r\r\n<\/section>\r\r\n\r\r\n\r\r\n\r\r\n\r\r\n","protected":false},"excerpt":{"rendered":"","protected":false},"author":12,"featured_media":3049,"parent":0,"menu_order":0,"comment_status":"closed","ping_status":"closed","template":"","meta":{"inline_featured_image":false},"yoast_head":"<!-- This site is optimized with the Yoast SEO plugin v19.10 - https:\/\/yoast.com\/wordpress\/plugins\/seo\/ -->\n<title>Gimi - Ger den unga generationen Finansiella Superskills<\/title>\n<meta name=\"description\" content=\"Gimi l\u00e4r ditt barn allt om att spara, spendera och tj\u00e4na pengar. Gimi \u00e4r en prisbel\u00f6nt app som hj\u00e4lper barn att f\u00e5 financial superskills som varar hela livet.\" \/>\n<meta name=\"robots\" content=\"index, follow, max-snippet:-1, max-image-preview:large, max-video-preview:-1\" \/>\n<link rel=\"canonical\" href=\"https:\/\/gimi.com\/sv\/\" \/>\n<meta property=\"og:locale\" content=\"sv_SE\" \/>\n<meta property=\"og:type\" content=\"article\" \/>\n<meta property=\"og:title\" content=\"Gimi - Ger den unga generationen Finansiella Superskills\" \/>\n<meta property=\"og:description\" content=\"Gimi l\u00e4r ditt barn allt om att spara, spendera och tj\u00e4na pengar. Gimi \u00e4r en prisbel\u00f6nt app som hj\u00e4lper barn att f\u00e5 financial superskills som varar hela livet.\" \/>\n<meta property=\"og:url\" content=\"https:\/\/gimi.com\/sv\/\" \/>\n<meta property=\"og:site_name\" content=\"Gimi\" \/>\n<meta property=\"article:publisher\" content=\"https:\/\/www.facebook.com\/GimiFinancialSuperskills\" \/>\n<meta property=\"article:modified_time\" content=\"2026-01-19T10:07:59+00:00\" \/>\n<meta property=\"og:image\" content=\"http:\/\/gimi.com\/wp-content\/uploads\/2022\/11\/gimi-logo-square.png\" \/>\n\t<meta property=\"og:image:width\" content=\"1080\" \/>\n\t<meta property=\"og:image:height\" content=\"1080\" \/>\n\t<meta property=\"og:image:type\" content=\"image\/png\" \/>\n<meta name=\"twitter:card\" content=\"summary_large_image\" \/>\n<script type=\"application\/ld+json\" class=\"yoast-schema-graph\">{\"@context\":\"https:\/\/schema.org\",\"@graph\":[{\"@type\":\"WebPage\",\"@id\":\"https:\/\/gimi.com\/sv\/\",\"url\":\"https:\/\/gimi.com\/sv\/\",\"name\":\"Gimi - Ger den unga generationen Finansiella Superskills\",\"isPartOf\":{\"@id\":\"https:\/\/gimi.com\/#website\"},\"datePublished\":\"2022-06-30T15:35:43+00:00\",\"dateModified\":\"2026-01-19T10:07:59+00:00\",\"description\":\"Gimi l\u00e4r ditt barn allt om att spara, spendera och tj\u00e4na pengar. Gimi \u00e4r en prisbel\u00f6nt app som hj\u00e4lper barn att f\u00e5 financial superskills som varar hela livet.\",\"breadcrumb\":{\"@id\":\"https:\/\/gimi.com\/sv\/#breadcrumb\"},\"inLanguage\":\"sv-SE\",\"potentialAction\":[{\"@type\":\"ReadAction\",\"target\":[\"https:\/\/gimi.com\/sv\/\"]}]},{\"@type\":\"BreadcrumbList\",\"@id\":\"https:\/\/gimi.com\/sv\/#breadcrumb\",\"itemListElement\":[{\"@type\":\"ListItem\",\"position\":1,\"name\":\"Home\",\"item\":\"https:\/\/gimi.com\/sv\/\"},{\"@type\":\"ListItem\",\"position\":2,\"name\":\"Home\"}]},{\"@type\":\"WebSite\",\"@id\":\"https:\/\/gimi.com\/#website\",\"url\":\"https:\/\/gimi.com\/\",\"name\":\"Gimi\",\"description\":\"Gimi\",\"publisher\":{\"@id\":\"https:\/\/gimi.com\/#organization\"},\"potentialAction\":[{\"@type\":\"SearchAction\",\"target\":{\"@type\":\"EntryPoint\",\"urlTemplate\":\"https:\/\/gimi.com\/?s={search_term_string}\"},\"query-input\":\"required name=search_term_string\"}],\"inLanguage\":\"sv-SE\"},{\"@type\":\"Organization\",\"@id\":\"https:\/\/gimi.com\/#organization\",\"name\":\"Gimi\",\"url\":\"https:\/\/gimi.com\/\",\"logo\":{\"@type\":\"ImageObject\",\"inLanguage\":\"sv-SE\",\"@id\":\"https:\/\/gimi.com\/#\/schema\/logo\/image\/\",\"url\":\"https:\/\/gimi.com\/wp-content\/uploads\/2022\/11\/gimi-logo-square.png\",\"contentUrl\":\"https:\/\/gimi.com\/wp-content\/uploads\/2022\/11\/gimi-logo-square.png\",\"width\":1080,\"height\":1080,\"caption\":\"Gimi\"},\"image\":{\"@id\":\"https:\/\/gimi.com\/#\/schema\/logo\/image\/\"},\"sameAs\":[\"https:\/\/www.youtube.com\/c\/Gimi-FinancialSuperskills\",\"https:\/\/www.instagram.com\/gimitheapp\/?hl=en\",\"https:\/\/www.facebook.com\/GimiFinancialSuperskills\"]}]}<\/script>\n<!-- \/ Yoast SEO plugin. -->","yoast_head_json":{"title":"Gimi - Ger den unga generationen Finansiella Superskills","description":"Gimi l\u00e4r ditt barn allt om att spara, spendera och tj\u00e4na pengar. Gimi \u00e4r en prisbel\u00f6nt app som hj\u00e4lper barn att f\u00e5 financial superskills som varar hela livet.","robots":{"index":"index","follow":"follow","max-snippet":"max-snippet:-1","max-image-preview":"max-image-preview:large","max-video-preview":"max-video-preview:-1"},"canonical":"https:\/\/gimi.com\/sv\/","og_locale":"sv_SE","og_type":"article","og_title":"Gimi - Ger den unga generationen Finansiella Superskills","og_description":"Gimi l\u00e4r ditt barn allt om att spara, spendera och tj\u00e4na pengar. Gimi \u00e4r en prisbel\u00f6nt app som hj\u00e4lper barn att f\u00e5 financial superskills som varar hela livet.","og_url":"https:\/\/gimi.com\/sv\/","og_site_name":"Gimi","article_publisher":"https:\/\/www.facebook.com\/GimiFinancialSuperskills","article_modified_time":"2026-01-19T10:07:59+00:00","og_image":[{"width":1080,"height":1080,"url":"http:\/\/gimi.com\/wp-content\/uploads\/2022\/11\/gimi-logo-square.png","type":"image\/png"}],"twitter_card":"summary_large_image","schema":{"@context":"https:\/\/schema.org","@graph":[{"@type":"WebPage","@id":"https:\/\/gimi.com\/sv\/","url":"https:\/\/gimi.com\/sv\/","name":"Gimi - Ger den unga generationen Finansiella Superskills","isPartOf":{"@id":"https:\/\/gimi.com\/#website"},"datePublished":"2022-06-30T15:35:43+00:00","dateModified":"2026-01-19T10:07:59+00:00","description":"Gimi l\u00e4r ditt barn allt om att spara, spendera och tj\u00e4na pengar. Gimi \u00e4r en prisbel\u00f6nt app som hj\u00e4lper barn att f\u00e5 financial superskills som varar hela livet.","breadcrumb":{"@id":"https:\/\/gimi.com\/sv\/#breadcrumb"},"inLanguage":"sv-SE","potentialAction":[{"@type":"ReadAction","target":["https:\/\/gimi.com\/sv\/"]}]},{"@type":"BreadcrumbList","@id":"https:\/\/gimi.com\/sv\/#breadcrumb","itemListElement":[{"@type":"ListItem","position":1,"name":"Home","item":"https:\/\/gimi.com\/sv\/"},{"@type":"ListItem","position":2,"name":"Home"}]},{"@type":"WebSite","@id":"https:\/\/gimi.com\/#website","url":"https:\/\/gimi.com\/","name":"Gimi","description":"Gimi","publisher":{"@id":"https:\/\/gimi.com\/#organization"},"potentialAction":[{"@type":"SearchAction","target":{"@type":"EntryPoint","urlTemplate":"https:\/\/gimi.com\/?s={search_term_string}"},"query-input":"required name=search_term_string"}],"inLanguage":"sv-SE"},{"@type":"Organization","@id":"https:\/\/gimi.com\/#organization","name":"Gimi","url":"https:\/\/gimi.com\/","logo":{"@type":"ImageObject","inLanguage":"sv-SE","@id":"https:\/\/gimi.com\/#\/schema\/logo\/image\/","url":"https:\/\/gimi.com\/wp-content\/uploads\/2022\/11\/gimi-logo-square.png","contentUrl":"https:\/\/gimi.com\/wp-content\/uploads\/2022\/11\/gimi-logo-square.png","width":1080,"height":1080,"caption":"Gimi"},"image":{"@id":"https:\/\/gimi.com\/#\/schema\/logo\/image\/"},"sameAs":["https:\/\/www.youtube.com\/c\/Gimi-FinancialSuperskills","https:\/\/www.instagram.com\/gimitheapp\/?hl=en","https:\/\/www.facebook.com\/GimiFinancialSuperskills"]}]}},"_links":{"self":[{"href":"https:\/\/gimi.com\/sv\/wp-json\/wp\/v2\/pages\/534"}],"collection":[{"href":"https:\/\/gimi.com\/sv\/wp-json\/wp\/v2\/pages"}],"about":[{"href":"https:\/\/gimi.com\/sv\/wp-json\/wp\/v2\/types\/page"}],"author":[{"embeddable":true,"href":"https:\/\/gimi.com\/sv\/wp-json\/wp\/v2\/users\/12"}],"replies":[{"embeddable":true,"href":"https:\/\/gimi.com\/sv\/wp-json\/wp\/v2\/comments?post=534"}],"version-history":[{"count":51,"href":"https:\/\/gimi.com\/sv\/wp-json\/wp\/v2\/pages\/534\/revisions"}],"predecessor-version":[{"id":6019,"href":"https:\/\/gimi.com\/sv\/wp-json\/wp\/v2\/pages\/534\/revisions\/6019"}],"wp:featuredmedia":[{"embeddable":true,"href":"https:\/\/gimi.com\/sv\/wp-json\/wp\/v2\/media\/3049"}],"wp:attachment":[{"href":"https:\/\/gimi.com\/sv\/wp-json\/wp\/v2\/media?parent=534"}],"curies":[{"name":"wp","href":"https:\/\/api.w.org\/{rel}","templated":true}]}}