






{"id":4620,"date":"2023-10-06T07:58:12","date_gmt":"2023-10-06T07:58:12","guid":{"rendered":"https:\/\/gimi.com\/?page_id=4620"},"modified":"2023-10-16T09:30:26","modified_gmt":"2023-10-16T09:30:26","slug":"shoppa-eller-droppa","status":"publish","type":"page","link":"https:\/\/gimi.com\/sv\/shoppa-eller-droppa\/","title":{"rendered":"Shoppa eller Droppa?"},"content":{"rendered":"\n<!DOCTYPE html>\n    <html lang=\"en\">\n      <head>\n        <meta charset=\"utf-8\" \/>\n        <meta name=\"viewport\" content=\"width=device-width, initial-scale=1\" \/>\n        <title>Shoppa eller Droppa?<\/title>\n        <style>*{margin:0;padding:0;} html,body,iframe{border-radius:0 !important;}<\/style>\n      <\/head>\n      <body>\n        <div data-tf-widget=\"wrzHcTNq\" data-tf-opacity=\"100\" data-tf-inline-on-mobile data-tf-iframe-props=\"title=Shoppa eller Droppa?\" data-tf-transitive-search-params data-tf-auto-focus data-tf-medium=\"snippet\" data-tf-full-screen><\/div><script src=\"\/\/embed.typeform.com\/next\/embed.js\"><\/script>\n      <\/body>\n    <\/html>\n","protected":false},"excerpt":{"rendered":"<p>Shoppa eller Droppa?<\/p>\n","protected":false},"author":13,"featured_media":0,"parent":0,"menu_order":0,"comment_status":"closed","ping_status":"closed","template":"empty-template.php","meta":{"inline_featured_image":false},"yoast_head":"<!-- This site is optimized with the Yoast SEO plugin v19.10 - https:\/\/yoast.com\/wordpress\/plugins\/seo\/ -->\n<title>Shoppa eller Droppa? - Gimi<\/title>\n<meta name=\"description\" content=\"Svara p\u00e5 10 fr\u00e5gor om ditt planerade k\u00f6p - f\u00e5 en rekommendation om att Shoppa eller Droppa. L\u00e4r dig om viktiga stegen i k\u00f6pprocessen.\" \/>\n<meta name=\"robots\" content=\"index, follow, max-snippet:-1, max-image-preview:large, max-video-preview:-1\" \/>\n<link rel=\"canonical\" href=\"https:\/\/gimi.com\/sv\/shoppa-eller-droppa\/\" \/>\n<meta property=\"og:locale\" content=\"sv_SE\" \/>\n<meta property=\"og:type\" content=\"article\" \/>\n<meta property=\"og:title\" content=\"Bli en smartare shoppare \u2013 testa quizet som l\u00e4r unga t\u00e4nka r\u00e4tt\" \/>\n<meta property=\"og:description\" content=\"Svara p\u00e5 10 fr\u00e5gor om det du funderar p\u00e5 att k\u00f6pa - f\u00e5 en rekommendation om att Shoppa eller Droppa. L\u00e4r dig om viktiga stegen du b\u00f6r t\u00e4nka p\u00e5.\" \/>\n<meta property=\"og:url\" content=\"https:\/\/gimi.com\/sv\/shoppa-eller-droppa\/\" \/>\n<meta property=\"og:site_name\" content=\"Gimi\" \/>\n<meta property=\"article:publisher\" content=\"https:\/\/www.facebook.com\/GimiFinancialSuperskills\" \/>\n<meta property=\"article:modified_time\" content=\"2023-10-16T09:30:26+00:00\" \/>\n<meta property=\"og:image\" content=\"http:\/\/gimi.com\/wp-content\/uploads\/2023\/10\/fb-ucgimi.png\" \/>\n\t<meta property=\"og:image:width\" content=\"1200\" \/>\n\t<meta property=\"og:image:height\" content=\"628\" \/>\n\t<meta property=\"og:image:type\" content=\"image\/png\" \/>\n<meta name=\"twitter:card\" content=\"summary_large_image\" \/>\n<meta name=\"twitter:title\" content=\"Shoppa eller Droppa? Quizet f\u00f6r smartare shoppare.\" \/>\n<meta name=\"twitter:description\" content=\"Svara p\u00e5 10 fr\u00e5gor om ditt planerade k\u00f6p - f\u00e5 en rekommendation om att Shoppa eller Droppa.\" \/>\n<meta name=\"twitter:image\" content=\"https:\/\/gimi.com\/wp-content\/uploads\/2023\/10\/fb-ucgimi.png\" \/>\n<meta name=\"twitter:label1\" content=\"Ber\u00e4knad l\u00e4stid\" \/>\n\t<meta name=\"twitter:data1\" content=\"1 minut\" \/>\n<script type=\"application\/ld+json\" class=\"yoast-schema-graph\">{\"@context\":\"https:\/\/schema.org\",\"@graph\":[{\"@type\":\"WebPage\",\"@id\":\"https:\/\/gimi.com\/sv\/shoppa-eller-droppa\/\",\"url\":\"https:\/\/gimi.com\/sv\/shoppa-eller-droppa\/\",\"name\":\"Shoppa eller Droppa? - Gimi\",\"isPartOf\":{\"@id\":\"https:\/\/gimi.com\/#website\"},\"datePublished\":\"2023-10-06T07:58:12+00:00\",\"dateModified\":\"2023-10-16T09:30:26+00:00\",\"description\":\"Svara p\u00e5 10 fr\u00e5gor om ditt planerade k\u00f6p - f\u00e5 en rekommendation om att Shoppa eller Droppa. L\u00e4r dig om viktiga stegen i k\u00f6pprocessen.\",\"breadcrumb\":{\"@id\":\"https:\/\/gimi.com\/sv\/shoppa-eller-droppa\/#breadcrumb\"},\"inLanguage\":\"sv-SE\",\"potentialAction\":[{\"@type\":\"ReadAction\",\"target\":[\"https:\/\/gimi.com\/sv\/shoppa-eller-droppa\/\"]}]},{\"@type\":\"BreadcrumbList\",\"@id\":\"https:\/\/gimi.com\/sv\/shoppa-eller-droppa\/#breadcrumb\",\"itemListElement\":[{\"@type\":\"ListItem\",\"position\":1,\"name\":\"Home\",\"item\":\"https:\/\/gimi.com\/sv\/\"},{\"@type\":\"ListItem\",\"position\":2,\"name\":\"Shoppa eller Droppa?\"}]},{\"@type\":\"WebSite\",\"@id\":\"https:\/\/gimi.com\/#website\",\"url\":\"https:\/\/gimi.com\/\",\"name\":\"Gimi\",\"description\":\"Gimi\",\"publisher\":{\"@id\":\"https:\/\/gimi.com\/#organization\"},\"potentialAction\":[{\"@type\":\"SearchAction\",\"target\":{\"@type\":\"EntryPoint\",\"urlTemplate\":\"https:\/\/gimi.com\/?s={search_term_string}\"},\"query-input\":\"required name=search_term_string\"}],\"inLanguage\":\"sv-SE\"},{\"@type\":\"Organization\",\"@id\":\"https:\/\/gimi.com\/#organization\",\"name\":\"Gimi\",\"url\":\"https:\/\/gimi.com\/\",\"logo\":{\"@type\":\"ImageObject\",\"inLanguage\":\"sv-SE\",\"@id\":\"https:\/\/gimi.com\/#\/schema\/logo\/image\/\",\"url\":\"https:\/\/gimi.com\/wp-content\/uploads\/2022\/11\/gimi-logo-square.png\",\"contentUrl\":\"https:\/\/gimi.com\/wp-content\/uploads\/2022\/11\/gimi-logo-square.png\",\"width\":1080,\"height\":1080,\"caption\":\"Gimi\"},\"image\":{\"@id\":\"https:\/\/gimi.com\/#\/schema\/logo\/image\/\"},\"sameAs\":[\"https:\/\/www.youtube.com\/c\/Gimi-FinancialSuperskills\",\"https:\/\/www.instagram.com\/gimitheapp\/?hl=en\",\"https:\/\/www.facebook.com\/GimiFinancialSuperskills\"]}]}<\/script>\n<!-- \/ Yoast SEO plugin. -->","yoast_head_json":{"title":"Shoppa eller Droppa? - Gimi","description":"Svara p\u00e5 10 fr\u00e5gor om ditt planerade k\u00f6p - f\u00e5 en rekommendation om att Shoppa eller Droppa. L\u00e4r dig om viktiga stegen i k\u00f6pprocessen.","robots":{"index":"index","follow":"follow","max-snippet":"max-snippet:-1","max-image-preview":"max-image-preview:large","max-video-preview":"max-video-preview:-1"},"canonical":"https:\/\/gimi.com\/sv\/shoppa-eller-droppa\/","og_locale":"sv_SE","og_type":"article","og_title":"Bli en smartare shoppare \u2013 testa quizet som l\u00e4r unga t\u00e4nka r\u00e4tt","og_description":"Svara p\u00e5 10 fr\u00e5gor om det du funderar p\u00e5 att k\u00f6pa - f\u00e5 en rekommendation om att Shoppa eller Droppa. L\u00e4r dig om viktiga stegen du b\u00f6r t\u00e4nka p\u00e5.","og_url":"https:\/\/gimi.com\/sv\/shoppa-eller-droppa\/","og_site_name":"Gimi","article_publisher":"https:\/\/www.facebook.com\/GimiFinancialSuperskills","article_modified_time":"2023-10-16T09:30:26+00:00","og_image":[{"width":1200,"height":628,"url":"http:\/\/gimi.com\/wp-content\/uploads\/2023\/10\/fb-ucgimi.png","type":"image\/png"}],"twitter_card":"summary_large_image","twitter_title":"Shoppa eller Droppa? Quizet f\u00f6r smartare shoppare.","twitter_description":"Svara p\u00e5 10 fr\u00e5gor om ditt planerade k\u00f6p - f\u00e5 en rekommendation om att Shoppa eller Droppa.","twitter_image":"https:\/\/gimi.com\/wp-content\/uploads\/2023\/10\/fb-ucgimi.png","twitter_misc":{"Ber\u00e4knad l\u00e4stid":"1 minut"},"schema":{"@context":"https:\/\/schema.org","@graph":[{"@type":"WebPage","@id":"https:\/\/gimi.com\/sv\/shoppa-eller-droppa\/","url":"https:\/\/gimi.com\/sv\/shoppa-eller-droppa\/","name":"Shoppa eller Droppa? - Gimi","isPartOf":{"@id":"https:\/\/gimi.com\/#website"},"datePublished":"2023-10-06T07:58:12+00:00","dateModified":"2023-10-16T09:30:26+00:00","description":"Svara p\u00e5 10 fr\u00e5gor om ditt planerade k\u00f6p - f\u00e5 en rekommendation om att Shoppa eller Droppa. L\u00e4r dig om viktiga stegen i k\u00f6pprocessen.","breadcrumb":{"@id":"https:\/\/gimi.com\/sv\/shoppa-eller-droppa\/#breadcrumb"},"inLanguage":"sv-SE","potentialAction":[{"@type":"ReadAction","target":["https:\/\/gimi.com\/sv\/shoppa-eller-droppa\/"]}]},{"@type":"BreadcrumbList","@id":"https:\/\/gimi.com\/sv\/shoppa-eller-droppa\/#breadcrumb","itemListElement":[{"@type":"ListItem","position":1,"name":"Home","item":"https:\/\/gimi.com\/sv\/"},{"@type":"ListItem","position":2,"name":"Shoppa eller Droppa?"}]},{"@type":"WebSite","@id":"https:\/\/gimi.com\/#website","url":"https:\/\/gimi.com\/","name":"Gimi","description":"Gimi","publisher":{"@id":"https:\/\/gimi.com\/#organization"},"potentialAction":[{"@type":"SearchAction","target":{"@type":"EntryPoint","urlTemplate":"https:\/\/gimi.com\/?s={search_term_string}"},"query-input":"required name=search_term_string"}],"inLanguage":"sv-SE"},{"@type":"Organization","@id":"https:\/\/gimi.com\/#organization","name":"Gimi","url":"https:\/\/gimi.com\/","logo":{"@type":"ImageObject","inLanguage":"sv-SE","@id":"https:\/\/gimi.com\/#\/schema\/logo\/image\/","url":"https:\/\/gimi.com\/wp-content\/uploads\/2022\/11\/gimi-logo-square.png","contentUrl":"https:\/\/gimi.com\/wp-content\/uploads\/2022\/11\/gimi-logo-square.png","width":1080,"height":1080,"caption":"Gimi"},"image":{"@id":"https:\/\/gimi.com\/#\/schema\/logo\/image\/"},"sameAs":["https:\/\/www.youtube.com\/c\/Gimi-FinancialSuperskills","https:\/\/www.instagram.com\/gimitheapp\/?hl=en","https:\/\/www.facebook.com\/GimiFinancialSuperskills"]}]}},"_links":{"self":[{"href":"https:\/\/gimi.com\/sv\/wp-json\/wp\/v2\/pages\/4620"}],"collection":[{"href":"https:\/\/gimi.com\/sv\/wp-json\/wp\/v2\/pages"}],"about":[{"href":"https:\/\/gimi.com\/sv\/wp-json\/wp\/v2\/types\/page"}],"author":[{"embeddable":true,"href":"https:\/\/gimi.com\/sv\/wp-json\/wp\/v2\/users\/13"}],"replies":[{"embeddable":true,"href":"https:\/\/gimi.com\/sv\/wp-json\/wp\/v2\/comments?post=4620"}],"version-history":[{"count":12,"href":"https:\/\/gimi.com\/sv\/wp-json\/wp\/v2\/pages\/4620\/revisions"}],"predecessor-version":[{"id":4654,"href":"https:\/\/gimi.com\/sv\/wp-json\/wp\/v2\/pages\/4620\/revisions\/4654"}],"wp:attachment":[{"href":"https:\/\/gimi.com\/sv\/wp-json\/wp\/v2\/media?parent=4620"}],"curies":[{"name":"wp","href":"https:\/\/api.w.org\/{rel}","templated":true}]}}