






{"id":1508,"date":"2022-09-29T12:06:55","date_gmt":"2022-09-29T12:06:55","guid":{"rendered":"https:\/\/testing.gimitheapp.com\/?page_id=1508"},"modified":"2024-01-11T14:13:30","modified_gmt":"2024-01-11T14:13:30","slug":"hushallssysslor","status":"publish","type":"page","link":"https:\/\/gimi.com\/sv\/hushallssysslor\/","title":{"rendered":"Hush\u00e5llssysslor"},"content":{"rendered":"\r\n\r\r\n<section  data-aos=\"fade-up\" data-aos-easing=\"ease-in-sine\" id=\"article-block_63358a545955a\" class=\"_article _topGray   \" >\r\r\n    <div class=\"container\">\r\r\n        <div class=\"row\">\r\r\n            <div class=\"col-md-12\">\r\r\n                <div class=\"_pageHdr _container-1000    \">\r\r\n                    <h1>Hush\u00e5llssysslor<\/h1>\r\r\n                    <div class=\"_pgHdrDesc\">\r\r\n                        \r\n                    <\/div>\r\r\n                <\/div>\r\r\n                <div class=\"_pageCntnt _container-690\">\r\r\n                    <div class=\"_articleImg\">\r\r\n                        <img width=\"1536\" height=\"1000\" src=\"https:\/\/gimi.com\/wp-content\/uploads\/2022\/12\/chores-for-children.webp\" class=\"attachment-post-thumbnail size-post-thumbnail wp-post-image\" alt=\"holding up clothes\" decoding=\"async\" loading=\"lazy\" srcset=\"https:\/\/gimi.com\/wp-content\/uploads\/2022\/12\/chores-for-children.webp 1536w, https:\/\/gimi.com\/wp-content\/uploads\/2022\/12\/chores-for-children-300x195.webp 300w, https:\/\/gimi.com\/wp-content\/uploads\/2022\/12\/chores-for-children-1024x667.webp 1024w, https:\/\/gimi.com\/wp-content\/uploads\/2022\/12\/chores-for-children-768x500.webp 768w\" sizes=\"(max-width: 1536px) 100vw, 1536px\" \/>\r\n                    <\/div>\r\r\n                    <div class=\"_art_desc\">\r\r\n                        <article class=\"text\">\n<div class=\"excerpt__AvuEQ\">\n<p><strong>Att anv\u00e4nda uppgifter som en del av vecko- eller m\u00e5nadspengen. Barn k\u00e4nner sig sj\u00e4lvst\u00e4ndiga, och dom f\u00e5r m\u00f6jligheten att \u00f6va p\u00e5 att ta ekonomiska beslut. Till exempel, \u00e4r tiden som jag l\u00e4gger p\u00e5 uppgiften v\u00e4rt bel\u00f6ningen jag f\u00e5r?<\/strong><\/p>\n<\/div>\n<div class=\"text__body\">\n<p>N\u00e4stan alla familjer f\u00f6rv\u00e4ntar sig att barnen hj\u00e4lper till i hemmet. Vissa barn f\u00e5r uppgifter som dom ansvarar f\u00f6r varje dag eller vecka, och vissa utf\u00f6r dom automatiskt eller n\u00e4r dom blir ombedda.<\/p>\n<p>I vilket fall s\u00e5 \u00e4r det positivt att anv\u00e4nda uppgifter som en del av vecko- eller m\u00e5nadspengen. Barn k\u00e4nner sig sj\u00e4lvst\u00e4ndiga, och dom f\u00e5r m\u00f6jligheten att \u00f6va p\u00e5 att ta ekonomiska beslut. Till exempel, \u00e4r tiden som jag l\u00e4gger p\u00e5 uppgiften v\u00e4rt bel\u00f6ningen jag f\u00e5r? Detta \u00e4r en viktig l\u00e4xa som kommer hj\u00e4lpa dom i karri\u00e4ren som vuxen.<\/p>\n<p>Gimi-appen l\u00e4gger fram uppgifter och bel\u00f6ningar p\u00e5 ett enkelt och roligt s\u00e4tt. Barn brukar tycka om att g\u00f6ra uppgifter men dom beh\u00f6ver ett s\u00e4tt att h\u00e5lla koll p\u00e5 uppgifterna s\u00e5 dom kan k\u00e4nna sig sj\u00e4lvst\u00e4ndiga. Naturligtvis \u00e4r detta relaterat till utvecklingen av ekonomisk l\u00e4skunnighet och extrapengar som motivering.<\/p>\n<h3>Hur gamla ska barn vara f\u00f6r att b\u00f6rja g\u00f6ra uppgifter?<\/h3>\n<p>Barn i alla \u00e5ldrar kan g\u00f6ra uppgifter. Yngre barn kan hj\u00e4lpa till om du v\u00e4ljer enklare uppgifter som passar deras \u00e5lder. En uppgift som \u00e4r f\u00f6r sv\u00e5r kan vara frustrerande f\u00f6r barn, och i vissa fall farlig, och en som \u00e4r f\u00f6r enkel upplevs som tr\u00e5kig vilket brukar leda till att barnet inte g\u00f6r den alls. Ge enklare uppgifter till yngre barn, till exempel att ta hand om och plocka undan sina leksaker. G\u00f6r uppgiften sv\u00e5rare och l\u00e4gg till ansvar n\u00e4r dom b\u00f6rjar bli \u00e4ldre.<\/p>\n<p>Det \u00e4r \u00e4ven viktigt att komma p\u00e5 uppgifter som inneb\u00e4r att ditt barn tar hand om hela familjen. En enkel uppgift \u00e4r att duka och duka av bordet. Ditt barn kommer troligtvis k\u00e4nna sig som en ansvarsfull och viktig familjemedlem.<\/p>\n<p>H\u00e4r \u00e4r exempel p\u00e5 uppgifter f\u00f6r barn i olika \u00e5ldrar.<\/p>\n<h3>Sysslor f\u00f6r yngre barn (5-8 \u00e5r)<\/h3>\n<ul>\n<li>Duka bordet<\/li>\n<li>Vara med n\u00e4r du lagar mat, med din hj\u00e4lp<\/li>\n<li>Hj\u00e4lpa till att l\u00e4gga rena kl\u00e4der i h\u00f6gar sp varje familjemedlem kan vika sina kl\u00e4der<\/li>\n<li>Vara med och handla och plocka undan mat<\/li>\n<li>Ge dig bl\u00f6ta kl\u00e4der som ska h\u00e4ngas p\u00e5 tork<\/li>\n<\/ul>\n<h3>Sysslor f\u00f6r barn i skol\u00e5ldern (9-12)<\/h3>\n<ul>\n<li>Vattna v\u00e4xter i tr\u00e4dg\u00e5rden och inomhus<\/li>\n<li>Mata husdjur<\/li>\n<li>G\u00f6ra rent handfat, torka diskb\u00e4nken, moppa golv och ta ut soporna<\/li>\n<li>H\u00e4ng upp kl\u00e4der p\u00e5 tork och vik ren tv\u00e4tt<\/li>\n<li>Plocka undan porslin och bestick<\/li>\n<li>Best\u00e4m vad ni \u00e4ter till middag och hj\u00e4lp till att handla maten<\/li>\n<li>Hj\u00e4lp till att f\u00f6rbereda och servera middag, med din hj\u00e4lp<\/li>\n<\/ul>\n<h3>Sysslor f\u00f6r ton\u00e5ringar<\/h3>\n<p>Det \u00e4r lite klurigare att hitta uppgifter som ton\u00e5ringar vill g\u00f6ra. Att st\u00e4da tillsammans med familjen \u00e4r inte lika roligt l\u00e4ngre, men ge inte upp! Din ton\u00e5ring kanske uppskattar upplevelsen mer \u00e4n du tror.<\/p>\n<p>H\u00e4r \u00e4r exempel p\u00e5 uppgifter f\u00f6r ton\u00e5ringar:<\/p>\n<ul>\n<li>Sopa och dammsuga<\/li>\n<li>St\u00e4da gemensamma utrymmen<\/li>\n<li>St\u00e4da badrummet<\/li>\n<li>Laga en m\u00e5ltid varje vecka<\/li>\n<li>Klippa gr\u00e4set<\/li>\n<li>Diska<\/li>\n<\/ul>\n<h3>Sysslor &amp; bel\u00f6ning<\/h3>\n<p>N\u00e4r en uppgift bel\u00f6nas visar du att det \u00e4r OK att inte utf\u00f6ra uppgiften f\u00f6r d\u00e5 f\u00e5r barnet ingen bel\u00f6ning. N\u00e4r du f\u00f6rklarar vad en bel\u00f6ning \u00e4r, gl\u00f6m inte att f\u00f6rklara att ditt barn v\u00e4ljer sj\u00e4lv om dom g\u00f6r uppgiften eller inte. Dom f\u00e5r m\u00f6jligheten att tj\u00e4na mer pengar, eller l\u00e5ta bli och inte tj\u00e4na n\u00e5gra pengar. Det \u00e4r lika tydligt som att du blir bl\u00f6t om du leker i regnet utan en regnjacka. Att ge dina barn veckopeng som bel\u00f6ning f\u00f6r uppgifter kan motivera dom, men du borde \u00e4ven kommunicera att det finns andra anledningar att g\u00f6ra vissa uppgifter.<\/p>\n<p>Pengar som bel\u00f6ning \u00e4r v\u00e4ldigt motiverande. Du kan \u00e4ven fundera p\u00e5 nedan bel\u00f6ning f\u00f6r att motivera dina barn:<\/p>\n<ul>\n<li>G\u00f6r uppgiften tillsammans tills ditt barn kan g\u00f6ra det p\u00e5 egen hand<\/li>\n<li>Prata om varf\u00f6r det \u00e4r positivt att en viss uppgift har gjorts<\/li>\n<li>\u00d6ppna upp f\u00f6r m\u00f6jligheten att barnet f\u00e5r f\u00f6resl\u00e5 sina egna uppgifter<\/li>\n<\/ul>\n<h3>B\u00e4ttre \u00e4n ett manuellt bel\u00f6ningsschema<\/h3>\n<p>Kom ig\u00e5ng med bel\u00f6ningar med Gimi-appen, ett bra s\u00e4tt f\u00f6r dina barn att blir pengasmarta och utveckla positivt beteende! Vi h\u00f6r ofta f\u00f6r\u00e4ldrar som b\u00f6rjat med ett manuellt bel\u00f6ningsschema med penna och papper p\u00e5 kylsk\u00e5pet, men som sedan insett att det varit f\u00f6r omst\u00e4ndligt.<\/p>\n<\/div>\n<p>&nbsp;<\/p>\n<p><a class=\"_btn aos-init aos-animate\" href=\"https:\/\/gimi.onelink.me\/PNSs\/3i2iyznt\" target=\"_self\" data-aos=\"fade-up\">Ladda ner Gimi h\u00e4r!<\/a><\/p>\n<\/article>\n\r\n                    <\/div>\r\r\n\r\r\n                <\/div>\r\r\n            <\/div>\r\r\n        <\/div>\r\r\n    <\/div>\r\r\n<\/section>\r\r\n\r\r\n\r\r\n\r\r\n\r\r\n","protected":false},"excerpt":{"rendered":"","protected":false},"author":12,"featured_media":3658,"parent":0,"menu_order":0,"comment_status":"closed","ping_status":"closed","template":"","meta":{"inline_featured_image":false},"yoast_head":"<!-- This site is optimized with the Yoast SEO plugin v19.10 - https:\/\/yoast.com\/wordpress\/plugins\/seo\/ -->\n<title>Hush\u00e5llssysslor som en del av vecko\/m\u00e5nadspengen - Gimi<\/title>\n<meta name=\"description\" content=\"Hush\u00e5llssysslor som en del av vecko\/m\u00e5nadspengen g\u00f6r att barnen k\u00e4nner sig sj\u00e4lvst\u00e4ndiga och det ger barnen en m\u00f6jlighet att fatta egna ekonomiska beslut.\" \/>\n<meta name=\"robots\" content=\"index, follow, max-snippet:-1, max-image-preview:large, max-video-preview:-1\" \/>\n<link rel=\"canonical\" href=\"https:\/\/gimi.com\/sv\/hushallssysslor\/\" \/>\n<meta property=\"og:locale\" content=\"sv_SE\" \/>\n<meta property=\"og:type\" content=\"article\" \/>\n<meta property=\"og:title\" content=\"Hush\u00e5llssysslor som en del av vecko\/m\u00e5nadspengen - Gimi\" \/>\n<meta property=\"og:description\" content=\"Hush\u00e5llssysslor som en del av vecko\/m\u00e5nadspengen g\u00f6r att barnen k\u00e4nner sig sj\u00e4lvst\u00e4ndiga och det ger barnen en m\u00f6jlighet att fatta egna ekonomiska beslut.\" \/>\n<meta property=\"og:url\" content=\"https:\/\/gimi.com\/sv\/hushallssysslor\/\" \/>\n<meta property=\"og:site_name\" content=\"Gimi\" \/>\n<meta property=\"article:publisher\" content=\"https:\/\/www.facebook.com\/GimiFinancialSuperskills\" \/>\n<meta property=\"article:modified_time\" content=\"2024-01-11T14:13:30+00:00\" \/>\n<meta property=\"og:image\" content=\"http:\/\/gimi.com\/wp-content\/uploads\/2022\/12\/chores-for-children.webp\" \/>\n\t<meta property=\"og:image:width\" content=\"1536\" \/>\n\t<meta property=\"og:image:height\" content=\"1000\" \/>\n\t<meta property=\"og:image:type\" content=\"image\/webp\" \/>\n<meta name=\"twitter:card\" content=\"summary_large_image\" \/>\n<script type=\"application\/ld+json\" class=\"yoast-schema-graph\">{\"@context\":\"https:\/\/schema.org\",\"@graph\":[{\"@type\":\"WebPage\",\"@id\":\"https:\/\/gimi.com\/sv\/hushallssysslor\/\",\"url\":\"https:\/\/gimi.com\/sv\/hushallssysslor\/\",\"name\":\"Hush\u00e5llssysslor som en del av vecko\/m\u00e5nadspengen - Gimi\",\"isPartOf\":{\"@id\":\"https:\/\/gimi.com\/#website\"},\"datePublished\":\"2022-09-29T12:06:55+00:00\",\"dateModified\":\"2024-01-11T14:13:30+00:00\",\"description\":\"Hush\u00e5llssysslor som en del av vecko\/m\u00e5nadspengen g\u00f6r att barnen k\u00e4nner sig sj\u00e4lvst\u00e4ndiga och det ger barnen en m\u00f6jlighet att fatta egna ekonomiska beslut.\",\"breadcrumb\":{\"@id\":\"https:\/\/gimi.com\/sv\/hushallssysslor\/#breadcrumb\"},\"inLanguage\":\"sv-SE\",\"potentialAction\":[{\"@type\":\"ReadAction\",\"target\":[\"https:\/\/gimi.com\/sv\/hushallssysslor\/\"]}]},{\"@type\":\"BreadcrumbList\",\"@id\":\"https:\/\/gimi.com\/sv\/hushallssysslor\/#breadcrumb\",\"itemListElement\":[{\"@type\":\"ListItem\",\"position\":1,\"name\":\"Home\",\"item\":\"https:\/\/gimi.com\/sv\/\"},{\"@type\":\"ListItem\",\"position\":2,\"name\":\"Hush\u00e5llssysslor\"}]},{\"@type\":\"WebSite\",\"@id\":\"https:\/\/gimi.com\/#website\",\"url\":\"https:\/\/gimi.com\/\",\"name\":\"Gimi\",\"description\":\"Gimi\",\"publisher\":{\"@id\":\"https:\/\/gimi.com\/#organization\"},\"potentialAction\":[{\"@type\":\"SearchAction\",\"target\":{\"@type\":\"EntryPoint\",\"urlTemplate\":\"https:\/\/gimi.com\/?s={search_term_string}\"},\"query-input\":\"required name=search_term_string\"}],\"inLanguage\":\"sv-SE\"},{\"@type\":\"Organization\",\"@id\":\"https:\/\/gimi.com\/#organization\",\"name\":\"Gimi\",\"url\":\"https:\/\/gimi.com\/\",\"logo\":{\"@type\":\"ImageObject\",\"inLanguage\":\"sv-SE\",\"@id\":\"https:\/\/gimi.com\/#\/schema\/logo\/image\/\",\"url\":\"https:\/\/gimi.com\/wp-content\/uploads\/2022\/11\/gimi-logo-square.png\",\"contentUrl\":\"https:\/\/gimi.com\/wp-content\/uploads\/2022\/11\/gimi-logo-square.png\",\"width\":1080,\"height\":1080,\"caption\":\"Gimi\"},\"image\":{\"@id\":\"https:\/\/gimi.com\/#\/schema\/logo\/image\/\"},\"sameAs\":[\"https:\/\/www.youtube.com\/c\/Gimi-FinancialSuperskills\",\"https:\/\/www.instagram.com\/gimitheapp\/?hl=en\",\"https:\/\/www.facebook.com\/GimiFinancialSuperskills\"]}]}<\/script>\n<!-- \/ Yoast SEO plugin. -->","yoast_head_json":{"title":"Hush\u00e5llssysslor som en del av vecko\/m\u00e5nadspengen - Gimi","description":"Hush\u00e5llssysslor som en del av vecko\/m\u00e5nadspengen g\u00f6r att barnen k\u00e4nner sig sj\u00e4lvst\u00e4ndiga och det ger barnen en m\u00f6jlighet att fatta egna ekonomiska beslut.","robots":{"index":"index","follow":"follow","max-snippet":"max-snippet:-1","max-image-preview":"max-image-preview:large","max-video-preview":"max-video-preview:-1"},"canonical":"https:\/\/gimi.com\/sv\/hushallssysslor\/","og_locale":"sv_SE","og_type":"article","og_title":"Hush\u00e5llssysslor som en del av vecko\/m\u00e5nadspengen - Gimi","og_description":"Hush\u00e5llssysslor som en del av vecko\/m\u00e5nadspengen g\u00f6r att barnen k\u00e4nner sig sj\u00e4lvst\u00e4ndiga och det ger barnen en m\u00f6jlighet att fatta egna ekonomiska beslut.","og_url":"https:\/\/gimi.com\/sv\/hushallssysslor\/","og_site_name":"Gimi","article_publisher":"https:\/\/www.facebook.com\/GimiFinancialSuperskills","article_modified_time":"2024-01-11T14:13:30+00:00","og_image":[{"width":1536,"height":1000,"url":"http:\/\/gimi.com\/wp-content\/uploads\/2022\/12\/chores-for-children.webp","type":"image\/webp"}],"twitter_card":"summary_large_image","schema":{"@context":"https:\/\/schema.org","@graph":[{"@type":"WebPage","@id":"https:\/\/gimi.com\/sv\/hushallssysslor\/","url":"https:\/\/gimi.com\/sv\/hushallssysslor\/","name":"Hush\u00e5llssysslor som en del av vecko\/m\u00e5nadspengen - Gimi","isPartOf":{"@id":"https:\/\/gimi.com\/#website"},"datePublished":"2022-09-29T12:06:55+00:00","dateModified":"2024-01-11T14:13:30+00:00","description":"Hush\u00e5llssysslor som en del av vecko\/m\u00e5nadspengen g\u00f6r att barnen k\u00e4nner sig sj\u00e4lvst\u00e4ndiga och det ger barnen en m\u00f6jlighet att fatta egna ekonomiska beslut.","breadcrumb":{"@id":"https:\/\/gimi.com\/sv\/hushallssysslor\/#breadcrumb"},"inLanguage":"sv-SE","potentialAction":[{"@type":"ReadAction","target":["https:\/\/gimi.com\/sv\/hushallssysslor\/"]}]},{"@type":"BreadcrumbList","@id":"https:\/\/gimi.com\/sv\/hushallssysslor\/#breadcrumb","itemListElement":[{"@type":"ListItem","position":1,"name":"Home","item":"https:\/\/gimi.com\/sv\/"},{"@type":"ListItem","position":2,"name":"Hush\u00e5llssysslor"}]},{"@type":"WebSite","@id":"https:\/\/gimi.com\/#website","url":"https:\/\/gimi.com\/","name":"Gimi","description":"Gimi","publisher":{"@id":"https:\/\/gimi.com\/#organization"},"potentialAction":[{"@type":"SearchAction","target":{"@type":"EntryPoint","urlTemplate":"https:\/\/gimi.com\/?s={search_term_string}"},"query-input":"required name=search_term_string"}],"inLanguage":"sv-SE"},{"@type":"Organization","@id":"https:\/\/gimi.com\/#organization","name":"Gimi","url":"https:\/\/gimi.com\/","logo":{"@type":"ImageObject","inLanguage":"sv-SE","@id":"https:\/\/gimi.com\/#\/schema\/logo\/image\/","url":"https:\/\/gimi.com\/wp-content\/uploads\/2022\/11\/gimi-logo-square.png","contentUrl":"https:\/\/gimi.com\/wp-content\/uploads\/2022\/11\/gimi-logo-square.png","width":1080,"height":1080,"caption":"Gimi"},"image":{"@id":"https:\/\/gimi.com\/#\/schema\/logo\/image\/"},"sameAs":["https:\/\/www.youtube.com\/c\/Gimi-FinancialSuperskills","https:\/\/www.instagram.com\/gimitheapp\/?hl=en","https:\/\/www.facebook.com\/GimiFinancialSuperskills"]}]}},"_links":{"self":[{"href":"https:\/\/gimi.com\/sv\/wp-json\/wp\/v2\/pages\/1508"}],"collection":[{"href":"https:\/\/gimi.com\/sv\/wp-json\/wp\/v2\/pages"}],"about":[{"href":"https:\/\/gimi.com\/sv\/wp-json\/wp\/v2\/types\/page"}],"author":[{"embeddable":true,"href":"https:\/\/gimi.com\/sv\/wp-json\/wp\/v2\/users\/12"}],"replies":[{"embeddable":true,"href":"https:\/\/gimi.com\/sv\/wp-json\/wp\/v2\/comments?post=1508"}],"version-history":[{"count":13,"href":"https:\/\/gimi.com\/sv\/wp-json\/wp\/v2\/pages\/1508\/revisions"}],"predecessor-version":[{"id":4722,"href":"https:\/\/gimi.com\/sv\/wp-json\/wp\/v2\/pages\/1508\/revisions\/4722"}],"wp:featuredmedia":[{"embeddable":true,"href":"https:\/\/gimi.com\/sv\/wp-json\/wp\/v2\/media\/3658"}],"wp:attachment":[{"href":"https:\/\/gimi.com\/sv\/wp-json\/wp\/v2\/media?parent=1508"}],"curies":[{"name":"wp","href":"https:\/\/api.w.org\/{rel}","templated":true}]}}