






{"id":1503,"date":"2022-09-29T12:03:55","date_gmt":"2022-09-29T12:03:55","guid":{"rendered":"https:\/\/testing.gimitheapp.com\/?page_id=1503"},"modified":"2022-12-05T06:19:05","modified_gmt":"2022-12-05T06:19:05","slug":"spara-pengar-till-barn","status":"publish","type":"page","link":"https:\/\/gimi.com\/sv\/spara-pengar-till-barn\/","title":{"rendered":"Spara pengar till barn"},"content":{"rendered":"\r\n\r\r\n<section  data-aos=\"fade-up\" data-aos-easing=\"ease-in-sine\" id=\"article-block_633589a687250\" class=\"_article _topGray   \" >\r\r\n    <div class=\"container\">\r\r\n        <div class=\"row\">\r\r\n            <div class=\"col-md-12\">\r\r\n                <div class=\"_pageHdr _container-1000    \">\r\r\n                    <h1>Spara pengar till barn<\/h1>\r\r\n                    <div class=\"_pgHdrDesc\">\r\r\n                        \r\n                    <\/div>\r\r\n                <\/div>\r\r\n                <div class=\"_pageCntnt _container-690\">\r\r\n                    <div class=\"_articleImg\">\r\r\n                        <img width=\"1536\" height=\"1024\" src=\"https:\/\/gimi.com\/wp-content\/uploads\/2022\/12\/save-money-for-children.webp\" class=\"attachment-post-thumbnail size-post-thumbnail wp-post-image\" alt=\"mom and daughter in sofa\" decoding=\"async\" loading=\"lazy\" srcset=\"https:\/\/gimi.com\/wp-content\/uploads\/2022\/12\/save-money-for-children.webp 1536w, https:\/\/gimi.com\/wp-content\/uploads\/2022\/12\/save-money-for-children-300x200.webp 300w, https:\/\/gimi.com\/wp-content\/uploads\/2022\/12\/save-money-for-children-1024x683.webp 1024w, https:\/\/gimi.com\/wp-content\/uploads\/2022\/12\/save-money-for-children-768x512.webp 768w\" sizes=\"(max-width: 1536px) 100vw, 1536px\" \/>\r\n                    <\/div>\r\r\n                    <div class=\"_art_desc\">\r\r\n                        <div class=\"excerpt__AvuEQ\">\n<p><strong>M\u00e5nga f\u00f6r\u00e4ldrar sparar pengar till sina barn, som exempelvis bidrag till insats f\u00f6r f\u00f6rsta l\u00e4genheten, f\u00f6r att ge dem m\u00f6jlighet att g\u00f6ra minnesv\u00e4rda resor eller till en buffert f\u00f6r of\u00f6rutsedda h\u00e4ndelser. Beroende p\u00e5 hur en sparar s\u00e5 kan barnet automatiskt f\u00e5 tillg\u00e5ng till pengarna n\u00e4r det fyller 18, eller s\u00e5 best\u00e4mmer den som sparar n\u00e4r pengarna ska bli barnets. Oavsett vilket \u00e4r det viktigt att barnet har l\u00e4rt sig grunderna f\u00f6r privatekonomi och sparande n\u00e4r dagen och pengarna kommer.<\/strong><\/p>\n<\/div>\n<div class=\"text__body\">\n<h3>Varf\u00f6r \u00e4r det en bra id\u00e9 att spara pengar till barn?<\/h3>\n<p>Att spara pengar till sina barn redan n\u00e4r de \u00e4r sm\u00e5 g\u00f6r att sparandet har l\u00e5ng tid p\u00e5 sig att v\u00e4xa, vilket g\u00f6r underverk f\u00f6r hur mycket som sparats ihop. Att spara eller investera medf\u00f6r ofta att en kan f\u00e5 procentuell r\u00e4nta eller tillv\u00e4xt p\u00e5 sparpengarna \u00f6ver \u00e5ren som g\u00e5r. F\u00f6r varje \u00e5r som pengarna \u00e4r investerade eller sparade s\u00e5 har man generellt sett mer pengar p\u00e5 kontot \u00e4n vid \u00e5rets b\u00f6rjan. F\u00f6ljande \u00e5r f\u00e5r du b\u00e5de r\u00e4nta eller tillv\u00e4xt p\u00e5 pengarna du satte in fr\u00e5n b\u00f6rjan och dessutom r\u00e4nta eller tillv\u00e4xt p\u00e5 dem pengar du tj\u00e4nade i form av r\u00e4nta eller tillv\u00e4xt under f\u00f6rra \u00e5ret. Det h\u00e4r kallas r\u00e4nta-p\u00e5-r\u00e4nta-effekten.<\/p>\n<p>M\u00e5nga tycker det \u00e4r kr\u00e5ngligt, och ett konkret exempel kan nog hj\u00e4lpa.<\/p>\n<p>R\u00e4kneexempel:<\/p>\n<p>Du s\u00e4tter in 10 000kr p\u00e5 ett sparkonto med 10% \u00e5rlig r\u00e4nta.<\/p>\n<p>Efter 1 \u00e5r har du 11 000kr p\u00e5 kontot.<\/p>\n<p>10 000kr (De pengar som du satte in fr\u00e5n b\u00f6rjan) + 1000kr (R\u00e4nta p\u00e5 10 000kr).<\/p>\n<p>Efter 2 \u00e5r har du 12 100 kr p\u00e5 kontot.<\/p>\n<p>11 000kr (Pengarna du hade p\u00e5 kontot i slutet av \u00e5r 1) + 1 100kr (R\u00e4nta p\u00e5 11 000kr)<\/p>\n<p>Efter 8 \u00e5r har du hela 21 400kr p\u00e5 kontot och d\u00e4rmed mer \u00e4n f\u00f6rdubblat v\u00e4rdet av de<\/p>\n<p>10 000kr som du satte in fr\u00e5n b\u00f6rjan och allt du har gjort \u00e4r att v\u00e4nta och efter 18 \u00e5r har du mer \u00e4n 55 500kr, n\u00e4stan sex g\u00e5nger mer pengar \u00e4n du satte in till en b\u00f6rjan.<\/p>\n<p>Den h\u00e4r tillv\u00e4xten \u00e4r orsaken till att Albert Einstein sade att r\u00e4nta-p\u00e5-r\u00e4nta-effekten \u00e4r v\u00e4rldens \u00e5ttonde underverk och att det \u00e4r den starkaste kraften i Universum.<\/p>\n<h3>Spara till barnen och l\u00e4r barnen att spara<\/h3>\n<p>Att spara till barnen har den stora f\u00f6rdelen att det ger dig som sparare m\u00f6jlighet och ett underlag f\u00f6r att prata om investeringar, sparande och ekonomi med ditt barn. Ni kan titta p\u00e5 hur sparandet v\u00e4xer d\u00e5 m\u00e5nga st\u00e4llen d\u00e4r en kan investera eller spara till sina barn tillhandah\u00e5ller grafer eller andra verktyg f\u00f6r att visa hur kapitalet f\u00f6r\u00e4ndras och v\u00e4xer. H\u00e4r \u00e4r det bra att diskutera varf\u00f6r ni har sparat eller investerat som ni g\u00f6r, vilka alternativ som finns, och vad du som vuxen t\u00e4nker att pengarna ska g\u00e5 till, men ocks\u00e5 vad barnet \u00f6nskar och dr\u00f6mmer om.<\/p>\n<h3>Hur g\u00f6r man?<\/h3>\n<p>Det finns m\u00e5nga s\u00e4tt att spara och investera pengar till sina barns framtid, h\u00e4r kommer n\u00e5gra grundl\u00e4ggande tips:<\/p>\n<h3>Spara m\u00e5nadsvis<\/h3>\n<p>P\u00e5 s\u00e5 s\u00e4tt k\u00e4nns det inte lika mycket i pl\u00e5nboken, och du \u00f6kar sannolikheten att s\u00e4tta in en st\u00f6rre del av sparpengarna \u201cp\u00e5 botten\u201d f\u00f6r att sedan se hur sparandet \u00f6kar snabbt<\/p>\n<h3>G\u00f6r det automatiskt<\/h3>\n<p>Har du som m\u00e5l att m\u00e5nadsvis spara pengar till ditt barn \u00f6ver 18 \u00e5r blir det 216 g\u00e5nger (18 \u00e5r g\u00e5nger 12 m\u00e5nader) som du m\u00e5ste fundera \u00f6ver vad, hur mycket och om du har sparat \u00e5t ditt barn. Bespara dig den m\u00f6dan med automatiska sparins\u00e4ttningar.<\/p>\n<h3>Spara med l\u00e5ga avgifter<\/h3>\n<p>M\u00e5nga banker eller andra som hj\u00e4lper dig att s\u00e4tta upp och hantera ditt sparande \u00e5t ditt barn tar stora avgifter f\u00f6r det. Dessa avgifter urholkar v\u00e4rdet i sparandet \u00f6ver tid och kan kosta dig och ditt barn tusentals kronor, helt i on\u00f6dan.<\/p>\n<h3>Disclaimer<\/h3>\n<p>Medan Gimiappen \u00e4r ett suver\u00e4nt s\u00e4tt att h\u00e5lla koll p\u00e5 veckopengen och l\u00e4ra barn om pengar p\u00e5 samma g\u00e5ng, s\u00e5 erbjuder vi i dagsl\u00e4get inga sparprodukter.<\/p>\n<p>&nbsp;<\/p>\n<p><a class=\"_btn aos-init aos-animate\" href=\"https:\/\/gimi.onelink.me\/PNSs\/3i2iyznt\" target=\"_self\" data-aos=\"fade-up\">Ladda ner Gimi h\u00e4r!<\/a><\/p>\n<\/div>\n\r\n                    <\/div>\r\r\n\r\r\n                <\/div>\r\r\n            <\/div>\r\r\n        <\/div>\r\r\n    <\/div>\r\r\n<\/section>\r\r\n\r\r\n\r\r\n\r\r\n\r\r\n","protected":false},"excerpt":{"rendered":"","protected":false},"author":12,"featured_media":3674,"parent":0,"menu_order":0,"comment_status":"closed","ping_status":"closed","template":"","meta":{"inline_featured_image":false},"yoast_head":"<!-- This site is optimized with the Yoast SEO plugin v19.10 - https:\/\/yoast.com\/wordpress\/plugins\/seo\/ -->\n<title>Spara pengar som barn - Grunderna i privatekonomi - Gimi<\/title>\n<meta name=\"description\" content=\"M\u00e5nga f\u00f6r\u00e4ldrar sparar pengar till sina barn, exempelvis till insats f\u00f6r f\u00f6rsta l\u00e4genhet, f\u00f6r resor eller till en buffert.\" \/>\n<meta name=\"robots\" content=\"index, follow, max-snippet:-1, max-image-preview:large, max-video-preview:-1\" \/>\n<link rel=\"canonical\" href=\"https:\/\/gimi.com\/sv\/spara-pengar-till-barn\/\" \/>\n<meta property=\"og:locale\" content=\"sv_SE\" \/>\n<meta property=\"og:type\" content=\"article\" \/>\n<meta property=\"og:title\" content=\"Spara pengar som barn - Grunderna i privatekonomi - Gimi\" \/>\n<meta property=\"og:description\" content=\"M\u00e5nga f\u00f6r\u00e4ldrar sparar pengar till sina barn, exempelvis till insats f\u00f6r f\u00f6rsta l\u00e4genhet, f\u00f6r resor eller till en buffert.\" \/>\n<meta property=\"og:url\" content=\"https:\/\/gimi.com\/sv\/spara-pengar-till-barn\/\" \/>\n<meta property=\"og:site_name\" content=\"Gimi\" \/>\n<meta property=\"article:publisher\" content=\"https:\/\/www.facebook.com\/GimiFinancialSuperskills\" \/>\n<meta property=\"article:modified_time\" content=\"2022-12-05T06:19:05+00:00\" \/>\n<meta property=\"og:image\" content=\"http:\/\/gimi.com\/wp-content\/uploads\/2022\/12\/save-money-for-children.webp\" \/>\n\t<meta property=\"og:image:width\" content=\"1536\" \/>\n\t<meta property=\"og:image:height\" content=\"1024\" \/>\n\t<meta property=\"og:image:type\" content=\"image\/webp\" \/>\n<meta name=\"twitter:card\" content=\"summary_large_image\" \/>\n<script type=\"application\/ld+json\" class=\"yoast-schema-graph\">{\"@context\":\"https:\/\/schema.org\",\"@graph\":[{\"@type\":\"WebPage\",\"@id\":\"https:\/\/gimi.com\/sv\/spara-pengar-till-barn\/\",\"url\":\"https:\/\/gimi.com\/sv\/spara-pengar-till-barn\/\",\"name\":\"Spara pengar som barn - Grunderna i privatekonomi - Gimi\",\"isPartOf\":{\"@id\":\"https:\/\/gimi.com\/#website\"},\"datePublished\":\"2022-09-29T12:03:55+00:00\",\"dateModified\":\"2022-12-05T06:19:05+00:00\",\"description\":\"M\u00e5nga f\u00f6r\u00e4ldrar sparar pengar till sina barn, exempelvis till insats f\u00f6r f\u00f6rsta l\u00e4genhet, f\u00f6r resor eller till en buffert.\",\"breadcrumb\":{\"@id\":\"https:\/\/gimi.com\/sv\/spara-pengar-till-barn\/#breadcrumb\"},\"inLanguage\":\"sv-SE\",\"potentialAction\":[{\"@type\":\"ReadAction\",\"target\":[\"https:\/\/gimi.com\/sv\/spara-pengar-till-barn\/\"]}]},{\"@type\":\"BreadcrumbList\",\"@id\":\"https:\/\/gimi.com\/sv\/spara-pengar-till-barn\/#breadcrumb\",\"itemListElement\":[{\"@type\":\"ListItem\",\"position\":1,\"name\":\"Home\",\"item\":\"https:\/\/gimi.com\/sv\/\"},{\"@type\":\"ListItem\",\"position\":2,\"name\":\"Spara pengar till barn\"}]},{\"@type\":\"WebSite\",\"@id\":\"https:\/\/gimi.com\/#website\",\"url\":\"https:\/\/gimi.com\/\",\"name\":\"Gimi\",\"description\":\"Gimi\",\"publisher\":{\"@id\":\"https:\/\/gimi.com\/#organization\"},\"potentialAction\":[{\"@type\":\"SearchAction\",\"target\":{\"@type\":\"EntryPoint\",\"urlTemplate\":\"https:\/\/gimi.com\/?s={search_term_string}\"},\"query-input\":\"required name=search_term_string\"}],\"inLanguage\":\"sv-SE\"},{\"@type\":\"Organization\",\"@id\":\"https:\/\/gimi.com\/#organization\",\"name\":\"Gimi\",\"url\":\"https:\/\/gimi.com\/\",\"logo\":{\"@type\":\"ImageObject\",\"inLanguage\":\"sv-SE\",\"@id\":\"https:\/\/gimi.com\/#\/schema\/logo\/image\/\",\"url\":\"https:\/\/gimi.com\/wp-content\/uploads\/2022\/11\/gimi-logo-square.png\",\"contentUrl\":\"https:\/\/gimi.com\/wp-content\/uploads\/2022\/11\/gimi-logo-square.png\",\"width\":1080,\"height\":1080,\"caption\":\"Gimi\"},\"image\":{\"@id\":\"https:\/\/gimi.com\/#\/schema\/logo\/image\/\"},\"sameAs\":[\"https:\/\/www.youtube.com\/c\/Gimi-FinancialSuperskills\",\"https:\/\/www.instagram.com\/gimitheapp\/?hl=en\",\"https:\/\/www.facebook.com\/GimiFinancialSuperskills\"]}]}<\/script>\n<!-- \/ Yoast SEO plugin. -->","yoast_head_json":{"title":"Spara pengar som barn - Grunderna i privatekonomi - Gimi","description":"M\u00e5nga f\u00f6r\u00e4ldrar sparar pengar till sina barn, exempelvis till insats f\u00f6r f\u00f6rsta l\u00e4genhet, f\u00f6r resor eller till en buffert.","robots":{"index":"index","follow":"follow","max-snippet":"max-snippet:-1","max-image-preview":"max-image-preview:large","max-video-preview":"max-video-preview:-1"},"canonical":"https:\/\/gimi.com\/sv\/spara-pengar-till-barn\/","og_locale":"sv_SE","og_type":"article","og_title":"Spara pengar som barn - Grunderna i privatekonomi - Gimi","og_description":"M\u00e5nga f\u00f6r\u00e4ldrar sparar pengar till sina barn, exempelvis till insats f\u00f6r f\u00f6rsta l\u00e4genhet, f\u00f6r resor eller till en buffert.","og_url":"https:\/\/gimi.com\/sv\/spara-pengar-till-barn\/","og_site_name":"Gimi","article_publisher":"https:\/\/www.facebook.com\/GimiFinancialSuperskills","article_modified_time":"2022-12-05T06:19:05+00:00","og_image":[{"width":1536,"height":1024,"url":"http:\/\/gimi.com\/wp-content\/uploads\/2022\/12\/save-money-for-children.webp","type":"image\/webp"}],"twitter_card":"summary_large_image","schema":{"@context":"https:\/\/schema.org","@graph":[{"@type":"WebPage","@id":"https:\/\/gimi.com\/sv\/spara-pengar-till-barn\/","url":"https:\/\/gimi.com\/sv\/spara-pengar-till-barn\/","name":"Spara pengar som barn - Grunderna i privatekonomi - Gimi","isPartOf":{"@id":"https:\/\/gimi.com\/#website"},"datePublished":"2022-09-29T12:03:55+00:00","dateModified":"2022-12-05T06:19:05+00:00","description":"M\u00e5nga f\u00f6r\u00e4ldrar sparar pengar till sina barn, exempelvis till insats f\u00f6r f\u00f6rsta l\u00e4genhet, f\u00f6r resor eller till en buffert.","breadcrumb":{"@id":"https:\/\/gimi.com\/sv\/spara-pengar-till-barn\/#breadcrumb"},"inLanguage":"sv-SE","potentialAction":[{"@type":"ReadAction","target":["https:\/\/gimi.com\/sv\/spara-pengar-till-barn\/"]}]},{"@type":"BreadcrumbList","@id":"https:\/\/gimi.com\/sv\/spara-pengar-till-barn\/#breadcrumb","itemListElement":[{"@type":"ListItem","position":1,"name":"Home","item":"https:\/\/gimi.com\/sv\/"},{"@type":"ListItem","position":2,"name":"Spara pengar till barn"}]},{"@type":"WebSite","@id":"https:\/\/gimi.com\/#website","url":"https:\/\/gimi.com\/","name":"Gimi","description":"Gimi","publisher":{"@id":"https:\/\/gimi.com\/#organization"},"potentialAction":[{"@type":"SearchAction","target":{"@type":"EntryPoint","urlTemplate":"https:\/\/gimi.com\/?s={search_term_string}"},"query-input":"required name=search_term_string"}],"inLanguage":"sv-SE"},{"@type":"Organization","@id":"https:\/\/gimi.com\/#organization","name":"Gimi","url":"https:\/\/gimi.com\/","logo":{"@type":"ImageObject","inLanguage":"sv-SE","@id":"https:\/\/gimi.com\/#\/schema\/logo\/image\/","url":"https:\/\/gimi.com\/wp-content\/uploads\/2022\/11\/gimi-logo-square.png","contentUrl":"https:\/\/gimi.com\/wp-content\/uploads\/2022\/11\/gimi-logo-square.png","width":1080,"height":1080,"caption":"Gimi"},"image":{"@id":"https:\/\/gimi.com\/#\/schema\/logo\/image\/"},"sameAs":["https:\/\/www.youtube.com\/c\/Gimi-FinancialSuperskills","https:\/\/www.instagram.com\/gimitheapp\/?hl=en","https:\/\/www.facebook.com\/GimiFinancialSuperskills"]}]}},"_links":{"self":[{"href":"https:\/\/gimi.com\/sv\/wp-json\/wp\/v2\/pages\/1503"}],"collection":[{"href":"https:\/\/gimi.com\/sv\/wp-json\/wp\/v2\/pages"}],"about":[{"href":"https:\/\/gimi.com\/sv\/wp-json\/wp\/v2\/types\/page"}],"author":[{"embeddable":true,"href":"https:\/\/gimi.com\/sv\/wp-json\/wp\/v2\/users\/12"}],"replies":[{"embeddable":true,"href":"https:\/\/gimi.com\/sv\/wp-json\/wp\/v2\/comments?post=1503"}],"version-history":[{"count":14,"href":"https:\/\/gimi.com\/sv\/wp-json\/wp\/v2\/pages\/1503\/revisions"}],"predecessor-version":[{"id":3429,"href":"https:\/\/gimi.com\/sv\/wp-json\/wp\/v2\/pages\/1503\/revisions\/3429"}],"wp:featuredmedia":[{"embeddable":true,"href":"https:\/\/gimi.com\/sv\/wp-json\/wp\/v2\/media\/3674"}],"wp:attachment":[{"href":"https:\/\/gimi.com\/sv\/wp-json\/wp\/v2\/media?parent=1503"}],"curies":[{"name":"wp","href":"https:\/\/api.w.org\/{rel}","templated":true}]}}