






{"id":1442,"date":"2022-09-29T09:15:46","date_gmt":"2022-09-29T09:15:46","guid":{"rendered":"https:\/\/testing.gimitheapp.com\/?page_id=1442"},"modified":"2022-12-05T06:11:32","modified_gmt":"2022-12-05T06:11:32","slug":"tjana-pengar-som-barn","status":"publish","type":"page","link":"https:\/\/gimi.com\/sv\/tjana-pengar-som-barn\/","title":{"rendered":"Tj\u00e4na pengar som barn"},"content":{"rendered":"\r\n\r\r\n<section  data-aos=\"fade-up\" data-aos-easing=\"ease-in-sine\" id=\"article-block_6335622c31a35\" class=\"_article _topGray   \" >\r\r\n    <div class=\"container\">\r\r\n        <div class=\"row\">\r\r\n            <div class=\"col-md-12\">\r\r\n                <div class=\"_pageHdr _container-1000    \">\r\r\n                    <h1>Tj\u00e4na pengar som barn<\/h1>\r\r\n                    <div class=\"_pgHdrDesc\">\r\r\n                        \r\n                    <\/div>\r\r\n                <\/div>\r\r\n                <div class=\"_pageCntnt _container-690\">\r\r\n                    <div class=\"_articleImg\">\r\r\n                        <img width=\"1536\" height=\"1024\" src=\"https:\/\/gimi.com\/wp-content\/uploads\/2022\/12\/earn-money-as-a-child.webp\" class=\"attachment-post-thumbnail size-post-thumbnail wp-post-image\" alt=\"boy holding football\" decoding=\"async\" loading=\"lazy\" srcset=\"https:\/\/gimi.com\/wp-content\/uploads\/2022\/12\/earn-money-as-a-child.webp 1536w, https:\/\/gimi.com\/wp-content\/uploads\/2022\/12\/earn-money-as-a-child-300x200.webp 300w, https:\/\/gimi.com\/wp-content\/uploads\/2022\/12\/earn-money-as-a-child-1024x683.webp 1024w, https:\/\/gimi.com\/wp-content\/uploads\/2022\/12\/earn-money-as-a-child-768x512.webp 768w\" sizes=\"(max-width: 1536px) 100vw, 1536px\" \/>\r\n                    <\/div>\r\r\n                    <div class=\"_art_desc\">\r\r\n                        <article class=\"text\">\n<div class=\"excerpt__AvuEQ\">\n<p><strong>Kan barn tj\u00e4na pengar innan de fyllt 18 \u00e5r? Det \u00e4r absolut ingen om\u00f6jlighet! Men, det finns vissa lagar och regler som s\u00e4ger vad man f\u00e5r, eller inte f\u00e5r arbeta med och i vilken \u00e5lder. Det finns \u00e4ven arbete som \u00e4r anpassat efter barn och ungdomar.<\/strong><\/p>\n<\/div>\n<div class=\"text__body\">\n<p>Hur tj\u00e4nar man pengar som barn? Det beror p\u00e5. Till att b\u00f6rja med beh\u00f6ver du ha koll p\u00e5 svensk lag och de regler som g\u00e4ller f\u00f6r dig som vill jobba innan du fyllt 18 \u00e5r.<\/p>\n<h3>Jobba under 13 \u00e5r<\/h3>\n<p>Innan du fyllt 13 \u00e5r f\u00e5r du inte ta jobb hos n\u00e5gon utanf\u00f6r familjen. M\u00e5nga i den h\u00e4r \u00e5ldern kan tj\u00e4na extrapengar genom att hj\u00e4lpa till med hush\u00e5llssysslor, som att klippa gr\u00e4set eller att plocka ur diskmaskinen. Du kan \u00e4ven syssla med hobby-uppdrag under korta perioder, som till exempel att s\u00e4lja jultidningar eller majblommor.<\/p>\n<h3>Jobba mellan 13-15 \u00e5r<\/h3>\n<p>N\u00e4r du har fyllt 13 \u00e5r f\u00e5r du s\u00f6ka enkla jobb, som att assistera i en kiosk under sommaren. D\u00e4remot f\u00e5r du inte arbeta sj\u00e4lv eller med ansvar f\u00f6r pengar eller kassan. Du som \u00e4r i \u00e5ldern 13-15 f\u00e5r inte arbeta med fysiskt kr\u00e4vande uppgifter eller andra sysslor som kan vara farliga: som att arbeta med maskiner eller kemikalier. Om du inte fyllt 16 \u00e5r kr\u00e4vs ett intyg fr\u00e5n en av dina f\u00f6r\u00e4ldrar att de godk\u00e4nner att du arbetar.<\/p>\n<h3>Jobba mellan 16-18 \u00e5r<\/h3>\n<p>Mellan 16 och 18 \u00e5r kan du ta alla typer av arbete, utom s\u00e5dana som \u00e4r direkt farliga, som exempelvis att arbeta p\u00e5 en oljerigg. Du f\u00e5r inte arbeta ensam om det f\u00f6rekommer kontanter p\u00e5 arbetsplatsen.<\/p>\n<p>F\u00f6r mer information om arbete f\u00f6r minder\u00e5riga, se arbetsmilj\u00f6upplysningens hemsida.<\/p>\n<p>Se \u00e4ven Arbetsmilj\u00f6verkets broschyr f\u00f6r information om hur m\u00e5nga timmar du f\u00e5r arbeta per vecka som barn.<\/p>\n<h3>Arbetstider f\u00f6r barn och ton\u00e5ringar<\/h3>\n<p>Minder\u00e5riga, allts\u00e5 de som inte fyllt 18 \u00e5r, f\u00e5r enligt lag aldrig arbeta mellan midnatt och klockan fem p\u00e5 morgonen. Som minder\u00e5riga ska du \u00e4ven ha en halvtimmes rast f\u00f6r varje fyra och en halv timmes arbete, det vill s\u00e4ga en g\u00e5ng p\u00e5 morgonen och en g\u00e5ng p\u00e5 eftermiddagen om du arbetar en heldag. Som minder\u00e5rig har du \u00e4ven r\u00e4tt till fikapauser.<\/p>\n<p>F\u00f6r dig som jobbar samtidigt som du g\u00e5r i skolan, och inte har fyllt 18, s\u00e5 \u00e4r det inte heller till\u00e5tet att arbeta efter klockan 20, eller innan klockan 6 p\u00e5 morgonen. Det \u00e4r lag p\u00e5 att du ska vara ledig fr\u00e5n skola och arbete 14 timmar om dygnet. Det h\u00e4r inneb\u00e4r att du f\u00e5r arbeta h\u00f6gst 2 timmar per skoldag eller 7 timmar per skolfri dag. Om du jobbar extra efter skolan eller p\u00e5 helger f\u00e5r du arbeta h\u00f6gst 12 timmar per skolvecka, och under skollov som \u00e4r minst en vecka \u00e4r detta 7 timmar per dag och h\u00f6gst 35 timmar per vecka.<\/p>\n<p>Om du planerar att sommarjobba \u00e4r det viktigt att t\u00e4nka p\u00e5 att om sommarlovet \u00e4r tio veckor s\u00e5 f\u00e5r du arbeta som h\u00f6gst sex veckor.<\/p>\n<h3>Vanliga uppgifter i hemmet f\u00f6r barn och ungdomar<\/h3>\n<p>F\u00f6r yngre barn, allts\u00e5 de som inte fyllt 13 \u00e5r, rekommenderar vi att b\u00f6rja med att hj\u00e4lpa till hemma, eller hos familjev\u00e4nner, f\u00f6r att tj\u00e4na pengar. F\u00f6r de yngsta, under 10, \u00e4r det starkt rekommenderat att h\u00e5lla detta inom familjen.<\/p>\n<p>Med Gimi-appen kan barn och f\u00f6r\u00e4ldrar s\u00e4tta upp sysslor i hemmet som du kan g\u00f6ra f\u00f6r att tj\u00e4na extra pengar hemma.<\/p>\n<h3>Rekommenderade hush\u00e5llssysslor f\u00f6r barn under 7 \u00e5r<\/h3>\n<ul>\n<li>Samla smutsig tv\u00e4tt och l\u00e4gg i tv\u00e4ttkorgen<\/li>\n<li>Plocka in mat i kylen<\/li>\n<li>St\u00e4ll tillbaks leksaker i hyllor eller l\u00e5dor<\/li>\n<\/ul>\n<h3>Rekommenderade hush\u00e5llssysslor f\u00f6r barn mellan 8-10 \u00e5r<\/h3>\n<ul>\n<li>Hj\u00e4lp till med middagen<\/li>\n<li>Vik ren tv\u00e4tt<\/li>\n<li>Plocka ur diskmaskinen<\/li>\n<\/ul>\n<h3>Rekommenderade hush\u00e5llssysslor f\u00f6r barn mellan 11-13 \u00e5r<\/h3>\n<ul>\n<li>G\u00e5 promenad med hunden<\/li>\n<li>Natta sm\u00e5syskon<\/li>\n<li>Dammsug hela hemmet<\/li>\n<\/ul>\n<h3>Jobba hos grannen fr\u00e5n 14 \u00e5r<\/h3>\n<p>Fr\u00e5n 14 \u00e5rs \u00e5lder \u00e4r det vanligt att b\u00f6rja hj\u00e4lpa till i n\u00e4romr\u00e5det, exempelvis kan du jobba extra fr\u00e5n 14 \u00e5r med att klippa gr\u00e4smattan \u00e5t en granne eller sl\u00e4kting. Eller varf\u00f6r inte dela ut reklam?<\/p>\n<h3>Vanliga jobb f\u00f6r barn och ungdomar<\/h3>\n<h3>Hj\u00e4lp grannar eller familjev\u00e4nner<\/h3>\n<p>De flesta har grannar som beh\u00f6ver hj\u00e4lp, exempelvis med att skotta sn\u00f6 p\u00e5 vintern, eller klippa gr\u00e4smattan p\u00e5 sommaren. Det \u00e4r viktigt att du kollar med dina f\u00f6r\u00e4ldrar att det \u00e4r okej innan du s\u00e4tter ig\u00e5ng din gr\u00e4sklippnings-business!<\/p>\n<h3>Jobba som barnvakt<\/h3>\n<p>Kanske har du sm\u00e5kusiner eller andra sm\u00e5barn i din n\u00e4rhet som du kan vara barnvakt till? Att arbeta som barnvakt \u00e4r ett kul jobb som du kan g\u00f6ra p\u00e5 helger. Det \u00e4r viktigt att du kollar med dina f\u00f6r\u00e4ldrar att det \u00e4r okej och att de f\u00e5r tr\u00e4ffa f\u00f6r\u00e4ldrarna till barnet.<\/p>\n<h3>Hundpassning<\/h3>\n<p>Kanske v\u00e4rldens roligaste jobb, hundvakt? Hundar \u00e4r b\u00e5de s\u00e4llskapssjuka och beh\u00f6ver rastas en stund. Om du sj\u00e4lv har hund som du g\u00e5r ut med \u00e4r grannarna s\u00e4kert \u00f6ppna f\u00f6r att l\u00e5ta dig ta hand om deras hund. Prata med dina f\u00f6r\u00e4ldrar om saker det kan vara viktigt att t\u00e4nka p\u00e5 innan du b\u00f6rjar som hundvakt.<\/p>\n<h3>S\u00e4lj gamla saker<\/h3>\n<p>Har du en massa gamla leksaker och kl\u00e4der som ligger och skr\u00e4par hemma? Bra! Det skulle kunna vara en guldgruva! F\u00f6r det kanske finns n\u00e5gon annan som beh\u00f6ver dem? Kolla med dina f\u00f6r\u00e4ldrar om de ocks\u00e5 har grejer de vill bli av med. Antingen kan du s\u00e4lja sakerna p\u00e5 hemsidor som Blocket eller Tradera, eller s\u00e5 kanske du kan s\u00e4tta upp ett bord p\u00e5 en loppis.<\/p>\n<h3>S\u00e4lja jultidningar<\/h3>\n<p>Att s\u00e4lja jultidningar \u00e4r ett vanligt extrajobb f\u00f6r barn. Jultidningsf\u00f6rlagen kr\u00e4ver godk\u00e4nnande fr\u00e5n n\u00e5gon av dina f\u00f6r\u00e4ldrar, och det finns inga \u00e5ldersgr\u00e4nser, \u00e4ven om det l\u00e4mpar sig b\u00e4st mellan 8-16 \u00e5r. Du kan l\u00e4sa mer om att s\u00e4lja jultidningar p\u00e5 Svenska Julf\u00f6rlaget eller Jultidningsf\u00f6rlaget.<\/p>\n<h3>Dela ut reklam<\/h3>\n<p>N\u00e4r du fyllt 13 \u00e5r f\u00e5r du b\u00f6rja dela ut reklam. Det \u00e4r ett vanligt f\u00f6rsta smakprov p\u00e5 ett \u201criktigt\u201d jobb med kontrakt och m\u00e5nadsl\u00f6n. Som reklamutdelare f\u00e5r du ansvar f\u00f6r ett omr\u00e5de och delar ut en g\u00e5ng i veckan. N\u00e4r arbetet \u00e4r utf\u00f6rt rapporterar du tillbaka och f\u00e5r l\u00f6neutbetalning i slutet av m\u00e5naden.<\/p>\n<p>P\u00e5 Svensk Direktreklams hemsida hittar ni mer information om att dela ut reklam.<\/p>\n<h3>S\u00e4lja tidningar<\/h3>\n<p>I vissa delar av landet \u00e4r det tradition att s\u00e4lja tidningar som helgarbete. Arbetet har p\u00e5g\u00e5tt i \u00f6ver hundra \u00e5r, och m\u00e5nga som b\u00f6rjat med att s\u00e4lja tidningar har sedan fortsatt arbeta som journalister. I G\u00f6teborg och Malm\u00f6 kan du jobba om helgen med att s\u00e4lja tidningar f\u00f6r GT och Kv\u00e4llsposten.<\/p>\n<p>&nbsp;<\/p>\n<p><a class=\"_btn aos-init aos-animate\" href=\"https:\/\/gimi.onelink.me\/PNSs\/3i2iyznt\" target=\"_self\" data-aos=\"fade-up\">Ladda ner Gimi appen h\u00e4r!<\/a>\n<\/div>\n<\/article>\n\r\n                    <\/div>\r\r\n\r\r\n                <\/div>\r\r\n            <\/div>\r\r\n        <\/div>\r\r\n    <\/div>\r\r\n<\/section>\r\r\n\r\r\n\r\r\n\r\r\n\r\r\n","protected":false},"excerpt":{"rendered":"","protected":false},"author":12,"featured_media":3662,"parent":0,"menu_order":0,"comment_status":"closed","ping_status":"closed","template":"","meta":{"inline_featured_image":false},"yoast_head":"<!-- This site is optimized with the Yoast SEO plugin v19.10 - https:\/\/yoast.com\/wordpress\/plugins\/seo\/ -->\n<title>Tj\u00e4na pengar som barn - Jobb anpassat f\u00f6r barn - Gimi<\/title>\n<meta name=\"description\" content=\"Kan barn tj\u00e4na pengar innan de fyllt 18 \u00e5r? Det \u00e4r absolut ingen om\u00f6jlighet! Men, det finns vissa lagar och regler som s\u00e4ger vad man f\u00e5r arbeta med.\" \/>\n<meta name=\"robots\" content=\"index, follow, max-snippet:-1, max-image-preview:large, max-video-preview:-1\" \/>\n<link rel=\"canonical\" href=\"https:\/\/gimi.com\/sv\/tjana-pengar-som-barn\/\" \/>\n<meta property=\"og:locale\" content=\"sv_SE\" \/>\n<meta property=\"og:type\" content=\"article\" \/>\n<meta property=\"og:title\" content=\"Tj\u00e4na pengar som barn - Jobb anpassat f\u00f6r barn - Gimi\" \/>\n<meta property=\"og:description\" content=\"Kan barn tj\u00e4na pengar innan de fyllt 18 \u00e5r? Det \u00e4r absolut ingen om\u00f6jlighet! Men, det finns vissa lagar och regler som s\u00e4ger vad man f\u00e5r arbeta med.\" \/>\n<meta property=\"og:url\" content=\"https:\/\/gimi.com\/sv\/tjana-pengar-som-barn\/\" \/>\n<meta property=\"og:site_name\" content=\"Gimi\" \/>\n<meta property=\"article:publisher\" content=\"https:\/\/www.facebook.com\/GimiFinancialSuperskills\" \/>\n<meta property=\"article:modified_time\" content=\"2022-12-05T06:11:32+00:00\" \/>\n<meta property=\"og:image\" content=\"http:\/\/gimi.com\/wp-content\/uploads\/2022\/12\/earn-money-as-a-child.webp\" \/>\n\t<meta property=\"og:image:width\" content=\"1536\" \/>\n\t<meta property=\"og:image:height\" content=\"1024\" \/>\n\t<meta property=\"og:image:type\" content=\"image\/webp\" \/>\n<meta name=\"twitter:card\" content=\"summary_large_image\" \/>\n<script type=\"application\/ld+json\" class=\"yoast-schema-graph\">{\"@context\":\"https:\/\/schema.org\",\"@graph\":[{\"@type\":\"WebPage\",\"@id\":\"https:\/\/gimi.com\/sv\/tjana-pengar-som-barn\/\",\"url\":\"https:\/\/gimi.com\/sv\/tjana-pengar-som-barn\/\",\"name\":\"Tj\u00e4na pengar som barn - Jobb anpassat f\u00f6r barn - Gimi\",\"isPartOf\":{\"@id\":\"https:\/\/gimi.com\/#website\"},\"datePublished\":\"2022-09-29T09:15:46+00:00\",\"dateModified\":\"2022-12-05T06:11:32+00:00\",\"description\":\"Kan barn tj\u00e4na pengar innan de fyllt 18 \u00e5r? Det \u00e4r absolut ingen om\u00f6jlighet! Men, det finns vissa lagar och regler som s\u00e4ger vad man f\u00e5r arbeta med.\",\"breadcrumb\":{\"@id\":\"https:\/\/gimi.com\/sv\/tjana-pengar-som-barn\/#breadcrumb\"},\"inLanguage\":\"sv-SE\",\"potentialAction\":[{\"@type\":\"ReadAction\",\"target\":[\"https:\/\/gimi.com\/sv\/tjana-pengar-som-barn\/\"]}]},{\"@type\":\"BreadcrumbList\",\"@id\":\"https:\/\/gimi.com\/sv\/tjana-pengar-som-barn\/#breadcrumb\",\"itemListElement\":[{\"@type\":\"ListItem\",\"position\":1,\"name\":\"Home\",\"item\":\"https:\/\/gimi.com\/sv\/\"},{\"@type\":\"ListItem\",\"position\":2,\"name\":\"Tj\u00e4na pengar som barn\"}]},{\"@type\":\"WebSite\",\"@id\":\"https:\/\/gimi.com\/#website\",\"url\":\"https:\/\/gimi.com\/\",\"name\":\"Gimi\",\"description\":\"Gimi\",\"publisher\":{\"@id\":\"https:\/\/gimi.com\/#organization\"},\"potentialAction\":[{\"@type\":\"SearchAction\",\"target\":{\"@type\":\"EntryPoint\",\"urlTemplate\":\"https:\/\/gimi.com\/?s={search_term_string}\"},\"query-input\":\"required name=search_term_string\"}],\"inLanguage\":\"sv-SE\"},{\"@type\":\"Organization\",\"@id\":\"https:\/\/gimi.com\/#organization\",\"name\":\"Gimi\",\"url\":\"https:\/\/gimi.com\/\",\"logo\":{\"@type\":\"ImageObject\",\"inLanguage\":\"sv-SE\",\"@id\":\"https:\/\/gimi.com\/#\/schema\/logo\/image\/\",\"url\":\"https:\/\/gimi.com\/wp-content\/uploads\/2022\/11\/gimi-logo-square.png\",\"contentUrl\":\"https:\/\/gimi.com\/wp-content\/uploads\/2022\/11\/gimi-logo-square.png\",\"width\":1080,\"height\":1080,\"caption\":\"Gimi\"},\"image\":{\"@id\":\"https:\/\/gimi.com\/#\/schema\/logo\/image\/\"},\"sameAs\":[\"https:\/\/www.youtube.com\/c\/Gimi-FinancialSuperskills\",\"https:\/\/www.instagram.com\/gimitheapp\/?hl=en\",\"https:\/\/www.facebook.com\/GimiFinancialSuperskills\"]}]}<\/script>\n<!-- \/ Yoast SEO plugin. -->","yoast_head_json":{"title":"Tj\u00e4na pengar som barn - Jobb anpassat f\u00f6r barn - Gimi","description":"Kan barn tj\u00e4na pengar innan de fyllt 18 \u00e5r? Det \u00e4r absolut ingen om\u00f6jlighet! Men, det finns vissa lagar och regler som s\u00e4ger vad man f\u00e5r arbeta med.","robots":{"index":"index","follow":"follow","max-snippet":"max-snippet:-1","max-image-preview":"max-image-preview:large","max-video-preview":"max-video-preview:-1"},"canonical":"https:\/\/gimi.com\/sv\/tjana-pengar-som-barn\/","og_locale":"sv_SE","og_type":"article","og_title":"Tj\u00e4na pengar som barn - Jobb anpassat f\u00f6r barn - Gimi","og_description":"Kan barn tj\u00e4na pengar innan de fyllt 18 \u00e5r? Det \u00e4r absolut ingen om\u00f6jlighet! Men, det finns vissa lagar och regler som s\u00e4ger vad man f\u00e5r arbeta med.","og_url":"https:\/\/gimi.com\/sv\/tjana-pengar-som-barn\/","og_site_name":"Gimi","article_publisher":"https:\/\/www.facebook.com\/GimiFinancialSuperskills","article_modified_time":"2022-12-05T06:11:32+00:00","og_image":[{"width":1536,"height":1024,"url":"http:\/\/gimi.com\/wp-content\/uploads\/2022\/12\/earn-money-as-a-child.webp","type":"image\/webp"}],"twitter_card":"summary_large_image","schema":{"@context":"https:\/\/schema.org","@graph":[{"@type":"WebPage","@id":"https:\/\/gimi.com\/sv\/tjana-pengar-som-barn\/","url":"https:\/\/gimi.com\/sv\/tjana-pengar-som-barn\/","name":"Tj\u00e4na pengar som barn - Jobb anpassat f\u00f6r barn - Gimi","isPartOf":{"@id":"https:\/\/gimi.com\/#website"},"datePublished":"2022-09-29T09:15:46+00:00","dateModified":"2022-12-05T06:11:32+00:00","description":"Kan barn tj\u00e4na pengar innan de fyllt 18 \u00e5r? Det \u00e4r absolut ingen om\u00f6jlighet! Men, det finns vissa lagar och regler som s\u00e4ger vad man f\u00e5r arbeta med.","breadcrumb":{"@id":"https:\/\/gimi.com\/sv\/tjana-pengar-som-barn\/#breadcrumb"},"inLanguage":"sv-SE","potentialAction":[{"@type":"ReadAction","target":["https:\/\/gimi.com\/sv\/tjana-pengar-som-barn\/"]}]},{"@type":"BreadcrumbList","@id":"https:\/\/gimi.com\/sv\/tjana-pengar-som-barn\/#breadcrumb","itemListElement":[{"@type":"ListItem","position":1,"name":"Home","item":"https:\/\/gimi.com\/sv\/"},{"@type":"ListItem","position":2,"name":"Tj\u00e4na pengar som barn"}]},{"@type":"WebSite","@id":"https:\/\/gimi.com\/#website","url":"https:\/\/gimi.com\/","name":"Gimi","description":"Gimi","publisher":{"@id":"https:\/\/gimi.com\/#organization"},"potentialAction":[{"@type":"SearchAction","target":{"@type":"EntryPoint","urlTemplate":"https:\/\/gimi.com\/?s={search_term_string}"},"query-input":"required name=search_term_string"}],"inLanguage":"sv-SE"},{"@type":"Organization","@id":"https:\/\/gimi.com\/#organization","name":"Gimi","url":"https:\/\/gimi.com\/","logo":{"@type":"ImageObject","inLanguage":"sv-SE","@id":"https:\/\/gimi.com\/#\/schema\/logo\/image\/","url":"https:\/\/gimi.com\/wp-content\/uploads\/2022\/11\/gimi-logo-square.png","contentUrl":"https:\/\/gimi.com\/wp-content\/uploads\/2022\/11\/gimi-logo-square.png","width":1080,"height":1080,"caption":"Gimi"},"image":{"@id":"https:\/\/gimi.com\/#\/schema\/logo\/image\/"},"sameAs":["https:\/\/www.youtube.com\/c\/Gimi-FinancialSuperskills","https:\/\/www.instagram.com\/gimitheapp\/?hl=en","https:\/\/www.facebook.com\/GimiFinancialSuperskills"]}]}},"_links":{"self":[{"href":"https:\/\/gimi.com\/sv\/wp-json\/wp\/v2\/pages\/1442"}],"collection":[{"href":"https:\/\/gimi.com\/sv\/wp-json\/wp\/v2\/pages"}],"about":[{"href":"https:\/\/gimi.com\/sv\/wp-json\/wp\/v2\/types\/page"}],"author":[{"embeddable":true,"href":"https:\/\/gimi.com\/sv\/wp-json\/wp\/v2\/users\/12"}],"replies":[{"embeddable":true,"href":"https:\/\/gimi.com\/sv\/wp-json\/wp\/v2\/comments?post=1442"}],"version-history":[{"count":10,"href":"https:\/\/gimi.com\/sv\/wp-json\/wp\/v2\/pages\/1442\/revisions"}],"predecessor-version":[{"id":5757,"href":"https:\/\/gimi.com\/sv\/wp-json\/wp\/v2\/pages\/1442\/revisions\/5757"}],"wp:featuredmedia":[{"embeddable":true,"href":"https:\/\/gimi.com\/sv\/wp-json\/wp\/v2\/media\/3662"}],"wp:attachment":[{"href":"https:\/\/gimi.com\/sv\/wp-json\/wp\/v2\/media?parent=1442"}],"curies":[{"name":"wp","href":"https:\/\/api.w.org\/{rel}","templated":true}]}}