






{"id":594,"date":"2022-07-18T11:46:25","date_gmt":"2022-07-18T11:46:25","guid":{"rendered":"https:\/\/gimi.looplabz.com\/?page_id=594"},"modified":"2024-06-24T12:52:15","modified_gmt":"2024-06-24T12:52:15","slug":"user-terms","status":"publish","type":"page","link":"https:\/\/gimi.com\/no\/user-terms\/","title":{"rendered":"Brukervilk\u00e5r"},"content":{"rendered":"\r\n\r\r\n<section  data-aos=\"fade-up\" data-aos-easing=\"ease-in-sine\" id=\"legals-block_63513794cd63d\" class=\"_legals _topGray   \" >\r\r\n    <div class=\"container\">\r\r\n        <div class=\"row\">\r\r\n            <div class=\"col-md-12\">\r\r\n                <div class=\"_pageHdr _container-1000\">\r\r\n\r\r\n                    <div class=\"row\">\r\r\n                        <div class=\"col-md-4\">\r\r\n                            <h1>Brukervilk\u00e5r<\/h1>\r\r\n                        <\/div>\r\r\n                        <div class=\"col-md-8\">\r\r\n                            <h3>1. Introduksjon<\/h3>\n<p class=\"p1\">Vi er Gimi AB, et svensk selskap, (heretter &#8220;Gimi&#8221;, &#8220;Vi, &#8220;Oss&#8221;, &#8220;V\u00e5r&#8221;).<\/p>\n<p class=\"p1\">Disse brukervilk\u00e5r (&#8220;Vilk\u00e5rene&#8221;) gjelder mellom Gimi og deg, og gjelder for din tilgang og bruk av tjenesten. Det er viktig at du leser Vilk\u00e5rene n\u00f8ye f\u00f8r du bruker tjenesten.<\/p>\n<p class=\"p1\">Dersom du velger \u00e5 opprette en bruker hos Gimi s\u00e5 samtykker du i \u00e5 v\u00e6re juridisk bundet av disse Vilk\u00e5rene. Hvis du ikke \u00f8nsker \u00e5 v\u00e6re bundet av Vilk\u00e5rene s\u00e5 kan du ikke bruke tjenesten.<span class=\"Apple-converted-space\">\u00a0<\/span><\/p>\n<p class=\"p1\">Ved \u00e5 bruke tjenesten som forelder\/foresatt og koble kontoen din til et barns konto gir du tillatelse til barnets bruk av tjenesten og godtar disse Vilk\u00e5rene vedr\u00f8rende barnets bruk av tjenesten. En konto som ikke blir koblet til foreldre eller foresatte innen syv dager vil bli slettet.<\/p>\n<p class=\"p1\">Gimi tilbyr en global tjeneste, og forskjellige versjoner av Vilk\u00e5rene kan bli gjeldende i noen jurisdiksjoner. Denne versjonen av Vilk\u00e5rene er for bruk i Norge. Andre vilk\u00e5r gjelder i andre land.<span class=\"Apple-converted-space\">\u00a0<\/span><\/p>\n<h3>2. Om tjenesten<\/h3>\n<p class=\"p1\">Gimi tilbyr en mobilapplikasjon, ment for bruk av barn, foreldre og voksne for \u00e5 hjelpe familien med \u00e5 h\u00e5ndtere og administrere barnas \u00f8konomi og l\u00e6re barn om penger (&#8220;Tjenesten&#8221;).<span class=\"Apple-converted-space\">\u00a0<\/span><\/p>\n<p class=\"p1\">Tjenesten er tilgjengelig gjennom v\u00e5r applikasjon for mobile enheter (&#8220;Applikasjonen&#8221;) og delvis gjennom v\u00e5r nettside (<a href=\"http:\/\/www.gimitheapp.com\"><span class=\"s1\">www.gimitheapp.com<\/span><\/a>)(\u201cNettsted\u201d, \u201cV\u00e5rt nettsted\u201d). <span class=\"Apple-converted-space\">\u00a0<\/span><\/p>\n<p class=\"p1\">Gimi har rett til \u00e5 endre Tjenesten, for eksempel legge til, fjerne, l\u00e5se eller endre funksjoner.<\/p>\n<h3>3. Foreldres og barns bruk av Tjenesten<\/h3>\n<p class=\"p1\">For \u00e5 bruke Tjenesten m\u00e5 du v\u00e6re over 18 \u00e5r eller ha tillatelse fra foreldre eller foresatte.<span class=\"Apple-converted-space\">\u00a0<\/span><\/p>\n<p class=\"p1\">Hvis du som forelder eller foresatt tillater ditt barn \u00e5 bruke Tjenesten, skal du s\u00f8rge for at barnet er klar over hvordan Tjenesten skal brukes. Du er ansvarlig for ditt barns bruk av Tjenesten under ditt foreldreansvar. Vi oppfordrer deg til \u00e5 snakke med barnet regelmessig om hvordan de bruker Tjenesten.<\/p>\n<p class=\"p1\">Kun foreldre\/foresatte kan registrere seg som prim\u00e6r (f\u00f8rste) supporter og koble sin konto til et barn som er under deres omsorg. Deretter kan personer som er godkjent av foreldre\/foresatte registrere seg som supportere og koble sin konto til barnets konto. Dette kan for eksempel v\u00e6re besteforeldre, s\u00f8sken, naboer eller lignende. <span class=\"Apple-converted-space\">\u00a0<\/span><\/p>\n<h3>4. Abonnementer og avgifter<\/h3>\n<p class=\"p1\">Du har muligheten til \u00e5 tegne et abonnement for tilleggstjenester og funksjonaliteter i Gimi-appen. Dette inneb\u00e6rer at du betaler for \u00e5 bruke Gimi m\u00e5nedlig eller \u00e5rlig. Du har alltid mulighet \u00e5 avslutte ditt abonnement.<span class=\"Apple-converted-space\">\u00a0<\/span><\/p>\n<p class=\"p1\">Du er ansvarlig for \u00e5 betale abonnementsavgiften. Dersom abonnementsavgiften ikke er betalt innen forfallsdato, vil tilleggstjenesten v\u00e6re begrenset eller midlertidig sperret.<span class=\"Apple-converted-space\">\u00a0<\/span><\/p>\n<p class=\"p1\">Gimi har beslutningsrett med hensyn til hvilke funksjonaliteter, fremtidige produktutviklinger, utvikling av tjenester og tilleggstjenester som skal inkluderes i Tjenesten du abonnerer p\u00e5. Du kan dermed ikke fremsette krav om at ditt abonnement skal omfatte slike funksjonaliteter, produktutviklinger, utviklinger av Tjenesten og tilleggstjenester.<span class=\"Apple-converted-space\">\u00a0<\/span><\/p>\n<p class=\"p1\">Gimi forbeholder seg retten til \u00e5 endre sine avgifter og prismodeller. Dette vil fremg\u00e5 p\u00e5 v\u00e5r nettside, og du vil ogs\u00e5 motta informasjon om endringer i avgiftene for abonnement p\u00e5 tilleggstjenester.<span class=\"Apple-converted-space\">\u00a0<\/span><\/p>\n<p class=\"p1\">Gimi kan samarbeide med tredjeparter for \u00e5 gi deg som bruker gratis eller rabattert tilgang til tilleggstjenester i Gimi-appen. Gimi har, sammen med v\u00e5re samarbeidspartnere, full beslutningsrett over Vilk\u00e5rene som gjelder for slik gratis eller rabattert tilgang og du kan ikke fremsette krav om at ditt abonnement skal omfatte slik tilgang.<span class=\"Apple-converted-space\">\u00a0<\/span><\/p>\n<h3>5. Dine forpliktelser n\u00e5r du bruker Tjenesten<\/h3>\n<p class=\"p1\">For \u00e5 f\u00e5 tilgang til Tjenesten m\u00e5 du akseptere Vilk\u00e5rene og opprette en brukerkonto ved \u00e5 registrere visse personlige opplysninger, inkludert brukernavn, f\u00f8dselsdato og telefonnummer eller e-postadresse (&#8220;Brukerkonto&#8221;).<\/p>\n<p class=\"p1\">Du er ansvarlig for \u00e5 bruke Tjenesten p\u00e5 en lovlig og ansvarlig m\u00e5te i samsvar med disse Vilk\u00e5rene. Din bruk av Tjenesten inneb\u00e6rer f\u00f8lgende forpliktelser:<\/p>\n<ul class=\"ul1\">\n<li class=\"li1\">Du er ansvarlig for \u00e5 oppgi fullstendig, sann og n\u00f8yaktig kontakt-, konto- og betalingsinformasjon, og for \u00e5 sikre at slik informasjon holdes oppdatert. Du er ogs\u00e5 ansvarlig for \u00e5 sikre at all annen informasjon som du kan overf\u00f8re til Gimi som bruker av Tjenesten ikke er falsk eller p\u00e5 annen m\u00e5te kan skade eller forstyrre Tjenesten. Du m\u00e5 ha rett til \u00e5 dele denne informasjonen med Gimi og andre brukere.<span class=\"Apple-converted-space\">\u00a0<\/span><\/li>\n<li class=\"li1\">Du er ansvarlig for all bruk av Tjenesten som skjer under ditt brukernavn, og hvis du er forelder\/foresatt, under ditt barns brukernavn. Hvis brukernavnet ditt, telefonnummeret eller enheten du bruker for \u00e5 f\u00e5 tilgang til Tjenesten har g\u00e5tt tapt eller stj\u00e5let, eller hvis du har grunn til \u00e5 mistenke uautorisert tilgang til brukerkontoen din, vennligst kontakt Gimi umiddelbart og endre passordet ditt s\u00e5 snart som mulig.<span class=\"Apple-converted-space\">\u00a0<\/span><\/li>\n<li class=\"li1\">Du kan ikke bruke Tjenesten til kommersielle form\u00e5l eller andre form\u00e5l som ikke er relatert til Tjenestens form\u00e5l (brukes av barn, foreldre\/foresatte og andre voksne godkjent av foreldre\/foresatte for \u00e5 administrere penger og hjelpe familien med \u00e5 administrere barns \u00f8konomi og utdanne barn om digitale penger).<span class=\"Apple-converted-space\">\u00a0<\/span><\/li>\n<li class=\"li1\">Du kan ikke kopiere (med unntak av det som er uttrykkelig tillatt i disse Vilk\u00e5rene), dekode, endre, arrangere, fors\u00f8ke \u00e5 f\u00e5 tilgang til kildekoden, modifisere, reversere eller lage dine egne varianter eller versjoner av Tjenesten. Skraping av informasjon i applikasjonen, inkludert tredjepartsinformasjon tilgjengelig gjennom Tjenesten, er strengt forbudt.<span class=\"Apple-converted-space\">\u00a0<\/span><\/li>\n<li class=\"li1\">Tjenesten kan ikke brukes p\u00e5 noen m\u00e5te som er ulovlig, skadelig eller kan anses som st\u00f8tende av Gimi, andre brukere eller tredjeparter. Du kan ikke p\u00e5 noen m\u00e5te bruke Tjenesten for \u00e5 trakassere, utnytte, true, baktale eller p\u00e5 annen m\u00e5te krenke andres rettigheter. Gimi er ikke ansvarlig for slik bruk av noen annen bruker eller part, men Gimi oppfordrer deg til \u00e5 rapportere enhver hendelse til Gimi (som trakassering, trusler, \u00e6rekrenkelse, st\u00f8tende eller ulovlige meldinger).<span class=\"Apple-converted-space\">\u00a0<\/span><\/li>\n<\/ul>\n<p class=\"p1\">Hvis du bryter noen av disse Vilk\u00e5rene, eller hvis juridisk ansvar f\u00f8lger av din bruk av Tjenesten, vil du v\u00e6re ansvarlig for kostnader og utgifter, inkludert advokatsal\u00e6rer og kostnader, som vi eller v\u00e5re ansatte, kontrakt\u00f8rer eller samarbeidspartnere p\u00e5drar seg som et resultat. Dette inkluderer eventuelle kostnader som f\u00f8lge av at noen andre bruker din informasjon eller Gimi-konto, med mindre du kan bevise at den har blitt brukt p\u00e5 uredelig vis.<span class=\"Apple-converted-space\">\u00a0<\/span><\/p>\n<h3>6. Personopplysninger og Personvern<\/h3>\n<p class=\"p1\">Vi tar ditt personvern p\u00e5 st\u00f8rste alvor.<span class=\"Apple-converted-space\">\u00a0 <\/span>Vi har derfor den n\u00f8dvendige sikkerhets- og beskyttelsestiltak p\u00e5 plass for dine personopplysninger og vil kun behandle dine personopplysninger i samsvar med v\u00e5r personvernerkl\u00e6ring.<\/p>\n<h3>7. Oppsigelse eller suspensjon av Tjenesten<\/h3>\n<p class=\"p1\">Du kan si opp avtalen med Gimi n\u00e5r som helst ved \u00e5 avinstallere Gimi-applikasjonen og avslutte bruken av Tjenesten.<span class=\"Apple-converted-space\">\u00a0<\/span><\/p>\n<p class=\"p1\">Gimi kan si opp avtalen med deg i henhold til disse Vilk\u00e5rene, og suspendere eller avslutte din bruk av og tilgang til Tjenesten hvis noe av f\u00f8lgende skjer:<span class=\"Apple-converted-space\">\u00a0<\/span><\/p>\n<ul class=\"ul1\">\n<li class=\"li1\">Du bryter v\u00e5re vilk\u00e5r. <span class=\"Apple-converted-space\">\u00a0<\/span><\/li>\n<li class=\"li1\">Du oppgir ikke, n\u00e5r du blir spurt, den informasjonen vi trenger for \u00e5 bekrefte din identitet eller gyldigheten av informasjonen du har gitt oss.<span class=\"Apple-converted-space\">\u00a0<\/span><\/li>\n<li class=\"li1\">Vi mistenker at du er, eller har v\u00e6rt, involvert i uredelig eller ulovlig aktivitet n\u00e5r du bruker Tjenesten.<span class=\"Apple-converted-space\">\u00a0<\/span><\/li>\n<\/ul>\n<p class=\"p1\">Ved oppsigelse av din avtale med oss, m\u00e5 du slutte \u00e5 bruke Tjenesten. Hvis oppsigelsen skjer p\u00e5 grunn av ditt brudd p\u00e5 disse Vilk\u00e5rene, vil du ikke f\u00e5 refundert eventuelle betalte avgifter.<\/p>\n<p class=\"p1\">Gimi har ogs\u00e5 rett til \u00e5 si opp avtalen med deg uten \u00e5 oppgi grunn. Ved slik oppsigelse fra Gimi uten grunn, vil du bli tilbakebetalt for eventuelle forh\u00e5ndsbetalte avgifter.<span class=\"Apple-converted-space\">\u00a0<\/span><\/p>\n<h3>8. Eierrettigheter<\/h3>\n<p class=\"p1\">Tjenesten er beskyttet av opphavsrettslover og internasjonale opphavsrettsinstrumenter, samt andre lover og forskrifter knyttet til eiendomsrettigheter og immaterielle rettigheter. Gimi og dets lisensgivere skal beholde eierskapet til Tjenesten og alle relaterte immaterielle rettigheter, inkludert men ikke begrenset til varemerker, firmanavn, databaserettigheter og patenter. Du har en lisens med kun begrenset rett til \u00e5 bruke Tjenesten som beskrevet i og underlagt disse Vilk\u00e5rene.<span class=\"Apple-converted-space\">\u00a0<\/span><\/p>\n<p class=\"p1\">Lisensen gir deg ikke rett til \u00e5 bruke Gimis navn, varemerker eller andre kommersielle symboler. Alle rettigheter og lisenser som ikke uttrykkelig er gitt deg i disse Vilk\u00e5rene, forbeholdes av Gimi.<\/p>\n<h3>9. Ansvarsbegrensning<\/h3>\n<p class=\"p1\">Vi kan ikke garantere at din tilgang til v\u00e5r Applikasjon og Nettside, eller dens innhold, vil bli levert uten avbrudd og feilfritt, eller at Nettsiden vil v\u00e6re fri for virus eller andre skadelige egenskaper. Det er ditt ansvar \u00e5 ha tilstrekkelig beskyttelse og rutiner p\u00e5 plass for \u00e5 sikre at materiale du henter fra v\u00e5r Nettside er fritt for skadelige egenskaper.<\/p>\n<p class=\"p1\">Gimi kontrollerer og overv\u00e5ker innhold som er tilgjengeliggjort av Brukerne eller andre tredjeparter via Tjenesten, men kan ikke garantere dets opprinnelse eller korrekthet. Gimi er ikke ansvarlig og kan ikke holdes ansvarlig for gyldigheten og riktigheten av innholdet som er innhentet i forbindelse med bruken av Tjenesten. All bruk av informasjon innhentet gjennom bruk av Tjenesten skal gj\u00f8res etter eget skj\u00f8nn og p\u00e5 egen risiko.<span class=\"Apple-converted-space\">\u00a0<\/span><\/p>\n<p class=\"p1\">Vi har implementert alle tiltak for \u00e5 motvirke internettsvindel og for \u00e5 sikre at all data som samles inn fra deg holdes sikker. I det ekstremt usannsynlige tilfellet av et brudd p\u00e5 v\u00e5re sikre dataservere, kan vi ikke holdes ansvarlige.<span class=\"Apple-converted-space\">\u00a0<\/span><\/p>\n<p class=\"p1\">Under ingen omstendigheter kan vi holdes ansvarlige for direkte, indirekte, ikke-\u00f8konomiske eller andre former for tap eller skader som f\u00f8lge av din bruk eller nedlasting av innhold fra Tjenesten.<span class=\"Apple-converted-space\">\u00a0<\/span><\/p>\n<p class=\"p1\">Gimi er ikke ansvarlig for forsinkelser eller tap som skyldes av forhold utenfor v\u00e5r kontroll, og som vesentlig svekker utf\u00f8relsen av den aktuelle forpliktelsen eller gj\u00f8r at utf\u00f8relsen av den aktuelle forpliktelsen ikke er \u00f8konomisk forsvarlig.<span class=\"Apple-converted-space\">\u00a0<\/span><\/p>\n<h3>10. Overf\u00f8ring og oppdrag<\/h3>\n<p class=\"p1\">Gimi kan komme til \u00e5 tildele og overf\u00f8re rettigheter og forpliktelser i henhold til disse Vilk\u00e5rene til tredjeparter som Gimi samarbeider med. Gimi vil informere deg om slik overf\u00f8ring eller tildeling hvis det p\u00e5virker dine rettigheter under disse Vilk\u00e5rene.<span class=\"Apple-converted-space\">\u00a0<\/span><\/p>\n<h3>11. Support og feedback<\/h3>\n<p class=\"p1\">Gimi streber etter \u00e5 tilby god og effektiv teknisk support, oppgraderinger og oppdateringer for Tjenesten. Gimi har imidlertid ingen forpliktelse til \u00e5 tilby support eller vedlikehold for Tjenesten i henhold til disse Vilk\u00e5rene, og forbeholder seg retten til \u00e5 begrense support, oppgraderinger og oppdateringer fra tid til annen.<span class=\"Apple-converted-space\">\u00a0<\/span><\/p>\n<p class=\"p1\">Hvis poster sp\u00f8rsm\u00e5l til v\u00e5r support eller sender inn meldinger til bloggene og forumene v\u00e5re, beholder du opphavsretten til teksten. Du gir oss imidlertid en ubegrenset, gratis lisens til \u00e5 publisere teksten p\u00e5 nytt p\u00e5 Nettsiden v\u00e5r, og til \u00e5 distribuere, gj\u00f8re tilgjengelig eller selge teksten i trykt eller elektronisk form hvor som helst i verden som en del av en redigert samling eller p\u00e5 annen m\u00e5te.<span class=\"Apple-converted-space\">\u00a0<\/span><\/p>\n<h3>12. Endringer i Tjenesten og Vilk\u00e5rene<\/h3>\n<p class=\"p1\">Gimi kan n\u00e5r som helst, med eller uten varsel, gj\u00f8re endringer i Vilk\u00e5rene ved \u00e5 legge ut nye versjoner av Vilk\u00e5rene p\u00e5 v\u00e5r Nettside. Du finner alltid siste versjon av Vilk\u00e5rene p\u00e5 Nettsiden. Hvis ingen annen dato er oppgitt, vil de nye versjonene av Vilk\u00e5rene tre i kraft 30 dager etter publisering p\u00e5 Nettsiden.<span class=\"Apple-converted-space\">\u00a0<\/span><\/p>\n<p class=\"p1\">Ved vesentlige endringer i disse Vilk\u00e5rene vil vi sende informasjon til deg i appen eller via Nettsiden v\u00e5r. Du vil ogs\u00e5 f\u00e5 muligheten \u00e5 avslutte Tjenesten f\u00f8r de nye Vilk\u00e5rene trer i kraft.<\/p>\n<h3>13. Kontaktinformasjon<\/h3>\n<p class=\"p1\">Hvis du har flere sp\u00f8rsm\u00e5l om Gimis vilk\u00e5r eller \u00f8nsker \u00e5 be om spesifikk informasjon, oppfordres du til \u00e5 kontakte Gimi.<span class=\"Apple-converted-space\">\u00a0<\/span><\/p>\n<p class=\"p1\">Kontaktinformasjonen er:<span class=\"Apple-converted-space\">\u00a0<\/span><\/p>\n<p class=\"p1\">Gimi AB, Organisasjonsnummer <span class=\"s1\">556985-8029,<span class=\"Apple-converted-space\">\u00a0<\/span><\/span><span class=\"s2\"> \u00c5s\u00f6gatan 142, 116 24, Stockholm.<\/span><\/p>\n<p class=\"p4\">Du kan ogs\u00e5 sende sp\u00f8rsm\u00e5l til <a href=\"mailto:info@gimitheapp.com\"><span class=\"s3\">info@gimitheapp.com<\/span><\/a> eller i Applikasjonen.<\/p>\n<p class=\"p6\"><em>Disse Vilk\u00e5rene ble sist oppdatert den 10 januar 2023.<span class=\"Apple-converted-space\">\u00a0<\/span><\/em><\/p>\n\r\n                        <\/div>\r\r\n                    <\/div>\r\r\n                <\/div>\r\r\n            <\/div>\r\r\n        <\/div>\r\r\n    <\/div>\r\r\n<\/section>\r\r\n\r\r\n\r\r\n\r\r\n\r\r\n","protected":false},"excerpt":{"rendered":"","protected":false},"author":12,"featured_media":3048,"parent":0,"menu_order":0,"comment_status":"closed","ping_status":"closed","template":"","meta":{"inline_featured_image":false},"yoast_head":"<!-- This site is optimized with the Yoast SEO plugin v19.10 - https:\/\/yoast.com\/wordpress\/plugins\/seo\/ -->\n<title>Brukervilk\u00e5r - Gimi<\/title>\n<meta name=\"description\" content=\"It is important that you read the terms very carefully before accessing or using the service, these terms set out the responsibilities between you &amp; Gimi.\" \/>\n<meta name=\"robots\" content=\"noindex, nofollow\" \/>\n<meta property=\"og:locale\" content=\"nb_NO\" \/>\n<meta property=\"og:type\" content=\"article\" \/>\n<meta property=\"og:title\" content=\"Brukervilk\u00e5r - Gimi\" \/>\n<meta property=\"og:description\" content=\"It is important that you read the terms very carefully before accessing or using the service, these terms set out the responsibilities between you &amp; Gimi.\" \/>\n<meta property=\"og:url\" content=\"https:\/\/gimi.com\/no\/user-terms\/\" \/>\n<meta property=\"og:site_name\" content=\"Gimi\" \/>\n<meta property=\"article:publisher\" content=\"https:\/\/www.facebook.com\/GimiFinancialSuperskills\" \/>\n<meta property=\"article:modified_time\" content=\"2024-06-24T12:52:15+00:00\" \/>\n<meta property=\"og:image\" content=\"http:\/\/gimi.com\/wp-content\/uploads\/2022\/11\/gimi-logo-square.png\" \/>\n\t<meta property=\"og:image:width\" content=\"1080\" \/>\n\t<meta property=\"og:image:height\" content=\"1080\" \/>\n\t<meta property=\"og:image:type\" content=\"image\/png\" \/>\n<meta name=\"twitter:card\" content=\"summary_large_image\" \/>\n<script type=\"application\/ld+json\" class=\"yoast-schema-graph\">{\"@context\":\"https:\/\/schema.org\",\"@graph\":[{\"@type\":\"WebPage\",\"@id\":\"https:\/\/gimi.com\/no\/user-terms\/\",\"url\":\"https:\/\/gimi.com\/no\/user-terms\/\",\"name\":\"Brukervilk\u00e5r - Gimi\",\"isPartOf\":{\"@id\":\"https:\/\/gimi.com\/#website\"},\"datePublished\":\"2022-07-18T11:46:25+00:00\",\"dateModified\":\"2024-06-24T12:52:15+00:00\",\"description\":\"It is important that you read the terms very carefully before accessing or using the service, these terms set out the responsibilities between you & Gimi.\",\"breadcrumb\":{\"@id\":\"https:\/\/gimi.com\/no\/user-terms\/#breadcrumb\"},\"inLanguage\":\"nb-NO\",\"potentialAction\":[{\"@type\":\"ReadAction\",\"target\":[\"https:\/\/gimi.com\/no\/user-terms\/\"]}]},{\"@type\":\"BreadcrumbList\",\"@id\":\"https:\/\/gimi.com\/no\/user-terms\/#breadcrumb\",\"itemListElement\":[{\"@type\":\"ListItem\",\"position\":1,\"name\":\"Home\",\"item\":\"https:\/\/gimi.com\/no\/\"},{\"@type\":\"ListItem\",\"position\":2,\"name\":\"Brukervilk\u00e5r\"}]},{\"@type\":\"WebSite\",\"@id\":\"https:\/\/gimi.com\/#website\",\"url\":\"https:\/\/gimi.com\/\",\"name\":\"Gimi\",\"description\":\"Gimi\",\"publisher\":{\"@id\":\"https:\/\/gimi.com\/#organization\"},\"potentialAction\":[{\"@type\":\"SearchAction\",\"target\":{\"@type\":\"EntryPoint\",\"urlTemplate\":\"https:\/\/gimi.com\/?s={search_term_string}\"},\"query-input\":\"required name=search_term_string\"}],\"inLanguage\":\"nb-NO\"},{\"@type\":\"Organization\",\"@id\":\"https:\/\/gimi.com\/#organization\",\"name\":\"Gimi\",\"url\":\"https:\/\/gimi.com\/\",\"logo\":{\"@type\":\"ImageObject\",\"inLanguage\":\"nb-NO\",\"@id\":\"https:\/\/gimi.com\/#\/schema\/logo\/image\/\",\"url\":\"https:\/\/gimi.com\/wp-content\/uploads\/2022\/11\/gimi-logo-square.png\",\"contentUrl\":\"https:\/\/gimi.com\/wp-content\/uploads\/2022\/11\/gimi-logo-square.png\",\"width\":1080,\"height\":1080,\"caption\":\"Gimi\"},\"image\":{\"@id\":\"https:\/\/gimi.com\/#\/schema\/logo\/image\/\"},\"sameAs\":[\"https:\/\/www.youtube.com\/c\/Gimi-FinancialSuperskills\",\"https:\/\/www.instagram.com\/gimitheapp\/?hl=en\",\"https:\/\/www.facebook.com\/GimiFinancialSuperskills\"]}]}<\/script>\n<!-- \/ Yoast SEO plugin. -->","yoast_head_json":{"title":"Brukervilk\u00e5r - Gimi","description":"It is important that you read the terms very carefully before accessing or using the service, these terms set out the responsibilities between you & Gimi.","robots":{"index":"noindex","follow":"nofollow"},"og_locale":"nb_NO","og_type":"article","og_title":"Brukervilk\u00e5r - Gimi","og_description":"It is important that you read the terms very carefully before accessing or using the service, these terms set out the responsibilities between you & Gimi.","og_url":"https:\/\/gimi.com\/no\/user-terms\/","og_site_name":"Gimi","article_publisher":"https:\/\/www.facebook.com\/GimiFinancialSuperskills","article_modified_time":"2024-06-24T12:52:15+00:00","og_image":[{"width":1080,"height":1080,"url":"http:\/\/gimi.com\/wp-content\/uploads\/2022\/11\/gimi-logo-square.png","type":"image\/png"}],"twitter_card":"summary_large_image","schema":{"@context":"https:\/\/schema.org","@graph":[{"@type":"WebPage","@id":"https:\/\/gimi.com\/no\/user-terms\/","url":"https:\/\/gimi.com\/no\/user-terms\/","name":"Brukervilk\u00e5r - Gimi","isPartOf":{"@id":"https:\/\/gimi.com\/#website"},"datePublished":"2022-07-18T11:46:25+00:00","dateModified":"2024-06-24T12:52:15+00:00","description":"It is important that you read the terms very carefully before accessing or using the service, these terms set out the responsibilities between you & Gimi.","breadcrumb":{"@id":"https:\/\/gimi.com\/no\/user-terms\/#breadcrumb"},"inLanguage":"nb-NO","potentialAction":[{"@type":"ReadAction","target":["https:\/\/gimi.com\/no\/user-terms\/"]}]},{"@type":"BreadcrumbList","@id":"https:\/\/gimi.com\/no\/user-terms\/#breadcrumb","itemListElement":[{"@type":"ListItem","position":1,"name":"Home","item":"https:\/\/gimi.com\/no\/"},{"@type":"ListItem","position":2,"name":"Brukervilk\u00e5r"}]},{"@type":"WebSite","@id":"https:\/\/gimi.com\/#website","url":"https:\/\/gimi.com\/","name":"Gimi","description":"Gimi","publisher":{"@id":"https:\/\/gimi.com\/#organization"},"potentialAction":[{"@type":"SearchAction","target":{"@type":"EntryPoint","urlTemplate":"https:\/\/gimi.com\/?s={search_term_string}"},"query-input":"required name=search_term_string"}],"inLanguage":"nb-NO"},{"@type":"Organization","@id":"https:\/\/gimi.com\/#organization","name":"Gimi","url":"https:\/\/gimi.com\/","logo":{"@type":"ImageObject","inLanguage":"nb-NO","@id":"https:\/\/gimi.com\/#\/schema\/logo\/image\/","url":"https:\/\/gimi.com\/wp-content\/uploads\/2022\/11\/gimi-logo-square.png","contentUrl":"https:\/\/gimi.com\/wp-content\/uploads\/2022\/11\/gimi-logo-square.png","width":1080,"height":1080,"caption":"Gimi"},"image":{"@id":"https:\/\/gimi.com\/#\/schema\/logo\/image\/"},"sameAs":["https:\/\/www.youtube.com\/c\/Gimi-FinancialSuperskills","https:\/\/www.instagram.com\/gimitheapp\/?hl=en","https:\/\/www.facebook.com\/GimiFinancialSuperskills"]}]}},"_links":{"self":[{"href":"https:\/\/gimi.com\/no\/wp-json\/wp\/v2\/pages\/594"}],"collection":[{"href":"https:\/\/gimi.com\/no\/wp-json\/wp\/v2\/pages"}],"about":[{"href":"https:\/\/gimi.com\/no\/wp-json\/wp\/v2\/types\/page"}],"author":[{"embeddable":true,"href":"https:\/\/gimi.com\/no\/wp-json\/wp\/v2\/users\/12"}],"replies":[{"embeddable":true,"href":"https:\/\/gimi.com\/no\/wp-json\/wp\/v2\/comments?post=594"}],"version-history":[{"count":27,"href":"https:\/\/gimi.com\/no\/wp-json\/wp\/v2\/pages\/594\/revisions"}],"predecessor-version":[{"id":5448,"href":"https:\/\/gimi.com\/no\/wp-json\/wp\/v2\/pages\/594\/revisions\/5448"}],"wp:featuredmedia":[{"embeddable":true,"href":"https:\/\/gimi.com\/no\/wp-json\/wp\/v2\/media\/3048"}],"wp:attachment":[{"href":"https:\/\/gimi.com\/no\/wp-json\/wp\/v2\/media?parent=594"}],"curies":[{"name":"wp","href":"https:\/\/api.w.org\/{rel}","templated":true}]}}