






{"id":591,"date":"2022-07-18T11:46:03","date_gmt":"2022-07-18T11:46:03","guid":{"rendered":"https:\/\/gimi.looplabz.com\/?page_id=591"},"modified":"2026-04-17T12:12:22","modified_gmt":"2026-04-17T12:12:22","slug":"privacy-policy","status":"publish","type":"page","link":"https:\/\/gimi.com\/no\/privacy-policy\/","title":{"rendered":"Personvernerkl\u00e6ring"},"content":{"rendered":"\r\n\r\r\n<section  data-aos=\"fade-up\" data-aos-easing=\"ease-in-sine\" id=\"legals-block_62ced11a481eb\" class=\"_legals _topGray white-header  \" >\r\r\n    <div class=\"container\">\r\r\n        <div class=\"row\">\r\r\n            <div class=\"col-md-12\">\r\r\n                <div class=\"_pageHdr _container-1000\">\r\r\n\r\r\n                    <div class=\"row\">\r\r\n                        <div class=\"col-md-4\">\r\r\n                            <h1>Personvernerkl\u00e6ring<\/h1>\r\r\n                        <\/div>\r\r\n                        <div class=\"col-md-8\">\r\r\n                            <h3><b>Innledning<\/b><\/h3>\n<p class=\"p1\">Ditt personvern er viktig for oss, og vi respekterer og beskytter informasjonen du deler med oss. Det handler om \u00e5 behandle dine data p\u00e5 en rettferdig, tydelig og sikker m\u00e5te. Du har rett til \u00e5 vite hvilken informasjon som samles inn om deg og hvorfor.<\/p>\n<p class=\"p1\">I denne personvernerkl\u00e6ringen forklarer vi hva slags personopplysninger vi lagrer, hvorfor vi gj\u00f8r det, hvor lenge vi lagrer de og hvilke rettigheter du har som bruker.<span class=\"Apple-converted-space\">\u00a0<\/span><\/p>\n<p class=\"p1\">For \u00e5 bruke Gimi er det foreldre eller foresatte som godkjenner Gimis brukervilk\u00e5r for seg selv og sine barn.<span class=\"Apple-converted-space\">\u00a0<\/span><\/p>\n<p class=\"p1\">Hvis du er under 18 \u00e5r kan du laste ned og installere appen, men vi vil slette kontoen din og alle personopplysninger innen 7 dager hvis foreldre eller foresatte ikke kobler seg til kontoen til deg. Vi gj\u00f8r dette fordi vi trenger foreldres godkjenning av Gimis brukervilk\u00e5r for at du skal kunne bruke appen. N\u00e5r vi gj\u00f8r dette, behandler vi din Kontakt- og Enhetsinformasjon (se nedenfor for mer informasjon). Vi gj\u00f8r dette med legitim interesse som rettslig grunnlag. Vi lagrer informasjonen i 7 dager.<\/p>\n<p>&nbsp;<\/p>\n<h3><b>Oppdatering av regler<\/b><\/h3>\n<p class=\"p1\">Vi oppdaterte v\u00e5re regler den 26 april 2026, og disse er de gjeldende reglene. Hvis vi gj\u00f8r st\u00f8rre endringer, vil vi informere om det p\u00e5 nettsiden, via SMS\/e-post eller i Gimi-appen.<\/p>\n<p class=\"p1\">Denne personvernerkl\u00e6ringen gjelder for alle land hvor Gimi opererer. V\u00e6r oppmerksom p\u00e5 at det kan forekomme forskjeller mellom land, og at lokale versjoner av personvernerkl\u00e6ringen kan avvike fra denne. I slike tilfeller vil de lokale versjonene aldri inneb\u00e6re mer omfattende databehandling enn det som er beskrevet i denne personvernerkl\u00e6ringen.<\/p>\n<p>&nbsp;<\/p>\n<h3><b>Om oss<\/b><\/h3>\n<p class=\"p1\">Gimi AB, kalt &#8220;Gimi,&#8221; &#8220;Vi,&#8221; eller &#8220;Oss,&#8221; et svensk selskap med organisasjonsnummer 556985-8029, er ansvarlig for behandlingen av din informasjon.<\/p>\n<p>&nbsp;<\/p>\n<h3><b>Informasjon vi samler inn<\/b><\/h3>\n<p class=\"p1\">Her kan du se hvilken informasjon vi behandler n\u00e5r du bruker Gimi. Vi har samlet flere forskjellige opplysninger under \u00e9n definisjon for \u00e5 gj\u00f8re det enklere for deg \u00e5 forst\u00e5. I resten av denne personvernerkl\u00e6ringen vil disse definisjonene bli brukt.<\/p>\n<h5><b>Profilinformasjon:<\/b><\/h5>\n<p class=\"p1\">E-post, telefonnummer, f\u00f8dselsdato, alder, kj\u00f8nn, bruker-ID, brukernavn, bilde.<\/p>\n<h5><b>Enhetsinformasjon:<\/b><\/h5>\n<p class=\"p1\">ID for telefonen eller nettbrettet ditt, brukerdata, informasjon om hvordan du bruker Gimi, teknisk informasjon om telefonen eller nettbrettet ditt, og annen data om din bruk av appen.<\/p>\n<h5><b>Demografiske data (Kundenders\u00f8kelsesinformasjon):<\/b><\/h5>\n<p class=\"p1\">Hvilken bank du har, l\u00f8nnsniv\u00e5, utdanningsniv\u00e5, hvilket omr\u00e5de du bor i.<\/p>\n<h5><b>Kontoinformasjon:<\/b><\/h5>\n<p class=\"p1\">Bankopplysninger, kontonummer, saldo, transaksjonshistorikk, og annen informasjon om din konto.<\/p>\n<h5><b>Fritekst:<\/b><\/h5>\n<p class=\"p1\">Tekst du skriver i kundest\u00f8tte, kundetilfredshetsunders\u00f8kelser eller kommentarfelt.<\/p>\n<p>&nbsp;<\/p>\n<h3><b>Behandling, form\u00e5l, rettslig grunnlag og lagringstid<\/b><\/h3>\n<h5><strong>Levere tjenesten v\u00e5r til deg (Gimi App)<\/strong><\/h5>\n<p class=\"p1\">For \u00e5 levere v\u00e5r tjeneste til deg behandler vi profilinformasjon og enhetsinformasjon. Vi gj\u00f8r dette med oppfyllelse av avtale som rettslig grunnlag. Vi lagrer personopplysningene s\u00e5 lenge du bruker appen, og vi sletter opplysningene n\u00e5r du har v\u00e6rt inaktiv i 2 \u00e5r eller i forbindelse med din oppsigelse.<\/p>\n<h5><b>Invitasjon til Gimi-appen<\/b><\/h5>\n<p><span style=\"font-weight: 400;\">N\u00e5r du velger \u00e5 invitere via SMS og bruke Gimi navnes\u00f8k, v\u00e6r oppmerksom p\u00e5 at ingen kontaktinformasjon vil bli lagret fra adresseboken din. Gimi vil kun behandle personlig informasjon om personene du \u00f8nsker \u00e5 invitere for \u00e5 sende dem en invitasjons-SMS. Dette gj\u00f8r vi med oppfyllelse av en kontrakt som rettslig grunnlag. Vi lagrer ikke dataene etter at SMS er sendt. <\/span><span style=\"font-weight: 400;\"><br \/>\n<\/span><span style=\"font-weight: 400;\">I tillegg, for \u00e5 gi en enkel registreringsopplevelse, vil Gimi vise det faktum at du er en Gimi-bruker som et forslag til andre brukere som bruker Gimi-navnes\u00f8k. Dette gj\u00f8r vi med berettiget interesse som rettslig grunnlag. Vi lagrer dataene s\u00e5 lenge du bruker appen og vi sletter dataene n\u00e5r du har v\u00e6rt inaktiv i 2 \u00e5r eller i forbindelse med at du avslutter tjenesten.<\/span><\/p>\n<h5>Koble bankkontoer i Gimi-appen og utf\u00f8re overf\u00f8ringer<\/h5>\n<p class=\"p1\">For \u00e5 gi deg muligheten til \u00e5 koble ditt barns bankkonto til Gimi-appen og bruke funksjonalitetene i appen, samt utf\u00f8re overf\u00f8ringer til kontoen, behandler vi kontoinformasjon. Vi gj\u00f8r dette med oppfyllelse av avtale som rettslig grunnlag. Vi lagrer opplysningene s\u00e5 lenge du bruker appen, og vi sletter opplysningene n\u00e5r du har v\u00e6rt inaktiv i 2 \u00e5r eller i forbindelse med din oppsigelse.<\/p>\n<h5><b>Profilbilde<\/b><\/h5>\n<p class=\"p1\">Vi \u00f8nsker \u00e5 gi deg muligheten til \u00e5 legge til et profilbilde i Gimi-appen. Det er helt frivillig \u00e5 legge til et profilbilde, og hvis du velger \u00e5 gj\u00f8re det, behandler vi ditt profilbilde. Vi gj\u00f8r dette med legitim interesse som rettslig grunnlag. Vi lagrer opplysningene s\u00e5 lenge du bruker appen, og vi sletter opplysningene n\u00e5r du har v\u00e6rt inaktiv i 2 \u00e5r.<\/p>\n<h5><b>Kundetilfredshetsunders\u00f8kelser<\/b><\/h5>\n<p class=\"p1\">For \u00e5 forbedre appen og f\u00e5 innsikt i hva du som bruker mener, gjennomf\u00f8rer Gimi kundetilfredshetsunders\u00f8kelser. Det er helt frivillig \u00e5 delta. Hvis du deltar, behandler vi din profilinformasjon, demografiske data og dine fritekst-svar. Vi gj\u00f8r dette med legitim interesse som rettslig grunnlag. Vi lagrer opplysningene s\u00e5 lenge de er relevante for oss, maksimalt 3 \u00e5r.<\/p>\n<h5><b>Produktutvikling<\/b><\/h5>\n<p class=\"p1\">For \u00e5 forbedre appen f\u00f8rer vi statistikk over din bruk av appen og analyserer den. Deretter behandler vi din profilinformasjon, enhetsinformasjon og kontoinformasjon. Vi gj\u00f8r dette med legitim interesse som rettslig grunnlag. Vi lagrer opplysningene s\u00e5 lenge du bruker appen, og vi sletter opplysningene n\u00e5r du har v\u00e6rt inaktiv i 2 \u00e5r.<\/p>\n<h5><b>Banksamarbeid<\/b><\/h5>\n<p><span style=\"font-weight: 400;\">I forbindelse med partnerskap med banker kan du som kunde ha mottatt Gimi som et partnerskapstilbud fra banken din. For \u00e5 kunne gi deg partnerskapstilbudet, m\u00e5 vi dele begrensede personopplysninger med v\u00e5r partnerbank. For dette form\u00e5let kan vi behandle kontaktinformasjon og kontoinformasjon. Vi gj\u00f8r dette med inng\u00e5else av en avtale som rettslig grunnlag. Vi lagrer opplysningene s\u00e5 lenge det er relevant for banksamarbeidet, maksimalt 2 \u00e5r.<\/span><\/p>\n<p><span style=\"font-weight: 400;\">Innenfor rammen av samarbeid med banker hvor du som kunde har mottatt Gimi som partnerksapstilbud fra banken din, kan Gimi dele aggregerte data med banken din. Siden aggregering er p\u00e5 alle brukere, kan ingen individuelle personer identifiseres basert p\u00e5 dataene. Eksempler p\u00e5 data som deles er hvor mange bankkunder som bruker Gimi, hvordan appen brukes og hvilke funksjoner som brukes. Vi gj\u00f8r dette med berettiget interesse som rettslig grunnlag Vi lagrer dataene s\u00e5 lenge det er relevant for banksamarbeidet, maksimalt 5 \u00e5r.<\/span><\/p>\n<h5><b>Forskningssamarbeid<\/b><\/h5>\n<p class=\"p1\">For \u00e5 l\u00e6re mer om hvordan barn bruker og l\u00e6rer om penger, samarbeider vi med universiteter og andre forskningsorganisasjoner. N\u00e5r vi gj\u00f8r dette, pseudonymiserer eller anonymiserer vi personopplysninger slik at ingen person kan bli identifisert, og deler deretter data med samarbeidspartneren. Vi kan deretter behandle din profilinformasjon, enhetsinformasjon og kontoinformasjon. Vi gj\u00f8r dette med legitim interesse som rettslig grunnlag. Vi lagrer opplysningene s\u00e5 lenge forskningsprosjektet p\u00e5g\u00e5r, og sletter opplysningene etter at prosjektet er avsluttet, senest 5 \u00e5r etterp\u00e5.<\/p>\n<h5><b>Markedsf\u00f8ring<\/b><\/h5>\n<p class=\"p1\"><span style=\"font-weight: 400;\">For \u00e5 informere deg om nye tjenester, funksjoner og tilbud i Gimi, kan vi sende deg markedsf\u00f8ring via e-post eller pushmelding. Merk at du kan melde deg av denne markedsf\u00f8ringen. Vi kan da behandle profilinformasjonen og enhetsinformasjonen din.<br \/>\n<\/span><span style=\"font-weight: 400;\"><br \/>\n<\/span><span style=\"font-weight: 400;\">Vi kan ogs\u00e5 bruke profilinformasjonen din til \u00e5 opprette m\u00e5lgrupper for annonsering p\u00e5 sosiale medier. <\/span><span style=\"font-weight: 400;\"><br \/>\n<\/span><span style=\"font-weight: 400;\">N\u00e5r du installerer Gimi for f\u00f8rste gang, kan vi ogs\u00e5 dele kontaktopplysninger med tredjeparts annonseplattformer som Meta, for \u00e5 attribuere handlinger til annonser og bedre forst\u00e5 kampanjeeffektivitet. Form\u00e5let er \u00e5 hjelpe oss med \u00e5 m\u00e5le resultatene av v\u00e5r annonsering og forbedre markedsf\u00f8ringstiltakene v\u00e5re.<br \/>\n<\/span><span style=\"font-weight: 400;\"><br \/>\n<\/span><span style=\"font-weight: 400;\">Vi gj\u00f8r dette med legitim interesse som rettslig grunnlag. Vi lagrer dataene til kampanjen er avsluttet og maksimalt 3 \u00e5r etterp\u00e5.<br \/>\n<\/span><span style=\"font-weight: 400;\"><br \/>\n<\/span><span style=\"font-weight: 400;\">Merk at vi aldri deler barns personopplysninger med tredjeparter for annonseringsform\u00e5l.<\/span><\/p>\n<h5><b>Sosiale medier og App Stores<\/b><\/h5>\n<p class=\"p1\">Gimi har sider p\u00e5 sosiale medier og App Stores. For at du skal kunne legge igjen kommentarer og vurderinger p\u00e5 v\u00e5re sider i sosiale medier og App Stores, m\u00e5 Gimi behandle profilinformasjonen du legger igjen n\u00e5r du kommenterer eller vurderer. Vi gj\u00f8r dette med legitim interesse som rettslig grunnlag. Vi lagrer opplysningene i 5 \u00e5r.<\/p>\n<h5><b>Forsvar av v\u00e5re juridiske rettigheter<\/b><\/h5>\n<p class=\"p1\">Gimi har en interesse i \u00e5 kunne forsvare juridiske rettigheter og kan behandle din profilinformasjon, enhetsinformasjon og kontoinformasjon. Vi gj\u00f8r dette med legitim interesse som rettslig grunnlag. Gimi kan dele informasjon for nasjonal sikkerhet eller juridiske form\u00e5l. Vi lagrer opplysningene s\u00e5 lenge det er n\u00f8dvendig, maksimalt 5 \u00e5r.<\/p>\n<p>&nbsp;<\/p>\n<h3><b>Informasjonskapsler<\/b><\/h3>\n<p class=\"p1\">Gimis nettsider bruker informasjonskapsler for \u00e5 forbedre tjenesten og markedsf\u00f8ringen. Les mer i v\u00e5re retningslinjer for informasjonskapsler.<\/p>\n<p>&nbsp;<\/p>\n<h3><b>Informasjonssikkerhet<\/b><\/h3>\n<p class=\"p1\">Vi gj\u00f8r alt vi kan for \u00e5 holde dine personlige opplysninger og annen data sikker fra \u00e5 havne i feil hender. Vi har forskjellige fysiske, elektroniske og organisatoriske sikkerhetstiltak for \u00e5 beskytte dem. Vi jobber etter etablerte rutiner og prinsipper for sikkerhet. Vi lagrer dataene p\u00e5 sikre servere og beskytter dem med sterke nettverk. Bare noen f\u00e5 personer som jobber her har tilgang til dem. Men, husk at ingen metode p\u00e5 internett er helt 100 % sikker.<\/p>\n<p>&nbsp;<\/p>\n<h3><b>Overf\u00f8ring til tredjeland<\/b><\/h3>\n<p class=\"p1\">For \u00e5 tilby Gimi-tjenesten, kan vi noen ganger sende, behandle og lagre din informasjon i forskjellige land. Noen ganger kan vi ogs\u00e5 leie inn andre selskaper utenfor ditt hjemland for \u00e5 hjelpe oss med \u00e5 behandle din informasjon. Hvis vi samler inn informasjon innenfor Det europeiske \u00f8konomiske samarbeidsomr\u00e5det (E\u00d8S), kan vi noen ganger sende og behandle den i et annet land utenfor E\u00d8S, prim\u00e6rt USA. Vi s\u00f8rger for at det dataene er tilstrekkelig beskyttet og at din informasjonen behandles med samme niv\u00e5 av sikkerhet som innenfor E\u00d8S. Du forst\u00e5r at vi kan gj\u00f8re dette med din informasjon, slik det er beskrevet i v\u00e5r personvernpolicy.<\/p>\n<p>&nbsp;<\/p>\n<h3><strong>Profilering og automatisert beslutningstaking<\/strong><\/h3>\n<p class=\"p1\">Profilering brukes til produktutvikling og statistikk uten juridiske konsekvenser. Automatisert beslutningstaking blir ikke brukt med juridiske konsekvenser<\/p>\n<p>&nbsp;<\/p>\n<h3><b>Dine rettigheter<\/b><\/h3>\n<p class=\"p1\">Det er viktig at du har kontroll over din egen informasjon p\u00e5 internett. Dette betyr at du har rett til \u00e5 vite hvilken informasjon som samles inn om deg, hvorfor den samles inn og hva den brukes til. Du har ogs\u00e5 rett til \u00e5 si &#8220;nei&#8221; hvis noen \u00f8nsker \u00e5 bruke din informasjon p\u00e5 en m\u00e5te du ikke liker. I tillegg kan du be om \u00e5 f\u00e5 vite hva de vet om deg og ogs\u00e5 be om \u00e5 f\u00e5 informasjonen slettet hvis du \u00f8nsker det. GDPR gir deg retten til \u00e5 ha kontroll over og bestemme over din egen informasjon p\u00e5 nettet. Du kan:<\/p>\n<ul class=\"ul1\">\n<li class=\"li1\">F\u00e5 informasjon om dine personopplysninger, korrigere dem, motsette deg v\u00e5r behandling, be oss om \u00e5 slette dem eller begrense hvordan vi bruker dem.<\/li>\n<li class=\"li1\">Si nei til behandling og be om at vi overf\u00f8rer dataene dine til et annet selskap (dataportabilitet).<\/li>\n<li class=\"li1\">Kontakte hello@gimitheapp.com eller dpo@gimitheapp.com for \u00e5 ut\u00f8ve dine rettigheter.<\/li>\n<li class=\"li1\">Levere en klage til <a href=\"https:\/\/www.datatilsynet.no\/en\/about-us\/contact-us\/\"><span class=\"s1\">Datatilsynet<\/span><\/a>.<\/li>\n<\/ul>\n\r\n                        <\/div>\r\r\n                    <\/div>\r\r\n                <\/div>\r\r\n            <\/div>\r\r\n        <\/div>\r\r\n    <\/div>\r\r\n<\/section>\r\r\n\r\r\n\r\r\n\r\r\n\r\r\n","protected":false},"excerpt":{"rendered":"","protected":false},"author":12,"featured_media":3048,"parent":0,"menu_order":0,"comment_status":"closed","ping_status":"closed","template":"","meta":{"inline_featured_image":false},"yoast_head":"<!-- This site is optimized with the Yoast SEO plugin v19.10 - https:\/\/yoast.com\/wordpress\/plugins\/seo\/ -->\n<title>Personvernerkl\u00e6ring - Gimi<\/title>\n<meta name=\"description\" content=\"We take privacy very seriously at Gimi. That\u2019s why we put together this list of rules &amp; information, \u201ca policy\u201d, so you know what information we collect.\" \/>\n<meta name=\"robots\" content=\"noindex, nofollow\" \/>\n<meta property=\"og:locale\" content=\"nb_NO\" \/>\n<meta property=\"og:type\" content=\"article\" \/>\n<meta property=\"og:title\" content=\"Personvernerkl\u00e6ring - Gimi\" \/>\n<meta property=\"og:description\" content=\"We take privacy very seriously at Gimi. That\u2019s why we put together this list of rules &amp; information, \u201ca policy\u201d, so you know what information we collect.\" \/>\n<meta property=\"og:url\" content=\"https:\/\/gimi.com\/no\/privacy-policy\/\" \/>\n<meta property=\"og:site_name\" content=\"Gimi\" \/>\n<meta property=\"article:publisher\" content=\"https:\/\/www.facebook.com\/GimiFinancialSuperskills\" \/>\n<meta property=\"article:modified_time\" content=\"2026-04-17T12:12:22+00:00\" \/>\n<meta property=\"og:image\" content=\"http:\/\/gimi.com\/wp-content\/uploads\/2022\/11\/gimi-logo-square.png\" \/>\n\t<meta property=\"og:image:width\" content=\"1080\" \/>\n\t<meta property=\"og:image:height\" content=\"1080\" \/>\n\t<meta property=\"og:image:type\" content=\"image\/png\" \/>\n<meta name=\"twitter:card\" content=\"summary_large_image\" \/>\n<script type=\"application\/ld+json\" class=\"yoast-schema-graph\">{\"@context\":\"https:\/\/schema.org\",\"@graph\":[{\"@type\":\"WebPage\",\"@id\":\"https:\/\/gimi.com\/no\/privacy-policy\/\",\"url\":\"https:\/\/gimi.com\/no\/privacy-policy\/\",\"name\":\"Personvernerkl\u00e6ring - Gimi\",\"isPartOf\":{\"@id\":\"https:\/\/gimi.com\/#website\"},\"datePublished\":\"2022-07-18T11:46:03+00:00\",\"dateModified\":\"2026-04-17T12:12:22+00:00\",\"description\":\"We take privacy very seriously at Gimi. That\u2019s why we put together this list of rules & information, \u201ca policy\u201d, so you know what information we collect.\",\"breadcrumb\":{\"@id\":\"https:\/\/gimi.com\/no\/privacy-policy\/#breadcrumb\"},\"inLanguage\":\"nb-NO\",\"potentialAction\":[{\"@type\":\"ReadAction\",\"target\":[\"https:\/\/gimi.com\/no\/privacy-policy\/\"]}]},{\"@type\":\"BreadcrumbList\",\"@id\":\"https:\/\/gimi.com\/no\/privacy-policy\/#breadcrumb\",\"itemListElement\":[{\"@type\":\"ListItem\",\"position\":1,\"name\":\"Home\",\"item\":\"https:\/\/gimi.com\/no\/\"},{\"@type\":\"ListItem\",\"position\":2,\"name\":\"Personvernerkl\u00e6ring\"}]},{\"@type\":\"WebSite\",\"@id\":\"https:\/\/gimi.com\/#website\",\"url\":\"https:\/\/gimi.com\/\",\"name\":\"Gimi\",\"description\":\"Gimi\",\"publisher\":{\"@id\":\"https:\/\/gimi.com\/#organization\"},\"potentialAction\":[{\"@type\":\"SearchAction\",\"target\":{\"@type\":\"EntryPoint\",\"urlTemplate\":\"https:\/\/gimi.com\/?s={search_term_string}\"},\"query-input\":\"required name=search_term_string\"}],\"inLanguage\":\"nb-NO\"},{\"@type\":\"Organization\",\"@id\":\"https:\/\/gimi.com\/#organization\",\"name\":\"Gimi\",\"url\":\"https:\/\/gimi.com\/\",\"logo\":{\"@type\":\"ImageObject\",\"inLanguage\":\"nb-NO\",\"@id\":\"https:\/\/gimi.com\/#\/schema\/logo\/image\/\",\"url\":\"https:\/\/gimi.com\/wp-content\/uploads\/2022\/11\/gimi-logo-square.png\",\"contentUrl\":\"https:\/\/gimi.com\/wp-content\/uploads\/2022\/11\/gimi-logo-square.png\",\"width\":1080,\"height\":1080,\"caption\":\"Gimi\"},\"image\":{\"@id\":\"https:\/\/gimi.com\/#\/schema\/logo\/image\/\"},\"sameAs\":[\"https:\/\/www.youtube.com\/c\/Gimi-FinancialSuperskills\",\"https:\/\/www.instagram.com\/gimitheapp\/?hl=en\",\"https:\/\/www.facebook.com\/GimiFinancialSuperskills\"]}]}<\/script>\n<!-- \/ Yoast SEO plugin. -->","yoast_head_json":{"title":"Personvernerkl\u00e6ring - Gimi","description":"We take privacy very seriously at Gimi. That\u2019s why we put together this list of rules & information, \u201ca policy\u201d, so you know what information we collect.","robots":{"index":"noindex","follow":"nofollow"},"og_locale":"nb_NO","og_type":"article","og_title":"Personvernerkl\u00e6ring - Gimi","og_description":"We take privacy very seriously at Gimi. That\u2019s why we put together this list of rules & information, \u201ca policy\u201d, so you know what information we collect.","og_url":"https:\/\/gimi.com\/no\/privacy-policy\/","og_site_name":"Gimi","article_publisher":"https:\/\/www.facebook.com\/GimiFinancialSuperskills","article_modified_time":"2026-04-17T12:12:22+00:00","og_image":[{"width":1080,"height":1080,"url":"http:\/\/gimi.com\/wp-content\/uploads\/2022\/11\/gimi-logo-square.png","type":"image\/png"}],"twitter_card":"summary_large_image","schema":{"@context":"https:\/\/schema.org","@graph":[{"@type":"WebPage","@id":"https:\/\/gimi.com\/no\/privacy-policy\/","url":"https:\/\/gimi.com\/no\/privacy-policy\/","name":"Personvernerkl\u00e6ring - Gimi","isPartOf":{"@id":"https:\/\/gimi.com\/#website"},"datePublished":"2022-07-18T11:46:03+00:00","dateModified":"2026-04-17T12:12:22+00:00","description":"We take privacy very seriously at Gimi. That\u2019s why we put together this list of rules & information, \u201ca policy\u201d, so you know what information we collect.","breadcrumb":{"@id":"https:\/\/gimi.com\/no\/privacy-policy\/#breadcrumb"},"inLanguage":"nb-NO","potentialAction":[{"@type":"ReadAction","target":["https:\/\/gimi.com\/no\/privacy-policy\/"]}]},{"@type":"BreadcrumbList","@id":"https:\/\/gimi.com\/no\/privacy-policy\/#breadcrumb","itemListElement":[{"@type":"ListItem","position":1,"name":"Home","item":"https:\/\/gimi.com\/no\/"},{"@type":"ListItem","position":2,"name":"Personvernerkl\u00e6ring"}]},{"@type":"WebSite","@id":"https:\/\/gimi.com\/#website","url":"https:\/\/gimi.com\/","name":"Gimi","description":"Gimi","publisher":{"@id":"https:\/\/gimi.com\/#organization"},"potentialAction":[{"@type":"SearchAction","target":{"@type":"EntryPoint","urlTemplate":"https:\/\/gimi.com\/?s={search_term_string}"},"query-input":"required name=search_term_string"}],"inLanguage":"nb-NO"},{"@type":"Organization","@id":"https:\/\/gimi.com\/#organization","name":"Gimi","url":"https:\/\/gimi.com\/","logo":{"@type":"ImageObject","inLanguage":"nb-NO","@id":"https:\/\/gimi.com\/#\/schema\/logo\/image\/","url":"https:\/\/gimi.com\/wp-content\/uploads\/2022\/11\/gimi-logo-square.png","contentUrl":"https:\/\/gimi.com\/wp-content\/uploads\/2022\/11\/gimi-logo-square.png","width":1080,"height":1080,"caption":"Gimi"},"image":{"@id":"https:\/\/gimi.com\/#\/schema\/logo\/image\/"},"sameAs":["https:\/\/www.youtube.com\/c\/Gimi-FinancialSuperskills","https:\/\/www.instagram.com\/gimitheapp\/?hl=en","https:\/\/www.facebook.com\/GimiFinancialSuperskills"]}]}},"_links":{"self":[{"href":"https:\/\/gimi.com\/no\/wp-json\/wp\/v2\/pages\/591"}],"collection":[{"href":"https:\/\/gimi.com\/no\/wp-json\/wp\/v2\/pages"}],"about":[{"href":"https:\/\/gimi.com\/no\/wp-json\/wp\/v2\/types\/page"}],"author":[{"embeddable":true,"href":"https:\/\/gimi.com\/no\/wp-json\/wp\/v2\/users\/12"}],"replies":[{"embeddable":true,"href":"https:\/\/gimi.com\/no\/wp-json\/wp\/v2\/comments?post=591"}],"version-history":[{"count":28,"href":"https:\/\/gimi.com\/no\/wp-json\/wp\/v2\/pages\/591\/revisions"}],"predecessor-version":[{"id":6134,"href":"https:\/\/gimi.com\/no\/wp-json\/wp\/v2\/pages\/591\/revisions\/6134"}],"wp:featuredmedia":[{"embeddable":true,"href":"https:\/\/gimi.com\/no\/wp-json\/wp\/v2\/media\/3048"}],"wp:attachment":[{"href":"https:\/\/gimi.com\/no\/wp-json\/wp\/v2\/media?parent=591"}],"curies":[{"name":"wp","href":"https:\/\/api.w.org\/{rel}","templated":true}]}}