






{"id":5885,"date":"2025-06-25T11:30:26","date_gmt":"2025-06-25T11:30:26","guid":{"rendered":"https:\/\/gimi.com\/foraldraguide\/"},"modified":"2026-03-05T15:22:10","modified_gmt":"2026-03-05T15:22:10","slug":"foraldraguide","status":"publish","type":"page","link":"https:\/\/gimi.com\/no\/foraldraguide\/","title":{"rendered":"Veiledning for foreldre"},"content":{"rendered":"\r\n<!--style=\"background-image: url(--><!--);\"-->\r\r\n<section id=\"banner-block_685c077000de1\" class=\"_hmbnr color-white   _ob_opsition alignwide  _bannerCover\"  >\r\r\n    <div class=\"container\">\r\r\n        <div class=\"row\">\r\r\n            <div class=\"col-md-12\">\r\r\n                <div class=\"_hdrContent\"  >\r\r\n                    <h1 data-aos=\"fade-down\" class=\"color-white\">Slik hjelper du barnet ditt \u00e5 bli pengesmart<\/h1>\r\r\n                    <p data-aos=\"fade-up\" >Det er ikke lett \u00e5 forklare barn om penger, spesielt ikke uten penger. Men det finnes veier videre som har vist seg \u00e5 fungere. N\u00f8kkelen er \u00e5 t\u00f8rre \u00e5 gi barn frihet \u2013 innenfor trygge rammer. Forskning viser at barn l\u00e6rer \u00f8konomi best sammen med foreldrene sine.<\/p>\r\r\n                    \r\n                <\/div>\r\r\n            <\/div>\r\r\n        <\/div>\r\r\n    <\/div>\r\r\n    <div class=\"_bnrAtchmnt\" data-aos=\"fade-down\" >\r\r\n<!--        -->\r\n        <img decoding=\"async\" src=\"https:\/\/gimi.com\/wp-content\/uploads\/2025\/06\/moth4.png\" alt=\"\" class=\"img-fluid\">\r\r\n    <\/div>\r\r\n\r\r\n\r\r\n<\/section>\r\r\n\n\n\r\n\r\r\n<section  data-aos=\"fade-up\" data-aos-easing=\"ease-in-sine\" id=\"article-block_685c0280a3c31\" class=\"_article _topGray  alignwide  \" >\r\r\n    <div class=\"container\">\r\r\n        <div class=\"row\">\r\r\n            <div class=\"col-md-12\">\r\r\n                <div class=\"_pageHdr _container-1000    \">\r\r\n                    <h1>Veiledning for foreldre<\/h1>\r\r\n                    <div class=\"_pgHdrDesc\">\r\r\n                        TRE DELER \u00c5 FOKUSERE P\u00c5\r\n                    <\/div>\r\r\n                <\/div>\r\r\n                <div class=\"_pageCntnt _container-690\">\r\r\n                    <div class=\"_articleImg\">\r\r\n                        \r\n                    <\/div>\r\r\n                    <div class=\"_art_desc\">\r\r\n                        <h3>Bruke<\/h3>\n<h5>L\u00e6r verdien av penger<\/h5>\n<ol>\n<li><strong>La barnet ditt ta sine egne kj\u00f8psbeslutninger.<\/strong> Gi barnet friheten til \u00e5 bruke deler av ukepengene sine \u2013 selv om du synes kj\u00f8pet er un\u00f8dvendig. Din egen erfaring er den beste l\u00e6reren.<\/li>\n<li><strong>Snakk om forskjellen mellom behov og \u00f8nsker.<\/strong> Hjelp barnet ditt \u00e5 forst\u00e5 forskjellen mellom hva du trenger og hva du bare vil ha. Bruk hverdagseksempler: Merkejakke eller \u00abvanlig jakke\u00bb?<\/li>\n<li><strong>Vis at pengene g\u00e5r tom.<\/strong> La barnet ditt oppleve at penger ikke er nok til alt. Det er en viktig innsikt som bygger ansvar.<\/li>\n<\/ol>\n<p><em>Med Gimi kan barnet ditt f\u00e5 hjelp til \u00e5 enkelt holde oversikt over saldoen sin, f\u00e5 m\u00e5nedlig statistikk over kj\u00f8p og f\u00e5 ukepengene sine utbetalt.<\/em><\/p>\n<h3><img data-dominant-color=\"bec0cc\" data-has-transparency=\"true\" style=\"--dominant-color: #bec0cc;\" decoding=\"async\" loading=\"lazy\" class=\"has-transparency aligncenter wp-image-5900 size-full\" src=\"http:\/\/gimi.com\/wp-content\/uploads\/2025\/08\/kontoNO.png\" alt=\"\" width=\"1636\" height=\"956\" srcset=\"https:\/\/gimi.com\/wp-content\/uploads\/2025\/08\/kontoNO.png 1636w, https:\/\/gimi.com\/wp-content\/uploads\/2025\/08\/kontoNO-300x175.png 300w, https:\/\/gimi.com\/wp-content\/uploads\/2025\/08\/kontoNO-1024x598.png 1024w, https:\/\/gimi.com\/wp-content\/uploads\/2025\/08\/kontoNO-768x449.png 768w, https:\/\/gimi.com\/wp-content\/uploads\/2025\/08\/kontoNO-1536x898.png 1536w\" sizes=\"(max-width: 1636px) 100vw, 1636px\" \/><\/h3>\n<h3><img data-dominant-color=\"ffffff\" data-has-transparency=\"false\" style=\"--dominant-color: #ffffff;\" decoding=\"async\" loading=\"lazy\" class=\"not-transparent aligncenter size-medium wp-image-5848\" src=\"http:\/\/gimi.com\/wp-content\/uploads\/2025\/06\/whitespace-300x62.png\" alt=\"\" width=\"300\" height=\"62\" srcset=\"https:\/\/gimi.com\/wp-content\/uploads\/2025\/06\/whitespace-300x62.png 300w, https:\/\/gimi.com\/wp-content\/uploads\/2025\/06\/whitespace.png 760w\" sizes=\"(max-width: 300px) 100vw, 300px\" \/><\/h3>\n<h3>Tjene<\/h3>\n<h5>Penger kommer ikke av seg selv.<\/h5>\n<ol>\n<li><strong>Koble sammen arbeid og bel\u00f8nning.<\/strong> La barnet ditt tjene ekstra penger ved \u00e5 gj\u00f8re enkle husarbeid som g\u00e5r utover det vanlige \u2013 for eksempel \u00e5 g\u00e5 tur med hunden eller rydde i boden.<\/li>\n<li><strong>Oppmuntre til initiativ.<\/strong> Hvis barnet ditt kommer opp med egne ideer (som \u00e5 selge juice eller hjelpe naboer), st\u00f8tt dem og vis at du tror p\u00e5 deres evner.<\/li>\n<li><strong>Snakk om stolthet over \u00e5 tjene egne penger.<\/strong> Legg vekt p\u00e5 hvor godt det f\u00f8les \u00e5 kj\u00f8pe noe for egne penger. Dette bygger b\u00e5de selvtillit og forst\u00e5else for verdien av penger.<\/li>\n<\/ol>\n<p><em>Med Gimi kan du sette opp oppgaver direkte i appen. Enten som frittst\u00e5ende oppgaver, eller som grunnlag for ukepenger. Barnet kan ogs\u00e5 foresl\u00e5 dem selv.<\/em><\/p>\n<h3><img data-dominant-color=\"d1d2d9\" data-has-transparency=\"true\" style=\"--dominant-color: #d1d2d9;\" decoding=\"async\" loading=\"lazy\" class=\"has-transparency aligncenter wp-image-5905 size-full\" src=\"http:\/\/gimi.com\/wp-content\/uploads\/2025\/08\/oppgaver.png\" alt=\"\" width=\"1644\" height=\"976\" srcset=\"https:\/\/gimi.com\/wp-content\/uploads\/2025\/08\/oppgaver.png 1644w, https:\/\/gimi.com\/wp-content\/uploads\/2025\/08\/oppgaver-300x178.png 300w, https:\/\/gimi.com\/wp-content\/uploads\/2025\/08\/oppgaver-1024x608.png 1024w, https:\/\/gimi.com\/wp-content\/uploads\/2025\/08\/oppgaver-768x456.png 768w, https:\/\/gimi.com\/wp-content\/uploads\/2025\/08\/oppgaver-1536x912.png 1536w\" sizes=\"(max-width: 1644px) 100vw, 1644px\" \/><\/h3>\n<h3><img data-dominant-color=\"ffffff\" data-has-transparency=\"false\" style=\"--dominant-color: #ffffff;\" decoding=\"async\" loading=\"lazy\" class=\"not-transparent aligncenter wp-image-5848 size-medium\" src=\"http:\/\/gimi.com\/wp-content\/uploads\/2025\/06\/whitespace-300x62.png\" alt=\"\" width=\"300\" height=\"62\" srcset=\"https:\/\/gimi.com\/wp-content\/uploads\/2025\/06\/whitespace-300x62.png 300w, https:\/\/gimi.com\/wp-content\/uploads\/2025\/06\/whitespace.png 760w\" sizes=\"(max-width: 300px) 100vw, 300px\" \/><\/h3>\n<h3>Spare<\/h3>\n<h5>Grunnlaget for sikkerhet og m\u00e5l<\/h5>\n<ol>\n<li><strong>Snakk om m\u00e5l p\u00e5 barnets niv\u00e5.<\/strong> Hjelp barnet ditt med \u00e5 sette konkrete sparem\u00e5l, for eksempel et leket\u00f8y eller nye hodetelefoner \u2013 helst med bilder eller en liste for \u00e5 visualisere m\u00e5let.<\/li>\n<li><strong>Vis at sparing tar tid.<\/strong> Forklar at du ikke kan f\u00e5 alt med en gang \u2013 og det er bra! \u00c5 vente og spare gj\u00f8r bel\u00f8nningen mer verdifull.<\/li>\n<li><strong>Gj\u00f8r sparing til en vane.<\/strong> Oppmuntre barnet ditt til \u00e5 sette av en del av ukepengene sine hver gang. S\u00f8rg for at barnet ditt kan se sparingen vokse og komme n\u00e6rmere m\u00e5let sitt.<\/li>\n<\/ol>\n<p><em>Med Gimi kan barnet ditt velge \u00e5 spare til for eksempel et par hodetelefoner, og jobbe mot m\u00e5let selv ved \u00e5 sette av penger i sparesafen sin. Som forelder kan du oppmuntre til sparing ved \u00e5 sette inn en bonus.<\/em><\/p>\n<p><img data-dominant-color=\"c0c3d4\" data-has-transparency=\"true\" style=\"--dominant-color: #c0c3d4;\" decoding=\"async\" loading=\"lazy\" class=\"has-transparency aligncenter size-full wp-image-5830\" src=\"http:\/\/gimi.com\/wp-content\/uploads\/2025\/06\/karta.png\" alt=\"\" width=\"922\" height=\"547\" srcset=\"https:\/\/gimi.com\/wp-content\/uploads\/2025\/06\/karta.png 922w, https:\/\/gimi.com\/wp-content\/uploads\/2025\/06\/karta-300x178.png 300w, https:\/\/gimi.com\/wp-content\/uploads\/2025\/06\/karta-768x456.png 768w\" sizes=\"(max-width: 922px) 100vw, 922px\" \/><\/p>\n\r\n                    <\/div>\r\r\n\r\r\n                <\/div>\r\r\n            <\/div>\r\r\n        <\/div>\r\r\n    <\/div>\r\r\n<\/section>\r\r\n\r\r\n\r\r\n\r\r\n\r\r\n","protected":false},"excerpt":{"rendered":"","protected":false},"author":13,"featured_media":0,"parent":0,"menu_order":0,"comment_status":"closed","ping_status":"closed","template":"","meta":{"inline_featured_image":false},"yoast_head":"<!-- This site is optimized with the Yoast SEO plugin v19.10 - https:\/\/yoast.com\/wordpress\/plugins\/seo\/ -->\n<title>Veiledning for foreldre - Gimi<\/title>\n<meta name=\"robots\" content=\"index, follow, max-snippet:-1, max-image-preview:large, max-video-preview:-1\" \/>\n<link rel=\"canonical\" href=\"https:\/\/gimi.com\/no\/foraldraguide\/\" \/>\n<meta property=\"og:locale\" content=\"nb_NO\" \/>\n<meta property=\"og:type\" content=\"article\" \/>\n<meta property=\"og:title\" content=\"Guide: Slik hjelper du barnet ditt med \u00e5 bli \u00f8konomisk smart\" \/>\n<meta property=\"og:url\" content=\"https:\/\/gimi.com\/no\/foraldraguide\/\" \/>\n<meta property=\"og:site_name\" content=\"Gimi\" \/>\n<meta property=\"article:publisher\" content=\"https:\/\/www.facebook.com\/GimiFinancialSuperskills\" \/>\n<meta property=\"article:modified_time\" content=\"2026-03-05T15:22:10+00:00\" \/>\n<meta property=\"og:image\" content=\"http:\/\/gimi.com\/wp-content\/uploads\/2025\/06\/mother2-1024x626.png\" \/>\n\t<meta property=\"og:image:width\" content=\"1024\" \/>\n\t<meta property=\"og:image:height\" content=\"626\" \/>\n\t<meta property=\"og:image:type\" content=\"image\/png\" \/>\n<meta name=\"twitter:card\" content=\"summary_large_image\" \/>\n<meta name=\"twitter:image\" content=\"https:\/\/gimi.com\/wp-content\/uploads\/2025\/06\/mother2.png\" \/>\n<script type=\"application\/ld+json\" class=\"yoast-schema-graph\">{\"@context\":\"https:\/\/schema.org\",\"@graph\":[{\"@type\":\"WebPage\",\"@id\":\"https:\/\/gimi.com\/no\/foraldraguide\/\",\"url\":\"https:\/\/gimi.com\/no\/foraldraguide\/\",\"name\":\"Veiledning for foreldre - Gimi\",\"isPartOf\":{\"@id\":\"https:\/\/gimi.com\/#website\"},\"datePublished\":\"2025-06-25T11:30:26+00:00\",\"dateModified\":\"2026-03-05T15:22:10+00:00\",\"breadcrumb\":{\"@id\":\"https:\/\/gimi.com\/no\/foraldraguide\/#breadcrumb\"},\"inLanguage\":\"nb-NO\",\"potentialAction\":[{\"@type\":\"ReadAction\",\"target\":[\"https:\/\/gimi.com\/no\/foraldraguide\/\"]}]},{\"@type\":\"BreadcrumbList\",\"@id\":\"https:\/\/gimi.com\/no\/foraldraguide\/#breadcrumb\",\"itemListElement\":[{\"@type\":\"ListItem\",\"position\":1,\"name\":\"Home\",\"item\":\"https:\/\/gimi.com\/no\/\"},{\"@type\":\"ListItem\",\"position\":2,\"name\":\"Veiledning for foreldre\"}]},{\"@type\":\"WebSite\",\"@id\":\"https:\/\/gimi.com\/#website\",\"url\":\"https:\/\/gimi.com\/\",\"name\":\"Gimi\",\"description\":\"Gimi\",\"publisher\":{\"@id\":\"https:\/\/gimi.com\/#organization\"},\"potentialAction\":[{\"@type\":\"SearchAction\",\"target\":{\"@type\":\"EntryPoint\",\"urlTemplate\":\"https:\/\/gimi.com\/?s={search_term_string}\"},\"query-input\":\"required name=search_term_string\"}],\"inLanguage\":\"nb-NO\"},{\"@type\":\"Organization\",\"@id\":\"https:\/\/gimi.com\/#organization\",\"name\":\"Gimi\",\"url\":\"https:\/\/gimi.com\/\",\"logo\":{\"@type\":\"ImageObject\",\"inLanguage\":\"nb-NO\",\"@id\":\"https:\/\/gimi.com\/#\/schema\/logo\/image\/\",\"url\":\"https:\/\/gimi.com\/wp-content\/uploads\/2022\/11\/gimi-logo-square.png\",\"contentUrl\":\"https:\/\/gimi.com\/wp-content\/uploads\/2022\/11\/gimi-logo-square.png\",\"width\":1080,\"height\":1080,\"caption\":\"Gimi\"},\"image\":{\"@id\":\"https:\/\/gimi.com\/#\/schema\/logo\/image\/\"},\"sameAs\":[\"https:\/\/www.youtube.com\/c\/Gimi-FinancialSuperskills\",\"https:\/\/www.instagram.com\/gimitheapp\/?hl=en\",\"https:\/\/www.facebook.com\/GimiFinancialSuperskills\"]}]}<\/script>\n<!-- \/ Yoast SEO plugin. -->","yoast_head_json":{"title":"Veiledning for foreldre - Gimi","robots":{"index":"index","follow":"follow","max-snippet":"max-snippet:-1","max-image-preview":"max-image-preview:large","max-video-preview":"max-video-preview:-1"},"canonical":"https:\/\/gimi.com\/no\/foraldraguide\/","og_locale":"nb_NO","og_type":"article","og_title":"Guide: Slik hjelper du barnet ditt med \u00e5 bli \u00f8konomisk smart","og_url":"https:\/\/gimi.com\/no\/foraldraguide\/","og_site_name":"Gimi","article_publisher":"https:\/\/www.facebook.com\/GimiFinancialSuperskills","article_modified_time":"2026-03-05T15:22:10+00:00","og_image":[{"width":1024,"height":626,"url":"http:\/\/gimi.com\/wp-content\/uploads\/2025\/06\/mother2-1024x626.png","type":"image\/png"}],"twitter_card":"summary_large_image","twitter_image":"https:\/\/gimi.com\/wp-content\/uploads\/2025\/06\/mother2.png","schema":{"@context":"https:\/\/schema.org","@graph":[{"@type":"WebPage","@id":"https:\/\/gimi.com\/no\/foraldraguide\/","url":"https:\/\/gimi.com\/no\/foraldraguide\/","name":"Veiledning for foreldre - Gimi","isPartOf":{"@id":"https:\/\/gimi.com\/#website"},"datePublished":"2025-06-25T11:30:26+00:00","dateModified":"2026-03-05T15:22:10+00:00","breadcrumb":{"@id":"https:\/\/gimi.com\/no\/foraldraguide\/#breadcrumb"},"inLanguage":"nb-NO","potentialAction":[{"@type":"ReadAction","target":["https:\/\/gimi.com\/no\/foraldraguide\/"]}]},{"@type":"BreadcrumbList","@id":"https:\/\/gimi.com\/no\/foraldraguide\/#breadcrumb","itemListElement":[{"@type":"ListItem","position":1,"name":"Home","item":"https:\/\/gimi.com\/no\/"},{"@type":"ListItem","position":2,"name":"Veiledning for foreldre"}]},{"@type":"WebSite","@id":"https:\/\/gimi.com\/#website","url":"https:\/\/gimi.com\/","name":"Gimi","description":"Gimi","publisher":{"@id":"https:\/\/gimi.com\/#organization"},"potentialAction":[{"@type":"SearchAction","target":{"@type":"EntryPoint","urlTemplate":"https:\/\/gimi.com\/?s={search_term_string}"},"query-input":"required name=search_term_string"}],"inLanguage":"nb-NO"},{"@type":"Organization","@id":"https:\/\/gimi.com\/#organization","name":"Gimi","url":"https:\/\/gimi.com\/","logo":{"@type":"ImageObject","inLanguage":"nb-NO","@id":"https:\/\/gimi.com\/#\/schema\/logo\/image\/","url":"https:\/\/gimi.com\/wp-content\/uploads\/2022\/11\/gimi-logo-square.png","contentUrl":"https:\/\/gimi.com\/wp-content\/uploads\/2022\/11\/gimi-logo-square.png","width":1080,"height":1080,"caption":"Gimi"},"image":{"@id":"https:\/\/gimi.com\/#\/schema\/logo\/image\/"},"sameAs":["https:\/\/www.youtube.com\/c\/Gimi-FinancialSuperskills","https:\/\/www.instagram.com\/gimitheapp\/?hl=en","https:\/\/www.facebook.com\/GimiFinancialSuperskills"]}]}},"_links":{"self":[{"href":"https:\/\/gimi.com\/no\/wp-json\/wp\/v2\/pages\/5885"}],"collection":[{"href":"https:\/\/gimi.com\/no\/wp-json\/wp\/v2\/pages"}],"about":[{"href":"https:\/\/gimi.com\/no\/wp-json\/wp\/v2\/types\/page"}],"author":[{"embeddable":true,"href":"https:\/\/gimi.com\/no\/wp-json\/wp\/v2\/users\/13"}],"replies":[{"embeddable":true,"href":"https:\/\/gimi.com\/no\/wp-json\/wp\/v2\/comments?post=5885"}],"version-history":[{"count":14,"href":"https:\/\/gimi.com\/no\/wp-json\/wp\/v2\/pages\/5885\/revisions"}],"predecessor-version":[{"id":5913,"href":"https:\/\/gimi.com\/no\/wp-json\/wp\/v2\/pages\/5885\/revisions\/5913"}],"wp:attachment":[{"href":"https:\/\/gimi.com\/no\/wp-json\/wp\/v2\/media?parent=5885"}],"curies":[{"name":"wp","href":"https:\/\/api.w.org\/{rel}","templated":true}]}}