






{"id":588,"date":"2022-07-06T10:14:17","date_gmt":"2022-07-06T10:14:17","guid":{"rendered":"https:\/\/gimi.looplabz.com\/?page_id=588"},"modified":"2025-09-05T13:40:26","modified_gmt":"2025-09-05T13:40:26","slug":"priser","status":"publish","type":"page","link":"https:\/\/gimi.com\/no\/priser\/","title":{"rendered":"Priser"},"content":{"rendered":"\r\n<!--style=\"background-image: url(--><!--);\"-->\r\r\n<section id=\"banner-block_63512bd49acaf\" class=\"_hmbnr color-white   _ob_opsitionTpRight  _bannerCover\"  >\r\r\n    <div class=\"container\">\r\r\n        <div class=\"row\">\r\r\n            <div class=\"col-md-12\">\r\r\n                <div class=\"_hdrContent\"  >\r\r\n                    <h1 data-aos=\"fade-down\" class=\"color-white\">Priser.<\/h1>\r\r\n                    <p data-aos=\"fade-up\" >F\u00e5 hele Gimi-opplevelsen med Gimi Pro. Start din gratis pr\u00f8veperiode i dag!<\/p>\r\r\n                    \r\n                        <a href=\"https:\/\/gimi.onelink.me\/PNSs\/akm89un3\" data-aos=\"fade-up\" class=\"_btn\" target=\"_self\">Last ned appen<\/a>\r\r\n                    \r\n                <\/div>\r\r\n            <\/div>\r\r\n        <\/div>\r\r\n    <\/div>\r\r\n    <div class=\"_bnrAtchmnt\" data-aos=\"fade-down\" >\r\r\n<!--        -->\r\n        <img decoding=\"async\" src=\"https:\/\/gimi.com\/wp-content\/uploads\/2022\/12\/hero_pricing.webp\" alt=\"\" class=\"img-fluid\">\r\r\n    <\/div>\r\r\n\r\r\n\r\r\n<\/section>\r\r\n\n\n\r\n\r\r\n<section  data-aos=\"fade-up\" data-aos-easing=\"ease-in-sine\" id=\"pricing_cntnt_block_62c5894d222fc\" class=\"_pricing  alignfull _top-50 _bottom-50\" >\r\r\n    <div class=\"container\">\r\r\n        <div class=\"row _spcing-40 align-items-center mob_revers\">\r\r\n            \r\n            <div class=\"col-md-6\">\r\r\n                <div class=\"\" data-aos=\"fade-right\">\r\r\n                    <img width=\"1323\" height=\"1524\" src=\"https:\/\/gimi.com\/wp-content\/uploads\/2022\/12\/planet_map.webp\" class=\"attachment-full size-full\" alt=\"planet map from app\" decoding=\"async\" loading=\"lazy\" srcset=\"https:\/\/gimi.com\/wp-content\/uploads\/2022\/12\/planet_map.webp 1323w, https:\/\/gimi.com\/wp-content\/uploads\/2022\/12\/planet_map-260x300.webp 260w, https:\/\/gimi.com\/wp-content\/uploads\/2022\/12\/planet_map-889x1024.webp 889w, https:\/\/gimi.com\/wp-content\/uploads\/2022\/12\/planet_map-768x885.webp 768w\" sizes=\"(max-width: 1323px) 100vw, 1323px\" \/>\r\n                <\/div>\r\r\n            <\/div>\r\r\n            <div class=\"col-md-6\">\r\r\n                <div class=\"_pricCntDes\">\r\r\n                    <h2>F\u00e5 hele Gimi-opplevelsen.<\/h2>\r\r\n\r\r\n                        \r\n                            <div class=\"row\">\r\r\n                           \r\n                                <div class=\"col-6\">\r\r\n                                    <div class=\"_pricCntItm\">\r\r\n                                        <h5 data-aos=\"fade-down\">Koble barnets bankkonto til Gimi.<\/h5>\r\r\n                                        <p data-aos=\"fade-up\">F\u00e5 den ultimate kombinasjonen for ditt barns finansielle l\u00e6ring ved \u00e5 bruke Gimi med barnets bankkonto.<\/p>\r\r\n                                    <\/div>\r\r\n                                <\/div>\r\r\n                            \r\n                                <div class=\"col-6\">\r\r\n                                    <div class=\"_pricCntItm\">\r\r\n                                        <h5 data-aos=\"fade-down\">Utforsk famillie oppdragene v\u00e5re.<\/h5>\r\r\n                                        <p data-aos=\"fade-up\">Barn l\u00e6rer ikke \u00e5 h\u00e5ndtere penger ved \u00e5 lese, men ved \u00e5 gj\u00f8re. I familieoppdragene v\u00e5re l\u00e6rer dere om privat\u00f8konomi sammen. Bygg sterke privat\u00f8konomiske vaner ved \u00e5 \u00f8ve p\u00e5 hvordan dere tar fornuftige \u00f8konomiske beslutninger i hverdagen.<\/p>\r\r\n                                    <\/div>\r\r\n                                <\/div>\r\r\n                            \r\n                                <div class=\"col-6\">\r\r\n                                    <div class=\"_pricCntItm\">\r\r\n                                        <h5 data-aos=\"fade-down\">F\u00e5 tilgang til Superskills Adventure.<\/h5>\r\r\n                                        <p data-aos=\"fade-up\">Gi barnet ditt tilgang til 40+ leksjoner og utfordringer om privat\u00f8konomi. Utdanningspakken er utviklet av eksperter innen didaktikk og inneholder alt det grunnleggende barnet ditt m\u00e5 vite for \u00e5 forst\u00e5 privat\u00f8konomi.<\/p>\r\r\n                                    <\/div>\r\r\n                                <\/div>\r\r\n                            \r\n                                <div class=\"col-6\">\r\r\n                                    <div class=\"_pricCntItm\">\r\r\n                                        <h5 data-aos=\"fade-down\">\u00c5 l\u00e6re \u00e5 spare er en l\u00e6rdom for livet.<\/h5>\r\r\n                                        <p data-aos=\"fade-up\">\u00c5 opprette et sparem\u00e5l muliggj\u00f8r bedre sparevaner. La barnet l\u00e6re \u00e5 forvalte pengene sine bedre ved \u00e5 ta ansvar for sine egne sparem\u00e5l.<\/p>\r\r\n                                    <\/div>\r\r\n                                <\/div>\r\r\n                            \r\n                            <\/div>\r\r\n                       \r\n                    \r\n\r\r\n                <\/div>\r\r\n            <\/div>\r\r\n        <\/div>\r\r\n    <\/div>\r\r\n<\/section>\r\r\n\r\r\n\r\r\n\r\r\n\r\r\n\n\n\r\n\r\r\n<section  data-aos=\"fade-up\" data-aos-easing=\"ease-in-sine\" id=\"pricing_cntnt_block_62c59b660d375\" class=\"_pricing_list  alignwide _top-50 _bottom-50\" >\r\r\n    <div class=\"container _container-1000\">\r\r\n        \r\n            <div class=\"row\">\r\r\n                \r\n                <div class=\"col-md-6\">\r\r\n                    <div class=\"_plistBlock\">\r\r\n                        <h3>Gimi Gratis<\/h3>\r\r\n                        <p><\/p>\r\r\n                        \r\n                            <ul>\r\r\n                                \r\n                                    <li class=\"\" data-aos=\"fade-up\">\r\r\n                                        Koble til hele familien<\/li>\r\r\n                                \r\n                                    <li class=\"\" data-aos=\"fade-up\">\r\r\n                                        Sparegris<\/li>\r\r\n                                \r\n                                    <li class=\"\" data-aos=\"fade-up\">\r\r\n                                        Ukepenger<\/li>\r\r\n                                \r\n                                    <li class=\"\" data-aos=\"fade-up\">\r\r\n                                        Oppgaver<\/li>\r\r\n                                \r\n                                    <li class=\"_disabled\" data-aos=\"fade-up\">\r\r\n                                        Sparem\u00e5l<\/li>\r\r\n                                \r\n                                    <li class=\"_disabled\" data-aos=\"fade-up\">\r\r\n                                        Koble til bankkonto<\/li>\r\r\n                                \r\n                                    <li class=\"_disabled\" data-aos=\"fade-up\">\r\r\n                                        Leksjoner<\/li>\r\r\n                                \r\n                                    <li class=\"_disabled\" data-aos=\"fade-up\">\r\r\n                                        Familieoppdrag<\/li>\r\r\n                                \r\n                            <\/ul>\r\r\n                        \r\n                    <\/div>\r\r\n                <\/div>\r\r\n                \r\n                <div class=\"col-md-6\">\r\r\n                    <div class=\"_plistBlock\">\r\r\n                        <h3>Gimi Pro<\/h3>\r\r\n                        <p>Pris fra 39 NOK\/m\u00e5ned<\/p>\r\r\n                        \r\n                            <ul>\r\r\n                                \r\n                                    <li class=\"\" data-aos=\"fade-up\">\r\r\n                                        Koble til hele familien<\/li>\r\r\n                                \r\n                                    <li class=\"\" data-aos=\"fade-up\">\r\r\n                                        Sparegris<\/li>\r\r\n                                \r\n                                    <li class=\"\" data-aos=\"fade-up\">\r\r\n                                        Ukepenger<\/li>\r\r\n                                \r\n                                    <li class=\"\" data-aos=\"fade-up\">\r\r\n                                        Ubegrensede Oppgaver<\/li>\r\r\n                                \r\n                                    <li class=\"\" data-aos=\"fade-up\">\r\r\n                                        Sparem\u00e5l<\/li>\r\r\n                                \r\n                                    <li class=\"\" data-aos=\"fade-up\">\r\r\n                                        Koble til bankkonto<\/li>\r\r\n                                \r\n                                    <li class=\"\" data-aos=\"fade-up\">\r\r\n                                        Leksjoner<\/li>\r\r\n                                \r\n                                    <li class=\"\" data-aos=\"fade-up\">\r\r\n                                        Familieoppdrag<\/li>\r\r\n                                \r\n                            <\/ul>\r\r\n                        \r\n                    <\/div>\r\r\n                <\/div>\r\r\n                \r\n\r\r\n            <\/div>\r\r\n\r\r\n        \r\n        <div class=\"row align-items-center\">\r\r\n            <div class=\"col-md-6\">\r\r\n\r\r\n            <\/div>\r\r\n        <\/div>\r\r\n    <\/div>\r\r\n<\/section>\r\r\n\r\r\n\r\r\n\r\r\n\r\r\n","protected":false},"excerpt":{"rendered":"","protected":false},"author":12,"featured_media":3048,"parent":0,"menu_order":0,"comment_status":"closed","ping_status":"closed","template":"","meta":{"inline_featured_image":false},"yoast_head":"<!-- This site is optimized with the Yoast SEO plugin v19.10 - https:\/\/yoast.com\/wordpress\/plugins\/seo\/ -->\n<title>Priser - F\u00e5 hele opplevelsen med Superskills Pro - Gimi<\/title>\n<meta name=\"description\" content=\"Gimi tilbyr et proffabonnement og en gratisversjon. Med et proffabonnement f\u00e5r du flere funksjoner som \u00e5 koble til barnebankkontoer, familieoppdrag og mer.\" \/>\n<meta name=\"robots\" content=\"index, follow, max-snippet:-1, max-image-preview:large, max-video-preview:-1\" \/>\n<link rel=\"canonical\" href=\"https:\/\/gimi.com\/no\/priser\/\" \/>\n<meta property=\"og:locale\" content=\"nb_NO\" \/>\n<meta property=\"og:type\" content=\"article\" \/>\n<meta property=\"og:title\" content=\"Priser - F\u00e5 hele opplevelsen med Superskills Pro - Gimi\" \/>\n<meta property=\"og:description\" content=\"Gimi tilbyr et proffabonnement og en gratisversjon. Med et proffabonnement f\u00e5r du flere funksjoner som \u00e5 koble til barnebankkontoer, familieoppdrag og mer.\" \/>\n<meta property=\"og:url\" content=\"https:\/\/gimi.com\/no\/priser\/\" \/>\n<meta property=\"og:site_name\" content=\"Gimi\" \/>\n<meta property=\"article:publisher\" content=\"https:\/\/www.facebook.com\/GimiFinancialSuperskills\" \/>\n<meta property=\"article:modified_time\" content=\"2025-09-05T13:40:26+00:00\" \/>\n<meta property=\"og:image\" content=\"http:\/\/gimi.com\/wp-content\/uploads\/2022\/11\/gimi-logo-square.png\" \/>\n\t<meta property=\"og:image:width\" content=\"1080\" \/>\n\t<meta property=\"og:image:height\" content=\"1080\" \/>\n\t<meta property=\"og:image:type\" content=\"image\/png\" \/>\n<meta name=\"twitter:card\" content=\"summary_large_image\" \/>\n<script type=\"application\/ld+json\" class=\"yoast-schema-graph\">{\"@context\":\"https:\/\/schema.org\",\"@graph\":[{\"@type\":\"WebPage\",\"@id\":\"https:\/\/gimi.com\/no\/priser\/\",\"url\":\"https:\/\/gimi.com\/no\/priser\/\",\"name\":\"Priser - F\u00e5 hele opplevelsen med Superskills Pro - Gimi\",\"isPartOf\":{\"@id\":\"https:\/\/gimi.com\/#website\"},\"datePublished\":\"2022-07-06T10:14:17+00:00\",\"dateModified\":\"2025-09-05T13:40:26+00:00\",\"description\":\"Gimi tilbyr et proffabonnement og en gratisversjon. Med et proffabonnement f\u00e5r du flere funksjoner som \u00e5 koble til barnebankkontoer, familieoppdrag og mer.\",\"breadcrumb\":{\"@id\":\"https:\/\/gimi.com\/no\/priser\/#breadcrumb\"},\"inLanguage\":\"nb-NO\",\"potentialAction\":[{\"@type\":\"ReadAction\",\"target\":[\"https:\/\/gimi.com\/no\/priser\/\"]}]},{\"@type\":\"BreadcrumbList\",\"@id\":\"https:\/\/gimi.com\/no\/priser\/#breadcrumb\",\"itemListElement\":[{\"@type\":\"ListItem\",\"position\":1,\"name\":\"Home\",\"item\":\"https:\/\/gimi.com\/no\/\"},{\"@type\":\"ListItem\",\"position\":2,\"name\":\"Priser\"}]},{\"@type\":\"WebSite\",\"@id\":\"https:\/\/gimi.com\/#website\",\"url\":\"https:\/\/gimi.com\/\",\"name\":\"Gimi\",\"description\":\"Gimi\",\"publisher\":{\"@id\":\"https:\/\/gimi.com\/#organization\"},\"potentialAction\":[{\"@type\":\"SearchAction\",\"target\":{\"@type\":\"EntryPoint\",\"urlTemplate\":\"https:\/\/gimi.com\/?s={search_term_string}\"},\"query-input\":\"required name=search_term_string\"}],\"inLanguage\":\"nb-NO\"},{\"@type\":\"Organization\",\"@id\":\"https:\/\/gimi.com\/#organization\",\"name\":\"Gimi\",\"url\":\"https:\/\/gimi.com\/\",\"logo\":{\"@type\":\"ImageObject\",\"inLanguage\":\"nb-NO\",\"@id\":\"https:\/\/gimi.com\/#\/schema\/logo\/image\/\",\"url\":\"https:\/\/gimi.com\/wp-content\/uploads\/2022\/11\/gimi-logo-square.png\",\"contentUrl\":\"https:\/\/gimi.com\/wp-content\/uploads\/2022\/11\/gimi-logo-square.png\",\"width\":1080,\"height\":1080,\"caption\":\"Gimi\"},\"image\":{\"@id\":\"https:\/\/gimi.com\/#\/schema\/logo\/image\/\"},\"sameAs\":[\"https:\/\/www.youtube.com\/c\/Gimi-FinancialSuperskills\",\"https:\/\/www.instagram.com\/gimitheapp\/?hl=en\",\"https:\/\/www.facebook.com\/GimiFinancialSuperskills\"]}]}<\/script>\n<!-- \/ Yoast SEO plugin. -->","yoast_head_json":{"title":"Priser - F\u00e5 hele opplevelsen med Superskills Pro - Gimi","description":"Gimi tilbyr et proffabonnement og en gratisversjon. Med et proffabonnement f\u00e5r du flere funksjoner som \u00e5 koble til barnebankkontoer, familieoppdrag og mer.","robots":{"index":"index","follow":"follow","max-snippet":"max-snippet:-1","max-image-preview":"max-image-preview:large","max-video-preview":"max-video-preview:-1"},"canonical":"https:\/\/gimi.com\/no\/priser\/","og_locale":"nb_NO","og_type":"article","og_title":"Priser - F\u00e5 hele opplevelsen med Superskills Pro - Gimi","og_description":"Gimi tilbyr et proffabonnement og en gratisversjon. Med et proffabonnement f\u00e5r du flere funksjoner som \u00e5 koble til barnebankkontoer, familieoppdrag og mer.","og_url":"https:\/\/gimi.com\/no\/priser\/","og_site_name":"Gimi","article_publisher":"https:\/\/www.facebook.com\/GimiFinancialSuperskills","article_modified_time":"2025-09-05T13:40:26+00:00","og_image":[{"width":1080,"height":1080,"url":"http:\/\/gimi.com\/wp-content\/uploads\/2022\/11\/gimi-logo-square.png","type":"image\/png"}],"twitter_card":"summary_large_image","schema":{"@context":"https:\/\/schema.org","@graph":[{"@type":"WebPage","@id":"https:\/\/gimi.com\/no\/priser\/","url":"https:\/\/gimi.com\/no\/priser\/","name":"Priser - F\u00e5 hele opplevelsen med Superskills Pro - Gimi","isPartOf":{"@id":"https:\/\/gimi.com\/#website"},"datePublished":"2022-07-06T10:14:17+00:00","dateModified":"2025-09-05T13:40:26+00:00","description":"Gimi tilbyr et proffabonnement og en gratisversjon. Med et proffabonnement f\u00e5r du flere funksjoner som \u00e5 koble til barnebankkontoer, familieoppdrag og mer.","breadcrumb":{"@id":"https:\/\/gimi.com\/no\/priser\/#breadcrumb"},"inLanguage":"nb-NO","potentialAction":[{"@type":"ReadAction","target":["https:\/\/gimi.com\/no\/priser\/"]}]},{"@type":"BreadcrumbList","@id":"https:\/\/gimi.com\/no\/priser\/#breadcrumb","itemListElement":[{"@type":"ListItem","position":1,"name":"Home","item":"https:\/\/gimi.com\/no\/"},{"@type":"ListItem","position":2,"name":"Priser"}]},{"@type":"WebSite","@id":"https:\/\/gimi.com\/#website","url":"https:\/\/gimi.com\/","name":"Gimi","description":"Gimi","publisher":{"@id":"https:\/\/gimi.com\/#organization"},"potentialAction":[{"@type":"SearchAction","target":{"@type":"EntryPoint","urlTemplate":"https:\/\/gimi.com\/?s={search_term_string}"},"query-input":"required name=search_term_string"}],"inLanguage":"nb-NO"},{"@type":"Organization","@id":"https:\/\/gimi.com\/#organization","name":"Gimi","url":"https:\/\/gimi.com\/","logo":{"@type":"ImageObject","inLanguage":"nb-NO","@id":"https:\/\/gimi.com\/#\/schema\/logo\/image\/","url":"https:\/\/gimi.com\/wp-content\/uploads\/2022\/11\/gimi-logo-square.png","contentUrl":"https:\/\/gimi.com\/wp-content\/uploads\/2022\/11\/gimi-logo-square.png","width":1080,"height":1080,"caption":"Gimi"},"image":{"@id":"https:\/\/gimi.com\/#\/schema\/logo\/image\/"},"sameAs":["https:\/\/www.youtube.com\/c\/Gimi-FinancialSuperskills","https:\/\/www.instagram.com\/gimitheapp\/?hl=en","https:\/\/www.facebook.com\/GimiFinancialSuperskills"]}]}},"_links":{"self":[{"href":"https:\/\/gimi.com\/no\/wp-json\/wp\/v2\/pages\/588"}],"collection":[{"href":"https:\/\/gimi.com\/no\/wp-json\/wp\/v2\/pages"}],"about":[{"href":"https:\/\/gimi.com\/no\/wp-json\/wp\/v2\/types\/page"}],"author":[{"embeddable":true,"href":"https:\/\/gimi.com\/no\/wp-json\/wp\/v2\/users\/12"}],"replies":[{"embeddable":true,"href":"https:\/\/gimi.com\/no\/wp-json\/wp\/v2\/comments?post=588"}],"version-history":[{"count":30,"href":"https:\/\/gimi.com\/no\/wp-json\/wp\/v2\/pages\/588\/revisions"}],"predecessor-version":[{"id":5961,"href":"https:\/\/gimi.com\/no\/wp-json\/wp\/v2\/pages\/588\/revisions\/5961"}],"wp:featuredmedia":[{"embeddable":true,"href":"https:\/\/gimi.com\/no\/wp-json\/wp\/v2\/media\/3048"}],"wp:attachment":[{"href":"https:\/\/gimi.com\/no\/wp-json\/wp\/v2\/media?parent=588"}],"curies":[{"name":"wp","href":"https:\/\/api.w.org\/{rel}","templated":true}]}}