






{"id":570,"date":"2022-07-18T11:41:52","date_gmt":"2022-07-18T11:41:52","guid":{"rendered":"https:\/\/gimi.looplabz.com\/?page_id=570"},"modified":"2022-12-05T06:15:09","modified_gmt":"2022-12-05T06:15:09","slug":"sparebokser","status":"publish","type":"page","link":"https:\/\/gimi.com\/no\/sparebokser\/","title":{"rendered":"Sparebokser"},"content":{"rendered":"\r\n\r\r\n<section  data-aos=\"fade-up\" data-aos-easing=\"ease-in-sine\" id=\"article-block_635135c68d96a\" class=\"_article _topGray   \" >\r\r\n    <div class=\"container\">\r\r\n        <div class=\"row\">\r\r\n            <div class=\"col-md-12\">\r\r\n                <div class=\"_pageHdr _container-1000    \">\r\r\n                    <h1>Sparebokser<\/h1>\r\r\n                    <div class=\"_pgHdrDesc\">\r\r\n                        \r\n                    <\/div>\r\r\n                <\/div>\r\r\n                <div class=\"_pageCntnt _container-690\">\r\r\n                    <div class=\"_articleImg\">\r\r\n                        <img width=\"1536\" height=\"1024\" src=\"https:\/\/gimi.com\/wp-content\/uploads\/2022\/12\/piggybank-1.webp\" class=\"attachment-post-thumbnail size-post-thumbnail wp-post-image\" alt=\"piggybank with coins\" decoding=\"async\" loading=\"lazy\" srcset=\"https:\/\/gimi.com\/wp-content\/uploads\/2022\/12\/piggybank-1.webp 1536w, https:\/\/gimi.com\/wp-content\/uploads\/2022\/12\/piggybank-1-300x200.webp 300w, https:\/\/gimi.com\/wp-content\/uploads\/2022\/12\/piggybank-1-1024x683.webp 1024w, https:\/\/gimi.com\/wp-content\/uploads\/2022\/12\/piggybank-1-768x512.webp 768w\" sizes=\"(max-width: 1536px) 100vw, 1536px\" \/>\r\n                    <\/div>\r\r\n                    <div class=\"_art_desc\">\r\r\n                        <article class=\"text\">\n<div class=\"excerpt__AvuEQ\">\n<p><em>N\u00e5r du l\u00e6rer noe nytt, vil du ofte kunne se effekten av hva som skjer, da blir det lettere \u00e5 huske. N\u00e5r du bruker sparekrukker, l\u00e6rer du om penger og kan pusle litt med \u00e5 lage dem!<\/em><\/p>\n<\/div>\n<div class=\"text__body\">\n<p>Det trenger ikke v\u00e6re kjedelig \u00e5 l\u00e6re om penger! Og det trenger heller ikke \u00e5 v\u00e6re abstrakt. N\u00e5r du l\u00e6rer noe nytt, vil du ofte kunne se effekten av hva som skjer, da blir det lettere \u00e5 huske. N\u00e5r du bruker sparekrukker, l\u00e6rer du om penger og kan pusle litt med \u00e5 lage dem!<\/p>\n<h2>Hva er en sparekrukke?<\/h2>\n<p>Mange foreldre l\u00e6rer barna sine hvordan de skal sette opp et budsjett med \u00abdonere, spare, bruke\u00bb krukker. N\u00e5r barnet tjener penger, deler de dem opp i krukker.<\/p>\n<p>Finn tre krukker, helst i samme st\u00f8rrelse, men det er ikke et must. Lag etiketter eller bruk en vannfast tusjpenn, krukkene trenger navn! Den ene krukken kan kalles \u00abSPARE\u00bb, den andre kan kalles \u00abBRUKE\u00bb og den siste vil gjerne hete \u00abGAVE\u00bb. Sett dem p\u00e5 en rad etter hverandre p\u00e5 et sted du enkelt kommer til dem, gjerne et sted du ser hver dag!<\/p>\n<p>I \u00abSPARE\u00bb kan du legge penger til et langsiktig m\u00e5l, pengene i \u00abBRUKE\u00bb kan brukes n\u00e5r som helst, og pengene i \u00abGAVE\u00bb kan doneres til en veldedighetsorganisasjon etter ditt eget \u00f8nske.<\/p>\n<h2>Hvorfor bruke sparekrukker?<\/h2>\n<p>N\u00e5r vi lar barn knytte en konkret handling til en abstrakt oppf\u00f8rsel eller konsept som langsiktig sparing, kortsiktig sparing og gaver, oppfordrer vi deres evne til \u00e5 forst\u00e5 og tenke p\u00e5 hva konseptene faktisk betyr og hvordan de fungerer. Sparekrukker demonstrerer et enkelt budsjett, barna legger penger i forskjellige krukker, h\u00f8rer hvordan myntene klinger og ser hvor mye penger som g\u00e5r i hver krukke.<\/p>\n<p>N\u00e5r barna \u00f8nsker \u00e5 kj\u00f8pe seg noe, er det lett \u00e5 ta mynter fra kassen og ikke r\u00f8re pengene som de har bestemt seg for \u00e5 spare. Det gir ogs\u00e5 barnet muligheten til \u00e5 revurdere sin beslutning om hvor mye penger som blir lagt i hver krukke og balansere budsjettet sitt p\u00e5 nytt.<\/p>\n<p>Andre m\u00e5ter \u00e5 spare p\u00e5:<\/p>\n<h3>Gimi<\/h3>\n<p>Vi anbefaler \u00e5 bruke Gimi i stedet for \u00e5 legge alle pengene dine i en sparegris eller sparekrukke. N\u00e5r du bruker Gimi kan du f\u00f8lge med og administrere uke- eller m\u00e5nedspenger, og med gamified innhold l\u00e6rer du mer om penger mens du sparer!<\/p>\n<p>Med Gimi kan du f\u00f8lge med p\u00e5 b\u00e5de ukepengene dine og bel\u00f8nningen du f\u00e5r for oppgavene du gj\u00f8r hjemme. Ta en titt rundt og pr\u00f8v \u00e5 finne ting du kan gj\u00f8re. Er oppvaskmaskinen full? T\u00f8m den! Er sengene uredd? Re dem opp!<\/p>\n<p>En ting som gj\u00f8r det litt lettere \u00e5 spare er om du har et klart m\u00e5l, eller en dr\u00f8m. Finn ut hva dr\u00f8mmen din koster og se etter et bilde av den. Kanskje det er en ny sykkel, et par hodetelefoner eller kanskje en tur? Last den opp i Gimi og skriv inn bel\u00f8pet, n\u00e5 kan du enkelt f\u00f8lge med p\u00e5 hvor mye du har igjen! Da blir det litt morsommere \u00e5 spare penger i stedet for \u00e5 bruke alt p\u00e5 en gang.<\/p>\n<h3>Spareb\u00f8sser<\/h3>\n<p>Spareb\u00f8sser er det vanligste navnet p\u00e5 en beholder eller boks som barn bruker for \u00e5 lagre mynter. De brukes ofte til \u00e5 lagre mynter, gjerne i form av en vakker eller s\u00f8t beholder, tradisjonelt i form av en gris. Moderne spareb\u00f8sser kommer i mange forskjellige former, st\u00f8rrelser og farger.<\/p>\n<p>Et skrin med en l\u00e5s og en liten \u00e5pning for mynter eller sedler brukes hovedsakelig av kirker og templer. Under skrinet er det en plugg som kan dras ut n\u00e5r man skal telle pengene.<\/p>\n<p>Kom i gang med en spareb\u00f8sse!<\/p>\n<h3>Sparekonto for barn<\/h3>\n<p>Sparekontoer for barn, ogs\u00e5 kalt barnesparekontoer, er kontoer som foreldre, familiemedlemmer og barn bruker for \u00e5 spare penger til barnets fremtid. Det er en fin m\u00e5te for barn \u00e5 l\u00e6re \u00e5 h\u00e5ndtere penger og viktigheten av \u00e5 spare dem.<\/p>\n<\/div>\n<\/article>\n<p>&nbsp;<\/p>\n<p><a class=\"_btn aos-init aos-animate\" href=\"https:\/\/gimi.onelink.me\/PNSs\/3i2iyznt\" target=\"_self\" data-aos=\"fade-up\">Last ned Gimi<\/a><\/p>\n\r\n                    <\/div>\r\r\n\r\r\n                <\/div>\r\r\n            <\/div>\r\r\n        <\/div>\r\r\n    <\/div>\r\r\n<\/section>\r\r\n\r\r\n\r\r\n\r\r\n\r\r\n","protected":false},"excerpt":{"rendered":"","protected":false},"author":12,"featured_media":3669,"parent":0,"menu_order":0,"comment_status":"closed","ping_status":"closed","template":"","meta":{"inline_featured_image":false},"yoast_head":"<!-- This site is optimized with the Yoast SEO plugin v19.10 - https:\/\/yoast.com\/wordpress\/plugins\/seo\/ -->\n<title>Sparebokser - L\u00e6r barna dine \u00e5 budsjettere pengene - Gimi<\/title>\n<meta name=\"description\" content=\"Mange foreldre l\u00e6rer barna sine hvordan de skal sette opp et budsjett med donere, spare &amp; bruke krukker.\" \/>\n<meta name=\"robots\" content=\"index, follow, max-snippet:-1, max-image-preview:large, max-video-preview:-1\" \/>\n<link rel=\"canonical\" href=\"https:\/\/gimi.com\/no\/sparebokser\/\" \/>\n<meta property=\"og:locale\" content=\"nb_NO\" \/>\n<meta property=\"og:type\" content=\"article\" \/>\n<meta property=\"og:title\" content=\"Sparebokser - L\u00e6r barna dine \u00e5 budsjettere pengene - Gimi\" \/>\n<meta property=\"og:description\" content=\"Mange foreldre l\u00e6rer barna sine hvordan de skal sette opp et budsjett med donere, spare &amp; bruke krukker.\" \/>\n<meta property=\"og:url\" content=\"https:\/\/gimi.com\/no\/sparebokser\/\" \/>\n<meta property=\"og:site_name\" content=\"Gimi\" \/>\n<meta property=\"article:publisher\" content=\"https:\/\/www.facebook.com\/GimiFinancialSuperskills\" \/>\n<meta property=\"article:modified_time\" content=\"2022-12-05T06:15:09+00:00\" \/>\n<meta property=\"og:image\" content=\"http:\/\/gimi.com\/wp-content\/uploads\/2022\/12\/piggybank-1.webp\" \/>\n\t<meta property=\"og:image:width\" content=\"1536\" \/>\n\t<meta property=\"og:image:height\" content=\"1024\" \/>\n\t<meta property=\"og:image:type\" content=\"image\/webp\" \/>\n<meta name=\"twitter:card\" content=\"summary_large_image\" \/>\n<script type=\"application\/ld+json\" class=\"yoast-schema-graph\">{\"@context\":\"https:\/\/schema.org\",\"@graph\":[{\"@type\":\"WebPage\",\"@id\":\"https:\/\/gimi.com\/no\/sparebokser\/\",\"url\":\"https:\/\/gimi.com\/no\/sparebokser\/\",\"name\":\"Sparebokser - L\u00e6r barna dine \u00e5 budsjettere pengene - Gimi\",\"isPartOf\":{\"@id\":\"https:\/\/gimi.com\/#website\"},\"datePublished\":\"2022-07-18T11:41:52+00:00\",\"dateModified\":\"2022-12-05T06:15:09+00:00\",\"description\":\"Mange foreldre l\u00e6rer barna sine hvordan de skal sette opp et budsjett med donere, spare & bruke krukker.\",\"breadcrumb\":{\"@id\":\"https:\/\/gimi.com\/no\/sparebokser\/#breadcrumb\"},\"inLanguage\":\"nb-NO\",\"potentialAction\":[{\"@type\":\"ReadAction\",\"target\":[\"https:\/\/gimi.com\/no\/sparebokser\/\"]}]},{\"@type\":\"BreadcrumbList\",\"@id\":\"https:\/\/gimi.com\/no\/sparebokser\/#breadcrumb\",\"itemListElement\":[{\"@type\":\"ListItem\",\"position\":1,\"name\":\"Home\",\"item\":\"https:\/\/gimi.com\/no\/\"},{\"@type\":\"ListItem\",\"position\":2,\"name\":\"Sparebokser\"}]},{\"@type\":\"WebSite\",\"@id\":\"https:\/\/gimi.com\/#website\",\"url\":\"https:\/\/gimi.com\/\",\"name\":\"Gimi\",\"description\":\"Gimi\",\"publisher\":{\"@id\":\"https:\/\/gimi.com\/#organization\"},\"potentialAction\":[{\"@type\":\"SearchAction\",\"target\":{\"@type\":\"EntryPoint\",\"urlTemplate\":\"https:\/\/gimi.com\/?s={search_term_string}\"},\"query-input\":\"required name=search_term_string\"}],\"inLanguage\":\"nb-NO\"},{\"@type\":\"Organization\",\"@id\":\"https:\/\/gimi.com\/#organization\",\"name\":\"Gimi\",\"url\":\"https:\/\/gimi.com\/\",\"logo\":{\"@type\":\"ImageObject\",\"inLanguage\":\"nb-NO\",\"@id\":\"https:\/\/gimi.com\/#\/schema\/logo\/image\/\",\"url\":\"https:\/\/gimi.com\/wp-content\/uploads\/2022\/11\/gimi-logo-square.png\",\"contentUrl\":\"https:\/\/gimi.com\/wp-content\/uploads\/2022\/11\/gimi-logo-square.png\",\"width\":1080,\"height\":1080,\"caption\":\"Gimi\"},\"image\":{\"@id\":\"https:\/\/gimi.com\/#\/schema\/logo\/image\/\"},\"sameAs\":[\"https:\/\/www.youtube.com\/c\/Gimi-FinancialSuperskills\",\"https:\/\/www.instagram.com\/gimitheapp\/?hl=en\",\"https:\/\/www.facebook.com\/GimiFinancialSuperskills\"]}]}<\/script>\n<!-- \/ Yoast SEO plugin. -->","yoast_head_json":{"title":"Sparebokser - L\u00e6r barna dine \u00e5 budsjettere pengene - Gimi","description":"Mange foreldre l\u00e6rer barna sine hvordan de skal sette opp et budsjett med donere, spare & bruke krukker.","robots":{"index":"index","follow":"follow","max-snippet":"max-snippet:-1","max-image-preview":"max-image-preview:large","max-video-preview":"max-video-preview:-1"},"canonical":"https:\/\/gimi.com\/no\/sparebokser\/","og_locale":"nb_NO","og_type":"article","og_title":"Sparebokser - L\u00e6r barna dine \u00e5 budsjettere pengene - Gimi","og_description":"Mange foreldre l\u00e6rer barna sine hvordan de skal sette opp et budsjett med donere, spare & bruke krukker.","og_url":"https:\/\/gimi.com\/no\/sparebokser\/","og_site_name":"Gimi","article_publisher":"https:\/\/www.facebook.com\/GimiFinancialSuperskills","article_modified_time":"2022-12-05T06:15:09+00:00","og_image":[{"width":1536,"height":1024,"url":"http:\/\/gimi.com\/wp-content\/uploads\/2022\/12\/piggybank-1.webp","type":"image\/webp"}],"twitter_card":"summary_large_image","schema":{"@context":"https:\/\/schema.org","@graph":[{"@type":"WebPage","@id":"https:\/\/gimi.com\/no\/sparebokser\/","url":"https:\/\/gimi.com\/no\/sparebokser\/","name":"Sparebokser - L\u00e6r barna dine \u00e5 budsjettere pengene - Gimi","isPartOf":{"@id":"https:\/\/gimi.com\/#website"},"datePublished":"2022-07-18T11:41:52+00:00","dateModified":"2022-12-05T06:15:09+00:00","description":"Mange foreldre l\u00e6rer barna sine hvordan de skal sette opp et budsjett med donere, spare & bruke krukker.","breadcrumb":{"@id":"https:\/\/gimi.com\/no\/sparebokser\/#breadcrumb"},"inLanguage":"nb-NO","potentialAction":[{"@type":"ReadAction","target":["https:\/\/gimi.com\/no\/sparebokser\/"]}]},{"@type":"BreadcrumbList","@id":"https:\/\/gimi.com\/no\/sparebokser\/#breadcrumb","itemListElement":[{"@type":"ListItem","position":1,"name":"Home","item":"https:\/\/gimi.com\/no\/"},{"@type":"ListItem","position":2,"name":"Sparebokser"}]},{"@type":"WebSite","@id":"https:\/\/gimi.com\/#website","url":"https:\/\/gimi.com\/","name":"Gimi","description":"Gimi","publisher":{"@id":"https:\/\/gimi.com\/#organization"},"potentialAction":[{"@type":"SearchAction","target":{"@type":"EntryPoint","urlTemplate":"https:\/\/gimi.com\/?s={search_term_string}"},"query-input":"required name=search_term_string"}],"inLanguage":"nb-NO"},{"@type":"Organization","@id":"https:\/\/gimi.com\/#organization","name":"Gimi","url":"https:\/\/gimi.com\/","logo":{"@type":"ImageObject","inLanguage":"nb-NO","@id":"https:\/\/gimi.com\/#\/schema\/logo\/image\/","url":"https:\/\/gimi.com\/wp-content\/uploads\/2022\/11\/gimi-logo-square.png","contentUrl":"https:\/\/gimi.com\/wp-content\/uploads\/2022\/11\/gimi-logo-square.png","width":1080,"height":1080,"caption":"Gimi"},"image":{"@id":"https:\/\/gimi.com\/#\/schema\/logo\/image\/"},"sameAs":["https:\/\/www.youtube.com\/c\/Gimi-FinancialSuperskills","https:\/\/www.instagram.com\/gimitheapp\/?hl=en","https:\/\/www.facebook.com\/GimiFinancialSuperskills"]}]}},"_links":{"self":[{"href":"https:\/\/gimi.com\/no\/wp-json\/wp\/v2\/pages\/570"}],"collection":[{"href":"https:\/\/gimi.com\/no\/wp-json\/wp\/v2\/pages"}],"about":[{"href":"https:\/\/gimi.com\/no\/wp-json\/wp\/v2\/types\/page"}],"author":[{"embeddable":true,"href":"https:\/\/gimi.com\/no\/wp-json\/wp\/v2\/users\/12"}],"replies":[{"embeddable":true,"href":"https:\/\/gimi.com\/no\/wp-json\/wp\/v2\/comments?post=570"}],"version-history":[{"count":8,"href":"https:\/\/gimi.com\/no\/wp-json\/wp\/v2\/pages\/570\/revisions"}],"predecessor-version":[{"id":2920,"href":"https:\/\/gimi.com\/no\/wp-json\/wp\/v2\/pages\/570\/revisions\/2920"}],"wp:featuredmedia":[{"embeddable":true,"href":"https:\/\/gimi.com\/no\/wp-json\/wp\/v2\/media\/3669"}],"wp:attachment":[{"href":"https:\/\/gimi.com\/no\/wp-json\/wp\/v2\/media?parent=570"}],"curies":[{"name":"wp","href":"https:\/\/api.w.org\/{rel}","templated":true}]}}