






{"id":561,"date":"2022-07-05T13:18:30","date_gmt":"2022-07-05T13:18:30","guid":{"rendered":"https:\/\/gimi.looplabz.com\/?page_id=561"},"modified":"2022-12-02T09:07:45","modified_gmt":"2022-12-02T09:07:45","slug":"slik-fungerer-det","status":"publish","type":"page","link":"https:\/\/gimi.com\/no\/slik-fungerer-det\/","title":{"rendered":"Slik fungerer det"},"content":{"rendered":"\r\n<!--style=\"background-image: url(--><!--);\"-->\r\r\n<section id=\"banner-block_6351298429852\" class=\"_hmbnr color-white   _ob_opsition  _bannerCover\"  >\r\r\n    <div class=\"container\">\r\r\n        <div class=\"row\">\r\r\n            <div class=\"col-md-12\">\r\r\n                <div class=\"_hdrContent\"  >\r\r\n                    <h1 data-aos=\"fade-down\" class=\"color-white\">Slik fungerer det.<\/h1>\r\r\n                    <p data-aos=\"fade-up\" >Gimi hjelper familier \u00e5 h\u00e5ndtere hverdagen. Husarbeid bel\u00f8nnes, sparem\u00e5l blir oppfylt og maset om ukepenger h\u00f8rer fortiden til.<\/p>\r\r\n                    \r\n                        <a href=\"https:\/\/gimi.onelink.me\/PNSs?af_xp=custom&#038;pid=website&#038;c=how-it-works\" data-aos=\"fade-up\" class=\"_btn\" target=\"_self\">Last ned appen<\/a>\r\r\n                    \r\n                <\/div>\r\r\n            <\/div>\r\r\n        <\/div>\r\r\n    <\/div>\r\r\n    <div class=\"_bnrAtchmnt\" data-aos=\"fade-down\" >\r\r\n<!--        -->\r\n        <img decoding=\"async\" src=\"https:\/\/gimi.com\/wp-content\/uploads\/2022\/12\/hero_howitworks.webp\" alt=\"\" class=\"img-fluid\">\r\r\n    <\/div>\r\r\n\r\r\n\r\r\n<\/section>\r\r\n\n\n\n\n\n<section  data-aos=\"fade-up\" data-aos-easing=\"ease-in-sine\" id=\"usp-block_633fd4cb9ee6e\" class=\"_imgWithCntent  _top-50 _bottom-50\" >\n\n    <div class=\"container\">\n\n        <div class=\"row align-items-center \">\n\n            <div class=\"col-md-6\">\n\n                <div class=\"_imgWper \">\n\n                    <img width=\"1518\" height=\"1011\" src=\"https:\/\/gimi.com\/wp-content\/uploads\/2022\/12\/31-1.webp\" class=\"attachment-full size-full\" alt=\"bank account mockup\" decoding=\"async\" loading=\"lazy\" srcset=\"https:\/\/gimi.com\/wp-content\/uploads\/2022\/12\/31-1.webp 1518w, https:\/\/gimi.com\/wp-content\/uploads\/2022\/12\/31-1-300x200.webp 300w, https:\/\/gimi.com\/wp-content\/uploads\/2022\/12\/31-1-1024x682.webp 1024w, https:\/\/gimi.com\/wp-content\/uploads\/2022\/12\/31-1-768x511.webp 768w\" sizes=\"(max-width: 1518px) 100vw, 1518px\" \/>\n                <\/div>\n\n            <\/div>\n\n            <div class=\"col-md-6\">\n\n                <div class=\"_imgCntnt\">\n\n                    <h2 data-aos=\"fade-down\">Koble barnets bankkonto til Gimi.<\/h2>\n\n                    <p><span style=\"font-weight: 400;\">Vi har laget det f\u00f8rste open banking-verkt\u00f8yet for barn som lar foreldrene koble barnets bankkonto direkte i Gimi-appen. F\u00e5 den ultimate kombinasjonen for ditt barns finansielle l\u00e6ring ved \u00e5 bruke Gimi med barnets bankkonto.<\/span><\/p>\n\t\t\t\t\t\n                <\/div>\n\n            <\/div>\n\n        <\/div>\n\n    <\/div>\n\n<\/section>\n\n\n\n\n\n\n\n\n\n\n\n\n\n\n<section  data-aos=\"fade-up\" data-aos-easing=\"ease-in-sine\" id=\"usp-block_633fdf5f9ee70\" class=\"_imgWithCntent  _top-50 _bottom-50\" >\n\n    <div class=\"container\">\n\n        <div class=\"row align-items-center _imgRight\">\n\n            <div class=\"col-md-6\">\n\n                <div class=\"_imgWper \">\n\n                    <img width=\"1518\" height=\"1011\" src=\"https:\/\/gimi.com\/wp-content\/uploads\/2022\/12\/32-1.webp\" class=\"attachment-full size-full\" alt=\"allowance mockup\" decoding=\"async\" loading=\"lazy\" srcset=\"https:\/\/gimi.com\/wp-content\/uploads\/2022\/12\/32-1.webp 1518w, https:\/\/gimi.com\/wp-content\/uploads\/2022\/12\/32-1-300x200.webp 300w, https:\/\/gimi.com\/wp-content\/uploads\/2022\/12\/32-1-1024x682.webp 1024w, https:\/\/gimi.com\/wp-content\/uploads\/2022\/12\/32-1-768x511.webp 768w\" sizes=\"(max-width: 1518px) 100vw, 1518px\" \/>\n                <\/div>\n\n            <\/div>\n\n            <div class=\"col-md-6\">\n\n                <div class=\"_imgCntnt\">\n\n                    <h2 data-aos=\"fade-down\">Registrer ukepenger.<\/h2>\n\n                    <p><span style=\"font-weight: 400;\">N\u00e5 kan foreldre bruke Gimi til \u00e5 planlegge barnas ukepenger! F\u00e5 oversikt over hvor mye barnet ditt har tjent, og hjelp barna \u00e5 bruke pengene sine p\u00e5 en fornuftig m\u00e5te.<\/span><\/p>\n\t\t\t\t\t\n                <\/div>\n\n            <\/div>\n\n        <\/div>\n\n    <\/div>\n\n<\/section>\n\n\n\n\n\n\n\n\n\n\n\n\n\n\n<section  data-aos=\"fade-up\" data-aos-easing=\"ease-in-sine\" id=\"usp-block_633fdf7d9ee71\" class=\"_imgWithCntent  _top-50 _bottom-50\" >\n\n    <div class=\"container\">\n\n        <div class=\"row align-items-center \">\n\n            <div class=\"col-md-6\">\n\n                <div class=\"_imgWper \">\n\n                    <img width=\"1518\" height=\"1011\" src=\"https:\/\/gimi.com\/wp-content\/uploads\/2022\/12\/33-1.webp\" class=\"attachment-full size-full\" alt=\"chores mockup\" decoding=\"async\" loading=\"lazy\" srcset=\"https:\/\/gimi.com\/wp-content\/uploads\/2022\/12\/33-1.webp 1518w, https:\/\/gimi.com\/wp-content\/uploads\/2022\/12\/33-1-300x200.webp 300w, https:\/\/gimi.com\/wp-content\/uploads\/2022\/12\/33-1-1024x682.webp 1024w, https:\/\/gimi.com\/wp-content\/uploads\/2022\/12\/33-1-768x511.webp 768w\" sizes=\"(max-width: 1518px) 100vw, 1518px\" \/>\n                <\/div>\n\n            <\/div>\n\n            <div class=\"col-md-6\">\n\n                <div class=\"_imgCntnt\">\n\n                    <h2 data-aos=\"fade-down\">Husarbeid.<\/h2>\n\n                    <p><span style=\"font-weight: 400;\">Husarbeid gir barn mulighet til \u00e5 \u00f8ke sin ukesinntekt og oppleve hvordan det er \u00e5 tjene egne penger. Gimi gj\u00f8r det enkelt for foreldre \u00e5 tildele oppgaver, og barn kan sende s\u00f8knader om \u00e5 f\u00e5 gj\u00f8re husarbeid p\u00e5 eget initiativ.<\/span><\/p>\n\t\t\t\t\t\n                <\/div>\n\n            <\/div>\n\n        <\/div>\n\n    <\/div>\n\n<\/section>\n\n\n\n\n\n\n\n\n\n\n\n\n\n\n<section  data-aos=\"fade-up\" data-aos-easing=\"ease-in-sine\" id=\"usp-block_633fdf949ee72\" class=\"_imgWithCntent  _top-50 _bottom-50\" >\n\n    <div class=\"container\">\n\n        <div class=\"row align-items-center _imgRight\">\n\n            <div class=\"col-md-6\">\n\n                <div class=\"_imgWper \">\n\n                    <img width=\"1518\" height=\"1011\" src=\"https:\/\/gimi.com\/wp-content\/uploads\/2022\/12\/34-1.webp\" class=\"attachment-full size-full\" alt=\"goals mockup\" decoding=\"async\" loading=\"lazy\" srcset=\"https:\/\/gimi.com\/wp-content\/uploads\/2022\/12\/34-1.webp 1518w, https:\/\/gimi.com\/wp-content\/uploads\/2022\/12\/34-1-300x200.webp 300w, https:\/\/gimi.com\/wp-content\/uploads\/2022\/12\/34-1-1024x682.webp 1024w, https:\/\/gimi.com\/wp-content\/uploads\/2022\/12\/34-1-768x511.webp 768w\" sizes=\"(max-width: 1518px) 100vw, 1518px\" \/>\n                <\/div>\n\n            <\/div>\n\n            <div class=\"col-md-6\">\n\n                <div class=\"_imgCntnt\">\n\n                    <h2 data-aos=\"fade-down\">N\u00e5 dine sparem\u00e5l.<\/h2>\n\n                    <p><span style=\"font-weight: 400;\">En av pilarene for fremtidig \u00f8konomisk velv\u00e6re er \u00e5 forst\u00e5 hvordan du kan spare penger. Gimi hjelper barn \u00e5 bygge opp en forst\u00e5else for hva det betyr \u00e5 spare ved \u00e5 la barn lage sine egne sparem\u00e5l og f\u00f8lge fremgangen p\u00e5 en interaktiv m\u00e5te.<\/span><\/p>\n\t\t\t\t\t\n                <\/div>\n\n            <\/div>\n\n        <\/div>\n\n    <\/div>\n\n<\/section>\n\n\n\n\n\n\n\n\n\n\n\n\r\n\r\r\n<section  data-aos=\"fade-up\" data-aos-easing=\"ease-in-sine\" id=\"pricing_cntnt_block_633d8ce9eb690\" class=\"_pricing  _top-50 _bottom-50\" >\r\r\n    <div class=\"container\">\r\r\n        <div class=\"row _spcing-40 align-items-center mob_revers\">\r\r\n            \r\n            <div class=\"col-md-6\">\r\r\n                <div class=\"\" data-aos=\"fade-right\">\r\r\n                    <img width=\"1323\" height=\"1524\" src=\"https:\/\/gimi.com\/wp-content\/uploads\/2022\/12\/SApiggybot-1.webp\" class=\"attachment-full size-full\" alt=\"dual function mockup\" decoding=\"async\" loading=\"lazy\" srcset=\"https:\/\/gimi.com\/wp-content\/uploads\/2022\/12\/SApiggybot-1.webp 1323w, https:\/\/gimi.com\/wp-content\/uploads\/2022\/12\/SApiggybot-1-260x300.webp 260w, https:\/\/gimi.com\/wp-content\/uploads\/2022\/12\/SApiggybot-1-889x1024.webp 889w, https:\/\/gimi.com\/wp-content\/uploads\/2022\/12\/SApiggybot-1-768x885.webp 768w\" sizes=\"(max-width: 1323px) 100vw, 1323px\" \/>\r\n                <\/div>\r\r\n            <\/div>\r\r\n            <div class=\"col-md-6\">\r\r\n                <div class=\"_pricCntDes\">\r\r\n                    <h2><\/h2>\r\r\n\r\r\n                        \r\n                            <div class=\"row\">\r\r\n                           \r\n                                <div class=\"col-6\">\r\r\n                                    <div class=\"_pricCntItm\">\r\r\n                                        <h5 data-aos=\"fade-down\">Fremtidens finansielle l\u00e6ring &#8211; The Superskills Adventure.<\/h5>\r\r\n                                        <p data-aos=\"fade-up\">Hemmeligheten bak god \u00f8konomisk utdanning er \u00e5 kombinere teoretisk utdanning med verkt\u00f8y der barna kan bruke pengene sine p\u00e5 en praktisk m\u00e5te. Superskills Adventure l\u00e6rer barn viktige ord og annen kunnskap p\u00e5 en morsom og engasjerende m\u00e5te mens de utforsker privat\u00f8konomi-universet. Reis mellom planeter i verdensrommet og oppdag nye \u00f8konomiske temaer p\u00e5 hver planet.<\/p>\r\r\n                                    <\/div>\r\r\n                                <\/div>\r\r\n                            \r\n                                <div class=\"col-6\">\r\r\n                                    <div class=\"_pricCntItm\">\r\r\n                                        <h5 data-aos=\"fade-down\">Piggy &#8211; Din \u00f8konomiske r\u00e5dgiver.<\/h5>\r\r\n                                        <p data-aos=\"fade-up\">Piggy er barnas r\u00e5dgiver i appen, og st\u00f8tter dem i \u00e5 f\u00f8le seg sterke og selvstendige i sine \u00f8konomiske beslutninger. Barn kan stille sp\u00f8rsm\u00e5l til Piggy og l\u00e6re mer om \u00f8konomi p\u00e5 en interaktiv m\u00e5te. Piggy guider ogs\u00e5 barna i appen og hjelper dem \u00e5 enkelt navigere mellom de ulike funksjonene.<\/p>\r\r\n                                    <\/div>\r\r\n                                <\/div>\r\r\n                            \r\n                                <div class=\"col-6\">\r\r\n                                    <div class=\"_pricCntItm\">\r\r\n                                        <h5 data-aos=\"fade-down\">Hjelp barna \u00e5 vurdere sine kj\u00f8p og l\u00e6re av feilene sine.<\/h5>\r\r\n                                        <p data-aos=\"fade-up\">Hver \u00f8konomisk beslutning er en mulighet til \u00e5 l\u00e6re. I Gimi kan barn vurdere sine kj\u00f8p, hva som er et godt kj\u00f8p og hva som er et mindre godt kj\u00f8p.<\/p>\r\r\n                                    <\/div>\r\r\n                                <\/div>\r\r\n                            \r\n                                <div class=\"col-6\">\r\r\n                                    <div class=\"_pricCntItm\">\r\r\n                                        <h5 data-aos=\"fade-down\">Oppmuntre til sparing ved \u00e5 bruke v\u00e5rt bonussystem.<\/h5>\r\r\n                                        <p data-aos=\"fade-up\">Akkurat som i det virkelige liv kan barnas penger vokse og hope seg opp. Du velger bonusrenten og barnet ditt kan se pengene vokse. <\/p>\r\r\n                                    <\/div>\r\r\n                                <\/div>\r\r\n                            \r\n                            <\/div>\r\r\n                       \r\n                    \r\n\r\r\n                <\/div>\r\r\n            <\/div>\r\r\n        <\/div>\r\r\n    <\/div>\r\r\n<\/section>\r\r\n\r\r\n\r\r\n\r\r\n\r\r\n","protected":false},"excerpt":{"rendered":"","protected":false},"author":12,"featured_media":3048,"parent":0,"menu_order":0,"comment_status":"closed","ping_status":"closed","template":"","meta":{"inline_featured_image":false},"yoast_head":"<!-- This site is optimized with the Yoast SEO plugin v19.10 - https:\/\/yoast.com\/wordpress\/plugins\/seo\/ -->\n<title>Slik fungerer det - Husarbeid, sparem\u00e5l &amp; ukepenger - Gimi<\/title>\n<meta name=\"description\" content=\"Gimi hjelper familier \u00e5 h\u00e5ndtere hverdagen. Husarbeid bel\u00f8nnes, sparem\u00e5l blir oppfylt og maset om ukepenger h\u00f8rer fortiden til.\" \/>\n<meta name=\"robots\" content=\"index, follow, max-snippet:-1, max-image-preview:large, max-video-preview:-1\" \/>\n<link rel=\"canonical\" href=\"https:\/\/gimi.com\/no\/slik-fungerer-det\/\" \/>\n<meta property=\"og:locale\" content=\"nb_NO\" \/>\n<meta property=\"og:type\" content=\"article\" \/>\n<meta property=\"og:title\" content=\"Slik fungerer det - Husarbeid, sparem\u00e5l &amp; ukepenger - Gimi\" \/>\n<meta property=\"og:description\" content=\"Gimi hjelper familier \u00e5 h\u00e5ndtere hverdagen. Husarbeid bel\u00f8nnes, sparem\u00e5l blir oppfylt og maset om ukepenger h\u00f8rer fortiden til.\" \/>\n<meta property=\"og:url\" content=\"https:\/\/gimi.com\/no\/slik-fungerer-det\/\" \/>\n<meta property=\"og:site_name\" content=\"Gimi\" \/>\n<meta property=\"article:publisher\" content=\"https:\/\/www.facebook.com\/GimiFinancialSuperskills\" \/>\n<meta property=\"article:modified_time\" content=\"2022-12-02T09:07:45+00:00\" \/>\n<meta property=\"og:image\" content=\"http:\/\/gimi.com\/wp-content\/uploads\/2022\/11\/gimi-logo-square.png\" \/>\n\t<meta property=\"og:image:width\" content=\"1080\" \/>\n\t<meta property=\"og:image:height\" content=\"1080\" \/>\n\t<meta property=\"og:image:type\" content=\"image\/png\" \/>\n<meta name=\"twitter:card\" content=\"summary_large_image\" \/>\n<script type=\"application\/ld+json\" class=\"yoast-schema-graph\">{\"@context\":\"https:\/\/schema.org\",\"@graph\":[{\"@type\":\"WebPage\",\"@id\":\"https:\/\/gimi.com\/no\/slik-fungerer-det\/\",\"url\":\"https:\/\/gimi.com\/no\/slik-fungerer-det\/\",\"name\":\"Slik fungerer det - Husarbeid, sparem\u00e5l & ukepenger - Gimi\",\"isPartOf\":{\"@id\":\"https:\/\/gimi.com\/#website\"},\"datePublished\":\"2022-07-05T13:18:30+00:00\",\"dateModified\":\"2022-12-02T09:07:45+00:00\",\"description\":\"Gimi hjelper familier \u00e5 h\u00e5ndtere hverdagen. Husarbeid bel\u00f8nnes, sparem\u00e5l blir oppfylt og maset om ukepenger h\u00f8rer fortiden til.\",\"breadcrumb\":{\"@id\":\"https:\/\/gimi.com\/no\/slik-fungerer-det\/#breadcrumb\"},\"inLanguage\":\"nb-NO\",\"potentialAction\":[{\"@type\":\"ReadAction\",\"target\":[\"https:\/\/gimi.com\/no\/slik-fungerer-det\/\"]}]},{\"@type\":\"BreadcrumbList\",\"@id\":\"https:\/\/gimi.com\/no\/slik-fungerer-det\/#breadcrumb\",\"itemListElement\":[{\"@type\":\"ListItem\",\"position\":1,\"name\":\"Home\",\"item\":\"https:\/\/gimi.com\/no\/\"},{\"@type\":\"ListItem\",\"position\":2,\"name\":\"Slik fungerer det\"}]},{\"@type\":\"WebSite\",\"@id\":\"https:\/\/gimi.com\/#website\",\"url\":\"https:\/\/gimi.com\/\",\"name\":\"Gimi\",\"description\":\"Gimi\",\"publisher\":{\"@id\":\"https:\/\/gimi.com\/#organization\"},\"potentialAction\":[{\"@type\":\"SearchAction\",\"target\":{\"@type\":\"EntryPoint\",\"urlTemplate\":\"https:\/\/gimi.com\/?s={search_term_string}\"},\"query-input\":\"required name=search_term_string\"}],\"inLanguage\":\"nb-NO\"},{\"@type\":\"Organization\",\"@id\":\"https:\/\/gimi.com\/#organization\",\"name\":\"Gimi\",\"url\":\"https:\/\/gimi.com\/\",\"logo\":{\"@type\":\"ImageObject\",\"inLanguage\":\"nb-NO\",\"@id\":\"https:\/\/gimi.com\/#\/schema\/logo\/image\/\",\"url\":\"https:\/\/gimi.com\/wp-content\/uploads\/2022\/11\/gimi-logo-square.png\",\"contentUrl\":\"https:\/\/gimi.com\/wp-content\/uploads\/2022\/11\/gimi-logo-square.png\",\"width\":1080,\"height\":1080,\"caption\":\"Gimi\"},\"image\":{\"@id\":\"https:\/\/gimi.com\/#\/schema\/logo\/image\/\"},\"sameAs\":[\"https:\/\/www.youtube.com\/c\/Gimi-FinancialSuperskills\",\"https:\/\/www.instagram.com\/gimitheapp\/?hl=en\",\"https:\/\/www.facebook.com\/GimiFinancialSuperskills\"]}]}<\/script>\n<!-- \/ Yoast SEO plugin. -->","yoast_head_json":{"title":"Slik fungerer det - Husarbeid, sparem\u00e5l & ukepenger - Gimi","description":"Gimi hjelper familier \u00e5 h\u00e5ndtere hverdagen. Husarbeid bel\u00f8nnes, sparem\u00e5l blir oppfylt og maset om ukepenger h\u00f8rer fortiden til.","robots":{"index":"index","follow":"follow","max-snippet":"max-snippet:-1","max-image-preview":"max-image-preview:large","max-video-preview":"max-video-preview:-1"},"canonical":"https:\/\/gimi.com\/no\/slik-fungerer-det\/","og_locale":"nb_NO","og_type":"article","og_title":"Slik fungerer det - Husarbeid, sparem\u00e5l & ukepenger - Gimi","og_description":"Gimi hjelper familier \u00e5 h\u00e5ndtere hverdagen. Husarbeid bel\u00f8nnes, sparem\u00e5l blir oppfylt og maset om ukepenger h\u00f8rer fortiden til.","og_url":"https:\/\/gimi.com\/no\/slik-fungerer-det\/","og_site_name":"Gimi","article_publisher":"https:\/\/www.facebook.com\/GimiFinancialSuperskills","article_modified_time":"2022-12-02T09:07:45+00:00","og_image":[{"width":1080,"height":1080,"url":"http:\/\/gimi.com\/wp-content\/uploads\/2022\/11\/gimi-logo-square.png","type":"image\/png"}],"twitter_card":"summary_large_image","schema":{"@context":"https:\/\/schema.org","@graph":[{"@type":"WebPage","@id":"https:\/\/gimi.com\/no\/slik-fungerer-det\/","url":"https:\/\/gimi.com\/no\/slik-fungerer-det\/","name":"Slik fungerer det - Husarbeid, sparem\u00e5l & ukepenger - Gimi","isPartOf":{"@id":"https:\/\/gimi.com\/#website"},"datePublished":"2022-07-05T13:18:30+00:00","dateModified":"2022-12-02T09:07:45+00:00","description":"Gimi hjelper familier \u00e5 h\u00e5ndtere hverdagen. Husarbeid bel\u00f8nnes, sparem\u00e5l blir oppfylt og maset om ukepenger h\u00f8rer fortiden til.","breadcrumb":{"@id":"https:\/\/gimi.com\/no\/slik-fungerer-det\/#breadcrumb"},"inLanguage":"nb-NO","potentialAction":[{"@type":"ReadAction","target":["https:\/\/gimi.com\/no\/slik-fungerer-det\/"]}]},{"@type":"BreadcrumbList","@id":"https:\/\/gimi.com\/no\/slik-fungerer-det\/#breadcrumb","itemListElement":[{"@type":"ListItem","position":1,"name":"Home","item":"https:\/\/gimi.com\/no\/"},{"@type":"ListItem","position":2,"name":"Slik fungerer det"}]},{"@type":"WebSite","@id":"https:\/\/gimi.com\/#website","url":"https:\/\/gimi.com\/","name":"Gimi","description":"Gimi","publisher":{"@id":"https:\/\/gimi.com\/#organization"},"potentialAction":[{"@type":"SearchAction","target":{"@type":"EntryPoint","urlTemplate":"https:\/\/gimi.com\/?s={search_term_string}"},"query-input":"required name=search_term_string"}],"inLanguage":"nb-NO"},{"@type":"Organization","@id":"https:\/\/gimi.com\/#organization","name":"Gimi","url":"https:\/\/gimi.com\/","logo":{"@type":"ImageObject","inLanguage":"nb-NO","@id":"https:\/\/gimi.com\/#\/schema\/logo\/image\/","url":"https:\/\/gimi.com\/wp-content\/uploads\/2022\/11\/gimi-logo-square.png","contentUrl":"https:\/\/gimi.com\/wp-content\/uploads\/2022\/11\/gimi-logo-square.png","width":1080,"height":1080,"caption":"Gimi"},"image":{"@id":"https:\/\/gimi.com\/#\/schema\/logo\/image\/"},"sameAs":["https:\/\/www.youtube.com\/c\/Gimi-FinancialSuperskills","https:\/\/www.instagram.com\/gimitheapp\/?hl=en","https:\/\/www.facebook.com\/GimiFinancialSuperskills"]}]}},"_links":{"self":[{"href":"https:\/\/gimi.com\/no\/wp-json\/wp\/v2\/pages\/561"}],"collection":[{"href":"https:\/\/gimi.com\/no\/wp-json\/wp\/v2\/pages"}],"about":[{"href":"https:\/\/gimi.com\/no\/wp-json\/wp\/v2\/types\/page"}],"author":[{"embeddable":true,"href":"https:\/\/gimi.com\/no\/wp-json\/wp\/v2\/users\/12"}],"replies":[{"embeddable":true,"href":"https:\/\/gimi.com\/no\/wp-json\/wp\/v2\/comments?post=561"}],"version-history":[{"count":19,"href":"https:\/\/gimi.com\/no\/wp-json\/wp\/v2\/pages\/561\/revisions"}],"predecessor-version":[{"id":3610,"href":"https:\/\/gimi.com\/no\/wp-json\/wp\/v2\/pages\/561\/revisions\/3610"}],"wp:featuredmedia":[{"embeddable":true,"href":"https:\/\/gimi.com\/no\/wp-json\/wp\/v2\/media\/3048"}],"wp:attachment":[{"href":"https:\/\/gimi.com\/no\/wp-json\/wp\/v2\/media?parent=561"}],"curies":[{"name":"wp","href":"https:\/\/api.w.org\/{rel}","templated":true}]}}