






{"id":552,"date":"2022-07-05T06:18:26","date_gmt":"2022-07-05T06:18:26","guid":{"rendered":"https:\/\/gimi.looplabz.com\/?page_id=552"},"modified":"2022-12-15T12:12:16","modified_gmt":"2022-12-15T12:12:16","slug":"om-oss","status":"publish","type":"page","link":"https:\/\/gimi.com\/no\/om-oss\/","title":{"rendered":"Om oss"},"content":{"rendered":"\r\n<!--style=\"background-image: url(--><!--);\"-->\r\r\n<section id=\"banner-block_6351261e47419\" class=\"_hmbnr color-white   _ob_opsition  _abtBnr  _bannerCover\"  >\r\r\n    <div class=\"container\">\r\r\n        <div class=\"row\">\r\r\n            <div class=\"col-md-12\">\r\r\n                <div class=\"_hdrContent\"  >\r\r\n                    <h1 data-aos=\"fade-down\" class=\"color-white\">Fremtiden for finansiell l\u00e6ring.<\/h1>\r\r\n                    <p data-aos=\"fade-up\" >Gj\u00f8r hver interaksjon med penger til en l\u00e6rerik opplevelse.<\/p>\r\r\n                    \r\n                        <a href=\"https:\/\/gimi.onelink.me\/PNSs\/kb298tc3\" data-aos=\"fade-up\" class=\"_btn\" target=\"_self\">Last ned appen<\/a>\r\r\n                    \r\n                <\/div>\r\r\n            <\/div>\r\r\n        <\/div>\r\r\n    <\/div>\r\r\n    <div class=\"_bnrAtchmnt\" data-aos=\"fade-down\" >\r\r\n<!--        -->\r\n        <img decoding=\"async\" src=\"https:\/\/gimi.com\/wp-content\/uploads\/2022\/12\/hero_aboutus.webp\" alt=\"\" class=\"img-fluid\">\r\r\n    <\/div>\r\r\n\r\r\n\r\r\n<\/section>\r\r\n\n\n\r\n<section  data-aos=\"fade-up\" data-aos-easing=\"ease-in-sine\" id=\"txtWithHead-block_63401b18338cc\" class=\"_txtWithHding  _top-50 _bottom-50\" >\r\r\n    <div class=\"container\">\r\r\n        <div class=\"row\">\r\r\n            <div class=\"col-md-4\">\r\r\n                <h3 data-aos=\"fade-down\" >Vi adresserer det \u00f8kende kunnskapsgapet innen privat\u00f8konomi.<\/h3>\r\r\n            <\/div>\r\r\n            <div class=\"col-md-8\">\r\r\n                <div data-aos=\"fade-up\"  class=\"_smplTxtCntnt\">\r\r\n                    <p><span style=\"font-weight: 400;\">PISA-tester viser at 22 % av 15-\u00e5ringer sk\u00e5rer under grunn-niv\u00e5et n\u00e5r det kommer til kunnskap om privat\u00f8konomi, og OECD p\u00e5peker at unge voksne har blant de laveste niv\u00e5ene av kunnskap om privat\u00f8konomi. Skoler mangler undervisning i privat\u00f8konomi, og ingen europeiske land har implementert privat\u00f8konomi som fag p\u00e5 skolen.<\/span><\/p>\n<p><span style=\"font-weight: 400;\">Samtidig g\u00e5r barn glipp av l\u00e6ringsmuligheter n\u00e5r mobilbanker sjelden er anpasset til barn. Dette resulterer ofte i at barn ikke samhandler med pengene sine, og gj\u00f8r dem \u00f8konomisk ekskludert i dagens kontantl\u00f8se samfunn.<\/span><\/p>\n<blockquote><p><em><span style=\"font-weight: 400;\">\u201cOver hele verden l\u00e6rer barn om fjerne planeter eller historiske konger og dronninger, men de vet lite om hvordan de skal lage et budsjett eller forst\u00e5 deres egne \u00f8konomi.\u201d<\/span><\/em><\/p>\n<p><i><span style=\"font-weight: 400;\">&#8211; Philip Haglund, CEO Gimi<\/span><\/i><\/p><\/blockquote>\n\r\n                <\/div>\r\r\n            <\/div>\r\r\n        <\/div>\r\r\n    <\/div>\r\r\n<\/section>\r\r\n\r\r\n\r\r\n\r\r\n\r\r\n\n\n\n\n\n<section  data-aos=\"fade-up\" data-aos-easing=\"ease-in-sine\" id=\"usp-block_63401b7c338cd\" class=\"_imgWithCntent  _top-50 _bottom-50\" >\n\n    <div class=\"container\">\n\n        <div class=\"row align-items-center _imgRight\">\n\n            <div class=\"col-md-6\">\n\n                <div class=\"_imgWper \">\n\n                    <img width=\"1518\" height=\"1011\" src=\"https:\/\/gimi.com\/wp-content\/uploads\/2022\/12\/22.webp\" class=\"attachment-full size-full\" alt=\"two phones\" decoding=\"async\" loading=\"lazy\" srcset=\"https:\/\/gimi.com\/wp-content\/uploads\/2022\/12\/22.webp 1518w, https:\/\/gimi.com\/wp-content\/uploads\/2022\/12\/22-300x200.webp 300w, https:\/\/gimi.com\/wp-content\/uploads\/2022\/12\/22-1024x682.webp 1024w, https:\/\/gimi.com\/wp-content\/uploads\/2022\/12\/22-768x511.webp 768w\" sizes=\"(max-width: 1518px) 100vw, 1518px\" \/>\n                <\/div>\n\n            <\/div>\n\n            <div class=\"col-md-6\">\n\n                <div class=\"_imgCntnt\">\n\n                    <h2 data-aos=\"fade-down\">Gimi, den prisbel\u00f8nte appen der barn l\u00e6rer smarte pengevaner.<\/h2>\n\n                    <p>Gimi-appen er et unikt verkt\u00f8y for barn som skal bidra til god \u00f8konomisk forst\u00e5else. Med Gimi l\u00e6rer barn hvordan penger fungerer ved \u00e5 engasjere seg i sin egen \u00f8konomi under tilsyn av foreldrene. De f\u00e5r ogs\u00e5 tilgang til privat \u00f8konomi-utdanning som er tilpasset barn &#8211; alt dette p\u00e5 et morsomt og trygt sted i en og samme app.<\/p>\n\t\t\t\t\t                    <a href=\"\/no\/slik-fungerer-det\/\" data-aos=\"fade-up\" class=\"_btn_sec\" target=\"_self\">Gimi learning by doing <i class=\"fa fa-angle-right\"><\/i><\/a>\n\t\t\t\t\t\n                <\/div>\n\n            <\/div>\n\n        <\/div>\n\n    <\/div>\n\n<\/section>\n\n\n\n\n\n\n\n\n\n\n\n\n\n\n<section  data-aos=\"fade-up\" data-aos-easing=\"ease-in-sine\" id=\"usp-block_63401ba2338ce\" class=\"_imgWithCntent  _top-50 _bottom-50\" >\n\n    <div class=\"container\">\n\n        <div class=\"row align-items-center \">\n\n            <div class=\"col-md-6\">\n\n                <div class=\"_imgWper \">\n\n                    <img width=\"2560\" height=\"1691\" src=\"https:\/\/gimi.com\/wp-content\/uploads\/2022\/12\/pexels-olya-kobruseva-5712050-3-scaled-1.webp\" class=\"attachment-full size-full\" alt=\"mom and daughter\" decoding=\"async\" loading=\"lazy\" srcset=\"https:\/\/gimi.com\/wp-content\/uploads\/2022\/12\/pexels-olya-kobruseva-5712050-3-scaled-1.webp 2560w, https:\/\/gimi.com\/wp-content\/uploads\/2022\/12\/pexels-olya-kobruseva-5712050-3-scaled-1-300x198.webp 300w, https:\/\/gimi.com\/wp-content\/uploads\/2022\/12\/pexels-olya-kobruseva-5712050-3-scaled-1-1024x676.webp 1024w, https:\/\/gimi.com\/wp-content\/uploads\/2022\/12\/pexels-olya-kobruseva-5712050-3-scaled-1-768x507.webp 768w, https:\/\/gimi.com\/wp-content\/uploads\/2022\/12\/pexels-olya-kobruseva-5712050-3-scaled-1-1536x1015.webp 1536w, https:\/\/gimi.com\/wp-content\/uploads\/2022\/12\/pexels-olya-kobruseva-5712050-3-scaled-1-2048x1353.webp 2048w\" sizes=\"(max-width: 2560px) 100vw, 2560px\" \/>\n                <\/div>\n\n            <\/div>\n\n            <div class=\"col-md-6\">\n\n                <div class=\"_imgCntnt\">\n\n                    <h2 data-aos=\"fade-down\">Din partner innen \u00f8konomisk l\u00e6ring.<\/h2>\n\n                    <p>Finn ut hvordan Gimi tilbyr partnerskapsmuligheter for banker og selskaper ved \u00e5 bruke white-labeling, v\u00e5r open banking-funksjonalitet og v\u00e5re utdanningspakker innen privat\u00f8konomi.<\/p>\n\t\t\t\t\t                    <a href=\"\/no\/for-banker\/\" data-aos=\"fade-up\" class=\"_btn_sec\" target=\"_self\">Partner opp med Gimi <i class=\"fa fa-angle-right\"><\/i><\/a>\n\t\t\t\t\t\n                <\/div>\n\n            <\/div>\n\n        <\/div>\n\n    <\/div>\n\n<\/section>\n\n\n\n\n\n\n\n\n\n\n\n\n\n\n<section  data-aos=\"fade-up\" data-aos-easing=\"ease-in-sine\" id=\"usp-block_63401c8c338cf\" class=\"_imgWithCntent  _top-50 _bottom-50\" >\n\n    <div class=\"container\">\n\n        <div class=\"row align-items-center _imgRight\">\n\n            <div class=\"col-md-6\">\n\n                <div class=\"_imgWper \">\n\n                    <img width=\"2560\" height=\"1707\" src=\"https:\/\/gimi.com\/wp-content\/uploads\/2022\/12\/pexels-marta-wave-6437845-scaled-1.webp\" class=\"attachment-full size-full\" alt=\"children with ipad\" decoding=\"async\" loading=\"lazy\" srcset=\"https:\/\/gimi.com\/wp-content\/uploads\/2022\/12\/pexels-marta-wave-6437845-scaled-1.webp 2560w, https:\/\/gimi.com\/wp-content\/uploads\/2022\/12\/pexels-marta-wave-6437845-scaled-1-300x200.webp 300w, https:\/\/gimi.com\/wp-content\/uploads\/2022\/12\/pexels-marta-wave-6437845-scaled-1-1024x683.webp 1024w, https:\/\/gimi.com\/wp-content\/uploads\/2022\/12\/pexels-marta-wave-6437845-scaled-1-768x512.webp 768w, https:\/\/gimi.com\/wp-content\/uploads\/2022\/12\/pexels-marta-wave-6437845-scaled-1-1536x1024.webp 1536w, https:\/\/gimi.com\/wp-content\/uploads\/2022\/12\/pexels-marta-wave-6437845-scaled-1-2048x1366.webp 2048w\" sizes=\"(max-width: 2560px) 100vw, 2560px\" \/>\n                <\/div>\n\n            <\/div>\n\n            <div class=\"col-md-6\">\n\n                <div class=\"_imgCntnt\">\n\n                    <h2 data-aos=\"fade-down\">En forskningsbasert e-l\u00e6ringsplattform.<\/h2>\n\n                    <p>\u00c5 \u00f8ve p\u00e5 sine \u00f8konomiske ferdigheter er viktig, men det er ogs\u00e5 viktig \u00e5 l\u00e6re det grunnleggende om privat\u00f8konomi. Gimi har skapt en holistisk l\u00e6ringssyklus som muliggj\u00f8r begge deler. Basert p\u00e5 forskning tilbyr vi en unik kombinasjon av l\u00e6ring, praksis i virkeligheten og gamification som l\u00e6rer barn om \u00e5 tjene, spare og bruke penger p\u00e5 en fornuftig m\u00e5te. Gimi gir \u00f8konomiske ferdigheter p\u00e5 en morsom og tilgjengelig m\u00e5te for alle.<\/p>\n\t\t\t\t\t                    <a href=\"\/no\/for-banker\/\" data-aos=\"fade-up\" class=\"_btn_sec\" target=\"_self\">\u00d8konomisk utdanning for alle <i class=\"fa fa-angle-right\"><\/i><\/a>\n\t\t\t\t\t\n                <\/div>\n\n            <\/div>\n\n        <\/div>\n\n    <\/div>\n\n<\/section>\n\n\n\n\n\n\n\n\n\n\n\n\n\n\n<section  data-aos=\"fade-up\" data-aos-easing=\"ease-in-sine\" id=\"usp-block_6385f559333de\" class=\"_imgWithCntent  _top-50 _bottom-50\" >\n\n    <div class=\"container\">\n\n        <div class=\"row align-items-center \">\n\n            <div class=\"col-md-6\">\n\n                <div class=\"_imgWper \">\n\n                    <img width=\"1920\" height=\"1280\" src=\"https:\/\/gimi.com\/wp-content\/uploads\/2022\/11\/New-gimi-team.jpg\" class=\"attachment-full size-full\" alt=\"The Gimi team\" decoding=\"async\" loading=\"lazy\" srcset=\"https:\/\/gimi.com\/wp-content\/uploads\/2022\/11\/New-gimi-team.jpg 1920w, https:\/\/gimi.com\/wp-content\/uploads\/2022\/11\/New-gimi-team-300x200.jpg 300w, https:\/\/gimi.com\/wp-content\/uploads\/2022\/11\/New-gimi-team-1024x683.jpg 1024w, https:\/\/gimi.com\/wp-content\/uploads\/2022\/11\/New-gimi-team-768x512.jpg 768w, https:\/\/gimi.com\/wp-content\/uploads\/2022\/11\/New-gimi-team-1536x1024.jpg 1536w\" sizes=\"(max-width: 1920px) 100vw, 1920px\" \/>\n                <\/div>\n\n            <\/div>\n\n            <div class=\"col-md-6\">\n\n                <div class=\"_imgCntnt\">\n\n                    <h2 data-aos=\"fade-down\">Si hei til oss<\/h2>\n\n                    <p>Vi er en gruppe designere, ingeni\u00f8rer, markedsf\u00f8rere og produkteksperter, sammen har vi laget en unik, l\u00e6rende og engasjerende app for barn. Bli med oss \u200b\u200bp\u00e5 reisen mens vi lager verdens mest brukte pfm-app for barn.<\/p>\n\t\t\t\t\t                    <a href=\"mailto:hello@gimi.com\" data-aos=\"fade-up\" class=\"_btn_sec\" target=\"_self\">Kontakt oss <i class=\"fa fa-angle-right\"><\/i><\/a>\n\t\t\t\t\t\n                <\/div>\n\n            <\/div>\n\n        <\/div>\n\n    <\/div>\n\n<\/section>\n\n\n\n\n\n\n\n\n\n","protected":false},"excerpt":{"rendered":"","protected":false},"author":12,"featured_media":3048,"parent":0,"menu_order":0,"comment_status":"closed","ping_status":"closed","template":"","meta":{"inline_featured_image":false},"yoast_head":"<!-- This site is optimized with the Yoast SEO plugin v19.10 - https:\/\/yoast.com\/wordpress\/plugins\/seo\/ -->\n<title>Om oss - Vi er fremtiden for finansiell l\u00e6ring - Gimi<\/title>\n<meta name=\"description\" content=\"Om oss - Gimi er en prisvinnende app som l\u00e6rer barna smarte pengevaner ved praktisk bruk av pengene deres under foreldrenes tilsyn, alt i \u00e9n app.\" \/>\n<meta name=\"robots\" content=\"index, follow, max-snippet:-1, max-image-preview:large, max-video-preview:-1\" \/>\n<link rel=\"canonical\" href=\"https:\/\/gimi.com\/no\/om-oss\/\" \/>\n<meta property=\"og:locale\" content=\"nb_NO\" \/>\n<meta property=\"og:type\" content=\"article\" \/>\n<meta property=\"og:title\" content=\"Om oss - Vi er fremtiden for finansiell l\u00e6ring - Gimi\" \/>\n<meta property=\"og:description\" content=\"Om oss - Gimi er en prisvinnende app som l\u00e6rer barna smarte pengevaner ved praktisk bruk av pengene deres under foreldrenes tilsyn, alt i \u00e9n app.\" \/>\n<meta property=\"og:url\" content=\"https:\/\/gimi.com\/no\/om-oss\/\" \/>\n<meta property=\"og:site_name\" content=\"Gimi\" \/>\n<meta property=\"article:publisher\" content=\"https:\/\/www.facebook.com\/GimiFinancialSuperskills\" \/>\n<meta property=\"article:modified_time\" content=\"2022-12-15T12:12:16+00:00\" \/>\n<meta property=\"og:image\" content=\"http:\/\/gimi.com\/wp-content\/uploads\/2022\/11\/gimi-logo-square.png\" \/>\n\t<meta property=\"og:image:width\" content=\"1080\" \/>\n\t<meta property=\"og:image:height\" content=\"1080\" \/>\n\t<meta property=\"og:image:type\" content=\"image\/png\" \/>\n<meta name=\"twitter:card\" content=\"summary_large_image\" \/>\n<script type=\"application\/ld+json\" class=\"yoast-schema-graph\">{\"@context\":\"https:\/\/schema.org\",\"@graph\":[{\"@type\":\"WebPage\",\"@id\":\"https:\/\/gimi.com\/no\/om-oss\/\",\"url\":\"https:\/\/gimi.com\/no\/om-oss\/\",\"name\":\"Om oss - Vi er fremtiden for finansiell l\u00e6ring - Gimi\",\"isPartOf\":{\"@id\":\"https:\/\/gimi.com\/#website\"},\"datePublished\":\"2022-07-05T06:18:26+00:00\",\"dateModified\":\"2022-12-15T12:12:16+00:00\",\"description\":\"Om oss - Gimi er en prisvinnende app som l\u00e6rer barna smarte pengevaner ved praktisk bruk av pengene deres under foreldrenes tilsyn, alt i \u00e9n app.\",\"breadcrumb\":{\"@id\":\"https:\/\/gimi.com\/no\/om-oss\/#breadcrumb\"},\"inLanguage\":\"nb-NO\",\"potentialAction\":[{\"@type\":\"ReadAction\",\"target\":[\"https:\/\/gimi.com\/no\/om-oss\/\"]}]},{\"@type\":\"BreadcrumbList\",\"@id\":\"https:\/\/gimi.com\/no\/om-oss\/#breadcrumb\",\"itemListElement\":[{\"@type\":\"ListItem\",\"position\":1,\"name\":\"Home\",\"item\":\"https:\/\/gimi.com\/no\/\"},{\"@type\":\"ListItem\",\"position\":2,\"name\":\"Om oss\"}]},{\"@type\":\"WebSite\",\"@id\":\"https:\/\/gimi.com\/#website\",\"url\":\"https:\/\/gimi.com\/\",\"name\":\"Gimi\",\"description\":\"Gimi\",\"publisher\":{\"@id\":\"https:\/\/gimi.com\/#organization\"},\"potentialAction\":[{\"@type\":\"SearchAction\",\"target\":{\"@type\":\"EntryPoint\",\"urlTemplate\":\"https:\/\/gimi.com\/?s={search_term_string}\"},\"query-input\":\"required name=search_term_string\"}],\"inLanguage\":\"nb-NO\"},{\"@type\":\"Organization\",\"@id\":\"https:\/\/gimi.com\/#organization\",\"name\":\"Gimi\",\"url\":\"https:\/\/gimi.com\/\",\"logo\":{\"@type\":\"ImageObject\",\"inLanguage\":\"nb-NO\",\"@id\":\"https:\/\/gimi.com\/#\/schema\/logo\/image\/\",\"url\":\"https:\/\/gimi.com\/wp-content\/uploads\/2022\/11\/gimi-logo-square.png\",\"contentUrl\":\"https:\/\/gimi.com\/wp-content\/uploads\/2022\/11\/gimi-logo-square.png\",\"width\":1080,\"height\":1080,\"caption\":\"Gimi\"},\"image\":{\"@id\":\"https:\/\/gimi.com\/#\/schema\/logo\/image\/\"},\"sameAs\":[\"https:\/\/www.youtube.com\/c\/Gimi-FinancialSuperskills\",\"https:\/\/www.instagram.com\/gimitheapp\/?hl=en\",\"https:\/\/www.facebook.com\/GimiFinancialSuperskills\"]}]}<\/script>\n<!-- \/ Yoast SEO plugin. -->","yoast_head_json":{"title":"Om oss - Vi er fremtiden for finansiell l\u00e6ring - Gimi","description":"Om oss - Gimi er en prisvinnende app som l\u00e6rer barna smarte pengevaner ved praktisk bruk av pengene deres under foreldrenes tilsyn, alt i \u00e9n app.","robots":{"index":"index","follow":"follow","max-snippet":"max-snippet:-1","max-image-preview":"max-image-preview:large","max-video-preview":"max-video-preview:-1"},"canonical":"https:\/\/gimi.com\/no\/om-oss\/","og_locale":"nb_NO","og_type":"article","og_title":"Om oss - Vi er fremtiden for finansiell l\u00e6ring - Gimi","og_description":"Om oss - Gimi er en prisvinnende app som l\u00e6rer barna smarte pengevaner ved praktisk bruk av pengene deres under foreldrenes tilsyn, alt i \u00e9n app.","og_url":"https:\/\/gimi.com\/no\/om-oss\/","og_site_name":"Gimi","article_publisher":"https:\/\/www.facebook.com\/GimiFinancialSuperskills","article_modified_time":"2022-12-15T12:12:16+00:00","og_image":[{"width":1080,"height":1080,"url":"http:\/\/gimi.com\/wp-content\/uploads\/2022\/11\/gimi-logo-square.png","type":"image\/png"}],"twitter_card":"summary_large_image","schema":{"@context":"https:\/\/schema.org","@graph":[{"@type":"WebPage","@id":"https:\/\/gimi.com\/no\/om-oss\/","url":"https:\/\/gimi.com\/no\/om-oss\/","name":"Om oss - Vi er fremtiden for finansiell l\u00e6ring - Gimi","isPartOf":{"@id":"https:\/\/gimi.com\/#website"},"datePublished":"2022-07-05T06:18:26+00:00","dateModified":"2022-12-15T12:12:16+00:00","description":"Om oss - Gimi er en prisvinnende app som l\u00e6rer barna smarte pengevaner ved praktisk bruk av pengene deres under foreldrenes tilsyn, alt i \u00e9n app.","breadcrumb":{"@id":"https:\/\/gimi.com\/no\/om-oss\/#breadcrumb"},"inLanguage":"nb-NO","potentialAction":[{"@type":"ReadAction","target":["https:\/\/gimi.com\/no\/om-oss\/"]}]},{"@type":"BreadcrumbList","@id":"https:\/\/gimi.com\/no\/om-oss\/#breadcrumb","itemListElement":[{"@type":"ListItem","position":1,"name":"Home","item":"https:\/\/gimi.com\/no\/"},{"@type":"ListItem","position":2,"name":"Om oss"}]},{"@type":"WebSite","@id":"https:\/\/gimi.com\/#website","url":"https:\/\/gimi.com\/","name":"Gimi","description":"Gimi","publisher":{"@id":"https:\/\/gimi.com\/#organization"},"potentialAction":[{"@type":"SearchAction","target":{"@type":"EntryPoint","urlTemplate":"https:\/\/gimi.com\/?s={search_term_string}"},"query-input":"required name=search_term_string"}],"inLanguage":"nb-NO"},{"@type":"Organization","@id":"https:\/\/gimi.com\/#organization","name":"Gimi","url":"https:\/\/gimi.com\/","logo":{"@type":"ImageObject","inLanguage":"nb-NO","@id":"https:\/\/gimi.com\/#\/schema\/logo\/image\/","url":"https:\/\/gimi.com\/wp-content\/uploads\/2022\/11\/gimi-logo-square.png","contentUrl":"https:\/\/gimi.com\/wp-content\/uploads\/2022\/11\/gimi-logo-square.png","width":1080,"height":1080,"caption":"Gimi"},"image":{"@id":"https:\/\/gimi.com\/#\/schema\/logo\/image\/"},"sameAs":["https:\/\/www.youtube.com\/c\/Gimi-FinancialSuperskills","https:\/\/www.instagram.com\/gimitheapp\/?hl=en","https:\/\/www.facebook.com\/GimiFinancialSuperskills"]}]}},"_links":{"self":[{"href":"https:\/\/gimi.com\/no\/wp-json\/wp\/v2\/pages\/552"}],"collection":[{"href":"https:\/\/gimi.com\/no\/wp-json\/wp\/v2\/pages"}],"about":[{"href":"https:\/\/gimi.com\/no\/wp-json\/wp\/v2\/types\/page"}],"author":[{"embeddable":true,"href":"https:\/\/gimi.com\/no\/wp-json\/wp\/v2\/users\/12"}],"replies":[{"embeddable":true,"href":"https:\/\/gimi.com\/no\/wp-json\/wp\/v2\/comments?post=552"}],"version-history":[{"count":39,"href":"https:\/\/gimi.com\/no\/wp-json\/wp\/v2\/pages\/552\/revisions"}],"predecessor-version":[{"id":3781,"href":"https:\/\/gimi.com\/no\/wp-json\/wp\/v2\/pages\/552\/revisions\/3781"}],"wp:featuredmedia":[{"embeddable":true,"href":"https:\/\/gimi.com\/no\/wp-json\/wp\/v2\/media\/3048"}],"wp:attachment":[{"href":"https:\/\/gimi.com\/no\/wp-json\/wp\/v2\/media?parent=552"}],"curies":[{"name":"wp","href":"https:\/\/api.w.org\/{rel}","templated":true}]}}