






{"id":536,"date":"2022-07-07T07:51:21","date_gmt":"2022-07-07T07:51:21","guid":{"rendered":"https:\/\/gimi.looplabz.com\/?page_id=536"},"modified":"2025-09-02T12:26:00","modified_gmt":"2025-09-02T12:26:00","slug":"for-banker","status":"publish","type":"page","link":"https:\/\/gimi.com\/no\/for-banker\/","title":{"rendered":"For banker"},"content":{"rendered":"\r\n<!--style=\"background-image: url(--><!--);\"-->\r\r\n<section id=\"banner-block_63512fa1ce0f7\" class=\"_hmbnr color-white   _ob_opsitionTp img_bg_whit_sm alignfull  _bannerCover\"  >\r\r\n    <div class=\"container\">\r\r\n        <div class=\"row\">\r\r\n            <div class=\"col-md-12\">\r\r\n                <div class=\"_hdrContent\"  >\r\r\n                    <h1 data-aos=\"fade-down\" class=\"color-white\">Bli med oss \u00e5 spre \u00f8konomisk utdanning.<\/h1>\r\r\n                    <p data-aos=\"fade-up\" >Samarbeid med oss og bli med p\u00e5 oppdraget \u00e5 utdanne 10 millioner barn i privat\u00f8konomi innen 2025.<\/p>\r\r\n                    \r\n                        <a href=\"https:\/\/gimi.onelink.me\/PNSs\/18zmonk5\" data-aos=\"fade-up\" class=\"_btn\" target=\"_self\">Last ned appen<\/a>\r\r\n                    \r\n                <\/div>\r\r\n            <\/div>\r\r\n        <\/div>\r\r\n    <\/div>\r\r\n    <div class=\"_bnrAtchmnt\" data-aos=\"fade-down\" >\r\r\n<!--        -->\r\n        <img decoding=\"async\" src=\"https:\/\/gimi.com\/wp-content\/uploads\/2025\/09\/Hero_ForBanks@2x-scaled.webp\" alt=\"\" class=\"img-fluid\">\r\r\n    <\/div>\r\r\n\r\r\n\r\r\n<\/section>\r\r\n\n\n\r\n\r\r\n<section  data-aos=\"fade-up\" data-aos-easing=\"ease-in-sine\" id=\"bnkTble-block_62c697669f6ba\" class=\"_bnkTble  alignfull   bg_blue  color-white\" >\r\r\n    <div class=\"container\">\r\r\n        <div class=\"row\">\r\r\n            <div class=\"col-md-6\">\r\r\n                <div class=\"_bnkTblTitl\" data-aos=\"fade-down\">\r\r\n                    <h2>Hvorfor samarbeide med Gimi?<\/h2>\r\r\n                <\/div>\r\r\n            <\/div>\r\r\n            <div class=\"col-md-6\">\r\r\n                <div class=\"_bnkTblDsc\" data-aos=\"fade-up\">\r\r\n                    <p>\u00c5 m\u00f8te kundenes ettersp\u00f8rsel etter et pedagogisk ungdomstilbud vil \u00f8ke kundetilfredsheten og kundeanskaffelsen samtidig som du har en m\u00e5lbar sosial innvirkning p\u00e5 samfunnet.<\/p>\r\r\n                <\/div>\r\r\n            <\/div>\r\r\n        <\/div>\r\r\n        \r\n                \r\n                    <div class=\"row _BnktblTrRow\" data-aos=\"fade-up\">\r\r\n                        <div class=\"col-md-6\">\r\r\n                            <h4>Foreldre vil ha det.<\/h4>\r\r\n                        <\/div>\r\r\n                        <div class=\"col-md-6\">\r\r\n                            <div class=\"_BnkTblRgt\">\r\r\n                                <p class=\"_bnkTblBld\">77% <\/p>\r\r\n                                <p>av foreldre sier de trenger et digitalt verkt\u00f8y for \u00e5 forvalte barnas penger og l\u00e6re dem mer om hvordan penger fungerer.<\/p>\r\r\n                            <\/div>\r\r\n\r\r\n                        <\/div>\r\r\n                    <\/div>\r\r\n                \r\n                    <div class=\"row _BnktblTrRow\" data-aos=\"fade-up\">\r\r\n                        <div class=\"col-md-6\">\r\r\n                            <h4>Neste generasjon vil ha det.<\/h4>\r\r\n                        <\/div>\r\r\n                        <div class=\"col-md-6\">\r\r\n                            <div class=\"_BnkTblRgt\">\r\r\n                                <p class=\"_bnkTblBld\">90%<\/p>\r\r\n                                <p>av unga vuxna v\u00e4ljer bank baserat p\u00e5 deras digitala utbud.<\/p>\r\r\n                            <\/div>\r\r\n\r\r\n                        <\/div>\r\r\n                    <\/div>\r\r\n                \r\n        \r\n    <\/div>\r\r\n<\/section>\r\r\n\r\r\n\r\r\n\r\r\n\r\r\n\n\n\n\n\n<section  data-aos=\"fade-up\" data-aos-easing=\"ease-in-sine\" id=\"usp-block_634679bf9086d\" class=\"_imgWithCntent  _top-50 _bottom-50\" >\n\n    <div class=\"container\">\n\n        <div class=\"row align-items-center _imgRight\">\n\n            <div class=\"col-md-6\">\n\n                <div class=\"_imgWper \">\n\n                    <img width=\"1920\" height=\"1279\" src=\"https:\/\/gimi.com\/wp-content\/uploads\/2022\/12\/Untitled-2.webp\" class=\"attachment-full size-full\" alt=\"gimi abn amro connection\" decoding=\"async\" loading=\"lazy\" srcset=\"https:\/\/gimi.com\/wp-content\/uploads\/2022\/12\/Untitled-2.webp 1920w, https:\/\/gimi.com\/wp-content\/uploads\/2022\/12\/Untitled-2-300x200.webp 300w, https:\/\/gimi.com\/wp-content\/uploads\/2022\/12\/Untitled-2-1024x682.webp 1024w, https:\/\/gimi.com\/wp-content\/uploads\/2022\/12\/Untitled-2-768x512.webp 768w, https:\/\/gimi.com\/wp-content\/uploads\/2022\/12\/Untitled-2-1536x1023.webp 1536w\" sizes=\"(max-width: 1920px) 100vw, 1920px\" \/>\n                <\/div>\n\n            <\/div>\n\n            <div class=\"col-md-6\">\n\n                <div class=\"_imgCntnt\">\n\n                    <h2 data-aos=\"fade-down\">Kom i gang p\u00e5 et blunk.<\/h2>\n\n                    <p><span style=\"font-weight: 400;\">Gimi tilbyr flere partnerskapsalternativer som vil gi finansiell utdanning til kundene deres i l\u00f8pet av noen uker. I 2022 lanserte Gimi et ungdomstilbud med den nederlandske banken ABN AMRO p\u00e5 77 dager.\u00a0<\/span><\/p>\n\t\t\t\t\t                    <a href=\"\/abn-amro-go-to-market\/\" data-aos=\"fade-up\" class=\"_btn_sec\" target=\"_self\">Lanseringsstrategi <i class=\"fa fa-angle-right\"><\/i><\/a>\n\t\t\t\t\t\n                <\/div>\n\n            <\/div>\n\n        <\/div>\n\n    <\/div>\n\n<\/section>\n\n\n\n\n\n\n\n\n\n\n\n\n\n\n<section  data-aos=\"fade-up\" data-aos-easing=\"ease-in-sine\" id=\"usp-block_63467bc090872\" class=\"_imgWithCntent  _top-50 _bottom-50\" >\n\n    <div class=\"container\">\n\n        <div class=\"row align-items-center \">\n\n            <div class=\"col-md-6\">\n\n                <div class=\"_imgWper \">\n\n                    <img width=\"1746\" height=\"1182\" src=\"https:\/\/gimi.com\/wp-content\/uploads\/2022\/12\/39-2.webp\" class=\"attachment-full size-full\" alt=\"social media gimi\" decoding=\"async\" loading=\"lazy\" srcset=\"https:\/\/gimi.com\/wp-content\/uploads\/2022\/12\/39-2.webp 1746w, https:\/\/gimi.com\/wp-content\/uploads\/2022\/12\/39-2-300x203.webp 300w, https:\/\/gimi.com\/wp-content\/uploads\/2022\/12\/39-2-1024x693.webp 1024w, https:\/\/gimi.com\/wp-content\/uploads\/2022\/12\/39-2-768x520.webp 768w, https:\/\/gimi.com\/wp-content\/uploads\/2022\/12\/39-2-1536x1040.webp 1536w\" sizes=\"(max-width: 1746px) 100vw, 1746px\" \/>\n                <\/div>\n\n            <\/div>\n\n            <div class=\"col-md-6\">\n\n                <div class=\"_imgCntnt\">\n\n                    <h2 data-aos=\"fade-down\">Spesialisert p\u00e5 vekst.<\/h2>\n\n                    <p><span style=\"font-weight: 400;\">Gimi er hvor familier er &#8211; p\u00e5 sosiale plattformer. Ved hjelp av v\u00e5r Gimi Growth Playbook s\u00f8rger vi for at partnerskapet blir en suksess for alle parter.<\/span><\/p>\n\t\t\t\t\t                    <a href=\"\/abn-amro-scale\/\" data-aos=\"fade-up\" class=\"_btn_sec\" target=\"_self\">Oppskaler med Gimi <i class=\"fa fa-angle-right\"><\/i><\/a>\n\t\t\t\t\t\n                <\/div>\n\n            <\/div>\n\n        <\/div>\n\n    <\/div>\n\n<\/section>\n\n\n\n\n\n\n\n\n\n\n\n\n\n\n<section  data-aos=\"fade-up\" data-aos-easing=\"ease-in-sine\" id=\"usp-block_6346883190873\" class=\"_imgWithCntent  _top-50 _bottom-50\" >\n\n    <div class=\"container\">\n\n        <div class=\"row align-items-center _imgRight\">\n\n            <div class=\"col-md-6\">\n\n                <div class=\"_imgWper \">\n\n                    <img width=\"1024\" height=\"731\" src=\"https:\/\/gimi.com\/wp-content\/uploads\/2022\/12\/mockup_forbankspage.webp\" class=\"attachment-full size-full\" alt=\"gimi on the wall\" decoding=\"async\" loading=\"lazy\" srcset=\"https:\/\/gimi.com\/wp-content\/uploads\/2022\/12\/mockup_forbankspage.webp 1024w, https:\/\/gimi.com\/wp-content\/uploads\/2022\/12\/mockup_forbankspage-300x214.webp 300w, https:\/\/gimi.com\/wp-content\/uploads\/2022\/12\/mockup_forbankspage-768x548.webp 768w\" sizes=\"(max-width: 1024px) 100vw, 1024px\" \/>\n                <\/div>\n\n            <\/div>\n\n            <div class=\"col-md-6\">\n\n                <div class=\"_imgCntnt\">\n\n                    <h2 data-aos=\"fade-down\">Les mer.<\/h2>\n\n                    <p><span style=\"font-weight: 400;\">L\u00e6r om v\u00e5re forskjellige partnerskapsmuligheter og om prosessen fra det f\u00f8rste m\u00f8tet til en vellykket lansering av bankens nye ungdomstilbud.<\/span><\/p>\n\t\t\t\t\t                    <a href=\"\/bank-deck\/\" data-aos=\"fade-up\" class=\"_btn_sec\" target=\"_self\">Bank deck <i class=\"fa fa-angle-right\"><\/i><\/a>\n\t\t\t\t\t\n                <\/div>\n\n            <\/div>\n\n        <\/div>\n\n    <\/div>\n\n<\/section>\n\n\n\n\n\n\n\n\n\n\n\n\r\n\r\r\n<section  data-aos=\"fade-up\" data-aos-easing=\"ease-in-sine\" id=\"usp-block_62c6c5c1b5eb8\" class=\"_contact_us  alignfull _top-50 _bottom-50 bg_blue clr color-white\"  >\r\r\n    <div class=\"container\">\r\r\n        <div class=\"row\">\r\r\n            <div class=\"col-md-12\">\r\r\n                <div class=\"_cntHdr\">\r\r\n                    <h2>Samarbeid med oss!<\/h2>\r\r\n                    <p>Ta kontakt med teamet v\u00e5rt i dag, vi er alltid p\u00e5 utkikk etter nye samarbeid og partnerskap.<\/p>\r\r\n                <\/div>\r\r\n                <div class=\"_cntFormJoin\">\r\r\n                    <div role=\"form\" class=\"wpcf7\" id=\"wpcf7-f275-o1\" lang=\"en-GB\" dir=\"ltr\">\n<div class=\"screen-reader-response\"><p role=\"status\" aria-live=\"polite\" aria-atomic=\"true\"><\/p> <ul><\/ul><\/div>\n<form action=\"\/no\/wp-json\/wp\/v2\/pages\/536#wpcf7-f275-o1\" method=\"post\" class=\"wpcf7-form init\" novalidate=\"novalidate\" data-status=\"init\">\n<div style=\"display: none;\">\n<input type=\"hidden\" name=\"_wpcf7\" value=\"275\" \/>\n<input type=\"hidden\" name=\"_wpcf7_version\" value=\"5.6.4\" \/>\n<input type=\"hidden\" name=\"_wpcf7_locale\" value=\"en_GB\" \/>\n<input type=\"hidden\" name=\"_wpcf7_unit_tag\" value=\"wpcf7-f275-o1\" \/>\n<input type=\"hidden\" name=\"_wpcf7_container_post\" value=\"0\" \/>\n<input type=\"hidden\" name=\"_wpcf7_posted_data_hash\" value=\"\" \/>\n<input type=\"hidden\" name=\"_wpcf7_recaptcha_response\" value=\"\" \/>\n<\/div>\n<div class=\"row\">\n<div class=\"col-md-6\"><label> Full name*<span class=\"wpcf7-form-control-wrap\" data-name=\"your-name\"><input type=\"text\" name=\"your-name\" value=\"\" size=\"40\" class=\"wpcf7-form-control wpcf7-text wpcf7-validates-as-required\" aria-required=\"true\" aria-invalid=\"false\" \/><\/span> <\/label><\/div>\n<div class=\"col-md-6\"><label> Business email* <span class=\"wpcf7-form-control-wrap\" data-name=\"your-email\"><input type=\"email\" name=\"your-email\" value=\"\" size=\"40\" class=\"wpcf7-form-control wpcf7-text wpcf7-email wpcf7-validates-as-required wpcf7-validates-as-email\" aria-required=\"true\" aria-invalid=\"false\" \/><\/span> <\/label><\/div>\n<div class=\"col-md-6\"><label> Phone number*<span class=\"wpcf7-form-control-wrap\" data-name=\"PhoneNumber\"><input type=\"tel\" name=\"PhoneNumber\" value=\"\" size=\"40\" class=\"wpcf7-form-control wpcf7-text wpcf7-tel wpcf7-validates-as-tel\" aria-invalid=\"false\" \/><\/span> <\/label><\/div>\n<div class=\"col-md-6\"><label> Company* <span class=\"wpcf7-form-control-wrap\" data-name=\"Company\"><input type=\"text\" name=\"Company\" value=\"\" size=\"40\" class=\"wpcf7-form-control wpcf7-text wpcf7-validates-as-required\" aria-required=\"true\" aria-invalid=\"false\" \/><\/span> <\/label><\/div>\n<div class=\"col-md-12\"><label>Message <span class=\"wpcf7-form-control-wrap\" data-name=\"your-message\"><textarea name=\"your-message\" cols=\"40\" rows=\"10\" class=\"wpcf7-form-control wpcf7-textarea\" aria-invalid=\"false\"><\/textarea><\/span> <\/label><\/div>\n<div class=\"col-md-12\">\n<div class=\"_align_left\"><input type=\"submit\" value=\"Send Message\" class=\"wpcf7-form-control has-spinner wpcf7-submit\" \/><\/div>\n<\/div>\n<\/div>\n<div class=\"wpcf7-response-output\" aria-hidden=\"true\"><\/div><\/form><\/div>\r\n                <\/div>\r\r\n\r\r\n            <\/div>\r\r\n        <\/div>\r\r\n    <\/div>\r\r\n<\/section>\r\r\n\r\r\n\r\r\n\r\r\n\r\r\n","protected":false},"excerpt":{"rendered":"","protected":false},"author":12,"featured_media":3048,"parent":0,"menu_order":0,"comment_status":"closed","ping_status":"closed","template":"","meta":{"inline_featured_image":false},"yoast_head":"<!-- This site is optimized with the Yoast SEO plugin v19.10 - https:\/\/yoast.com\/wordpress\/plugins\/seo\/ -->\n<title>For banker - Bli med oss \u00e5 spre \u00f8konomisk utdanning - Gimi<\/title>\n<meta name=\"description\" content=\"Samarbeid med oss og bli med p\u00e5 oppdraget \u00e5 utdanne 10 millioner barn i privat\u00f8konomi innen 2025. Bli med oss \u00e5 spre \u00f8konomisk utdanning.\" \/>\n<meta name=\"robots\" content=\"index, follow, max-snippet:-1, max-image-preview:large, max-video-preview:-1\" \/>\n<link rel=\"canonical\" href=\"https:\/\/gimi.com\/no\/for-banker\/\" \/>\n<meta property=\"og:locale\" content=\"nb_NO\" \/>\n<meta property=\"og:type\" content=\"article\" \/>\n<meta property=\"og:title\" content=\"For banker - Bli med oss \u00e5 spre \u00f8konomisk utdanning - Gimi\" \/>\n<meta property=\"og:description\" content=\"Samarbeid med oss og bli med p\u00e5 oppdraget \u00e5 utdanne 10 millioner barn i privat\u00f8konomi innen 2025. Bli med oss \u00e5 spre \u00f8konomisk utdanning.\" \/>\n<meta property=\"og:url\" content=\"https:\/\/gimi.com\/no\/for-banker\/\" \/>\n<meta property=\"og:site_name\" content=\"Gimi\" \/>\n<meta property=\"article:publisher\" content=\"https:\/\/www.facebook.com\/GimiFinancialSuperskills\" \/>\n<meta property=\"article:modified_time\" content=\"2025-09-02T12:26:00+00:00\" \/>\n<meta property=\"og:image\" content=\"http:\/\/gimi.com\/wp-content\/uploads\/2022\/11\/gimi-logo-square.png\" \/>\n\t<meta property=\"og:image:width\" content=\"1080\" \/>\n\t<meta property=\"og:image:height\" content=\"1080\" \/>\n\t<meta property=\"og:image:type\" content=\"image\/png\" \/>\n<meta name=\"twitter:card\" content=\"summary_large_image\" \/>\n<script type=\"application\/ld+json\" class=\"yoast-schema-graph\">{\"@context\":\"https:\/\/schema.org\",\"@graph\":[{\"@type\":\"WebPage\",\"@id\":\"https:\/\/gimi.com\/no\/for-banker\/\",\"url\":\"https:\/\/gimi.com\/no\/for-banker\/\",\"name\":\"For banker - Bli med oss \u00e5 spre \u00f8konomisk utdanning - Gimi\",\"isPartOf\":{\"@id\":\"https:\/\/gimi.com\/#website\"},\"datePublished\":\"2022-07-07T07:51:21+00:00\",\"dateModified\":\"2025-09-02T12:26:00+00:00\",\"description\":\"Samarbeid med oss og bli med p\u00e5 oppdraget \u00e5 utdanne 10 millioner barn i privat\u00f8konomi innen 2025. Bli med oss \u00e5 spre \u00f8konomisk utdanning.\",\"breadcrumb\":{\"@id\":\"https:\/\/gimi.com\/no\/for-banker\/#breadcrumb\"},\"inLanguage\":\"nb-NO\",\"potentialAction\":[{\"@type\":\"ReadAction\",\"target\":[\"https:\/\/gimi.com\/no\/for-banker\/\"]}]},{\"@type\":\"BreadcrumbList\",\"@id\":\"https:\/\/gimi.com\/no\/for-banker\/#breadcrumb\",\"itemListElement\":[{\"@type\":\"ListItem\",\"position\":1,\"name\":\"Home\",\"item\":\"https:\/\/gimi.com\/no\/\"},{\"@type\":\"ListItem\",\"position\":2,\"name\":\"For banker\"}]},{\"@type\":\"WebSite\",\"@id\":\"https:\/\/gimi.com\/#website\",\"url\":\"https:\/\/gimi.com\/\",\"name\":\"Gimi\",\"description\":\"Gimi\",\"publisher\":{\"@id\":\"https:\/\/gimi.com\/#organization\"},\"potentialAction\":[{\"@type\":\"SearchAction\",\"target\":{\"@type\":\"EntryPoint\",\"urlTemplate\":\"https:\/\/gimi.com\/?s={search_term_string}\"},\"query-input\":\"required name=search_term_string\"}],\"inLanguage\":\"nb-NO\"},{\"@type\":\"Organization\",\"@id\":\"https:\/\/gimi.com\/#organization\",\"name\":\"Gimi\",\"url\":\"https:\/\/gimi.com\/\",\"logo\":{\"@type\":\"ImageObject\",\"inLanguage\":\"nb-NO\",\"@id\":\"https:\/\/gimi.com\/#\/schema\/logo\/image\/\",\"url\":\"https:\/\/gimi.com\/wp-content\/uploads\/2022\/11\/gimi-logo-square.png\",\"contentUrl\":\"https:\/\/gimi.com\/wp-content\/uploads\/2022\/11\/gimi-logo-square.png\",\"width\":1080,\"height\":1080,\"caption\":\"Gimi\"},\"image\":{\"@id\":\"https:\/\/gimi.com\/#\/schema\/logo\/image\/\"},\"sameAs\":[\"https:\/\/www.youtube.com\/c\/Gimi-FinancialSuperskills\",\"https:\/\/www.instagram.com\/gimitheapp\/?hl=en\",\"https:\/\/www.facebook.com\/GimiFinancialSuperskills\"]}]}<\/script>\n<!-- \/ Yoast SEO plugin. -->","yoast_head_json":{"title":"For banker - Bli med oss \u00e5 spre \u00f8konomisk utdanning - Gimi","description":"Samarbeid med oss og bli med p\u00e5 oppdraget \u00e5 utdanne 10 millioner barn i privat\u00f8konomi innen 2025. Bli med oss \u00e5 spre \u00f8konomisk utdanning.","robots":{"index":"index","follow":"follow","max-snippet":"max-snippet:-1","max-image-preview":"max-image-preview:large","max-video-preview":"max-video-preview:-1"},"canonical":"https:\/\/gimi.com\/no\/for-banker\/","og_locale":"nb_NO","og_type":"article","og_title":"For banker - Bli med oss \u00e5 spre \u00f8konomisk utdanning - Gimi","og_description":"Samarbeid med oss og bli med p\u00e5 oppdraget \u00e5 utdanne 10 millioner barn i privat\u00f8konomi innen 2025. Bli med oss \u00e5 spre \u00f8konomisk utdanning.","og_url":"https:\/\/gimi.com\/no\/for-banker\/","og_site_name":"Gimi","article_publisher":"https:\/\/www.facebook.com\/GimiFinancialSuperskills","article_modified_time":"2025-09-02T12:26:00+00:00","og_image":[{"width":1080,"height":1080,"url":"http:\/\/gimi.com\/wp-content\/uploads\/2022\/11\/gimi-logo-square.png","type":"image\/png"}],"twitter_card":"summary_large_image","schema":{"@context":"https:\/\/schema.org","@graph":[{"@type":"WebPage","@id":"https:\/\/gimi.com\/no\/for-banker\/","url":"https:\/\/gimi.com\/no\/for-banker\/","name":"For banker - Bli med oss \u00e5 spre \u00f8konomisk utdanning - Gimi","isPartOf":{"@id":"https:\/\/gimi.com\/#website"},"datePublished":"2022-07-07T07:51:21+00:00","dateModified":"2025-09-02T12:26:00+00:00","description":"Samarbeid med oss og bli med p\u00e5 oppdraget \u00e5 utdanne 10 millioner barn i privat\u00f8konomi innen 2025. Bli med oss \u00e5 spre \u00f8konomisk utdanning.","breadcrumb":{"@id":"https:\/\/gimi.com\/no\/for-banker\/#breadcrumb"},"inLanguage":"nb-NO","potentialAction":[{"@type":"ReadAction","target":["https:\/\/gimi.com\/no\/for-banker\/"]}]},{"@type":"BreadcrumbList","@id":"https:\/\/gimi.com\/no\/for-banker\/#breadcrumb","itemListElement":[{"@type":"ListItem","position":1,"name":"Home","item":"https:\/\/gimi.com\/no\/"},{"@type":"ListItem","position":2,"name":"For banker"}]},{"@type":"WebSite","@id":"https:\/\/gimi.com\/#website","url":"https:\/\/gimi.com\/","name":"Gimi","description":"Gimi","publisher":{"@id":"https:\/\/gimi.com\/#organization"},"potentialAction":[{"@type":"SearchAction","target":{"@type":"EntryPoint","urlTemplate":"https:\/\/gimi.com\/?s={search_term_string}"},"query-input":"required name=search_term_string"}],"inLanguage":"nb-NO"},{"@type":"Organization","@id":"https:\/\/gimi.com\/#organization","name":"Gimi","url":"https:\/\/gimi.com\/","logo":{"@type":"ImageObject","inLanguage":"nb-NO","@id":"https:\/\/gimi.com\/#\/schema\/logo\/image\/","url":"https:\/\/gimi.com\/wp-content\/uploads\/2022\/11\/gimi-logo-square.png","contentUrl":"https:\/\/gimi.com\/wp-content\/uploads\/2022\/11\/gimi-logo-square.png","width":1080,"height":1080,"caption":"Gimi"},"image":{"@id":"https:\/\/gimi.com\/#\/schema\/logo\/image\/"},"sameAs":["https:\/\/www.youtube.com\/c\/Gimi-FinancialSuperskills","https:\/\/www.instagram.com\/gimitheapp\/?hl=en","https:\/\/www.facebook.com\/GimiFinancialSuperskills"]}]}},"_links":{"self":[{"href":"https:\/\/gimi.com\/no\/wp-json\/wp\/v2\/pages\/536"}],"collection":[{"href":"https:\/\/gimi.com\/no\/wp-json\/wp\/v2\/pages"}],"about":[{"href":"https:\/\/gimi.com\/no\/wp-json\/wp\/v2\/types\/page"}],"author":[{"embeddable":true,"href":"https:\/\/gimi.com\/no\/wp-json\/wp\/v2\/users\/12"}],"replies":[{"embeddable":true,"href":"https:\/\/gimi.com\/no\/wp-json\/wp\/v2\/comments?post=536"}],"version-history":[{"count":34,"href":"https:\/\/gimi.com\/no\/wp-json\/wp\/v2\/pages\/536\/revisions"}],"predecessor-version":[{"id":5941,"href":"https:\/\/gimi.com\/no\/wp-json\/wp\/v2\/pages\/536\/revisions\/5941"}],"wp:featuredmedia":[{"embeddable":true,"href":"https:\/\/gimi.com\/no\/wp-json\/wp\/v2\/media\/3048"}],"wp:attachment":[{"href":"https:\/\/gimi.com\/no\/wp-json\/wp\/v2\/media?parent=536"}],"curies":[{"name":"wp","href":"https:\/\/api.w.org\/{rel}","templated":true}]}}