






{"id":533,"date":"2022-06-30T15:35:43","date_gmt":"2022-06-30T15:35:43","guid":{"rendered":"https:\/\/gimi.looplabz.com\/?page_id=533"},"modified":"2026-01-19T10:09:53","modified_gmt":"2026-01-19T10:09:53","slug":"home","status":"publish","type":"page","link":"https:\/\/gimi.com\/no\/","title":{"rendered":"Home"},"content":{"rendered":"\r\n<!--style=\"background-image: url(--><!--);\"-->\r\r\n<section id=\"banner-block_63345ba525237\" class=\"_hmbnr color-white  bg_lightGray _ob_opsition  _bannerCover\"  >\r\r\n    <div class=\"container\">\r\r\n        <div class=\"row\">\r\r\n            <div class=\"col-md-12\">\r\r\n                <div class=\"_hdrContent\"  >\r\r\n                    <h1 data-aos=\"fade-down\" class=\"color-white\">V\u00e5rt oppdrag: \u00c5 utdanne 10 millioner barn i personlig \u00f8konomi innen 2025.<\/h1>\r\r\n                    <p data-aos=\"fade-up\" >Gimi gir den unge generasjonen Financial Superskills som varer livet ut.<\/p>\r\r\n                    \r\n                        <a href=\"https:\/\/gimi.onelink.me\/PNSs\/nmdmc7sy\" data-aos=\"fade-up\" class=\"_btn\" target=\"_self\">Last ned appen<\/a>\r\r\n                    \r\n                <\/div>\r\r\n            <\/div>\r\r\n        <\/div>\r\r\n    <\/div>\r\r\n    <div class=\"_bnrAtchmnt\" data-aos=\"fade-down\" >\r\r\n<!--        -->\r\n        <img decoding=\"async\" src=\"https:\/\/gimi.com\/wp-content\/uploads\/2025\/09\/Hero_Landing@2x-1-scaled.webp\" alt=\"\" class=\"img-fluid\">\r\r\n    <\/div>\r\r\n\r\r\n\r\r\n<\/section>\r\r\n\n\n\r\n\r\n<section  data-aos=\"fade-up\" data-aos-easing=\"ease-in-sine\" id=\"usp-block_63511a54a5cef\" class=\"_usp   \" >\r\r\n    <div class=\"container\">\r\r\n        <div class=\"row _uspItmsList\">\r\r\n        \r\n            <div class=\"col-md-3\">\r\r\n                <div class=\"_uspItm \">\r\r\n                    <img width=\"691\" height=\"295\" src=\"https:\/\/gimi.com\/wp-content\/uploads\/2025\/06\/Nordea_Masterbrand_500px_RGB-e1749152040213.png\" class=\"attachment-full size-full\" alt=\"\" decoding=\"async\" loading=\"lazy\" \/>\r\n                    <p><\/p>\r\r\n                <\/div>\r\r\n            <\/div>\r\r\n        \r\n            <div class=\"col-md-3\">\r\r\n                <div class=\"_uspItm \">\r\r\n                    <img width=\"1\" height=\"1\" src=\"https:\/\/gimi.com\/wp-content\/uploads\/2025\/06\/Logo-abn.svg\" class=\"attachment-full size-full\" alt=\"\" decoding=\"async\" loading=\"lazy\" \/>\r\n                    <p><\/p>\r\r\n                <\/div>\r\r\n            <\/div>\r\r\n        \r\n            <div class=\"col-md-3\">\r\r\n                <div class=\"_uspItm \">\r\r\n                    <img width=\"1\" height=\"1\" src=\"https:\/\/gimi.com\/wp-content\/uploads\/2025\/06\/icabanken.svg\" class=\"attachment-full size-full\" alt=\"\" decoding=\"async\" loading=\"lazy\" \/>\r\n                    <p><\/p>\r\r\n                <\/div>\r\r\n            <\/div>\r\r\n        \r\n            <div class=\"col-md-3\">\r\r\n                <div class=\"_uspItm \">\r\r\n                    <img width=\"750\" height=\"750\" src=\"https:\/\/gimi.com\/wp-content\/uploads\/2025\/06\/CAT-E-Winner-2.png\" class=\"attachment-full size-full\" alt=\"\" decoding=\"async\" loading=\"lazy\" srcset=\"https:\/\/gimi.com\/wp-content\/uploads\/2025\/06\/CAT-E-Winner-2.png 750w, https:\/\/gimi.com\/wp-content\/uploads\/2025\/06\/CAT-E-Winner-2-300x300.png 300w, https:\/\/gimi.com\/wp-content\/uploads\/2025\/06\/CAT-E-Winner-2-150x150.png 150w, https:\/\/gimi.com\/wp-content\/uploads\/2025\/06\/CAT-E-Winner-2-276x276.png 276w\" sizes=\"(max-width: 750px) 100vw, 750px\" \/>\r\n                    <p><\/p>\r\r\n                <\/div>\r\r\n            <\/div>\r\r\n        \r\n        <\/div>\r\r\n    <\/div>\r\r\n<\/section>\r\r\n\r\n\r\r\n\r\r\n\r\r\n\n\n\r\n\r\n\r\r\n\r\r\n\r\r\n\n\n\n\n\n<section  data-aos=\"fade-up\" data-aos-easing=\"ease-in-sine\" id=\"usp-block_62c16c86e5f31\" class=\"_imgWithCntent  alignfull _top-50 _bottom-50\" >\n\n    <div class=\"container\">\n\n        <div class=\"row align-items-center \">\n\n            <div class=\"col-md-6\">\n\n                <div class=\"_imgWper \">\n\n                    <img width=\"1920\" height=\"1279\" src=\"https:\/\/gimi.com\/wp-content\/uploads\/2022\/12\/startpage2-1.webp\" class=\"attachment-full size-full\" alt=\"hand holding iphone\" decoding=\"async\" loading=\"lazy\" srcset=\"https:\/\/gimi.com\/wp-content\/uploads\/2022\/12\/startpage2-1.webp 1920w, https:\/\/gimi.com\/wp-content\/uploads\/2022\/12\/startpage2-1-300x200.webp 300w, https:\/\/gimi.com\/wp-content\/uploads\/2022\/12\/startpage2-1-1024x682.webp 1024w, https:\/\/gimi.com\/wp-content\/uploads\/2022\/12\/startpage2-1-768x512.webp 768w, https:\/\/gimi.com\/wp-content\/uploads\/2022\/12\/startpage2-1-1536x1023.webp 1536w\" sizes=\"(max-width: 1920px) 100vw, 1920px\" \/>\n                <\/div>\n\n            <\/div>\n\n            <div class=\"col-md-6\">\n\n                <div class=\"_imgCntnt\">\n\n                    <h2 data-aos=\"fade-down\">Appen for fremtidens \u00f8konomiske l\u00e6ring.<\/h2>\n\n                    <p>F\u00e5 mest mulig ut av barnas bankkonto og gj\u00f8r kontoen til et l\u00e6ringsverkt\u00f8y med Gimi. L\u00e6r barnet ditt alt om \u00e5 spare, bruke og tjene. Barn l\u00e6rer hvordan de skal forvalte penger under tilsyn av foreldrene, hvordan det funker i virkeligheten og blir introdusert for grunnleggende regler innen privat\u00f8konomi. Alt p\u00e5 en morsom og trygg m\u00e5te.<\/p>\n\t\t\t\t\t                    <a href=\"\/no\/slik-fungerer-det\/\" data-aos=\"fade-up\" class=\"_btn_sec\" target=\"_self\">Utdanning i Gimi <i class=\"fa fa-angle-right\"><\/i><\/a>\n\t\t\t\t\t\n                <\/div>\n\n            <\/div>\n\n        <\/div>\n\n    <\/div>\n\n<\/section>\n\n\n\n\n\n\n\n\n\n\n\n\n\n\n<section  data-aos=\"fade-up\" data-aos-easing=\"ease-in-sine\" id=\"usp-block_62c1746678155\" class=\"_imgWithCntent  alignfull _top-50 _bottom-50\" >\n\n    <div class=\"container\">\n\n        <div class=\"row align-items-center _imgRight\">\n\n            <div class=\"col-md-6\">\n\n                <div class=\"_imgWper \">\n\n                    <img width=\"1920\" height=\"1274\" src=\"https:\/\/gimi.com\/wp-content\/uploads\/2022\/12\/image-2022-07-06-at-09-1.webp\" class=\"attachment-full size-full\" alt=\"Kids eating icecream in front of ipad\" decoding=\"async\" loading=\"lazy\" srcset=\"https:\/\/gimi.com\/wp-content\/uploads\/2022\/12\/image-2022-07-06-at-09-1.webp 1920w, https:\/\/gimi.com\/wp-content\/uploads\/2022\/12\/image-2022-07-06-at-09-1-300x199.webp 300w, https:\/\/gimi.com\/wp-content\/uploads\/2022\/12\/image-2022-07-06-at-09-1-1024x679.webp 1024w, https:\/\/gimi.com\/wp-content\/uploads\/2022\/12\/image-2022-07-06-at-09-1-768x510.webp 768w, https:\/\/gimi.com\/wp-content\/uploads\/2022\/12\/image-2022-07-06-at-09-1-1536x1019.webp 1536w\" sizes=\"(max-width: 1920px) 100vw, 1920px\" \/>\n                <\/div>\n\n            <\/div>\n\n            <div class=\"col-md-6\">\n\n                <div class=\"_imgCntnt\">\n\n                    <h2 data-aos=\"fade-down\">Praktisk l\u00e6ring med Gimi.<\/h2>\n\n                    <p>Det blir mer og mer sjelden vi ser penger p\u00e5 grunn av debetkort og betalinger p\u00e5 nett. Med Gimi blir digitale penger mer h\u00e5ndgripelige, og barn kan f\u00e5 praktisk erfaring med hvordan penger faktisk fungerer. Dere som foreldre kan holde \u00f8ye med barnas lommepenger, og dere kan f\u00f8lge med p\u00e5 hva barna bruker pengene sine p\u00e5. Gi barnet ditt muligheten til \u00e5 l\u00e6re \u00e5 spare, bruke og tjene.<\/p>\n\t\t\t\t\t                    <a href=\"\/no\/slik-fungerer-det\/\" data-aos=\"fade-up\" class=\"_btn_sec\" target=\"_self\">Praktisk l\u00e6ring i Gimi <i class=\"fa fa-angle-right\"><\/i><\/a>\n\t\t\t\t\t\n                <\/div>\n\n            <\/div>\n\n        <\/div>\n\n    <\/div>\n\n<\/section>\n\n\n\n\n\n\n\n\n\n\n\n\r\n\r\r\n<section data-aos=\"fade-up\" data-aos-easing=\"ease-in-sine\" id=\"usp-block_62c1f92c90f1f\" class=\"_ctaDownload  alignfull _top-50 _bottom-50\" >\r\r\n    <div class=\"container\">\r\r\n        <div class=\"row\">\r\r\n            <div class=\"col-md-12\">\r\r\n                <div class=\"_mainTitl\">\r\r\n                    <h2 class=\"_cuntr\" data-aos=\"fade-down\" data-number=\"1652344\">1652344<\/h2>\r\r\n                    <h4 data-aos=\"fade-up\">Totalt antall app-nedlastinger.<\/h4>\r\r\n                    <a href=\"https:\/\/gimi.onelink.me\/PNSs\/nmdmc7sy\" data-aos=\"fade-up\" class=\"_btn\" target=\"_self\">Last ned appen<\/a>\r\r\n                <\/div>\r\r\n            <\/div>\r\r\n\r\r\n        <\/div>\r\r\n    <\/div>\r\r\n<\/section>\r\r\n\r\r\n\r\r\n\r\r\n\r\r\n","protected":false},"excerpt":{"rendered":"","protected":false},"author":12,"featured_media":3048,"parent":0,"menu_order":0,"comment_status":"closed","ping_status":"closed","template":"","meta":{"inline_featured_image":false},"yoast_head":"<!-- This site is optimized with the Yoast SEO plugin v19.10 - https:\/\/yoast.com\/wordpress\/plugins\/seo\/ -->\n<title>Gimi - Gir den unge generasjonen Financial Superskills<\/title>\n<meta name=\"description\" content=\"Gimi l\u00e6rer barnet ditt alt om \u00e5 spare, bruke og tjene penger. Gimi er en prisvinnende app som hjelper barn \u00e5 f\u00e5 financial superskills som varer livet ut.\" \/>\n<meta name=\"robots\" content=\"index, follow, max-snippet:-1, max-image-preview:large, max-video-preview:-1\" \/>\n<link rel=\"canonical\" href=\"https:\/\/gimi.com\/no\/\" \/>\n<meta property=\"og:locale\" content=\"nb_NO\" \/>\n<meta property=\"og:type\" content=\"article\" \/>\n<meta property=\"og:title\" content=\"Gimi - Gir den unge generasjonen Financial Superskills\" \/>\n<meta property=\"og:description\" content=\"Gimi l\u00e6rer barnet ditt alt om \u00e5 spare, bruke og tjene penger. Gimi er en prisvinnende app som hjelper barn \u00e5 f\u00e5 financial superskills som varer livet ut.\" \/>\n<meta property=\"og:url\" content=\"https:\/\/gimi.com\/no\/\" \/>\n<meta property=\"og:site_name\" content=\"Gimi\" \/>\n<meta property=\"article:publisher\" content=\"https:\/\/www.facebook.com\/GimiFinancialSuperskills\" \/>\n<meta property=\"article:modified_time\" content=\"2026-01-19T10:09:53+00:00\" \/>\n<meta property=\"og:image\" content=\"http:\/\/gimi.com\/wp-content\/uploads\/2022\/11\/gimi-logo-square.png\" \/>\n\t<meta property=\"og:image:width\" content=\"1080\" \/>\n\t<meta property=\"og:image:height\" content=\"1080\" \/>\n\t<meta property=\"og:image:type\" content=\"image\/png\" \/>\n<meta name=\"twitter:card\" content=\"summary_large_image\" \/>\n<script type=\"application\/ld+json\" class=\"yoast-schema-graph\">{\"@context\":\"https:\/\/schema.org\",\"@graph\":[{\"@type\":\"WebPage\",\"@id\":\"https:\/\/gimi.com\/no\/\",\"url\":\"https:\/\/gimi.com\/no\/\",\"name\":\"Gimi - Gir den unge generasjonen Financial Superskills\",\"isPartOf\":{\"@id\":\"https:\/\/gimi.com\/#website\"},\"datePublished\":\"2022-06-30T15:35:43+00:00\",\"dateModified\":\"2026-01-19T10:09:53+00:00\",\"description\":\"Gimi l\u00e6rer barnet ditt alt om \u00e5 spare, bruke og tjene penger. Gimi er en prisvinnende app som hjelper barn \u00e5 f\u00e5 financial superskills som varer livet ut.\",\"breadcrumb\":{\"@id\":\"https:\/\/gimi.com\/no\/#breadcrumb\"},\"inLanguage\":\"nb-NO\",\"potentialAction\":[{\"@type\":\"ReadAction\",\"target\":[\"https:\/\/gimi.com\/no\/\"]}]},{\"@type\":\"BreadcrumbList\",\"@id\":\"https:\/\/gimi.com\/no\/#breadcrumb\",\"itemListElement\":[{\"@type\":\"ListItem\",\"position\":1,\"name\":\"Home\",\"item\":\"https:\/\/gimi.com\/no\/\"},{\"@type\":\"ListItem\",\"position\":2,\"name\":\"Home\"}]},{\"@type\":\"WebSite\",\"@id\":\"https:\/\/gimi.com\/#website\",\"url\":\"https:\/\/gimi.com\/\",\"name\":\"Gimi\",\"description\":\"Gimi\",\"publisher\":{\"@id\":\"https:\/\/gimi.com\/#organization\"},\"potentialAction\":[{\"@type\":\"SearchAction\",\"target\":{\"@type\":\"EntryPoint\",\"urlTemplate\":\"https:\/\/gimi.com\/?s={search_term_string}\"},\"query-input\":\"required name=search_term_string\"}],\"inLanguage\":\"nb-NO\"},{\"@type\":\"Organization\",\"@id\":\"https:\/\/gimi.com\/#organization\",\"name\":\"Gimi\",\"url\":\"https:\/\/gimi.com\/\",\"logo\":{\"@type\":\"ImageObject\",\"inLanguage\":\"nb-NO\",\"@id\":\"https:\/\/gimi.com\/#\/schema\/logo\/image\/\",\"url\":\"https:\/\/gimi.com\/wp-content\/uploads\/2022\/11\/gimi-logo-square.png\",\"contentUrl\":\"https:\/\/gimi.com\/wp-content\/uploads\/2022\/11\/gimi-logo-square.png\",\"width\":1080,\"height\":1080,\"caption\":\"Gimi\"},\"image\":{\"@id\":\"https:\/\/gimi.com\/#\/schema\/logo\/image\/\"},\"sameAs\":[\"https:\/\/www.youtube.com\/c\/Gimi-FinancialSuperskills\",\"https:\/\/www.instagram.com\/gimitheapp\/?hl=en\",\"https:\/\/www.facebook.com\/GimiFinancialSuperskills\"]}]}<\/script>\n<!-- \/ Yoast SEO plugin. -->","yoast_head_json":{"title":"Gimi - Gir den unge generasjonen Financial Superskills","description":"Gimi l\u00e6rer barnet ditt alt om \u00e5 spare, bruke og tjene penger. Gimi er en prisvinnende app som hjelper barn \u00e5 f\u00e5 financial superskills som varer livet ut.","robots":{"index":"index","follow":"follow","max-snippet":"max-snippet:-1","max-image-preview":"max-image-preview:large","max-video-preview":"max-video-preview:-1"},"canonical":"https:\/\/gimi.com\/no\/","og_locale":"nb_NO","og_type":"article","og_title":"Gimi - Gir den unge generasjonen Financial Superskills","og_description":"Gimi l\u00e6rer barnet ditt alt om \u00e5 spare, bruke og tjene penger. Gimi er en prisvinnende app som hjelper barn \u00e5 f\u00e5 financial superskills som varer livet ut.","og_url":"https:\/\/gimi.com\/no\/","og_site_name":"Gimi","article_publisher":"https:\/\/www.facebook.com\/GimiFinancialSuperskills","article_modified_time":"2026-01-19T10:09:53+00:00","og_image":[{"width":1080,"height":1080,"url":"http:\/\/gimi.com\/wp-content\/uploads\/2022\/11\/gimi-logo-square.png","type":"image\/png"}],"twitter_card":"summary_large_image","schema":{"@context":"https:\/\/schema.org","@graph":[{"@type":"WebPage","@id":"https:\/\/gimi.com\/no\/","url":"https:\/\/gimi.com\/no\/","name":"Gimi - Gir den unge generasjonen Financial Superskills","isPartOf":{"@id":"https:\/\/gimi.com\/#website"},"datePublished":"2022-06-30T15:35:43+00:00","dateModified":"2026-01-19T10:09:53+00:00","description":"Gimi l\u00e6rer barnet ditt alt om \u00e5 spare, bruke og tjene penger. Gimi er en prisvinnende app som hjelper barn \u00e5 f\u00e5 financial superskills som varer livet ut.","breadcrumb":{"@id":"https:\/\/gimi.com\/no\/#breadcrumb"},"inLanguage":"nb-NO","potentialAction":[{"@type":"ReadAction","target":["https:\/\/gimi.com\/no\/"]}]},{"@type":"BreadcrumbList","@id":"https:\/\/gimi.com\/no\/#breadcrumb","itemListElement":[{"@type":"ListItem","position":1,"name":"Home","item":"https:\/\/gimi.com\/no\/"},{"@type":"ListItem","position":2,"name":"Home"}]},{"@type":"WebSite","@id":"https:\/\/gimi.com\/#website","url":"https:\/\/gimi.com\/","name":"Gimi","description":"Gimi","publisher":{"@id":"https:\/\/gimi.com\/#organization"},"potentialAction":[{"@type":"SearchAction","target":{"@type":"EntryPoint","urlTemplate":"https:\/\/gimi.com\/?s={search_term_string}"},"query-input":"required name=search_term_string"}],"inLanguage":"nb-NO"},{"@type":"Organization","@id":"https:\/\/gimi.com\/#organization","name":"Gimi","url":"https:\/\/gimi.com\/","logo":{"@type":"ImageObject","inLanguage":"nb-NO","@id":"https:\/\/gimi.com\/#\/schema\/logo\/image\/","url":"https:\/\/gimi.com\/wp-content\/uploads\/2022\/11\/gimi-logo-square.png","contentUrl":"https:\/\/gimi.com\/wp-content\/uploads\/2022\/11\/gimi-logo-square.png","width":1080,"height":1080,"caption":"Gimi"},"image":{"@id":"https:\/\/gimi.com\/#\/schema\/logo\/image\/"},"sameAs":["https:\/\/www.youtube.com\/c\/Gimi-FinancialSuperskills","https:\/\/www.instagram.com\/gimitheapp\/?hl=en","https:\/\/www.facebook.com\/GimiFinancialSuperskills"]}]}},"_links":{"self":[{"href":"https:\/\/gimi.com\/no\/wp-json\/wp\/v2\/pages\/533"}],"collection":[{"href":"https:\/\/gimi.com\/no\/wp-json\/wp\/v2\/pages"}],"about":[{"href":"https:\/\/gimi.com\/no\/wp-json\/wp\/v2\/types\/page"}],"author":[{"embeddable":true,"href":"https:\/\/gimi.com\/no\/wp-json\/wp\/v2\/users\/12"}],"replies":[{"embeddable":true,"href":"https:\/\/gimi.com\/no\/wp-json\/wp\/v2\/comments?post=533"}],"version-history":[{"count":40,"href":"https:\/\/gimi.com\/no\/wp-json\/wp\/v2\/pages\/533\/revisions"}],"predecessor-version":[{"id":6022,"href":"https:\/\/gimi.com\/no\/wp-json\/wp\/v2\/pages\/533\/revisions\/6022"}],"wp:featuredmedia":[{"embeddable":true,"href":"https:\/\/gimi.com\/no\/wp-json\/wp\/v2\/media\/3048"}],"wp:attachment":[{"href":"https:\/\/gimi.com\/no\/wp-json\/wp\/v2\/media?parent=533"}],"curies":[{"name":"wp","href":"https:\/\/api.w.org\/{rel}","templated":true}]}}