






{"id":1840,"date":"2022-10-07T10:52:55","date_gmt":"2022-10-07T10:52:55","guid":{"rendered":"https:\/\/testing.gimitheapp.com\/?page_id=1840"},"modified":"2022-12-05T06:18:50","modified_gmt":"2022-12-05T06:18:50","slug":"spar-penger-til-barn","status":"publish","type":"page","link":"https:\/\/gimi.com\/no\/spar-penger-til-barn\/","title":{"rendered":"Spar penger til barn"},"content":{"rendered":"\r\n\r\r\n<section  data-aos=\"fade-up\" data-aos-easing=\"ease-in-sine\" id=\"article-block_63355a9d01733\" class=\"_article _topGray   \" >\r\r\n    <div class=\"container\">\r\r\n        <div class=\"row\">\r\r\n            <div class=\"col-md-12\">\r\r\n                <div class=\"_pageHdr _container-1000    \">\r\r\n                    <h1>Spar penger til barn<\/h1>\r\r\n                    <div class=\"_pgHdrDesc\">\r\r\n                        \r\n                    <\/div>\r\r\n                <\/div>\r\r\n                <div class=\"_pageCntnt _container-690\">\r\r\n                    <div class=\"_articleImg\">\r\r\n                        <img width=\"1536\" height=\"1024\" src=\"https:\/\/gimi.com\/wp-content\/uploads\/2022\/12\/save-money-for-children.webp\" class=\"attachment-post-thumbnail size-post-thumbnail wp-post-image\" alt=\"mom and daughter in sofa\" decoding=\"async\" loading=\"lazy\" srcset=\"https:\/\/gimi.com\/wp-content\/uploads\/2022\/12\/save-money-for-children.webp 1536w, https:\/\/gimi.com\/wp-content\/uploads\/2022\/12\/save-money-for-children-300x200.webp 300w, https:\/\/gimi.com\/wp-content\/uploads\/2022\/12\/save-money-for-children-1024x683.webp 1024w, https:\/\/gimi.com\/wp-content\/uploads\/2022\/12\/save-money-for-children-768x512.webp 768w\" sizes=\"(max-width: 1536px) 100vw, 1536px\" \/>\r\n                    <\/div>\r\r\n                    <div class=\"_art_desc\">\r\r\n                        <article class=\"text\">\n<div class=\"excerpt__AvuEQ\">\n<p><em>Mange foreldre sparer penger for barna sine, for eksempel som et bidrag til den f\u00f8rste leiligheten, for \u00e5 la dem dra p\u00e5 minnerike turer eller som en buffer for uforutsette hendelser.<\/em><\/p>\n<\/div>\n<div class=\"text__body\">\n<p>Mange foreldre sparer penger for barna sine, for eksempel som et bidrag til den f\u00f8rste leiligheten, for \u00e5 la dem dra p\u00e5 minnerike turer eller som en buffer for uforutsette hendelser. Avhengig av hvordan man sparer, kan barnet automatisk f\u00e5 tilgang til pengene n\u00e5r det fyller 18 \u00e5r, eller personen som sparer bestemmer n\u00e5r pengene skal v\u00e6re gis til barnet. Uansett er det viktig at barnet har l\u00e6rt det grunnleggende om personlig \u00f8konomi og sparing n\u00e5r dagen og pengene kommer.<\/p>\n<h2>Hvorfor er det lurt \u00e5 spare penger for barn?<\/h2>\n<p>\u00c5 spare penger til barna selv n\u00e5r de er sm\u00e5, betyr at pengene har lang tid p\u00e5 seg til \u00e5 vokse, noe som gj\u00f8r underverker for hvor mye man klarer \u00e5 spare. Sparing eller investering betyr ofte at du kan f\u00e5 en prosentvis rente eller vekst i sparepengene i l\u00f8pet av \u00e5rene som g\u00e5r. For hvert \u00e5r pengene investeres eller spares, er det generelt mer penger p\u00e5 kontoen enn ved begynnelsen av \u00e5ret. \u00c5ret etter vil du motta b\u00e5de renter p\u00e5 pengene du investerte fra begynnelsen, og ogs\u00e5 renter p\u00e5 pengene du tjente i form av renter i fjor. Dette kalles renters rente.<\/p>\n<p>Mange synes det er komplisert og et konkret eksempel vil sannsynligvis hjelpe.<\/p>\n<p>Beregningseksempel:<\/p>\n<p>Du setter inn 10 000 kr p\u00e5 en sparekonto med en \u00e5rlig rente p\u00e5 10%.<\/p>\n<p>Etter 1 \u00e5r har du 11 000 kroner p\u00e5 kontoen.<\/p>\n<p>10 000 kr (pengene du satte inn fra begynnelsen) + 1000 kr (10% renter av 10 000 kr).<\/p>\n<p>Etter 2 \u00e5r har du 12 100 kr p\u00e5 kontoen.<\/p>\n<p>11 000 kr (pengene du hadde p\u00e5 kontoen ved utgangen av \u00e5r 1) + 1 100 kr (10% renter p\u00e5<br \/>\n11 000 kr).<\/p>\n<p>Etter 8 \u00e5r har du totalt 21 400 kroner p\u00e5 kontoen og du har dermed mer enn doblet verdien av de 10 000 kr du startet med og alt du har gjort er \u00e5 vente. Etter 18 \u00e5r har du mer enn<br \/>\n55 500 kroner, nesten seks ganger mer enn pengene du satte inn i begynnelsen.<\/p>\n<p>Denne veksten er grunnen til at Albert Einstein sa at renters rente er verdens \u00e5ttende underverk og den sterkeste kraften i universet.<\/p>\n<h2>Spar til barna og l\u00e6r barna \u00e5 spare<\/h2>\n<p>\u00c5 spare til barna har den store fordelen at det gir deg som sparer muligheten og et grunnlag for \u00e5 snakke om investeringer, sparing og \u00f8konomi med barnet ditt. Du kan se p\u00e5 hvordan pengene vokser og mange steder der man kan investere eller spare for barna sine, gir tilgang p\u00e5 grafer eller andre verkt\u00f8y for \u00e5 vise hvordan kapitalen vokser. Her er det fint \u00e5 diskutere hvorfor du har spart eller investert som du gj\u00f8r, hvilke alternativer som finnes, og hva du som voksen mener pengene skal g\u00e5 til, men ogs\u00e5 hva barnet \u00f8nsker seg og dr\u00f8mmer om.<\/p>\n<h2>Hvordan gj\u00f8r jeg det?<\/h2>\n<p>Det er mange m\u00e5ter \u00e5 spare og investere penger for barnets fremtid. Her er noen grunnleggende tips:<\/p>\n<h3>Spar m\u00e5nedlig<\/h3>\n<p>P\u00e5 den m\u00e5ten f\u00f8les det ikke s\u00e5 mye p\u00e5 lommeboka og du \u00f8ker sannsynligheten for \u00e5 legge en st\u00f8rre del av sparepengene i bunn og se hvordan det oppsparte \u00f8ker.<\/p>\n<h3>Gj\u00f8r det automatisk<\/h3>\n<p>Hvis du tar sikte p\u00e5 \u00e5 spare penger m\u00e5nedlig for barnet ditt over 18 \u00e5r, vil det v\u00e6re 216 ganger (18 \u00e5r ganger 12 m\u00e5neder) som du m\u00e5 vurdere hva, hvor mye og om du har spart for barnet ditt. Spar deg selv problemet med automatiske trekk, slik at du kan fokusere p\u00e5 andre ting.<\/p>\n<h3>Spar med lave avgifter<\/h3>\n<p>Mange banker eller andre som hjelper deg med \u00e5 sette opp og administrere sparepengene for barnet ditt tar store gebyrer for det. Disse avgiftene forminsker verdien av \u00e5 spare over tid og kan koste deg og barnet ditt tusenvis av kroner, un\u00f8dig.<\/p>\n<\/div>\n<\/article>\n<p>&nbsp;<\/p>\n<p><a class=\"_btn aos-init aos-animate\" href=\"https:\/\/gimi.onelink.me\/PNSs\/3i2iyznt\" target=\"_self\" data-aos=\"fade-up\">Last ned Gimi<\/a><\/p>\n\r\n                    <\/div>\r\r\n\r\r\n                <\/div>\r\r\n            <\/div>\r\r\n        <\/div>\r\r\n    <\/div>\r\r\n<\/section>\r\r\n\r\r\n\r\r\n\r\r\n\r\r\n","protected":false},"excerpt":{"rendered":"","protected":false},"author":12,"featured_media":3673,"parent":0,"menu_order":0,"comment_status":"closed","ping_status":"closed","template":"","meta":{"inline_featured_image":false},"yoast_head":"<!-- This site is optimized with the Yoast SEO plugin v19.10 - https:\/\/yoast.com\/wordpress\/plugins\/seo\/ -->\n<title>Spar penger til barn - Personlig \u00f8konomi og sparing - Gimi<\/title>\n<meta name=\"description\" content=\"Mange foreldre sparer penger for barna sine, eksempel som et bidrag til leiligheten, for \u00e5 la dem dra p\u00e5 minnerike turer eller som en buffer.\" \/>\n<meta name=\"robots\" content=\"index, follow, max-snippet:-1, max-image-preview:large, max-video-preview:-1\" \/>\n<link rel=\"canonical\" href=\"https:\/\/gimi.com\/no\/spar-penger-til-barn\/\" \/>\n<meta property=\"og:locale\" content=\"nb_NO\" \/>\n<meta property=\"og:type\" content=\"article\" \/>\n<meta property=\"og:title\" content=\"Spar penger til barn - Personlig \u00f8konomi og sparing - Gimi\" \/>\n<meta property=\"og:description\" content=\"Mange foreldre sparer penger for barna sine, eksempel som et bidrag til leiligheten, for \u00e5 la dem dra p\u00e5 minnerike turer eller som en buffer.\" \/>\n<meta property=\"og:url\" content=\"https:\/\/gimi.com\/no\/spar-penger-til-barn\/\" \/>\n<meta property=\"og:site_name\" content=\"Gimi\" \/>\n<meta property=\"article:publisher\" content=\"https:\/\/www.facebook.com\/GimiFinancialSuperskills\" \/>\n<meta property=\"article:modified_time\" content=\"2022-12-05T06:18:50+00:00\" \/>\n<meta property=\"og:image\" content=\"http:\/\/gimi.com\/wp-content\/uploads\/2022\/12\/save-money-for-children.webp\" \/>\n\t<meta property=\"og:image:width\" content=\"1536\" \/>\n\t<meta property=\"og:image:height\" content=\"1024\" \/>\n\t<meta property=\"og:image:type\" content=\"image\/webp\" \/>\n<meta name=\"twitter:card\" content=\"summary_large_image\" \/>\n<script type=\"application\/ld+json\" class=\"yoast-schema-graph\">{\"@context\":\"https:\/\/schema.org\",\"@graph\":[{\"@type\":\"WebPage\",\"@id\":\"https:\/\/gimi.com\/no\/spar-penger-til-barn\/\",\"url\":\"https:\/\/gimi.com\/no\/spar-penger-til-barn\/\",\"name\":\"Spar penger til barn - Personlig \u00f8konomi og sparing - Gimi\",\"isPartOf\":{\"@id\":\"https:\/\/gimi.com\/#website\"},\"datePublished\":\"2022-10-07T10:52:55+00:00\",\"dateModified\":\"2022-12-05T06:18:50+00:00\",\"description\":\"Mange foreldre sparer penger for barna sine, eksempel som et bidrag til leiligheten, for \u00e5 la dem dra p\u00e5 minnerike turer eller som en buffer.\",\"breadcrumb\":{\"@id\":\"https:\/\/gimi.com\/no\/spar-penger-til-barn\/#breadcrumb\"},\"inLanguage\":\"nb-NO\",\"potentialAction\":[{\"@type\":\"ReadAction\",\"target\":[\"https:\/\/gimi.com\/no\/spar-penger-til-barn\/\"]}]},{\"@type\":\"BreadcrumbList\",\"@id\":\"https:\/\/gimi.com\/no\/spar-penger-til-barn\/#breadcrumb\",\"itemListElement\":[{\"@type\":\"ListItem\",\"position\":1,\"name\":\"Home\",\"item\":\"https:\/\/gimi.com\/no\/\"},{\"@type\":\"ListItem\",\"position\":2,\"name\":\"Spar penger til barn\"}]},{\"@type\":\"WebSite\",\"@id\":\"https:\/\/gimi.com\/#website\",\"url\":\"https:\/\/gimi.com\/\",\"name\":\"Gimi\",\"description\":\"Gimi\",\"publisher\":{\"@id\":\"https:\/\/gimi.com\/#organization\"},\"potentialAction\":[{\"@type\":\"SearchAction\",\"target\":{\"@type\":\"EntryPoint\",\"urlTemplate\":\"https:\/\/gimi.com\/?s={search_term_string}\"},\"query-input\":\"required name=search_term_string\"}],\"inLanguage\":\"nb-NO\"},{\"@type\":\"Organization\",\"@id\":\"https:\/\/gimi.com\/#organization\",\"name\":\"Gimi\",\"url\":\"https:\/\/gimi.com\/\",\"logo\":{\"@type\":\"ImageObject\",\"inLanguage\":\"nb-NO\",\"@id\":\"https:\/\/gimi.com\/#\/schema\/logo\/image\/\",\"url\":\"https:\/\/gimi.com\/wp-content\/uploads\/2022\/11\/gimi-logo-square.png\",\"contentUrl\":\"https:\/\/gimi.com\/wp-content\/uploads\/2022\/11\/gimi-logo-square.png\",\"width\":1080,\"height\":1080,\"caption\":\"Gimi\"},\"image\":{\"@id\":\"https:\/\/gimi.com\/#\/schema\/logo\/image\/\"},\"sameAs\":[\"https:\/\/www.youtube.com\/c\/Gimi-FinancialSuperskills\",\"https:\/\/www.instagram.com\/gimitheapp\/?hl=en\",\"https:\/\/www.facebook.com\/GimiFinancialSuperskills\"]}]}<\/script>\n<!-- \/ Yoast SEO plugin. -->","yoast_head_json":{"title":"Spar penger til barn - Personlig \u00f8konomi og sparing - Gimi","description":"Mange foreldre sparer penger for barna sine, eksempel som et bidrag til leiligheten, for \u00e5 la dem dra p\u00e5 minnerike turer eller som en buffer.","robots":{"index":"index","follow":"follow","max-snippet":"max-snippet:-1","max-image-preview":"max-image-preview:large","max-video-preview":"max-video-preview:-1"},"canonical":"https:\/\/gimi.com\/no\/spar-penger-til-barn\/","og_locale":"nb_NO","og_type":"article","og_title":"Spar penger til barn - Personlig \u00f8konomi og sparing - Gimi","og_description":"Mange foreldre sparer penger for barna sine, eksempel som et bidrag til leiligheten, for \u00e5 la dem dra p\u00e5 minnerike turer eller som en buffer.","og_url":"https:\/\/gimi.com\/no\/spar-penger-til-barn\/","og_site_name":"Gimi","article_publisher":"https:\/\/www.facebook.com\/GimiFinancialSuperskills","article_modified_time":"2022-12-05T06:18:50+00:00","og_image":[{"width":1536,"height":1024,"url":"http:\/\/gimi.com\/wp-content\/uploads\/2022\/12\/save-money-for-children.webp","type":"image\/webp"}],"twitter_card":"summary_large_image","schema":{"@context":"https:\/\/schema.org","@graph":[{"@type":"WebPage","@id":"https:\/\/gimi.com\/no\/spar-penger-til-barn\/","url":"https:\/\/gimi.com\/no\/spar-penger-til-barn\/","name":"Spar penger til barn - Personlig \u00f8konomi og sparing - Gimi","isPartOf":{"@id":"https:\/\/gimi.com\/#website"},"datePublished":"2022-10-07T10:52:55+00:00","dateModified":"2022-12-05T06:18:50+00:00","description":"Mange foreldre sparer penger for barna sine, eksempel som et bidrag til leiligheten, for \u00e5 la dem dra p\u00e5 minnerike turer eller som en buffer.","breadcrumb":{"@id":"https:\/\/gimi.com\/no\/spar-penger-til-barn\/#breadcrumb"},"inLanguage":"nb-NO","potentialAction":[{"@type":"ReadAction","target":["https:\/\/gimi.com\/no\/spar-penger-til-barn\/"]}]},{"@type":"BreadcrumbList","@id":"https:\/\/gimi.com\/no\/spar-penger-til-barn\/#breadcrumb","itemListElement":[{"@type":"ListItem","position":1,"name":"Home","item":"https:\/\/gimi.com\/no\/"},{"@type":"ListItem","position":2,"name":"Spar penger til barn"}]},{"@type":"WebSite","@id":"https:\/\/gimi.com\/#website","url":"https:\/\/gimi.com\/","name":"Gimi","description":"Gimi","publisher":{"@id":"https:\/\/gimi.com\/#organization"},"potentialAction":[{"@type":"SearchAction","target":{"@type":"EntryPoint","urlTemplate":"https:\/\/gimi.com\/?s={search_term_string}"},"query-input":"required name=search_term_string"}],"inLanguage":"nb-NO"},{"@type":"Organization","@id":"https:\/\/gimi.com\/#organization","name":"Gimi","url":"https:\/\/gimi.com\/","logo":{"@type":"ImageObject","inLanguage":"nb-NO","@id":"https:\/\/gimi.com\/#\/schema\/logo\/image\/","url":"https:\/\/gimi.com\/wp-content\/uploads\/2022\/11\/gimi-logo-square.png","contentUrl":"https:\/\/gimi.com\/wp-content\/uploads\/2022\/11\/gimi-logo-square.png","width":1080,"height":1080,"caption":"Gimi"},"image":{"@id":"https:\/\/gimi.com\/#\/schema\/logo\/image\/"},"sameAs":["https:\/\/www.youtube.com\/c\/Gimi-FinancialSuperskills","https:\/\/www.instagram.com\/gimitheapp\/?hl=en","https:\/\/www.facebook.com\/GimiFinancialSuperskills"]}]}},"_links":{"self":[{"href":"https:\/\/gimi.com\/no\/wp-json\/wp\/v2\/pages\/1840"}],"collection":[{"href":"https:\/\/gimi.com\/no\/wp-json\/wp\/v2\/pages"}],"about":[{"href":"https:\/\/gimi.com\/no\/wp-json\/wp\/v2\/types\/page"}],"author":[{"embeddable":true,"href":"https:\/\/gimi.com\/no\/wp-json\/wp\/v2\/users\/12"}],"replies":[{"embeddable":true,"href":"https:\/\/gimi.com\/no\/wp-json\/wp\/v2\/comments?post=1840"}],"version-history":[{"count":7,"href":"https:\/\/gimi.com\/no\/wp-json\/wp\/v2\/pages\/1840\/revisions"}],"predecessor-version":[{"id":2904,"href":"https:\/\/gimi.com\/no\/wp-json\/wp\/v2\/pages\/1840\/revisions\/2904"}],"wp:featuredmedia":[{"embeddable":true,"href":"https:\/\/gimi.com\/no\/wp-json\/wp\/v2\/media\/3673"}],"wp:attachment":[{"href":"https:\/\/gimi.com\/no\/wp-json\/wp\/v2\/media?parent=1840"}],"curies":[{"name":"wp","href":"https:\/\/api.w.org\/{rel}","templated":true}]}}