






{"id":1814,"date":"2022-10-07T10:50:15","date_gmt":"2022-10-07T10:50:15","guid":{"rendered":"https:\/\/testing.gimitheapp.com\/?page_id=1814"},"modified":"2024-01-11T14:15:15","modified_gmt":"2024-01-11T14:15:15","slug":"husarbeid","status":"publish","type":"page","link":"https:\/\/gimi.com\/no\/husarbeid\/","title":{"rendered":"Oppgaver for barn"},"content":{"rendered":"\r\n\r\r\n<section  data-aos=\"fade-up\" data-aos-easing=\"ease-in-sine\" id=\"article-block_63355b1bf14e7\" class=\"_article _topGray   \" >\r\r\n    <div class=\"container\">\r\r\n        <div class=\"row\">\r\r\n            <div class=\"col-md-12\">\r\r\n                <div class=\"_pageHdr _container-1000    \">\r\r\n                    <h1>Oppgaver for barn<\/h1>\r\r\n                    <div class=\"_pgHdrDesc\">\r\r\n                        \r\n                    <\/div>\r\r\n                <\/div>\r\r\n                <div class=\"_pageCntnt _container-690\">\r\r\n                    <div class=\"_articleImg\">\r\r\n                        <img width=\"1536\" height=\"1000\" src=\"https:\/\/gimi.com\/wp-content\/uploads\/2022\/12\/chores-for-children.webp\" class=\"attachment-post-thumbnail size-post-thumbnail wp-post-image\" alt=\"holding up clothes\" decoding=\"async\" loading=\"lazy\" srcset=\"https:\/\/gimi.com\/wp-content\/uploads\/2022\/12\/chores-for-children.webp 1536w, https:\/\/gimi.com\/wp-content\/uploads\/2022\/12\/chores-for-children-300x195.webp 300w, https:\/\/gimi.com\/wp-content\/uploads\/2022\/12\/chores-for-children-1024x667.webp 1024w, https:\/\/gimi.com\/wp-content\/uploads\/2022\/12\/chores-for-children-768x500.webp 768w\" sizes=\"(max-width: 1536px) 100vw, 1536px\" \/>\r\n                    <\/div>\r\r\n                    <div class=\"_art_desc\">\r\r\n                        <article class=\"text\">\n<div class=\"excerpt__AvuEQ\">\n<p><em>Uansett er det positivt \u00e5 bruke oppgaver som en del av den ukentlige eller m\u00e5nedlige betalingen. Barn f\u00f8ler seg uavhengige og de f\u00e5r muligheten til \u00e5 \u00f8ve p\u00e5 \u00e5 ta \u00f8konomiske beslutninger.<\/em><\/p>\n<\/div>\n<div class=\"text__body\">\n<p>Nesten alle familier forventer at barna skal hjelpe til hjemme. Noen barn f\u00e5r oppgaver som de har ansvar for hver dag eller uke, og noen utf\u00f8rer dem automatisk eller n\u00e5r de blir spurt.<\/p>\n<p>Uansett er det positivt \u00e5 bruke oppgaver som en del av den ukentlige eller m\u00e5nedlige betalingen. Barn f\u00f8ler seg uavhengige og de f\u00e5r muligheten til \u00e5 \u00f8ve p\u00e5 \u00e5 ta \u00f8konomiske beslutninger. Er for eksempel tiden jeg bruker p\u00e5 oppgaven verdt bel\u00f8nningen jeg f\u00e5r? Dette er en viktig leksjon som vil hjelpe dem i deres karriere som voksne.<\/p>\n<p>Gimi-appen gir en oversikt over oppgaver og bel\u00f8nninger p\u00e5 en enkel og morsom m\u00e5te. Barn liker vanligvis \u00e5 gj\u00f8re oppgaver, men de trenger en m\u00e5te og holde rede p\u00e5 oppgavene slik at de kan f\u00f8le seg uavhengige. Dette er selvf\u00f8lgelig relatert til utvikling av finansiell kunnskap og ekstra penger som motivasjon.<\/p>\n<h2>Hvor gamle b\u00f8r barn v\u00e6re for \u00e5 begynne \u00e5 gj\u00f8re oppgaver?<\/h2>\n<p>Barn i alle aldre kan gj\u00f8re oppgaver. Yngre barn kan hjelpe til med enklere oppgaver som passer deres alder. En oppgave som er for vanskelig kan v\u00e6re frustrerende for barn og i noen tilfeller farlig. En oppgave som er for enkel oppleves som kjedelig, noe som vanligvis resulterer i at barnet ikke gj\u00f8r det i det hele tatt. Gi enklere oppgaver til yngre barn, for eksempel \u00e5 ta vare p\u00e5 og rydde unna lekene deres. Gj\u00f8r oppgaven vanskeligere og legg til ansvar n\u00e5r de blir eldre.<\/p>\n<p>Det er ogs\u00e5 viktig \u00e5 gi oppgaver som gj\u00f8r at barnet ditt vil hjelpe hele familien. En enkel oppgave er \u00e5 gj\u00f8re dekke bordet. Barnet ditt vil sannsynligvis f\u00f8le seg som et ansvarlig og en viktig del av familien.<\/p>\n<p>Her er eksempler p\u00e5 oppgaver for barn i forskjellige aldre.<\/p>\n<h3>Yngre barn (5-8 \u00e5r)<\/h3>\n<ul>\n<li>Dekke bordet<\/li>\n<li>V\u00e6re med \u00e5 lage mat, med hjelp fra deg<\/li>\n<li>V\u00e6re med p\u00e5 \u00e5 brette rene kl\u00e6r<\/li>\n<li>V\u00e6r med deg og handle<\/li>\n<li>V\u00e6re med p\u00e5 \u00e5 henge opp klesvask<\/li>\n<\/ul>\n<h3>Barn i skolealder (9-12)<\/h3>\n<ul>\n<li>Vanning av planter i hagen og innend\u00f8rs<\/li>\n<li>Mate kj\u00e6ledyr<\/li>\n<li>Rengj\u00f8re vasken, t\u00f8rke av kj\u00f8kkenbenken, moppe gulv og ta ut s\u00f8ppel<\/li>\n<li>Henge opp kl\u00e6r og brette rent t\u00f8y<\/li>\n<li>Fjern servise og bestikk<\/li>\n<li>Bestem hva man skal ha til middag og hjelp til med \u00e5 handle maten<\/li>\n<li>Hjelpe med \u00e5 forberede og servere middag<\/li>\n<\/ul>\n<h3>Hvilke oppgaver skal ten\u00e5ringer gj\u00f8re?<\/h3>\n<p>Det er litt vanskeligere \u00e5 finne oppgaver som ten\u00e5ringer \u00f8nsker \u00e5 gj\u00f8re. \u00c5 rydde med familien er ikke lenger morsomt, men ikke gi opp! Ten\u00e5ringen din setter kanskje mer pris p\u00e5 opplevelsen enn du tror.<\/p>\n<p>Her er eksempler p\u00e5 oppgaver for ten\u00e5ringer.<\/p>\n<ul>\n<li>Feiing og st\u00f8vsuging<\/li>\n<li>Vaske stue og kj\u00f8kken<\/li>\n<li>Vaske badet<\/li>\n<li>Lag ett m\u00e5ltid hver uke<\/li>\n<li>Klippe gresset<\/li>\n<li>Vaske opp<\/li>\n<\/ul>\n<h2>Oppgaver og bel\u00f8nninger<\/h2>\n<p>N\u00e5r en oppgave blir bel\u00f8nnet, viser du at det er OK \u00e5 ikke utf\u00f8re oppgaven, for da f\u00e5r barnet ingen bel\u00f8nning. N\u00e5r du forklarer hva en bel\u00f8nning er, ikke glem \u00e5 forklare at barnet ditt velger om de gj\u00f8r oppgaven eller ikke. De f\u00e5r muligheten til \u00e5 tjene mer penger, eller \u00e5 mislykkes og ikke \u00e5 tjene noen penger. Det er like tydelig som at man blir v\u00e5t hvis man leker i regnet. \u00c5 gi barna en ukentlig l\u00f8nn som bel\u00f8nning for oppgaver kan motivere dem, men du b\u00f8r ogs\u00e5 kommunisere at det er andre grunner til \u00e5 gj\u00f8re visse oppgaver.<\/p>\n<p>Penger som bel\u00f8nning er veldig motiverende. Du kan ogs\u00e5 vurdere f\u00f8lgende bel\u00f8nning for \u00e5 motivere barna dine:<\/p>\n<ul>\n<li>Gj\u00f8r oppgaven sammen med helt til barnet klarer \u00e5 gj\u00f8re det p\u00e5 egenh\u00e5nd<\/li>\n<li>Snakk om hvorfor det er positivt at en viss oppgave er gjort<\/li>\n<li>\u00c5pne for muligheten for at barnet kan foresl\u00e5 egne oppgaver<\/li>\n<\/ul>\n<h3>Bedre enn en manuell bel\u00f8nningsplan<\/h3>\n<p>Kom i gang med bel\u00f8nninger med Gimi-appen, en fin m\u00e5te for barna dine \u00e5 bli pengesmarte og utvikle positiv atferd! Vi h\u00f8rer ofte fra foreldre som startet med en manuell bel\u00f8nningsplan med penn og papir p\u00e5 kj\u00f8leskapet, men s\u00e5 inns\u00e5 at det ble for tungvint.<\/p>\n<\/div>\n<\/article>\n<p>&nbsp;<\/p>\n<p><a class=\"_btn aos-init aos-animate\" href=\"https:\/\/gimi.onelink.me\/PNSs\/3i2iyznt\" target=\"_self\" data-aos=\"fade-up\">Last ned Gimi<\/a><\/p>\n\r\n                    <\/div>\r\r\n\r\r\n                <\/div>\r\r\n            <\/div>\r\r\n        <\/div>\r\r\n    <\/div>\r\r\n<\/section>\r\r\n\r\r\n\r\r\n\r\r\n\r\r\n","protected":false},"excerpt":{"rendered":"","protected":false},"author":12,"featured_media":3657,"parent":0,"menu_order":0,"comment_status":"closed","ping_status":"closed","template":"","meta":{"inline_featured_image":false},"yoast_head":"<!-- This site is optimized with the Yoast SEO plugin v19.10 - https:\/\/yoast.com\/wordpress\/plugins\/seo\/ -->\n<title>Husarbeid som en del av ukentlig\/m\u00e5nedlig ukepenger - Gimi<\/title>\n<meta name=\"description\" content=\"Bruke husarbeid som en del av den ukentlige\/m\u00e5nedlige betalingen. Barn f\u00f8ler seg uavhengige og de f\u00e5r muligheten til \u00e5 \u00f8ve p\u00e5 \u00e5 ta \u00f8konomiske beslutninger.\" \/>\n<meta name=\"robots\" content=\"index, follow, max-snippet:-1, max-image-preview:large, max-video-preview:-1\" \/>\n<link rel=\"canonical\" href=\"https:\/\/gimi.com\/no\/husarbeid\/\" \/>\n<meta property=\"og:locale\" content=\"nb_NO\" \/>\n<meta property=\"og:type\" content=\"article\" \/>\n<meta property=\"og:title\" content=\"Husarbeid som en del av ukentlig\/m\u00e5nedlig ukepenger - Gimi\" \/>\n<meta property=\"og:description\" content=\"Bruke husarbeid som en del av den ukentlige\/m\u00e5nedlige betalingen. Barn f\u00f8ler seg uavhengige og de f\u00e5r muligheten til \u00e5 \u00f8ve p\u00e5 \u00e5 ta \u00f8konomiske beslutninger.\" \/>\n<meta property=\"og:url\" content=\"https:\/\/gimi.com\/no\/husarbeid\/\" \/>\n<meta property=\"og:site_name\" content=\"Gimi\" \/>\n<meta property=\"article:publisher\" content=\"https:\/\/www.facebook.com\/GimiFinancialSuperskills\" \/>\n<meta property=\"article:modified_time\" content=\"2024-01-11T14:15:15+00:00\" \/>\n<meta property=\"og:image\" content=\"http:\/\/gimi.com\/wp-content\/uploads\/2022\/12\/chores-for-children.webp\" \/>\n\t<meta property=\"og:image:width\" content=\"1536\" \/>\n\t<meta property=\"og:image:height\" content=\"1000\" \/>\n\t<meta property=\"og:image:type\" content=\"image\/webp\" \/>\n<meta name=\"twitter:card\" content=\"summary_large_image\" \/>\n<script type=\"application\/ld+json\" class=\"yoast-schema-graph\">{\"@context\":\"https:\/\/schema.org\",\"@graph\":[{\"@type\":\"WebPage\",\"@id\":\"https:\/\/gimi.com\/no\/husarbeid\/\",\"url\":\"https:\/\/gimi.com\/no\/husarbeid\/\",\"name\":\"Husarbeid som en del av ukentlig\/m\u00e5nedlig ukepenger - Gimi\",\"isPartOf\":{\"@id\":\"https:\/\/gimi.com\/#website\"},\"datePublished\":\"2022-10-07T10:50:15+00:00\",\"dateModified\":\"2024-01-11T14:15:15+00:00\",\"description\":\"Bruke husarbeid som en del av den ukentlige\/m\u00e5nedlige betalingen. Barn f\u00f8ler seg uavhengige og de f\u00e5r muligheten til \u00e5 \u00f8ve p\u00e5 \u00e5 ta \u00f8konomiske beslutninger.\",\"breadcrumb\":{\"@id\":\"https:\/\/gimi.com\/no\/husarbeid\/#breadcrumb\"},\"inLanguage\":\"nb-NO\",\"potentialAction\":[{\"@type\":\"ReadAction\",\"target\":[\"https:\/\/gimi.com\/no\/husarbeid\/\"]}]},{\"@type\":\"BreadcrumbList\",\"@id\":\"https:\/\/gimi.com\/no\/husarbeid\/#breadcrumb\",\"itemListElement\":[{\"@type\":\"ListItem\",\"position\":1,\"name\":\"Home\",\"item\":\"https:\/\/gimi.com\/no\/\"},{\"@type\":\"ListItem\",\"position\":2,\"name\":\"Oppgaver for barn\"}]},{\"@type\":\"WebSite\",\"@id\":\"https:\/\/gimi.com\/#website\",\"url\":\"https:\/\/gimi.com\/\",\"name\":\"Gimi\",\"description\":\"Gimi\",\"publisher\":{\"@id\":\"https:\/\/gimi.com\/#organization\"},\"potentialAction\":[{\"@type\":\"SearchAction\",\"target\":{\"@type\":\"EntryPoint\",\"urlTemplate\":\"https:\/\/gimi.com\/?s={search_term_string}\"},\"query-input\":\"required name=search_term_string\"}],\"inLanguage\":\"nb-NO\"},{\"@type\":\"Organization\",\"@id\":\"https:\/\/gimi.com\/#organization\",\"name\":\"Gimi\",\"url\":\"https:\/\/gimi.com\/\",\"logo\":{\"@type\":\"ImageObject\",\"inLanguage\":\"nb-NO\",\"@id\":\"https:\/\/gimi.com\/#\/schema\/logo\/image\/\",\"url\":\"https:\/\/gimi.com\/wp-content\/uploads\/2022\/11\/gimi-logo-square.png\",\"contentUrl\":\"https:\/\/gimi.com\/wp-content\/uploads\/2022\/11\/gimi-logo-square.png\",\"width\":1080,\"height\":1080,\"caption\":\"Gimi\"},\"image\":{\"@id\":\"https:\/\/gimi.com\/#\/schema\/logo\/image\/\"},\"sameAs\":[\"https:\/\/www.youtube.com\/c\/Gimi-FinancialSuperskills\",\"https:\/\/www.instagram.com\/gimitheapp\/?hl=en\",\"https:\/\/www.facebook.com\/GimiFinancialSuperskills\"]}]}<\/script>\n<!-- \/ Yoast SEO plugin. -->","yoast_head_json":{"title":"Husarbeid som en del av ukentlig\/m\u00e5nedlig ukepenger - Gimi","description":"Bruke husarbeid som en del av den ukentlige\/m\u00e5nedlige betalingen. Barn f\u00f8ler seg uavhengige og de f\u00e5r muligheten til \u00e5 \u00f8ve p\u00e5 \u00e5 ta \u00f8konomiske beslutninger.","robots":{"index":"index","follow":"follow","max-snippet":"max-snippet:-1","max-image-preview":"max-image-preview:large","max-video-preview":"max-video-preview:-1"},"canonical":"https:\/\/gimi.com\/no\/husarbeid\/","og_locale":"nb_NO","og_type":"article","og_title":"Husarbeid som en del av ukentlig\/m\u00e5nedlig ukepenger - Gimi","og_description":"Bruke husarbeid som en del av den ukentlige\/m\u00e5nedlige betalingen. Barn f\u00f8ler seg uavhengige og de f\u00e5r muligheten til \u00e5 \u00f8ve p\u00e5 \u00e5 ta \u00f8konomiske beslutninger.","og_url":"https:\/\/gimi.com\/no\/husarbeid\/","og_site_name":"Gimi","article_publisher":"https:\/\/www.facebook.com\/GimiFinancialSuperskills","article_modified_time":"2024-01-11T14:15:15+00:00","og_image":[{"width":1536,"height":1000,"url":"http:\/\/gimi.com\/wp-content\/uploads\/2022\/12\/chores-for-children.webp","type":"image\/webp"}],"twitter_card":"summary_large_image","schema":{"@context":"https:\/\/schema.org","@graph":[{"@type":"WebPage","@id":"https:\/\/gimi.com\/no\/husarbeid\/","url":"https:\/\/gimi.com\/no\/husarbeid\/","name":"Husarbeid som en del av ukentlig\/m\u00e5nedlig ukepenger - Gimi","isPartOf":{"@id":"https:\/\/gimi.com\/#website"},"datePublished":"2022-10-07T10:50:15+00:00","dateModified":"2024-01-11T14:15:15+00:00","description":"Bruke husarbeid som en del av den ukentlige\/m\u00e5nedlige betalingen. Barn f\u00f8ler seg uavhengige og de f\u00e5r muligheten til \u00e5 \u00f8ve p\u00e5 \u00e5 ta \u00f8konomiske beslutninger.","breadcrumb":{"@id":"https:\/\/gimi.com\/no\/husarbeid\/#breadcrumb"},"inLanguage":"nb-NO","potentialAction":[{"@type":"ReadAction","target":["https:\/\/gimi.com\/no\/husarbeid\/"]}]},{"@type":"BreadcrumbList","@id":"https:\/\/gimi.com\/no\/husarbeid\/#breadcrumb","itemListElement":[{"@type":"ListItem","position":1,"name":"Home","item":"https:\/\/gimi.com\/no\/"},{"@type":"ListItem","position":2,"name":"Oppgaver for barn"}]},{"@type":"WebSite","@id":"https:\/\/gimi.com\/#website","url":"https:\/\/gimi.com\/","name":"Gimi","description":"Gimi","publisher":{"@id":"https:\/\/gimi.com\/#organization"},"potentialAction":[{"@type":"SearchAction","target":{"@type":"EntryPoint","urlTemplate":"https:\/\/gimi.com\/?s={search_term_string}"},"query-input":"required name=search_term_string"}],"inLanguage":"nb-NO"},{"@type":"Organization","@id":"https:\/\/gimi.com\/#organization","name":"Gimi","url":"https:\/\/gimi.com\/","logo":{"@type":"ImageObject","inLanguage":"nb-NO","@id":"https:\/\/gimi.com\/#\/schema\/logo\/image\/","url":"https:\/\/gimi.com\/wp-content\/uploads\/2022\/11\/gimi-logo-square.png","contentUrl":"https:\/\/gimi.com\/wp-content\/uploads\/2022\/11\/gimi-logo-square.png","width":1080,"height":1080,"caption":"Gimi"},"image":{"@id":"https:\/\/gimi.com\/#\/schema\/logo\/image\/"},"sameAs":["https:\/\/www.youtube.com\/c\/Gimi-FinancialSuperskills","https:\/\/www.instagram.com\/gimitheapp\/?hl=en","https:\/\/www.facebook.com\/GimiFinancialSuperskills"]}]}},"_links":{"self":[{"href":"https:\/\/gimi.com\/no\/wp-json\/wp\/v2\/pages\/1814"}],"collection":[{"href":"https:\/\/gimi.com\/no\/wp-json\/wp\/v2\/pages"}],"about":[{"href":"https:\/\/gimi.com\/no\/wp-json\/wp\/v2\/types\/page"}],"author":[{"embeddable":true,"href":"https:\/\/gimi.com\/no\/wp-json\/wp\/v2\/users\/12"}],"replies":[{"embeddable":true,"href":"https:\/\/gimi.com\/no\/wp-json\/wp\/v2\/comments?post=1814"}],"version-history":[{"count":9,"href":"https:\/\/gimi.com\/no\/wp-json\/wp\/v2\/pages\/1814\/revisions"}],"predecessor-version":[{"id":4725,"href":"https:\/\/gimi.com\/no\/wp-json\/wp\/v2\/pages\/1814\/revisions\/4725"}],"wp:featuredmedia":[{"embeddable":true,"href":"https:\/\/gimi.com\/no\/wp-json\/wp\/v2\/media\/3657"}],"wp:attachment":[{"href":"https:\/\/gimi.com\/no\/wp-json\/wp\/v2\/media?parent=1814"}],"curies":[{"name":"wp","href":"https:\/\/api.w.org\/{rel}","templated":true}]}}