






{"id":1439,"date":"2022-09-29T09:14:52","date_gmt":"2022-09-29T09:14:52","guid":{"rendered":"https:\/\/testing.gimitheapp.com\/?page_id=1439"},"modified":"2022-12-05T06:11:20","modified_gmt":"2022-12-05T06:11:20","slug":"tjen-penger-som-barn","status":"publish","type":"page","link":"https:\/\/gimi.com\/no\/tjen-penger-som-barn\/","title":{"rendered":"Tjen penger som barn"},"content":{"rendered":"\r\n\r\r\n<section  data-aos=\"fade-up\" data-aos-easing=\"ease-in-sine\" id=\"article-block_63355c9a0c932\" class=\"_article _topGray   \" >\r\r\n    <div class=\"container\">\r\r\n        <div class=\"row\">\r\r\n            <div class=\"col-md-12\">\r\r\n                <div class=\"_pageHdr _container-1000    \">\r\r\n                    <h1>Tjen penger som barn<\/h1>\r\r\n                    <div class=\"_pgHdrDesc\">\r\r\n                        \r\n                    <\/div>\r\r\n                <\/div>\r\r\n                <div class=\"_pageCntnt _container-690\">\r\r\n                    <div class=\"_articleImg\">\r\r\n                        <img width=\"1536\" height=\"1024\" src=\"https:\/\/gimi.com\/wp-content\/uploads\/2022\/12\/earn-money-as-a-child.webp\" class=\"attachment-post-thumbnail size-post-thumbnail wp-post-image\" alt=\"boy holding football\" decoding=\"async\" loading=\"lazy\" srcset=\"https:\/\/gimi.com\/wp-content\/uploads\/2022\/12\/earn-money-as-a-child.webp 1536w, https:\/\/gimi.com\/wp-content\/uploads\/2022\/12\/earn-money-as-a-child-300x200.webp 300w, https:\/\/gimi.com\/wp-content\/uploads\/2022\/12\/earn-money-as-a-child-1024x683.webp 1024w, https:\/\/gimi.com\/wp-content\/uploads\/2022\/12\/earn-money-as-a-child-768x512.webp 768w\" sizes=\"(max-width: 1536px) 100vw, 1536px\" \/>\r\n                    <\/div>\r\r\n                    <div class=\"_art_desc\">\r\r\n                        <article class=\"text\">\n<div class=\"excerpt__AvuEQ\">\n<p><em>Kan barn tjene penger f\u00f8r de fyller 18? Det er fullt mulig! Men det er noen lover og regler som sier hva du kan eller ikke kan jobbe med og i hvilken alder. Det finnes ogs\u00e5 arbeid som er tilpasset barn og unge.<\/em><\/p>\n<\/div>\n<div class=\"text__body\">\n<p><em>Hvordan tjene penger som barn? Det kommer an p\u00e5. For det f\u00f8rste m\u00e5 du v\u00e6re klar over lover og regler som gjelder for deg som vil jobbe f\u00f8r du fyller 18 \u00e5r.<\/em><\/p>\n<h2>Jobbe under 13 \u00e5r<\/h2>\n<p>F\u00f8r du fyller 13 \u00e5r f\u00e5r du ikke ta jobb med noen utenfor familien. Mange mennesker i denne alderen kan tjene ekstra penger ved \u00e5 hjelpe til med husarbeid, for eksempel \u00e5 sl\u00e5 gresset eller ta ut av oppvaskmaskinen. Du kan ogs\u00e5 gj\u00f8re hobbyoppgaver i korte perioder, for eksempel \u00e5 selge gamle ting eller blomster du har plukket.<\/p>\n<h2>Jobbe mellom 13-15 \u00e5r<\/h2>\n<p>N\u00e5r du er 13 \u00e5r kan du lete etter enkle jobber som \u00e5 hjelpe til i en kiosk om sommeren. Du har imidlertid ikke lov til \u00e5 jobbe p\u00e5 egen h\u00e5nd eller med ansvar for penger eller kontanter. Du som er mellom 13 og 15 \u00e5r har ikke lov til \u00e5 jobbe med fysisk krevende oppgaver eller andre oppgaver som kan v\u00e6re farlige, som \u00e5 jobbe med maskiner eller kjemikalier. Hvis du er under 16 \u00e5r, kreves det en attest fra en av foreldrene dine at de godkjenner at du jobber.<\/p>\n<h2>Jobbe mellom 16-18 \u00e5r<\/h2>\n<p>Mellom 16 og 18 \u00e5r kan du ta alt slags arbeid, bortsett fra de som er direkte farlige, for eksempel \u00e5 jobbe p\u00e5 en oljerigg. Det kan hende du ikke f\u00e5r jobbe alene hvis det er kontanter p\u00e5 arbeidsplassen.<\/p>\n<p>For mer informasjon om arbeid for mindre\u00e5rige, se nettstedet for Direktoratet for arbeidstilsynet.<\/p>\n<h2>Arbeidstid for barn og ten\u00e5ringer<\/h2>\n<p>Mindre\u00e5rige, dvs. de som ikke er 18 \u00e5r, kan ved lov aldri jobbe mellom midnatt og klokka fem om morgenen. Som mindre\u00e5rig b\u00f8r du ogs\u00e5 ha en halv times pause for hver 4,5 times arbeid, dvs. en gang om morgenen og en gang p\u00e5 ettermiddagen hvis du jobber en hel dag. Som mindre\u00e5rig har du ogs\u00e5 krav p\u00e5 kaffepauser.<\/p>\n<p>For de som jobber mens de g\u00e5r p\u00e5 skole og ikke har fylt 18 \u00e5r, er det heller ikke lov \u00e5 jobbe etter 20.00, eller f\u00f8r klokka 06.00 om morgenen. Du kan jobbe maksimalt 2 timer per skoledag eller 7 timer per dag hvis du har fri fra skolen. Hvis du jobber ekstra etter skoletid eller i helgene, kan du jobbe maksimalt 12 timer per skoleuke og i skoleferiene som varer minst en uke, er dette 7 timer per dag og maksimalt 35 timer per uke.<\/p>\n<p>Hvis du planlegger sommerjobb, er det viktig \u00e5 huske at hvis sommerferien er ti uker, vil du f\u00e5 lov til \u00e5 jobbe i maksimalt seks uker.<\/p>\n<h2>Vanlige oppgaver i hjemmet for barn og unge<\/h2>\n<p>For yngre barn, det vil si de som ikke er 13 \u00e5r, anbefaler vi \u00e5 begynne med \u00e5 hjelpe hjemme eller hos familievenner, for \u00e5 tjene litt ekstra penger. For de yngste, de under 10 \u00e5r, anbefales det \u00e5 holde dette i familien. Med Gimi-appen kan barn og foreldre sette opp oppgaver i hjemmet som du kan gj\u00f8re for \u00e5 tjene ekstra penger.<\/p>\n<h3>Anbefalte husarbeid for barn under 7 \u00e5r<\/h3>\n<ul>\n<li>Samle skittent\u00f8y og legg det i skittent\u00f8ysdunken<\/li>\n<li>Legge mat i kj\u00f8leskapet<\/li>\n<li>Rydde bort leker i hyller eller bokser<\/li>\n<\/ul>\n<h3>Anbefalte husarbeid for barn mellom 8-10 \u00e5r<\/h3>\n<ul>\n<li>Hjelpe til med middagen<\/li>\n<li>Brette rent t\u00f8y<\/li>\n<li>Ta ut av oppvaskmaskinen<\/li>\n<\/ul>\n<h3>Anbefalte husarbeid for barn mellom 11 og 13 \u00e5r<\/h3>\n<ul>\n<li>G\u00e5 med hunden<\/li>\n<li>Legge sm\u00e5s\u00f8sken<\/li>\n<li>St\u00f8vsuge hele huset<\/li>\n<\/ul>\n<h3>Jobbe hos en nabo fra 14 \u00e5r<\/h3>\n<p>Fra 14-\u00e5rsalderen er det vanlig \u00e5 begynne \u00e5 hjelpe til i nabolaget, for eksempel kan du jobbe ekstra fra 14 \u00e5r med \u00e5 klippe plenen til en nabo eller andre. Eller g\u00e5 ut med reklame.<\/p>\n<h2>Vanlige jobber for barn og unge<\/h2>\n<h3>Hjelpe naboer eller familievenner<\/h3>\n<p>De fleste av oss har naboer som trenger hjelp, for eksempel \u00e5 m\u00e5ke sn\u00f8 om vinteren eller klippe plenen om sommeren. Det er viktig at du sp\u00f8r foreldrene dine om at det er greit f\u00f8r du starter klippevirksomheten!<\/p>\n<h3>Jobbe som barnevakt<\/h3>\n<p>Kanskje har du s\u00f8skenbarn eller andre sm\u00e5barn i nabolaget som du kan v\u00e6re barnevakt for? \u00c5 jobbe som barnevakt er en morsom jobb du kan gj\u00f8re i helgene. Det er viktig at du sjekker med foreldrene dine om at det er i orden og at de f\u00e5r m\u00f8te foreldrene til barnet du skal passe.<\/p>\n<h3>Hundepassing<\/h3>\n<p>Kanskje verdens morsomste jobb, passe hunder. Hunder er veldig sosiale og trenger \u00e5 f\u00e5 seg en tur flere ganger daglig. Hvis du har en hund du g\u00e5r ut med, er nok naboene \u00e5pne for \u00e5 la deg ta vare p\u00e5 hunden deres. Snakk med foreldrene dine om ting det kan v\u00e6re viktig \u00e5 tenke p\u00e5 f\u00f8r du begynner som hundepasser.<\/p>\n<h3>Selge gamle ting<\/h3>\n<p>Har du mange gamle leker og kl\u00e6r liggende hjemme? Bra! Det kan v\u00e6re en gullgruve! Fordi det kanskje er noen andre som trenger dem? Kontakt foreldrene dine om de ogs\u00e5 har ting de vil bli kvitt. Enten kan du selge tingene p\u00e5 nettsteder som finn.no og Facebook, eller s\u00e5 kan du sette opp et bord p\u00e5 et loppemarked.<\/p>\n<h3>G\u00e5 med reklame<\/h3>\n<p>N\u00e5r du fyller 13 \u00e5r kan du begynne \u00e5 g\u00e5 med reklame. Det er en vanlig f\u00f8rste smak av en &#8220;ekte&#8221; jobb med kontrakter og m\u00e5nedsl\u00f8nn. Som reklamedistribut\u00f8r f\u00e5r du ansvar for et omr\u00e5de og m\u00e5 dele ut reklame en gang i uken. N\u00e5r arbeidet er ferdig rapporterer du tilbake og mottar l\u00f8nn i slutten av m\u00e5neden.<\/p>\n<h3>G\u00e5 med avisen<\/h3>\n<p>I noen deler av landet er det tradisjon \u00e5 g\u00e5 med avisen som helgearbeid. Arbeidet har p\u00e5g\u00e5tt i over hundre \u00e5r, og mange som begynte \u00e5 g\u00e5 med avisen har fortsatt \u00e5 jobbe som journalister.<\/p>\n<p>&nbsp;<\/p>\n<\/div>\n<\/article>\n<p><a class=\"_btn aos-init aos-animate\" href=\"https:\/\/gimi.onelink.me\/PNSs\/3i2iyznt\" target=\"_self\" data-aos=\"fade-up\">Last ned Gimi<\/a><\/p>\n\r\n                    <\/div>\r\r\n\r\r\n                <\/div>\r\r\n            <\/div>\r\r\n        <\/div>\r\r\n    <\/div>\r\r\n<\/section>\r\r\n\r\r\n\r\r\n\r\r\n\r\r\n","protected":false},"excerpt":{"rendered":"","protected":false},"author":12,"featured_media":3661,"parent":0,"menu_order":0,"comment_status":"closed","ping_status":"closed","template":"","meta":{"inline_featured_image":false},"yoast_head":"<!-- This site is optimized with the Yoast SEO plugin v19.10 - https:\/\/yoast.com\/wordpress\/plugins\/seo\/ -->\n<title>Tjen penger som barn - Arbeid som er tilpasset barn - Gimi<\/title>\n<meta name=\"description\" content=\"Kan barn tjene penger f\u00f8r de fyller 18? Det er fullt mulig! Men det er noen lover og regler som sier hva du kan eller ikke kan jobbe med og i hvilken alder.\" \/>\n<meta name=\"robots\" content=\"index, follow, max-snippet:-1, max-image-preview:large, max-video-preview:-1\" \/>\n<link rel=\"canonical\" href=\"https:\/\/gimi.com\/no\/tjen-penger-som-barn\/\" \/>\n<meta property=\"og:locale\" content=\"nb_NO\" \/>\n<meta property=\"og:type\" content=\"article\" \/>\n<meta property=\"og:title\" content=\"Tjen penger som barn - Arbeid som er tilpasset barn - Gimi\" \/>\n<meta property=\"og:description\" content=\"Kan barn tjene penger f\u00f8r de fyller 18? Det er fullt mulig! Men det er noen lover og regler som sier hva du kan eller ikke kan jobbe med og i hvilken alder.\" \/>\n<meta property=\"og:url\" content=\"https:\/\/gimi.com\/no\/tjen-penger-som-barn\/\" \/>\n<meta property=\"og:site_name\" content=\"Gimi\" \/>\n<meta property=\"article:publisher\" content=\"https:\/\/www.facebook.com\/GimiFinancialSuperskills\" \/>\n<meta property=\"article:modified_time\" content=\"2022-12-05T06:11:20+00:00\" \/>\n<meta property=\"og:image\" content=\"http:\/\/gimi.com\/wp-content\/uploads\/2022\/12\/earn-money-as-a-child.webp\" \/>\n\t<meta property=\"og:image:width\" content=\"1536\" \/>\n\t<meta property=\"og:image:height\" content=\"1024\" \/>\n\t<meta property=\"og:image:type\" content=\"image\/webp\" \/>\n<meta name=\"twitter:card\" content=\"summary_large_image\" \/>\n<script type=\"application\/ld+json\" class=\"yoast-schema-graph\">{\"@context\":\"https:\/\/schema.org\",\"@graph\":[{\"@type\":\"WebPage\",\"@id\":\"https:\/\/gimi.com\/no\/tjen-penger-som-barn\/\",\"url\":\"https:\/\/gimi.com\/no\/tjen-penger-som-barn\/\",\"name\":\"Tjen penger som barn - Arbeid som er tilpasset barn - Gimi\",\"isPartOf\":{\"@id\":\"https:\/\/gimi.com\/#website\"},\"datePublished\":\"2022-09-29T09:14:52+00:00\",\"dateModified\":\"2022-12-05T06:11:20+00:00\",\"description\":\"Kan barn tjene penger f\u00f8r de fyller 18? Det er fullt mulig! Men det er noen lover og regler som sier hva du kan eller ikke kan jobbe med og i hvilken alder.\",\"breadcrumb\":{\"@id\":\"https:\/\/gimi.com\/no\/tjen-penger-som-barn\/#breadcrumb\"},\"inLanguage\":\"nb-NO\",\"potentialAction\":[{\"@type\":\"ReadAction\",\"target\":[\"https:\/\/gimi.com\/no\/tjen-penger-som-barn\/\"]}]},{\"@type\":\"BreadcrumbList\",\"@id\":\"https:\/\/gimi.com\/no\/tjen-penger-som-barn\/#breadcrumb\",\"itemListElement\":[{\"@type\":\"ListItem\",\"position\":1,\"name\":\"Home\",\"item\":\"https:\/\/gimi.com\/no\/\"},{\"@type\":\"ListItem\",\"position\":2,\"name\":\"Tjen penger som barn\"}]},{\"@type\":\"WebSite\",\"@id\":\"https:\/\/gimi.com\/#website\",\"url\":\"https:\/\/gimi.com\/\",\"name\":\"Gimi\",\"description\":\"Gimi\",\"publisher\":{\"@id\":\"https:\/\/gimi.com\/#organization\"},\"potentialAction\":[{\"@type\":\"SearchAction\",\"target\":{\"@type\":\"EntryPoint\",\"urlTemplate\":\"https:\/\/gimi.com\/?s={search_term_string}\"},\"query-input\":\"required name=search_term_string\"}],\"inLanguage\":\"nb-NO\"},{\"@type\":\"Organization\",\"@id\":\"https:\/\/gimi.com\/#organization\",\"name\":\"Gimi\",\"url\":\"https:\/\/gimi.com\/\",\"logo\":{\"@type\":\"ImageObject\",\"inLanguage\":\"nb-NO\",\"@id\":\"https:\/\/gimi.com\/#\/schema\/logo\/image\/\",\"url\":\"https:\/\/gimi.com\/wp-content\/uploads\/2022\/11\/gimi-logo-square.png\",\"contentUrl\":\"https:\/\/gimi.com\/wp-content\/uploads\/2022\/11\/gimi-logo-square.png\",\"width\":1080,\"height\":1080,\"caption\":\"Gimi\"},\"image\":{\"@id\":\"https:\/\/gimi.com\/#\/schema\/logo\/image\/\"},\"sameAs\":[\"https:\/\/www.youtube.com\/c\/Gimi-FinancialSuperskills\",\"https:\/\/www.instagram.com\/gimitheapp\/?hl=en\",\"https:\/\/www.facebook.com\/GimiFinancialSuperskills\"]}]}<\/script>\n<!-- \/ Yoast SEO plugin. -->","yoast_head_json":{"title":"Tjen penger som barn - Arbeid som er tilpasset barn - Gimi","description":"Kan barn tjene penger f\u00f8r de fyller 18? Det er fullt mulig! Men det er noen lover og regler som sier hva du kan eller ikke kan jobbe med og i hvilken alder.","robots":{"index":"index","follow":"follow","max-snippet":"max-snippet:-1","max-image-preview":"max-image-preview:large","max-video-preview":"max-video-preview:-1"},"canonical":"https:\/\/gimi.com\/no\/tjen-penger-som-barn\/","og_locale":"nb_NO","og_type":"article","og_title":"Tjen penger som barn - Arbeid som er tilpasset barn - Gimi","og_description":"Kan barn tjene penger f\u00f8r de fyller 18? Det er fullt mulig! Men det er noen lover og regler som sier hva du kan eller ikke kan jobbe med og i hvilken alder.","og_url":"https:\/\/gimi.com\/no\/tjen-penger-som-barn\/","og_site_name":"Gimi","article_publisher":"https:\/\/www.facebook.com\/GimiFinancialSuperskills","article_modified_time":"2022-12-05T06:11:20+00:00","og_image":[{"width":1536,"height":1024,"url":"http:\/\/gimi.com\/wp-content\/uploads\/2022\/12\/earn-money-as-a-child.webp","type":"image\/webp"}],"twitter_card":"summary_large_image","schema":{"@context":"https:\/\/schema.org","@graph":[{"@type":"WebPage","@id":"https:\/\/gimi.com\/no\/tjen-penger-som-barn\/","url":"https:\/\/gimi.com\/no\/tjen-penger-som-barn\/","name":"Tjen penger som barn - Arbeid som er tilpasset barn - Gimi","isPartOf":{"@id":"https:\/\/gimi.com\/#website"},"datePublished":"2022-09-29T09:14:52+00:00","dateModified":"2022-12-05T06:11:20+00:00","description":"Kan barn tjene penger f\u00f8r de fyller 18? Det er fullt mulig! Men det er noen lover og regler som sier hva du kan eller ikke kan jobbe med og i hvilken alder.","breadcrumb":{"@id":"https:\/\/gimi.com\/no\/tjen-penger-som-barn\/#breadcrumb"},"inLanguage":"nb-NO","potentialAction":[{"@type":"ReadAction","target":["https:\/\/gimi.com\/no\/tjen-penger-som-barn\/"]}]},{"@type":"BreadcrumbList","@id":"https:\/\/gimi.com\/no\/tjen-penger-som-barn\/#breadcrumb","itemListElement":[{"@type":"ListItem","position":1,"name":"Home","item":"https:\/\/gimi.com\/no\/"},{"@type":"ListItem","position":2,"name":"Tjen penger som barn"}]},{"@type":"WebSite","@id":"https:\/\/gimi.com\/#website","url":"https:\/\/gimi.com\/","name":"Gimi","description":"Gimi","publisher":{"@id":"https:\/\/gimi.com\/#organization"},"potentialAction":[{"@type":"SearchAction","target":{"@type":"EntryPoint","urlTemplate":"https:\/\/gimi.com\/?s={search_term_string}"},"query-input":"required name=search_term_string"}],"inLanguage":"nb-NO"},{"@type":"Organization","@id":"https:\/\/gimi.com\/#organization","name":"Gimi","url":"https:\/\/gimi.com\/","logo":{"@type":"ImageObject","inLanguage":"nb-NO","@id":"https:\/\/gimi.com\/#\/schema\/logo\/image\/","url":"https:\/\/gimi.com\/wp-content\/uploads\/2022\/11\/gimi-logo-square.png","contentUrl":"https:\/\/gimi.com\/wp-content\/uploads\/2022\/11\/gimi-logo-square.png","width":1080,"height":1080,"caption":"Gimi"},"image":{"@id":"https:\/\/gimi.com\/#\/schema\/logo\/image\/"},"sameAs":["https:\/\/www.youtube.com\/c\/Gimi-FinancialSuperskills","https:\/\/www.instagram.com\/gimitheapp\/?hl=en","https:\/\/www.facebook.com\/GimiFinancialSuperskills"]}]}},"_links":{"self":[{"href":"https:\/\/gimi.com\/no\/wp-json\/wp\/v2\/pages\/1439"}],"collection":[{"href":"https:\/\/gimi.com\/no\/wp-json\/wp\/v2\/pages"}],"about":[{"href":"https:\/\/gimi.com\/no\/wp-json\/wp\/v2\/types\/page"}],"author":[{"embeddable":true,"href":"https:\/\/gimi.com\/no\/wp-json\/wp\/v2\/users\/12"}],"replies":[{"embeddable":true,"href":"https:\/\/gimi.com\/no\/wp-json\/wp\/v2\/comments?post=1439"}],"version-history":[{"count":14,"href":"https:\/\/gimi.com\/no\/wp-json\/wp\/v2\/pages\/1439\/revisions"}],"predecessor-version":[{"id":2928,"href":"https:\/\/gimi.com\/no\/wp-json\/wp\/v2\/pages\/1439\/revisions\/2928"}],"wp:featuredmedia":[{"embeddable":true,"href":"https:\/\/gimi.com\/no\/wp-json\/wp\/v2\/media\/3661"}],"wp:attachment":[{"href":"https:\/\/gimi.com\/no\/wp-json\/wp\/v2\/media?parent=1439"}],"curies":[{"name":"wp","href":"https:\/\/api.w.org\/{rel}","templated":true}]}}