






{"id":551,"date":"2022-07-05T06:18:26","date_gmt":"2022-07-05T06:18:26","guid":{"rendered":"https:\/\/gimi.looplabz.com\/?page_id=551"},"modified":"2022-12-15T12:09:58","modified_gmt":"2022-12-15T12:09:58","slug":"over-ons","status":"publish","type":"page","link":"https:\/\/gimi.com\/nl\/over-ons\/","title":{"rendered":"Over ons"},"content":{"rendered":"\r\n<!--style=\"background-image: url(--><!--);\"-->\r\r\n<section id=\"banner-block_634eafe2cfd56\" class=\"_hmbnr color-white   _ob_opsition  _abtBnr  _bannerCover\"  >\r\r\n    <div class=\"container\">\r\r\n        <div class=\"row\">\r\r\n            <div class=\"col-md-12\">\r\r\n                <div class=\"_hdrContent\"  >\r\r\n                    <h1 data-aos=\"fade-down\" class=\"color-white\">De toekomst van financi\u00eble educatie.<\/h1>\r\r\n                    <p data-aos=\"fade-up\" >Maak van iedere interactie een leerervaring.<\/p>\r\r\n                    \r\n                        <a href=\"https:\/\/gimi.onelink.me\/PNSs\/kb298tc3\" data-aos=\"fade-up\" class=\"_btn\" target=\"_self\">Download app<\/a>\r\r\n                    \r\n                <\/div>\r\r\n            <\/div>\r\r\n        <\/div>\r\r\n    <\/div>\r\r\n    <div class=\"_bnrAtchmnt\" data-aos=\"fade-down\" >\r\r\n<!--        -->\r\n        <img decoding=\"async\" src=\"https:\/\/gimi.com\/wp-content\/uploads\/2022\/12\/hero_aboutus.webp\" alt=\"\" class=\"img-fluid\">\r\r\n    <\/div>\r\r\n\r\r\n\r\r\n<\/section>\r\r\n\n\n\r\n<section  data-aos=\"fade-up\" data-aos-easing=\"ease-in-sine\" id=\"txtWithHead-block_63401b18338cc\" class=\"_txtWithHding  _top-50 _bottom-50\" >\r\r\n    <div class=\"container\">\r\r\n        <div class=\"row\">\r\r\n            <div class=\"col-md-4\">\r\r\n                <h3 data-aos=\"fade-down\" >De financi\u00eble geletterdheidscrisis aanpakken<\/h3>\r\r\n            <\/div>\r\r\n            <div class=\"col-md-8\">\r\r\n                <div data-aos=\"fade-up\"  class=\"_smplTxtCntnt\">\r\r\n                    <p><span style=\"font-weight: 400;\">Uit PISA-tests blijkt dat 22% van de 15-jarigen onder het basisniveau van financi\u00eble geletterdheid scoort, en de OESO wijst erop dat jongvolwassenen tot de laagste niveaus van financi\u00eble geletterdheid behoren. Scholen schieten tekort in het onderwijzen van persoonlijke financi\u00ebn, aangezien geen enkel Europees land financi\u00eble educatie als vak heeft ingevoerd.<\/span><\/p>\n<p><span style=\"font-weight: 400;\">Ondertussen lopen kinderen leerkansen mis, omdat mobiele banken zelden kindvriendelijke omgevingen zijn. Dit leidt er vaak toe dat kinderen niet met hun eigen geld omgaan, waardoor ze financieel buitengesloten worden in de huidige geldloze economie.<\/span><\/p>\n<blockquote><p><em><span style=\"font-weight: 400;\">&#8220;Over de hele wereld krijgen kinderen les over verre planeten of historische koningen en koninginnen, maar ze weten weinig over budgettering en hoe hun financi\u00ebn werken.&#8221; <\/span><\/em><\/p>\n<p><em><span style=\"font-weight: 400;\">Philip Haglund, CEO van Gimi<\/span><\/em><\/p><\/blockquote>\n\r\n                <\/div>\r\r\n            <\/div>\r\r\n        <\/div>\r\r\n    <\/div>\r\r\n<\/section>\r\r\n\r\r\n\r\r\n\r\r\n\r\r\n\n\n\n\n\n<section  data-aos=\"fade-up\" data-aos-easing=\"ease-in-sine\" id=\"usp-block_63401b7c338cd\" class=\"_imgWithCntent  _top-50 _bottom-50\" >\n\n    <div class=\"container\">\n\n        <div class=\"row align-items-center _imgRight\">\n\n            <div class=\"col-md-6\">\n\n                <div class=\"_imgWper \">\n\n                    <img width=\"1518\" height=\"1011\" src=\"https:\/\/gimi.com\/wp-content\/uploads\/2022\/12\/22.webp\" class=\"attachment-full size-full\" alt=\"two phones\" decoding=\"async\" loading=\"lazy\" srcset=\"https:\/\/gimi.com\/wp-content\/uploads\/2022\/12\/22.webp 1518w, https:\/\/gimi.com\/wp-content\/uploads\/2022\/12\/22-300x200.webp 300w, https:\/\/gimi.com\/wp-content\/uploads\/2022\/12\/22-1024x682.webp 1024w, https:\/\/gimi.com\/wp-content\/uploads\/2022\/12\/22-768x511.webp 768w\" sizes=\"(max-width: 1518px) 100vw, 1518px\" \/>\n                <\/div>\n\n            <\/div>\n\n            <div class=\"col-md-6\">\n\n                <div class=\"_imgCntnt\">\n\n                    <h2 data-aos=\"fade-down\">De bekroonde app die kinderen slimme geldgewoonten aanleert.<\/h2>\n\n                    <p>De Gimi-app is een uniek hulpmiddel voor kinderen om financieel inzicht te krijgen. <span style=\"font-weight: 400;\">Met Gimi leren kinderen al doende; ze gaan onder toezicht van hun ouders om met geld, terwijl ze toegang krijgen tot financi\u00eble educatie die is aangepast aan hun behoeften \u2013 allemaal op een leuke en veilige plek.<\/span><\/p>\n\t\t\t\t\t                    <a href=\"\/nl\/hoe-het-werkt\/\" data-aos=\"fade-up\" class=\"_btn_sec\" target=\"_self\">Gimi leert door te doen <i class=\"fa fa-angle-right\"><\/i><\/a>\n\t\t\t\t\t\n                <\/div>\n\n            <\/div>\n\n        <\/div>\n\n    <\/div>\n\n<\/section>\n\n\n\n\n\n\n\n\n\n\n\n\n\n\n<section  data-aos=\"fade-up\" data-aos-easing=\"ease-in-sine\" id=\"usp-block_63401ba2338ce\" class=\"_imgWithCntent  _top-50 _bottom-50\" >\n\n    <div class=\"container\">\n\n        <div class=\"row align-items-center \">\n\n            <div class=\"col-md-6\">\n\n                <div class=\"_imgWper \">\n\n                    <img width=\"2560\" height=\"1691\" src=\"https:\/\/gimi.com\/wp-content\/uploads\/2022\/12\/pexels-olya-kobruseva-5712050-3-scaled-1.webp\" class=\"attachment-full size-full\" alt=\"mom and daughter\" decoding=\"async\" loading=\"lazy\" srcset=\"https:\/\/gimi.com\/wp-content\/uploads\/2022\/12\/pexels-olya-kobruseva-5712050-3-scaled-1.webp 2560w, https:\/\/gimi.com\/wp-content\/uploads\/2022\/12\/pexels-olya-kobruseva-5712050-3-scaled-1-300x198.webp 300w, https:\/\/gimi.com\/wp-content\/uploads\/2022\/12\/pexels-olya-kobruseva-5712050-3-scaled-1-1024x676.webp 1024w, https:\/\/gimi.com\/wp-content\/uploads\/2022\/12\/pexels-olya-kobruseva-5712050-3-scaled-1-768x507.webp 768w, https:\/\/gimi.com\/wp-content\/uploads\/2022\/12\/pexels-olya-kobruseva-5712050-3-scaled-1-1536x1015.webp 1536w, https:\/\/gimi.com\/wp-content\/uploads\/2022\/12\/pexels-olya-kobruseva-5712050-3-scaled-1-2048x1353.webp 2048w\" sizes=\"(max-width: 2560px) 100vw, 2560px\" \/>\n                <\/div>\n\n            <\/div>\n\n            <div class=\"col-md-6\">\n\n                <div class=\"_imgCntnt\">\n\n                    <h2 data-aos=\"fade-down\">Uw partner in financi\u00eble educatie.<\/h2>\n\n                    <p>Ontdek hoe Gimi samenwerkingsmogelijkheden biedt voor banken en bedrijven die gebruikmaken van white-labeling, open banking-technologie\u00ebn en educatieve pakketten.<\/p>\n\t\t\t\t\t                    <a href=\"\/nl\/voor-banken\/\" data-aos=\"fade-up\" class=\"_btn_sec\" target=\"_self\">Werk samen met Gimi <i class=\"fa fa-angle-right\"><\/i><\/a>\n\t\t\t\t\t\n                <\/div>\n\n            <\/div>\n\n        <\/div>\n\n    <\/div>\n\n<\/section>\n\n\n\n\n\n\n\n\n\n\n\n\n\n\n<section  data-aos=\"fade-up\" data-aos-easing=\"ease-in-sine\" id=\"usp-block_63401c8c338cf\" class=\"_imgWithCntent  _top-50 _bottom-50\" >\n\n    <div class=\"container\">\n\n        <div class=\"row align-items-center _imgRight\">\n\n            <div class=\"col-md-6\">\n\n                <div class=\"_imgWper \">\n\n                    <img width=\"2560\" height=\"1707\" src=\"https:\/\/gimi.com\/wp-content\/uploads\/2022\/12\/pexels-marta-wave-6437845-scaled-1.webp\" class=\"attachment-full size-full\" alt=\"children with ipad\" decoding=\"async\" loading=\"lazy\" srcset=\"https:\/\/gimi.com\/wp-content\/uploads\/2022\/12\/pexels-marta-wave-6437845-scaled-1.webp 2560w, https:\/\/gimi.com\/wp-content\/uploads\/2022\/12\/pexels-marta-wave-6437845-scaled-1-300x200.webp 300w, https:\/\/gimi.com\/wp-content\/uploads\/2022\/12\/pexels-marta-wave-6437845-scaled-1-1024x683.webp 1024w, https:\/\/gimi.com\/wp-content\/uploads\/2022\/12\/pexels-marta-wave-6437845-scaled-1-768x512.webp 768w, https:\/\/gimi.com\/wp-content\/uploads\/2022\/12\/pexels-marta-wave-6437845-scaled-1-1536x1024.webp 1536w, https:\/\/gimi.com\/wp-content\/uploads\/2022\/12\/pexels-marta-wave-6437845-scaled-1-2048x1366.webp 2048w\" sizes=\"(max-width: 2560px) 100vw, 2560px\" \/>\n                <\/div>\n\n            <\/div>\n\n            <div class=\"col-md-6\">\n\n                <div class=\"_imgCntnt\">\n\n                    <h2 data-aos=\"fade-down\">Op onderzoek gebaseerd e-learningplatform.<\/h2>\n\n                    <p><span style=\"font-weight: 400;\">Het oefenen van <\/span><span style=\"font-weight: 400;\">financi\u00eble vaardigheden en het leren van de financi\u00eble basisprincipes is essentieel \u2013 Gimi heeft een holistische leercyclus gecre\u00eberd die beide mogelijk maakt. Op basis van onderzoek bieden we een unieke combinatie van leren, oefenen in de praktijk en gamification, die kinderen leert over geld verdienen, sparen en uitgeven. Gimi maakt financi\u00eble geletterdheid leuk en toegankelijk voor iedereen.<\/span><\/p>\n\t\t\t\t\t                    <a href=\"\/nl\/voor-banken\/\" data-aos=\"fade-up\" class=\"_btn_sec\" target=\"_self\">Financi\u00eble educatie voor iedereen <i class=\"fa fa-angle-right\"><\/i><\/a>\n\t\t\t\t\t\n                <\/div>\n\n            <\/div>\n\n        <\/div>\n\n    <\/div>\n\n<\/section>\n\n\n\n\n\n\n\n\n\n\n\n\n\n\n<section  data-aos=\"fade-up\" data-aos-easing=\"ease-in-sine\" id=\"usp-block_6386080998e81\" class=\"_imgWithCntent  _top-50 _bottom-50\" >\n\n    <div class=\"container\">\n\n        <div class=\"row align-items-center \">\n\n            <div class=\"col-md-6\">\n\n                <div class=\"_imgWper \">\n\n                    <img width=\"1920\" height=\"1280\" src=\"https:\/\/gimi.com\/wp-content\/uploads\/2022\/11\/New-gimi-team.jpg\" class=\"attachment-full size-full\" alt=\"The Gimi team\" decoding=\"async\" loading=\"lazy\" srcset=\"https:\/\/gimi.com\/wp-content\/uploads\/2022\/11\/New-gimi-team.jpg 1920w, https:\/\/gimi.com\/wp-content\/uploads\/2022\/11\/New-gimi-team-300x200.jpg 300w, https:\/\/gimi.com\/wp-content\/uploads\/2022\/11\/New-gimi-team-1024x683.jpg 1024w, https:\/\/gimi.com\/wp-content\/uploads\/2022\/11\/New-gimi-team-768x512.jpg 768w, https:\/\/gimi.com\/wp-content\/uploads\/2022\/11\/New-gimi-team-1536x1024.jpg 1536w\" sizes=\"(max-width: 1920px) 100vw, 1920px\" \/>\n                <\/div>\n\n            <\/div>\n\n            <div class=\"col-md-6\">\n\n                <div class=\"_imgCntnt\">\n\n                    <h2 data-aos=\"fade-down\">Zeg hallo<\/h2>\n\n                    <p>We zijn een team van ontwerpers, engineers, marketing -en productexperts, die samen een uniek, educatief en leuk leermiddel voor kinderen hebben ontwikkeld. Doe met ons mee, en help ons de beste app ter wereld voor persoonlijke financi\u00ebn te maken, voor de nieuwe generatie.<\/p>\n\t\t\t\t\t                    <a href=\"mailto:hello@gimi.com\" data-aos=\"fade-up\" class=\"_btn_sec\" target=\"_self\">Neem contact met ons op <i class=\"fa fa-angle-right\"><\/i><\/a>\n\t\t\t\t\t\n                <\/div>\n\n            <\/div>\n\n        <\/div>\n\n    <\/div>\n\n<\/section>\n\n\n\n\n\n\n\n\n\n","protected":false},"excerpt":{"rendered":"","protected":false},"author":12,"featured_media":3047,"parent":0,"menu_order":0,"comment_status":"closed","ping_status":"closed","template":"","meta":{"inline_featured_image":false},"yoast_head":"<!-- This site is optimized with the Yoast SEO plugin v19.10 - https:\/\/yoast.com\/wordpress\/plugins\/seo\/ -->\n<title>Over ons - De toekomst van financi\u00eble educatie - Gimi<\/title>\n<meta name=\"description\" content=\"Gimi - Over ons - De bekroonde app die kinderen slimme geldgewoonten aanleert. Maak van iedere interactie een leerervaring. De toekomst van financi\u00eble educatie.\" \/>\n<meta name=\"robots\" content=\"index, follow, max-snippet:-1, max-image-preview:large, max-video-preview:-1\" \/>\n<link rel=\"canonical\" href=\"https:\/\/gimi.com\/nl\/over-ons\/\" \/>\n<meta property=\"og:locale\" content=\"nl_NL\" \/>\n<meta property=\"og:type\" content=\"article\" \/>\n<meta property=\"og:title\" content=\"Over ons - De toekomst van financi\u00eble educatie - Gimi\" \/>\n<meta property=\"og:description\" content=\"Gimi - Over ons - De bekroonde app die kinderen slimme geldgewoonten aanleert. Maak van iedere interactie een leerervaring. De toekomst van financi\u00eble educatie.\" \/>\n<meta property=\"og:url\" content=\"https:\/\/gimi.com\/nl\/over-ons\/\" \/>\n<meta property=\"og:site_name\" content=\"Gimi\" \/>\n<meta property=\"article:publisher\" content=\"https:\/\/www.facebook.com\/GimiFinancialSuperskills\" \/>\n<meta property=\"article:modified_time\" content=\"2022-12-15T12:09:58+00:00\" \/>\n<meta property=\"og:image\" content=\"http:\/\/gimi.com\/wp-content\/uploads\/2022\/11\/gimi-logo-square.png\" \/>\n\t<meta property=\"og:image:width\" content=\"1080\" \/>\n\t<meta property=\"og:image:height\" content=\"1080\" \/>\n\t<meta property=\"og:image:type\" content=\"image\/png\" \/>\n<meta name=\"twitter:card\" content=\"summary_large_image\" \/>\n<script type=\"application\/ld+json\" class=\"yoast-schema-graph\">{\"@context\":\"https:\/\/schema.org\",\"@graph\":[{\"@type\":\"WebPage\",\"@id\":\"https:\/\/gimi.com\/nl\/over-ons\/\",\"url\":\"https:\/\/gimi.com\/nl\/over-ons\/\",\"name\":\"Over ons - De toekomst van financi\u00eble educatie - Gimi\",\"isPartOf\":{\"@id\":\"https:\/\/gimi.com\/#website\"},\"datePublished\":\"2022-07-05T06:18:26+00:00\",\"dateModified\":\"2022-12-15T12:09:58+00:00\",\"description\":\"Gimi - Over ons - De bekroonde app die kinderen slimme geldgewoonten aanleert. Maak van iedere interactie een leerervaring. De toekomst van financi\u00eble educatie.\",\"breadcrumb\":{\"@id\":\"https:\/\/gimi.com\/nl\/over-ons\/#breadcrumb\"},\"inLanguage\":\"nl\",\"potentialAction\":[{\"@type\":\"ReadAction\",\"target\":[\"https:\/\/gimi.com\/nl\/over-ons\/\"]}]},{\"@type\":\"BreadcrumbList\",\"@id\":\"https:\/\/gimi.com\/nl\/over-ons\/#breadcrumb\",\"itemListElement\":[{\"@type\":\"ListItem\",\"position\":1,\"name\":\"Home\",\"item\":\"https:\/\/gimi.com\/nl\/\"},{\"@type\":\"ListItem\",\"position\":2,\"name\":\"Over ons\"}]},{\"@type\":\"WebSite\",\"@id\":\"https:\/\/gimi.com\/#website\",\"url\":\"https:\/\/gimi.com\/\",\"name\":\"Gimi\",\"description\":\"Gimi\",\"publisher\":{\"@id\":\"https:\/\/gimi.com\/#organization\"},\"potentialAction\":[{\"@type\":\"SearchAction\",\"target\":{\"@type\":\"EntryPoint\",\"urlTemplate\":\"https:\/\/gimi.com\/?s={search_term_string}\"},\"query-input\":\"required name=search_term_string\"}],\"inLanguage\":\"nl\"},{\"@type\":\"Organization\",\"@id\":\"https:\/\/gimi.com\/#organization\",\"name\":\"Gimi\",\"url\":\"https:\/\/gimi.com\/\",\"logo\":{\"@type\":\"ImageObject\",\"inLanguage\":\"nl\",\"@id\":\"https:\/\/gimi.com\/#\/schema\/logo\/image\/\",\"url\":\"https:\/\/gimi.com\/wp-content\/uploads\/2022\/11\/gimi-logo-square.png\",\"contentUrl\":\"https:\/\/gimi.com\/wp-content\/uploads\/2022\/11\/gimi-logo-square.png\",\"width\":1080,\"height\":1080,\"caption\":\"Gimi\"},\"image\":{\"@id\":\"https:\/\/gimi.com\/#\/schema\/logo\/image\/\"},\"sameAs\":[\"https:\/\/www.youtube.com\/c\/Gimi-FinancialSuperskills\",\"https:\/\/www.instagram.com\/gimitheapp\/?hl=en\",\"https:\/\/www.facebook.com\/GimiFinancialSuperskills\"]}]}<\/script>\n<!-- \/ Yoast SEO plugin. -->","yoast_head_json":{"title":"Over ons - De toekomst van financi\u00eble educatie - Gimi","description":"Gimi - Over ons - De bekroonde app die kinderen slimme geldgewoonten aanleert. Maak van iedere interactie een leerervaring. De toekomst van financi\u00eble educatie.","robots":{"index":"index","follow":"follow","max-snippet":"max-snippet:-1","max-image-preview":"max-image-preview:large","max-video-preview":"max-video-preview:-1"},"canonical":"https:\/\/gimi.com\/nl\/over-ons\/","og_locale":"nl_NL","og_type":"article","og_title":"Over ons - De toekomst van financi\u00eble educatie - Gimi","og_description":"Gimi - Over ons - De bekroonde app die kinderen slimme geldgewoonten aanleert. Maak van iedere interactie een leerervaring. De toekomst van financi\u00eble educatie.","og_url":"https:\/\/gimi.com\/nl\/over-ons\/","og_site_name":"Gimi","article_publisher":"https:\/\/www.facebook.com\/GimiFinancialSuperskills","article_modified_time":"2022-12-15T12:09:58+00:00","og_image":[{"width":1080,"height":1080,"url":"http:\/\/gimi.com\/wp-content\/uploads\/2022\/11\/gimi-logo-square.png","type":"image\/png"}],"twitter_card":"summary_large_image","schema":{"@context":"https:\/\/schema.org","@graph":[{"@type":"WebPage","@id":"https:\/\/gimi.com\/nl\/over-ons\/","url":"https:\/\/gimi.com\/nl\/over-ons\/","name":"Over ons - De toekomst van financi\u00eble educatie - Gimi","isPartOf":{"@id":"https:\/\/gimi.com\/#website"},"datePublished":"2022-07-05T06:18:26+00:00","dateModified":"2022-12-15T12:09:58+00:00","description":"Gimi - Over ons - De bekroonde app die kinderen slimme geldgewoonten aanleert. Maak van iedere interactie een leerervaring. De toekomst van financi\u00eble educatie.","breadcrumb":{"@id":"https:\/\/gimi.com\/nl\/over-ons\/#breadcrumb"},"inLanguage":"nl","potentialAction":[{"@type":"ReadAction","target":["https:\/\/gimi.com\/nl\/over-ons\/"]}]},{"@type":"BreadcrumbList","@id":"https:\/\/gimi.com\/nl\/over-ons\/#breadcrumb","itemListElement":[{"@type":"ListItem","position":1,"name":"Home","item":"https:\/\/gimi.com\/nl\/"},{"@type":"ListItem","position":2,"name":"Over ons"}]},{"@type":"WebSite","@id":"https:\/\/gimi.com\/#website","url":"https:\/\/gimi.com\/","name":"Gimi","description":"Gimi","publisher":{"@id":"https:\/\/gimi.com\/#organization"},"potentialAction":[{"@type":"SearchAction","target":{"@type":"EntryPoint","urlTemplate":"https:\/\/gimi.com\/?s={search_term_string}"},"query-input":"required name=search_term_string"}],"inLanguage":"nl"},{"@type":"Organization","@id":"https:\/\/gimi.com\/#organization","name":"Gimi","url":"https:\/\/gimi.com\/","logo":{"@type":"ImageObject","inLanguage":"nl","@id":"https:\/\/gimi.com\/#\/schema\/logo\/image\/","url":"https:\/\/gimi.com\/wp-content\/uploads\/2022\/11\/gimi-logo-square.png","contentUrl":"https:\/\/gimi.com\/wp-content\/uploads\/2022\/11\/gimi-logo-square.png","width":1080,"height":1080,"caption":"Gimi"},"image":{"@id":"https:\/\/gimi.com\/#\/schema\/logo\/image\/"},"sameAs":["https:\/\/www.youtube.com\/c\/Gimi-FinancialSuperskills","https:\/\/www.instagram.com\/gimitheapp\/?hl=en","https:\/\/www.facebook.com\/GimiFinancialSuperskills"]}]}},"_links":{"self":[{"href":"https:\/\/gimi.com\/nl\/wp-json\/wp\/v2\/pages\/551"}],"collection":[{"href":"https:\/\/gimi.com\/nl\/wp-json\/wp\/v2\/pages"}],"about":[{"href":"https:\/\/gimi.com\/nl\/wp-json\/wp\/v2\/types\/page"}],"author":[{"embeddable":true,"href":"https:\/\/gimi.com\/nl\/wp-json\/wp\/v2\/users\/12"}],"replies":[{"embeddable":true,"href":"https:\/\/gimi.com\/nl\/wp-json\/wp\/v2\/comments?post=551"}],"version-history":[{"count":57,"href":"https:\/\/gimi.com\/nl\/wp-json\/wp\/v2\/pages\/551\/revisions"}],"predecessor-version":[{"id":3778,"href":"https:\/\/gimi.com\/nl\/wp-json\/wp\/v2\/pages\/551\/revisions\/3778"}],"wp:featuredmedia":[{"embeddable":true,"href":"https:\/\/gimi.com\/nl\/wp-json\/wp\/v2\/media\/3047"}],"wp:attachment":[{"href":"https:\/\/gimi.com\/nl\/wp-json\/wp\/v2\/media?parent=551"}],"curies":[{"name":"wp","href":"https:\/\/api.w.org\/{rel}","templated":true}]}}