






{"id":1432,"date":"2022-09-29T09:11:13","date_gmt":"2022-09-29T09:11:13","guid":{"rendered":"https:\/\/testing.gimitheapp.com\/?page_id=1432"},"modified":"2022-12-05T06:11:07","modified_gmt":"2022-12-05T06:11:07","slug":"geld-verdienen-als-kind","status":"publish","type":"page","link":"https:\/\/gimi.com\/nl\/geld-verdienen-als-kind\/","title":{"rendered":"Geld verdienen als kind"},"content":{"rendered":"\r\n\r\r\n<section  data-aos=\"fade-up\" data-aos-easing=\"ease-in-sine\" id=\"article-block_63355c9a0c932\" class=\"_article _topGray   \" >\r\r\n    <div class=\"container\">\r\r\n        <div class=\"row\">\r\r\n            <div class=\"col-md-12\">\r\r\n                <div class=\"_pageHdr _container-1000    \">\r\r\n                    <h1>Geld verdienen als kind<\/h1>\r\r\n                    <div class=\"_pgHdrDesc\">\r\r\n                        \r\n                    <\/div>\r\r\n                <\/div>\r\r\n                <div class=\"_pageCntnt _container-690\">\r\r\n                    <div class=\"_articleImg\">\r\r\n                        <img width=\"1536\" height=\"1024\" src=\"https:\/\/gimi.com\/wp-content\/uploads\/2022\/12\/earn-money-as-a-child.webp\" class=\"attachment-post-thumbnail size-post-thumbnail wp-post-image\" alt=\"boy holding football\" decoding=\"async\" loading=\"lazy\" srcset=\"https:\/\/gimi.com\/wp-content\/uploads\/2022\/12\/earn-money-as-a-child.webp 1536w, https:\/\/gimi.com\/wp-content\/uploads\/2022\/12\/earn-money-as-a-child-300x200.webp 300w, https:\/\/gimi.com\/wp-content\/uploads\/2022\/12\/earn-money-as-a-child-1024x683.webp 1024w, https:\/\/gimi.com\/wp-content\/uploads\/2022\/12\/earn-money-as-a-child-768x512.webp 768w\" sizes=\"(max-width: 1536px) 100vw, 1536px\" \/>\r\n                    <\/div>\r\r\n                    <div class=\"_art_desc\">\r\r\n                        <p><em><span style=\"font-weight: 400;\">Kunnen kinderen geld verdienen voordat ze 18 zijn? Het is zeker mogelijk! Wel zijn er bepaalde wet- en regelgeving die zegt waar je wel of niet mee mag werken en op welke leeftijd. Er is ook werk dat aangepast is aan kinderen en jongeren.<\/span><\/em><\/p>\n<p><em><span style=\"font-weight: 400;\">Hoe kun je geld verdienen als kind? Om te beginnen is het belangrijk dat je op de hoogte moet zijn van de wetten en regels die van toepassing zijn.<\/span><\/em><\/p>\n<p>&nbsp;<\/p>\n<h4>Werk onder de 13 jaar<\/h4>\n<p>Voordat je 13 wordt, mag je geen baan aannemen bij iemand buiten het gezin. Veel mensen van deze leeftijd kunnen extra geld verdienen door te helpen met huishoudelijke taken, zoals het maaien van het gras of het legen van de vaatwasser. Je kunt ook voor kortere periodes gemakkelijker werk doen, zoals een krantenwijk.<\/p>\n<p>&nbsp;<\/p>\n<h4>Werk tussen de 13-15 jaar<\/h4>\n<p>Als je 13 wordt, kun je solliciteren op eenvoudige banen, zoals in de zomer helpen met lichte werkzaamheden in een winkel. Je mag echter niet alleen of met verantwoordelijkheid voor geld of de kassa werken. Tussen 13-15 jaar mag je niet werken met fysiek zware taken of andere taken die gevaarlijk kunnen zijn: zoals werken met machines of chemicali\u00ebn. Ben je jonger dan 16 jaar, dan is een attest van een van je ouders nodig waaruit blijkt dat je mag werken.<\/p>\n<p>&nbsp;<\/p>\n<h4>Werk tussen de 16-18 jaar<\/h4>\n<p>Tussen de 16 en 18 jaar mag je alle soorten werk doen, behalve werk dat erg gevaarlijk is, zoals bijvoorbeeld werken op een booreiland. Je mag niet in je eentje werken als er geld op de werkvloer is.<\/p>\n<p>&nbsp;<\/p>\n<h4>Werktijden voor kinderen en tieners<\/h4>\n<p>Minderjarigen, dus kinderen onder de 18 jaar, mogen volgens de wet nooit tussen middernacht en vijf uur &#8216;s ochtends werken. Als minderjarige moet je ook een half uur pauze hebben voor elke vier en een half uur werken, dus \u00e9\u00e9n keer in de ochtend en \u00e9\u00e9n keer in de middag als je een hele dag werkt. Als minderjarige heb je ook recht op koffiepauzes.<\/p>\n<p>Als je werkt terwijl je ook nog naar school gaat, en nog geen 18 bent, is het ook niet toegestaan \u200b\u200bom na 20.00 uur of voor 06.00 uur te werken. Het is de wet dat je vrij moet zijn van school en 14 uur per dag moet werken. Dit betekent dat je maximaal 2 uur per schooldag of 7 uur per niet-schooldag mag werken. Werk je na schooltijd of in het weekend extra, dan mag je maximaal 12 uur per schoolweek werken. Tijdens schoolvakanties van minimaal een week is dit 7 uur per dag en maximaal 35 uur per week.<\/p>\n<p>Als je van plan bent om in de zomer te werken, is het belangrijk om te onthouden dat als de zomervakantie tien weken is, je maximaal zes weken mag werken.<\/p>\n<p>&nbsp;<\/p>\n<h4>Algemene huishoudelijke taken voor kinderen en tieners<\/h4>\n<p>Voor jongere kinderen, d.w.z. kinderen onder de 13 jaar, raden we aan om thuis, of bij vrienden van de familie te beginnen met geld verdienen. Voor de jongsten, kinderen onder de 10 jaar, is het sterk aan te raden dit binnen het gezin te houden.<\/p>\n<p>Met de Gimi-app kunnen kinderen, met hulp van ouders, klusjes in huis doen waarmee ze thuis extra geld kunt verdienen.<\/p>\n<p><strong>Aanbevolen huishoudelijke taken voor kinderen jonger dan 7 jaar<\/strong><\/p>\n<ul>\n<li style=\"font-weight: 400;\" aria-level=\"1\">Vuile was verzamelen en in de wasmand doen<\/li>\n<li style=\"font-weight: 400;\" aria-level=\"1\">Eten wegzetten in de koelkast<\/li>\n<li style=\"font-weight: 400;\" aria-level=\"1\">Speelgoed terug in kastjes of laden legen<\/li>\n<\/ul>\n<p><strong>Aanbevolen huishoudelijke taken voor kinderen tussen 8-10 jaar<\/strong><\/p>\n<ul>\n<li style=\"font-weight: 400;\" aria-level=\"1\">Helpen bij het avondeten<\/li>\n<li style=\"font-weight: 400;\" aria-level=\"1\">Schone was opvouwen<\/li>\n<li style=\"font-weight: 400;\" aria-level=\"1\">De vaatwasser uitruimen<\/li>\n<\/ul>\n<p><strong>Aanbevolen huishoudelijke taken voor kinderen tussen 11-13 jaar<\/strong><\/p>\n<ul>\n<li style=\"font-weight: 400;\" aria-level=\"1\">Wandelen met de hond<\/li>\n<li style=\"font-weight: 400;\" aria-level=\"1\">\u2018S nachts jongere broers en zussen instoppen<\/li>\n<li style=\"font-weight: 400;\" aria-level=\"1\">Het hele huis stofzuigen<\/li>\n<\/ul>\n<p>&nbsp;<\/p>\n<h4>Helpen bij de buren vanaf 14 jaar<\/h4>\n<p>Vanaf 14 jaar is het gebruikelijk om te gaan helpen in de buurt. Zo kun je vanaf 14 jaar extra gaan werken om bijvoorbeeld het gras te maaien voor een buurman of familielid.<\/p>\n<p>&nbsp;<\/p>\n<h4>Veelvoorkomende banen voor kinderen en tieners<\/h4>\n<ul>\n<li style=\"font-weight: 400;\" aria-level=\"1\">Buren of vrienden van de familie helpen<\/li>\n<li style=\"font-weight: 400;\" aria-level=\"1\">De meesten buren die hulp nodig hebben, bijvoorbeeld bij het sneeuwschuiven in de winter of het maaien in de zomer. Het is belangrijk dat je bij je ouders navraagt \u200b\u200bof het in orde is voordat je met je grasmaaibedrijf begint!<\/li>\n<\/ul>\n<p>&nbsp;<\/p>\n<h4>Werken als oppas<\/h4>\n<p>Misschien heb je neefjes en nichtjes of andere kleine kinderen in je buurt waar je op kunt passen? Werken als oppas is een leuk bijbaantje die je in het weekend kan doen. Het is belangrijk dat je bij je ouders navraagt \u200b\u200bof het ok\u00e9 is en dat ze de ouders van het kind ontmoeten.<\/p>\n<p>&nbsp;<\/p>\n<h4>Hondenoppas<\/h4>\n<p>Hondenoppas &#8211; misschien wel de leukste baan ter wereld? Honden zijn sociaal maar ze hebben ook rust nodig. Als je een hond hebt die je op wandelingen neemt staan \u200b\u200bde buren er waarschijnlijk voor open om jou ook voor hun hond te laten zorgen. Praat met je ouders over dingen die belangrijk kunnen zijn om te overwegen voordat je als hondenoppas begint.<\/p>\n<p>&nbsp;<\/p>\n<h4>Spullen verkopen die je niet meer gebruikt<\/h4>\n<p>Heb je thuis veel oud speelgoed en kleding liggen? Mooi zo! Het kan een goudmijn zijn! Misschien is er iemand anders is die ze nodig heeft? Vraag bij je ouders na of zij ook spullen hebben waar ze vanaf willen. Je kunt de spullen verkopen op een online marktplaats, of misschien kun je een tafel opzetten op een rommelmarkt.<\/p>\n<p>&nbsp;<\/p>\n<p><a class=\"_btn aos-init aos-animate\" href=\"https:\/\/gimi.onelink.me\/PNSs\/3i2iyznt\" target=\"_self\" data-aos=\"fade-up\">Download de Gimi app<\/a><\/p>\n\r\n                    <\/div>\r\r\n\r\r\n                <\/div>\r\r\n            <\/div>\r\r\n        <\/div>\r\r\n    <\/div>\r\r\n<\/section>\r\r\n\r\r\n\r\r\n\r\r\n\r\r\n","protected":false},"excerpt":{"rendered":"","protected":false},"author":12,"featured_media":3660,"parent":0,"menu_order":0,"comment_status":"closed","ping_status":"closed","template":"","meta":{"inline_featured_image":false},"yoast_head":"<!-- This site is optimized with the Yoast SEO plugin v19.10 - https:\/\/yoast.com\/wordpress\/plugins\/seo\/ -->\n<title>Geld verdienen als kind - Werk aangepast aan kinderen - Gimi<\/title>\n<meta name=\"description\" content=\"Kunnen kinderen geld verdienen voordat ze 18 zijn? Zeker! Er is wel een wet -en regelgeving waarin staat wat voor werk toegestaan is en vanaf welke leeftijd.\" \/>\n<meta name=\"robots\" content=\"index, follow, max-snippet:-1, max-image-preview:large, max-video-preview:-1\" \/>\n<link rel=\"canonical\" href=\"https:\/\/gimi.com\/nl\/geld-verdienen-als-kind\/\" \/>\n<meta property=\"og:locale\" content=\"nl_NL\" \/>\n<meta property=\"og:type\" content=\"article\" \/>\n<meta property=\"og:title\" content=\"Geld verdienen als kind - Werk aangepast aan kinderen - Gimi\" \/>\n<meta property=\"og:description\" content=\"Kunnen kinderen geld verdienen voordat ze 18 zijn? Zeker! Er is wel een wet -en regelgeving waarin staat wat voor werk toegestaan is en vanaf welke leeftijd.\" \/>\n<meta property=\"og:url\" content=\"https:\/\/gimi.com\/nl\/geld-verdienen-als-kind\/\" \/>\n<meta property=\"og:site_name\" content=\"Gimi\" \/>\n<meta property=\"article:publisher\" content=\"https:\/\/www.facebook.com\/GimiFinancialSuperskills\" \/>\n<meta property=\"article:modified_time\" content=\"2022-12-05T06:11:07+00:00\" \/>\n<meta property=\"og:image\" content=\"http:\/\/gimi.com\/wp-content\/uploads\/2022\/12\/earn-money-as-a-child.webp\" \/>\n\t<meta property=\"og:image:width\" content=\"1536\" \/>\n\t<meta property=\"og:image:height\" content=\"1024\" \/>\n\t<meta property=\"og:image:type\" content=\"image\/webp\" \/>\n<meta name=\"twitter:card\" content=\"summary_large_image\" \/>\n<script type=\"application\/ld+json\" class=\"yoast-schema-graph\">{\"@context\":\"https:\/\/schema.org\",\"@graph\":[{\"@type\":\"WebPage\",\"@id\":\"https:\/\/gimi.com\/nl\/geld-verdienen-als-kind\/\",\"url\":\"https:\/\/gimi.com\/nl\/geld-verdienen-als-kind\/\",\"name\":\"Geld verdienen als kind - Werk aangepast aan kinderen - Gimi\",\"isPartOf\":{\"@id\":\"https:\/\/gimi.com\/#website\"},\"datePublished\":\"2022-09-29T09:11:13+00:00\",\"dateModified\":\"2022-12-05T06:11:07+00:00\",\"description\":\"Kunnen kinderen geld verdienen voordat ze 18 zijn? Zeker! Er is wel een wet -en regelgeving waarin staat wat voor werk toegestaan is en vanaf welke leeftijd.\",\"breadcrumb\":{\"@id\":\"https:\/\/gimi.com\/nl\/geld-verdienen-als-kind\/#breadcrumb\"},\"inLanguage\":\"nl\",\"potentialAction\":[{\"@type\":\"ReadAction\",\"target\":[\"https:\/\/gimi.com\/nl\/geld-verdienen-als-kind\/\"]}]},{\"@type\":\"BreadcrumbList\",\"@id\":\"https:\/\/gimi.com\/nl\/geld-verdienen-als-kind\/#breadcrumb\",\"itemListElement\":[{\"@type\":\"ListItem\",\"position\":1,\"name\":\"Home\",\"item\":\"https:\/\/gimi.com\/nl\/\"},{\"@type\":\"ListItem\",\"position\":2,\"name\":\"Geld verdienen als kind\"}]},{\"@type\":\"WebSite\",\"@id\":\"https:\/\/gimi.com\/#website\",\"url\":\"https:\/\/gimi.com\/\",\"name\":\"Gimi\",\"description\":\"Gimi\",\"publisher\":{\"@id\":\"https:\/\/gimi.com\/#organization\"},\"potentialAction\":[{\"@type\":\"SearchAction\",\"target\":{\"@type\":\"EntryPoint\",\"urlTemplate\":\"https:\/\/gimi.com\/?s={search_term_string}\"},\"query-input\":\"required name=search_term_string\"}],\"inLanguage\":\"nl\"},{\"@type\":\"Organization\",\"@id\":\"https:\/\/gimi.com\/#organization\",\"name\":\"Gimi\",\"url\":\"https:\/\/gimi.com\/\",\"logo\":{\"@type\":\"ImageObject\",\"inLanguage\":\"nl\",\"@id\":\"https:\/\/gimi.com\/#\/schema\/logo\/image\/\",\"url\":\"https:\/\/gimi.com\/wp-content\/uploads\/2022\/11\/gimi-logo-square.png\",\"contentUrl\":\"https:\/\/gimi.com\/wp-content\/uploads\/2022\/11\/gimi-logo-square.png\",\"width\":1080,\"height\":1080,\"caption\":\"Gimi\"},\"image\":{\"@id\":\"https:\/\/gimi.com\/#\/schema\/logo\/image\/\"},\"sameAs\":[\"https:\/\/www.youtube.com\/c\/Gimi-FinancialSuperskills\",\"https:\/\/www.instagram.com\/gimitheapp\/?hl=en\",\"https:\/\/www.facebook.com\/GimiFinancialSuperskills\"]}]}<\/script>\n<!-- \/ Yoast SEO plugin. -->","yoast_head_json":{"title":"Geld verdienen als kind - Werk aangepast aan kinderen - Gimi","description":"Kunnen kinderen geld verdienen voordat ze 18 zijn? Zeker! Er is wel een wet -en regelgeving waarin staat wat voor werk toegestaan is en vanaf welke leeftijd.","robots":{"index":"index","follow":"follow","max-snippet":"max-snippet:-1","max-image-preview":"max-image-preview:large","max-video-preview":"max-video-preview:-1"},"canonical":"https:\/\/gimi.com\/nl\/geld-verdienen-als-kind\/","og_locale":"nl_NL","og_type":"article","og_title":"Geld verdienen als kind - Werk aangepast aan kinderen - Gimi","og_description":"Kunnen kinderen geld verdienen voordat ze 18 zijn? Zeker! Er is wel een wet -en regelgeving waarin staat wat voor werk toegestaan is en vanaf welke leeftijd.","og_url":"https:\/\/gimi.com\/nl\/geld-verdienen-als-kind\/","og_site_name":"Gimi","article_publisher":"https:\/\/www.facebook.com\/GimiFinancialSuperskills","article_modified_time":"2022-12-05T06:11:07+00:00","og_image":[{"width":1536,"height":1024,"url":"http:\/\/gimi.com\/wp-content\/uploads\/2022\/12\/earn-money-as-a-child.webp","type":"image\/webp"}],"twitter_card":"summary_large_image","schema":{"@context":"https:\/\/schema.org","@graph":[{"@type":"WebPage","@id":"https:\/\/gimi.com\/nl\/geld-verdienen-als-kind\/","url":"https:\/\/gimi.com\/nl\/geld-verdienen-als-kind\/","name":"Geld verdienen als kind - Werk aangepast aan kinderen - Gimi","isPartOf":{"@id":"https:\/\/gimi.com\/#website"},"datePublished":"2022-09-29T09:11:13+00:00","dateModified":"2022-12-05T06:11:07+00:00","description":"Kunnen kinderen geld verdienen voordat ze 18 zijn? Zeker! Er is wel een wet -en regelgeving waarin staat wat voor werk toegestaan is en vanaf welke leeftijd.","breadcrumb":{"@id":"https:\/\/gimi.com\/nl\/geld-verdienen-als-kind\/#breadcrumb"},"inLanguage":"nl","potentialAction":[{"@type":"ReadAction","target":["https:\/\/gimi.com\/nl\/geld-verdienen-als-kind\/"]}]},{"@type":"BreadcrumbList","@id":"https:\/\/gimi.com\/nl\/geld-verdienen-als-kind\/#breadcrumb","itemListElement":[{"@type":"ListItem","position":1,"name":"Home","item":"https:\/\/gimi.com\/nl\/"},{"@type":"ListItem","position":2,"name":"Geld verdienen als kind"}]},{"@type":"WebSite","@id":"https:\/\/gimi.com\/#website","url":"https:\/\/gimi.com\/","name":"Gimi","description":"Gimi","publisher":{"@id":"https:\/\/gimi.com\/#organization"},"potentialAction":[{"@type":"SearchAction","target":{"@type":"EntryPoint","urlTemplate":"https:\/\/gimi.com\/?s={search_term_string}"},"query-input":"required name=search_term_string"}],"inLanguage":"nl"},{"@type":"Organization","@id":"https:\/\/gimi.com\/#organization","name":"Gimi","url":"https:\/\/gimi.com\/","logo":{"@type":"ImageObject","inLanguage":"nl","@id":"https:\/\/gimi.com\/#\/schema\/logo\/image\/","url":"https:\/\/gimi.com\/wp-content\/uploads\/2022\/11\/gimi-logo-square.png","contentUrl":"https:\/\/gimi.com\/wp-content\/uploads\/2022\/11\/gimi-logo-square.png","width":1080,"height":1080,"caption":"Gimi"},"image":{"@id":"https:\/\/gimi.com\/#\/schema\/logo\/image\/"},"sameAs":["https:\/\/www.youtube.com\/c\/Gimi-FinancialSuperskills","https:\/\/www.instagram.com\/gimitheapp\/?hl=en","https:\/\/www.facebook.com\/GimiFinancialSuperskills"]}]}},"_links":{"self":[{"href":"https:\/\/gimi.com\/nl\/wp-json\/wp\/v2\/pages\/1432"}],"collection":[{"href":"https:\/\/gimi.com\/nl\/wp-json\/wp\/v2\/pages"}],"about":[{"href":"https:\/\/gimi.com\/nl\/wp-json\/wp\/v2\/types\/page"}],"author":[{"embeddable":true,"href":"https:\/\/gimi.com\/nl\/wp-json\/wp\/v2\/users\/12"}],"replies":[{"embeddable":true,"href":"https:\/\/gimi.com\/nl\/wp-json\/wp\/v2\/comments?post=1432"}],"version-history":[{"count":12,"href":"https:\/\/gimi.com\/nl\/wp-json\/wp\/v2\/pages\/1432\/revisions"}],"predecessor-version":[{"id":2877,"href":"https:\/\/gimi.com\/nl\/wp-json\/wp\/v2\/pages\/1432\/revisions\/2877"}],"wp:featuredmedia":[{"embeddable":true,"href":"https:\/\/gimi.com\/nl\/wp-json\/wp\/v2\/media\/3660"}],"wp:attachment":[{"href":"https:\/\/gimi.com\/nl\/wp-json\/wp\/v2\/media?parent=1432"}],"curies":[{"name":"wp","href":"https:\/\/api.w.org\/{rel}","templated":true}]}}