






{"id":6088,"date":"2025-06-25T11:30:26","date_gmt":"2025-06-25T11:30:26","guid":{"rendered":"https:\/\/gimi.com\/foraldraguide\/"},"modified":"2026-04-17T07:37:34","modified_gmt":"2026-04-17T07:37:34","slug":"foraldraguide","status":"publish","type":"page","link":"https:\/\/gimi.com\/da\/foraldraguide\/","title":{"rendered":"Hurtigguide til for\u00e6ldre"},"content":{"rendered":"\r\n<!--style=\"background-image: url(--><!--);\"-->\r\r\n<section id=\"banner-block_685c077000de1\" class=\"_hmbnr color-white   _ob_opsition alignwide  _bannerCover\"  >\r\r\n    <div class=\"container\">\r\r\n        <div class=\"row\">\r\r\n            <div class=\"col-md-12\">\r\r\n                <div class=\"_hdrContent\"  >\r\r\n                    <h1 data-aos=\"fade-down\" class=\"color-white\">S\u00e5dan hj\u00e6lper du dit barn til at blive pengesmart<\/h1>\r\r\n                    <p data-aos=\"fade-up\" >Det er ikke lett \u00e5 forklare barn om penger, spesielt ikke uten penger. Men det finnes veier videre som har vist seg \u00e5 fungere. N\u00f8kkelen er \u00e5 t\u00f8rre \u00e5 gi barn frihet \u2013 innenfor trygge rammer. Forskning viser at barn l\u00e6rer \u00f8konomi best sammen med foreldrene sine.<\/p>\r\r\n                    \r\n                <\/div>\r\r\n            <\/div>\r\r\n        <\/div>\r\r\n    <\/div>\r\r\n    <div class=\"_bnrAtchmnt\" data-aos=\"fade-down\" >\r\r\n<!--        -->\r\n        <img decoding=\"async\" src=\"https:\/\/gimi.com\/wp-content\/uploads\/2025\/06\/moth4.png\" alt=\"\" class=\"img-fluid\">\r\r\n    <\/div>\r\r\n\r\r\n\r\r\n<\/section>\r\r\n\n\n\r\n\r\r\n<section  data-aos=\"fade-up\" data-aos-easing=\"ease-in-sine\" id=\"article-block_685c0280a3c31\" class=\"_article _topGray  alignwide  \" >\r\r\n    <div class=\"container\">\r\r\n        <div class=\"row\">\r\r\n            <div class=\"col-md-12\">\r\r\n                <div class=\"_pageHdr _container-1000    \">\r\r\n                    <h1>Hurtigguide til for\u00e6ldre<\/h1>\r\r\n                    <div class=\"_pgHdrDesc\">\r\r\n                        TRE DELE AT FOKUSERE P\u00c5\r\n                    <\/div>\r\r\n                <\/div>\r\r\n                <div class=\"_pageCntnt _container-690\">\r\r\n                    <div class=\"_articleImg\">\r\r\n                        \r\n                    <\/div>\r\r\n                    <div class=\"_art_desc\">\r\r\n                        <h3>Bruge<\/h3>\n<h5>L\u00e6r v\u00e6rdien af penge at kende<\/h5>\n<ol>\n<li><strong>Lad dit barn tage egne k\u00f8bsbeslutninger.<\/strong> Giv dit barn frihed til at bruge en del af sine lommepenge &#8211; selvom du synes at k\u00f8bet er un\u00f8digvendigt. Man l\u00e6rer bedst ved egne erfaringer..<\/li>\n<li><strong>Tal om forskellen p\u00e5 behov og \u00f8nsker.<\/strong> Hj\u00e6lp dit barn med at forst\u00e5 forskellen mellen det man beh\u00f8ver og det man bare vil have. Brug eksempler fra hverdagen: M\u00e6rkejakke eller &#8220;almindelig jakke&#8221;??<\/li>\n<li><strong>Vis at pengene slipper op.<\/strong> Lad dit barn opleve at pengene ikke r\u00e6kker til alt. Det er en vigtig indsigt, som opbygger ansvar.<\/li>\n<\/ol>\n<p><em>Med Gimi kan dit barn f\u00e5 hj\u00e6lp til nemt at holde styr p\u00e5 sin saldo, f\u00e5 m\u00e5nedlig statistik over k\u00f8b og f\u00e5 udbetalt sine lommepenge.<\/em><\/p>\n<h3><img data-dominant-color=\"babbc7\" data-has-transparency=\"true\" style=\"--dominant-color: #babbc7;\" decoding=\"async\" loading=\"lazy\" class=\"has-transparency aligncenter wp-image-6116 size-full\" src=\"http:\/\/gimi.com\/wp-content\/uploads\/2026\/04\/account_DK.png\" alt=\"\" width=\"1904\" height=\"1016\" srcset=\"https:\/\/gimi.com\/wp-content\/uploads\/2026\/04\/account_DK.png 1904w, https:\/\/gimi.com\/wp-content\/uploads\/2026\/04\/account_DK-300x160.png 300w, https:\/\/gimi.com\/wp-content\/uploads\/2026\/04\/account_DK-1024x546.png 1024w, https:\/\/gimi.com\/wp-content\/uploads\/2026\/04\/account_DK-768x410.png 768w, https:\/\/gimi.com\/wp-content\/uploads\/2026\/04\/account_DK-1536x820.png 1536w\" sizes=\"(max-width: 1904px) 100vw, 1904px\" \/><\/h3>\n<h3><img data-dominant-color=\"ffffff\" data-has-transparency=\"false\" style=\"--dominant-color: #ffffff;\" decoding=\"async\" loading=\"lazy\" class=\"not-transparent aligncenter size-medium wp-image-5848\" src=\"http:\/\/gimi.com\/wp-content\/uploads\/2025\/06\/whitespace-300x62.png\" alt=\"\" width=\"300\" height=\"62\" srcset=\"https:\/\/gimi.com\/wp-content\/uploads\/2025\/06\/whitespace-300x62.png 300w, https:\/\/gimi.com\/wp-content\/uploads\/2025\/06\/whitespace.png 760w\" sizes=\"(max-width: 300px) 100vw, 300px\" \/><\/h3>\n<h3>Tjene<\/h3>\n<h5>Penge kommer ikke af sig selv.<\/h5>\n<ol>\n<li><strong>Knyt arbejde til bel\u00f8nning.<\/strong> Lad dit barn tjene ekstra penge ved enkle huslige opgaver udover de almindelige &#8211; for eksempel g\u00e5 tur med hunden eller rydde op i garagen.<\/li>\n<li><strong>Ros initiativ.<\/strong> St\u00f8t og vis at du tror p\u00e5 dit barns evner, n\u00e5r det kommer med egne id\u00e9er (f.eks. s\u00e6lge saft eller hj\u00e6lpe naboerne).<\/li>\n<li><strong>Tal om stoltheden i at tjene penge selv.<\/strong> Understreg hvor godt det f\u00f8les at k\u00f8be noget for egne tjente penge. Det opbygger b\u00e5de selvtillid og forst\u00e5else for pengenes v\u00e6rdi.<\/li>\n<\/ol>\n<p><em>Med Gimi kan du oprette opgaver direkte i appen. Enten som enkeltst\u00e5ende opgaver eller som grundlag for lommepenge. Barnet kan ogs\u00e5 selv foresl\u00e5 dem.<\/em><\/p>\n<h3><img data-dominant-color=\"d1d1d9\" data-has-transparency=\"true\" style=\"--dominant-color: #d1d1d9;\" decoding=\"async\" loading=\"lazy\" class=\"has-transparency aligncenter wp-image-6122 size-full\" src=\"http:\/\/gimi.com\/wp-content\/uploads\/2026\/04\/chores_DK.png\" alt=\"\" width=\"1914\" height=\"1084\" srcset=\"https:\/\/gimi.com\/wp-content\/uploads\/2026\/04\/chores_DK.png 1914w, https:\/\/gimi.com\/wp-content\/uploads\/2026\/04\/chores_DK-300x170.png 300w, https:\/\/gimi.com\/wp-content\/uploads\/2026\/04\/chores_DK-1024x580.png 1024w, https:\/\/gimi.com\/wp-content\/uploads\/2026\/04\/chores_DK-768x435.png 768w, https:\/\/gimi.com\/wp-content\/uploads\/2026\/04\/chores_DK-1536x870.png 1536w\" sizes=\"(max-width: 1914px) 100vw, 1914px\" \/><\/h3>\n<h3><img data-dominant-color=\"ffffff\" data-has-transparency=\"false\" style=\"--dominant-color: #ffffff;\" decoding=\"async\" loading=\"lazy\" class=\"not-transparent aligncenter wp-image-5848 size-medium\" src=\"http:\/\/gimi.com\/wp-content\/uploads\/2025\/06\/whitespace-300x62.png\" alt=\"\" width=\"300\" height=\"62\" srcset=\"https:\/\/gimi.com\/wp-content\/uploads\/2025\/06\/whitespace-300x62.png 300w, https:\/\/gimi.com\/wp-content\/uploads\/2025\/06\/whitespace.png 760w\" sizes=\"(max-width: 300px) 100vw, 300px\" \/><\/h3>\n<h3>Spare<\/h3>\n<h5>Fundamentet for sikkerhed og m\u00e5l<\/h5>\n<ol>\n<li><strong>Tal om m\u00e5l p\u00e5 barnets niveau.<\/strong> Hj\u00e6lp barnet med at s\u00e6tte konkrete sparem\u00e5l, som et stykke leget\u00f8j eller hovedtelefoner &#8211; gerne med billeder eller en liste for at visualisere m\u00e5let.<\/li>\n<li><strong>Vis at opsparing tager tid.<\/strong> Forklar at man ikke kan f\u00e5 alt med det samme &#8211; og at det er ok! At vente og spare op g\u00f8r bel\u00f8nningen mere v\u00e6rdifuld.<\/li>\n<li><strong>G\u00f8r det at spare til en vane.<\/strong> Motiver barnet til at l\u00e6gge en del af sine lommepenge til side hver gang. S\u00f8rg for at dit barn helt konkret kan se sin opsparing vokse og n\u00e6rme sig m\u00e5let.<\/li>\n<\/ol>\n<p><em>Med Gimi kan dit barn v\u00e6lge at spare op til for eksempel et par hovedtelefoner og selv arbejde hen imod m\u00e5let ved at s\u00e6tte penge til side p\u00e5 sin opsparingskonto. Som for\u00e6lder kan du opfordre til opsparing ved at indbetale en bonus.<\/em><\/p>\n<p><img data-dominant-color=\"c0c3d4\" data-has-transparency=\"true\" style=\"--dominant-color: #c0c3d4;\" decoding=\"async\" loading=\"lazy\" class=\"has-transparency aligncenter size-full wp-image-5830\" src=\"http:\/\/gimi.com\/wp-content\/uploads\/2025\/06\/karta.png\" alt=\"\" width=\"922\" height=\"547\" srcset=\"https:\/\/gimi.com\/wp-content\/uploads\/2025\/06\/karta.png 922w, https:\/\/gimi.com\/wp-content\/uploads\/2025\/06\/karta-300x178.png 300w, https:\/\/gimi.com\/wp-content\/uploads\/2025\/06\/karta-768x456.png 768w\" sizes=\"(max-width: 922px) 100vw, 922px\" \/><\/p>\n\r\n                    <\/div>\r\r\n\r\r\n                <\/div>\r\r\n            <\/div>\r\r\n        <\/div>\r\r\n    <\/div>\r\r\n<\/section>\r\r\n\r\r\n\r\r\n\r\r\n\r\r\n","protected":false},"excerpt":{"rendered":"","protected":false},"author":13,"featured_media":0,"parent":0,"menu_order":0,"comment_status":"closed","ping_status":"closed","template":"","meta":{"inline_featured_image":false},"yoast_head":"<!-- This site is optimized with the Yoast SEO plugin v19.10 - https:\/\/yoast.com\/wordpress\/plugins\/seo\/ -->\n<title>Hurtigguide til for\u00e6ldre - Gimi<\/title>\n<meta name=\"robots\" content=\"index, follow, max-snippet:-1, max-image-preview:large, max-video-preview:-1\" \/>\n<link rel=\"canonical\" href=\"https:\/\/gimi.com\/da\/foraldraguide\/\" \/>\n<meta property=\"og:locale\" content=\"da_DK\" \/>\n<meta property=\"og:type\" content=\"article\" \/>\n<meta property=\"og:title\" content=\"Guide: S\u00e5dan hj\u00e6lper du dit barn til at blive pengesmart\" \/>\n<meta property=\"og:url\" content=\"https:\/\/gimi.com\/da\/foraldraguide\/\" \/>\n<meta property=\"og:site_name\" content=\"Gimi\" \/>\n<meta property=\"article:publisher\" content=\"https:\/\/www.facebook.com\/GimiFinancialSuperskills\" \/>\n<meta property=\"article:modified_time\" content=\"2026-04-17T07:37:34+00:00\" \/>\n<meta property=\"og:image\" content=\"http:\/\/gimi.com\/wp-content\/uploads\/2025\/06\/mother2-1024x626.png\" \/>\n\t<meta property=\"og:image:width\" content=\"1024\" \/>\n\t<meta property=\"og:image:height\" content=\"626\" \/>\n\t<meta property=\"og:image:type\" content=\"image\/png\" \/>\n<meta name=\"twitter:card\" content=\"summary_large_image\" \/>\n<meta name=\"twitter:image\" content=\"https:\/\/gimi.com\/wp-content\/uploads\/2025\/06\/mother2.png\" \/>\n<script type=\"application\/ld+json\" class=\"yoast-schema-graph\">{\"@context\":\"https:\/\/schema.org\",\"@graph\":[{\"@type\":\"WebPage\",\"@id\":\"https:\/\/gimi.com\/da\/foraldraguide\/\",\"url\":\"https:\/\/gimi.com\/da\/foraldraguide\/\",\"name\":\"Hurtigguide til for\u00e6ldre - Gimi\",\"isPartOf\":{\"@id\":\"https:\/\/gimi.com\/#website\"},\"datePublished\":\"2025-06-25T11:30:26+00:00\",\"dateModified\":\"2026-04-17T07:37:34+00:00\",\"breadcrumb\":{\"@id\":\"https:\/\/gimi.com\/da\/foraldraguide\/#breadcrumb\"},\"inLanguage\":\"da-DK\",\"potentialAction\":[{\"@type\":\"ReadAction\",\"target\":[\"https:\/\/gimi.com\/da\/foraldraguide\/\"]}]},{\"@type\":\"BreadcrumbList\",\"@id\":\"https:\/\/gimi.com\/da\/foraldraguide\/#breadcrumb\",\"itemListElement\":[{\"@type\":\"ListItem\",\"position\":1,\"name\":\"Home\",\"item\":\"https:\/\/gimi.com\/\"},{\"@type\":\"ListItem\",\"position\":2,\"name\":\"Hurtigguide til for\u00e6ldre\"}]},{\"@type\":\"WebSite\",\"@id\":\"https:\/\/gimi.com\/#website\",\"url\":\"https:\/\/gimi.com\/\",\"name\":\"Gimi\",\"description\":\"Gimi\",\"publisher\":{\"@id\":\"https:\/\/gimi.com\/#organization\"},\"potentialAction\":[{\"@type\":\"SearchAction\",\"target\":{\"@type\":\"EntryPoint\",\"urlTemplate\":\"https:\/\/gimi.com\/?s={search_term_string}\"},\"query-input\":\"required name=search_term_string\"}],\"inLanguage\":\"da-DK\"},{\"@type\":\"Organization\",\"@id\":\"https:\/\/gimi.com\/#organization\",\"name\":\"Gimi\",\"url\":\"https:\/\/gimi.com\/\",\"logo\":{\"@type\":\"ImageObject\",\"inLanguage\":\"da-DK\",\"@id\":\"https:\/\/gimi.com\/#\/schema\/logo\/image\/\",\"url\":\"https:\/\/gimi.com\/wp-content\/uploads\/2022\/11\/gimi-logo-square.png\",\"contentUrl\":\"https:\/\/gimi.com\/wp-content\/uploads\/2022\/11\/gimi-logo-square.png\",\"width\":1080,\"height\":1080,\"caption\":\"Gimi\"},\"image\":{\"@id\":\"https:\/\/gimi.com\/#\/schema\/logo\/image\/\"},\"sameAs\":[\"https:\/\/www.youtube.com\/c\/Gimi-FinancialSuperskills\",\"https:\/\/www.instagram.com\/gimitheapp\/?hl=en\",\"https:\/\/www.facebook.com\/GimiFinancialSuperskills\"]}]}<\/script>\n<!-- \/ Yoast SEO plugin. -->","yoast_head_json":{"title":"Hurtigguide til for\u00e6ldre - Gimi","robots":{"index":"index","follow":"follow","max-snippet":"max-snippet:-1","max-image-preview":"max-image-preview:large","max-video-preview":"max-video-preview:-1"},"canonical":"https:\/\/gimi.com\/da\/foraldraguide\/","og_locale":"da_DK","og_type":"article","og_title":"Guide: S\u00e5dan hj\u00e6lper du dit barn til at blive pengesmart","og_url":"https:\/\/gimi.com\/da\/foraldraguide\/","og_site_name":"Gimi","article_publisher":"https:\/\/www.facebook.com\/GimiFinancialSuperskills","article_modified_time":"2026-04-17T07:37:34+00:00","og_image":[{"width":1024,"height":626,"url":"http:\/\/gimi.com\/wp-content\/uploads\/2025\/06\/mother2-1024x626.png","type":"image\/png"}],"twitter_card":"summary_large_image","twitter_image":"https:\/\/gimi.com\/wp-content\/uploads\/2025\/06\/mother2.png","schema":{"@context":"https:\/\/schema.org","@graph":[{"@type":"WebPage","@id":"https:\/\/gimi.com\/da\/foraldraguide\/","url":"https:\/\/gimi.com\/da\/foraldraguide\/","name":"Hurtigguide til for\u00e6ldre - Gimi","isPartOf":{"@id":"https:\/\/gimi.com\/#website"},"datePublished":"2025-06-25T11:30:26+00:00","dateModified":"2026-04-17T07:37:34+00:00","breadcrumb":{"@id":"https:\/\/gimi.com\/da\/foraldraguide\/#breadcrumb"},"inLanguage":"da-DK","potentialAction":[{"@type":"ReadAction","target":["https:\/\/gimi.com\/da\/foraldraguide\/"]}]},{"@type":"BreadcrumbList","@id":"https:\/\/gimi.com\/da\/foraldraguide\/#breadcrumb","itemListElement":[{"@type":"ListItem","position":1,"name":"Home","item":"https:\/\/gimi.com\/"},{"@type":"ListItem","position":2,"name":"Hurtigguide til for\u00e6ldre"}]},{"@type":"WebSite","@id":"https:\/\/gimi.com\/#website","url":"https:\/\/gimi.com\/","name":"Gimi","description":"Gimi","publisher":{"@id":"https:\/\/gimi.com\/#organization"},"potentialAction":[{"@type":"SearchAction","target":{"@type":"EntryPoint","urlTemplate":"https:\/\/gimi.com\/?s={search_term_string}"},"query-input":"required name=search_term_string"}],"inLanguage":"da-DK"},{"@type":"Organization","@id":"https:\/\/gimi.com\/#organization","name":"Gimi","url":"https:\/\/gimi.com\/","logo":{"@type":"ImageObject","inLanguage":"da-DK","@id":"https:\/\/gimi.com\/#\/schema\/logo\/image\/","url":"https:\/\/gimi.com\/wp-content\/uploads\/2022\/11\/gimi-logo-square.png","contentUrl":"https:\/\/gimi.com\/wp-content\/uploads\/2022\/11\/gimi-logo-square.png","width":1080,"height":1080,"caption":"Gimi"},"image":{"@id":"https:\/\/gimi.com\/#\/schema\/logo\/image\/"},"sameAs":["https:\/\/www.youtube.com\/c\/Gimi-FinancialSuperskills","https:\/\/www.instagram.com\/gimitheapp\/?hl=en","https:\/\/www.facebook.com\/GimiFinancialSuperskills"]}]}},"_links":{"self":[{"href":"https:\/\/gimi.com\/da\/wp-json\/wp\/v2\/pages\/6088"}],"collection":[{"href":"https:\/\/gimi.com\/da\/wp-json\/wp\/v2\/pages"}],"about":[{"href":"https:\/\/gimi.com\/da\/wp-json\/wp\/v2\/types\/page"}],"author":[{"embeddable":true,"href":"https:\/\/gimi.com\/da\/wp-json\/wp\/v2\/users\/13"}],"replies":[{"embeddable":true,"href":"https:\/\/gimi.com\/da\/wp-json\/wp\/v2\/comments?post=6088"}],"version-history":[{"count":5,"href":"https:\/\/gimi.com\/da\/wp-json\/wp\/v2\/pages\/6088\/revisions"}],"predecessor-version":[{"id":6129,"href":"https:\/\/gimi.com\/da\/wp-json\/wp\/v2\/pages\/6088\/revisions\/6129"}],"wp:attachment":[{"href":"https:\/\/gimi.com\/da\/wp-json\/wp\/v2\/media?parent=6088"}],"curies":[{"name":"wp","href":"https:\/\/api.w.org\/{rel}","templated":true}]}}