






{"id":6007,"date":"2026-01-14T17:07:06","date_gmt":"2026-01-14T17:07:06","guid":{"rendered":"https:\/\/gimi.com\/?page_id=6007"},"modified":"2026-01-14T17:07:07","modified_gmt":"2026-01-14T17:07:07","slug":"privacy-policy","status":"publish","type":"page","link":"https:\/\/gimi.com\/da\/privacy-policy\/","title":{"rendered":"Privacy Policy"},"content":{"rendered":"\r\n\r\r\n<section  data-aos=\"fade-up\" data-aos-easing=\"ease-in-sine\" id=\"legals-block_6967cb9716d67\" class=\"_legals _topGray white-header  \" >\r\r\n    <div class=\"container\">\r\r\n        <div class=\"row\">\r\r\n            <div class=\"col-md-12\">\r\r\n                <div class=\"_pageHdr _container-1000\">\r\r\n\r\r\n                    <div class=\"row\">\r\r\n                        <div class=\"col-md-4\">\r\r\n                            <h1>Privacy Policy<\/h1>\r\r\n                        <\/div>\r\r\n                        <div class=\"col-md-8\">\r\r\n                            <h3><b>Indledning<\/b><\/h3>\n<p><span style=\"font-weight: 400;\">Dit privatliv er vigtigt for os &#8211; vi respekterer og beskytter de oplysninger, du deler med os. Det handler om at behandle dine data p\u00e5 en m\u00e5de, der er fair, klar og sikker. Du har ret til at vide, hvilke oplysninger der indsamles om dig, og hvorfor. Kort sagt handler det om at beskytte dine personlige oplysninger og s\u00f8rge for, at de bliver brugt retf\u00e6rdigt.<\/span><\/p>\n<p><span style=\"font-weight: 400;\">Denne meddelelse fort\u00e6ller dig, hvilke oplysninger vi indsamler, hvorfor vi indsamler dem, hvor l\u00e6nge vi opbevarer dem, og hvilke rettigheder du har som bruger.<\/span><\/p>\n<p><span style=\"font-weight: 400;\">For at bruge Gimi er det for\u00e6ldrene, der accepterer Gimis vilk\u00e5r for sig selv og deres b\u00f8rn.\u00a0<\/span><\/p>\n<p><span style=\"font-weight: 400;\">Hvis du er under 18 \u00e5r, kan du downloade og installere appen, men vi sletter din konto og alle dine personlige oplysninger inden for 7 dage, hvis du ikke knytter din konto til en for\u00e6lder\/v\u00e6rge. Det g\u00f8r vi, fordi vi har brug for, at dine for\u00e6ldre accepterer Gimis vilk\u00e5r, for at du kan bruge appen. N\u00e5r vi g\u00f8r dette, behandler vi dine Kontaktoplysninger og Enhedsoplysninger (se nedenfor for flere detaljer). Vi g\u00f8r dette med legitim interesse som retsgrundlag. Vi opbevarer oplysningerne i 7 dage.\u00a0<\/span><\/p>\n<p>&nbsp;<\/p>\n<h3><b>Opdatering af regler<\/b><\/h3>\n<p><span style=\"font-weight: 400;\">Vi opdaterede vores regler den 1. juli 2025, og det er de nuv\u00e6rende regler. Hvis vi foretager st\u00f8rre \u00e6ndringer, annoncerer vi dem p\u00e5 hjemmesiden, via sms\/email eller i Gimi-appen.<\/span><\/p>\n<p><span style=\"font-weight: 400;\">Denne meddelelse om beskyttelse af personlige oplysninger g\u00e6lder for Danmark.<\/span><\/p>\n<p>&nbsp;<\/p>\n<h3><b>Om os<\/b><\/h3>\n<p><span style=\"font-weight: 400;\">Gimi AB, kaldet &#8220;Gimi&#8221;, &#8220;Vi&#8221; eller &#8220;os&#8221;, en svensk virksomhed med CVR-nummer 556985-8029, er ansvarlig for behandlingen af dine oplysninger.\u00a0<\/span><\/p>\n<p>&nbsp;<\/p>\n<h3><b>Oplysninger, vi indsamler<\/b><\/h3>\n<p><span style=\"font-weight: 400;\">Her kan du se, hvilke oplysninger Vi behandler, n\u00e5r du bruger Gimi. Vi har samlet flere forskellige oplysninger under \u00e9n definition for at g\u00f8re det lettere for dig at forst\u00e5. I resten af denne fortrolighedserkl\u00e6ring vil disse definitioner blive brugt.<\/span><\/p>\n<h5><b>Profiloplysninger:<\/b><\/h5>\n<p><span style=\"font-weight: 400;\">E-mail, telefonnummer, f\u00f8dselsdato, alder, k\u00f8n, bruger-ID, brugernavn, foto<\/span><\/p>\n<h5><b>Information om enheden:<\/b><\/h5>\n<p><span style=\"font-weight: 400;\">ID for din telefon eller tablet, brugerdata, oplysninger om, hvordan du bruger Gimi, tekniske oplysninger om din telefon eller tablet og andre data om din brug af appen.<\/span><\/p>\n<h5><b>Demografiske data (oplysninger fra kundeunders\u00f8gelser):<\/b><\/h5>\n<p><span style=\"font-weight: 400;\">Hvilken bank du har, l\u00f8nniveau, uddannelsesniveau, hvilket omr\u00e5de du bor i.\u00a0\u00a0<\/span><\/p>\n<h5><b>Kontoinformation:<\/b><\/h5>\n<p><span style=\"font-weight: 400;\">Bankoplysninger, kontonummer, saldo, transaktionshistorik og andre oplysninger om din konto.<\/span><\/p>\n<h5><b>Fritekst:<\/b><\/h5>\n<p><span style=\"font-weight: 400;\">Tekst, du skriver i kundesupport,\u00a0 kundeunders\u00f8gelser eller kommentarfelter.<\/span><\/p>\n<p>&nbsp;<\/p>\n<h3><b>Behandling, form\u00e5l, retsgrundlag og opbevaringsperiode\u00a0<\/b><\/h3>\n<h5><b>Levering af vores service til dig (Gimi-appen)<\/b><\/h5>\n<p><span style=\"font-weight: 400;\">For at kunne levere vores service til dig behandler vi dine Profiloplysninger og Enhedsoplysninger. Vi g\u00f8r dette med opfyldelse af aftaler som retsgrundlag. Vi opbevarer dine oplysninger, s\u00e5 l\u00e6nge du bruger appen, og vi sletter dine oplysninger, n\u00e5r du har v\u00e6ret inaktiv i 2 \u00e5r, eller n\u00e5r du afslutter din tjeneste.\u00a0<\/span><\/p>\n<h5><b>Invitation til Gimi-appen<\/b><\/h5>\n<p><span style=\"font-weight: 400;\">N\u00e5r du v\u00e6lger at invitere via sms og bruge Gimi-navnes\u00f8gning, skal du v\u00e6re opm\u00e6rksom p\u00e5, at der ikke gemmes nogen kontaktoplysninger fra din adressebog. Gimi behandler kun personoplysninger om de personer, du vil invitere, for at kunne sende dem en invitations-sms. Vi g\u00f8r dette med opfyldelse af en aftale som retsgrundlag. Vi gemmer ikke data, efter at tekstbeskeden er sendt.<\/span><span style=\"font-weight: 400;\"><br \/>\n<\/span><span style=\"font-weight: 400;\">For at g\u00f8re det nemmere at registrere sig, vil Gimi desuden vise, at du er Gimi-bruger, som et forslag til andre brugere, der bruger Gimi-navnes\u00f8gning. Vi g\u00f8r dette med legitim interesse som retsgrundlag. Vi opbevarer dine oplysninger, s\u00e5 l\u00e6nge du bruger appen, og vi sletter dine oplysninger, n\u00e5r du har v\u00e6ret inaktiv i 2 \u00e5r, eller n\u00e5r du afslutter din tjeneste.<\/span><\/p>\n<h5><b>Knytte bankkonti til Gimi-appen og foretage overf\u00f8rsler\u00a0<\/b><\/h5>\n<p><span style=\"font-weight: 400;\">For at g\u00f8re det muligt for dig at knytte dit barns bankkonto til Gimi-appen og bruge dens funktioner og foretage overf\u00f8rsler til denne konto, behandler vi Kontooplysninger. Vi g\u00f8r dette med opfyldelse af aftaler som retsgrundlag. Vi opbevarer dine oplysninger s\u00e5 l\u00e6nge du bruger tjenesten, og sletter dem, n\u00e5r du har v\u00e6ret inaktiv i 2 \u00e5r, eller n\u00e5r du afslutter din tjeneste.<\/span><\/p>\n<h5><b>Profilbillede\u00a0<\/b><\/h5>\n<p><span style=\"font-weight: 400;\">Vi vil gerne give dig mulighed for at tilf\u00f8je et profilbillede til Gimi-appen. Det er helt frivilligt at tilf\u00f8je et profilbillede, og hvis du v\u00e6lger at g\u00f8re det, vil vi behandle dit profilbillede. Vi g\u00f8r dette med legitim interesse som retsgrundlag. Vi opbevarer dine data, s\u00e5 l\u00e6nge du bruger appen, og vi sletter dine data, n\u00e5r du har v\u00e6ret inaktiv i 2 \u00e5r.\u00a0<\/span><\/p>\n<h5><b>Kundeunders\u00f8gelser\u00a0<\/b><\/h5>\n<p><span style=\"font-weight: 400;\">For at forbedre appen og for at vide, hvad du som bruger synes, gennemf\u00f8rer Gimi kundeunders\u00f8gelser. Det er helt frivilligt at deltage. Hvis du deltager, vil vi behandle dine Profiloplysninger, Demografiske data og Fritekst. Vi g\u00f8r dette med legitim interesse som retsgrundlag. Vi opbevarer oplysningerne, s\u00e5 l\u00e6nge de er relevante for os, dog h\u00f8jst i 3 \u00e5r.\u00a0<\/span><\/p>\n<h5><b>Produktudvikling<\/b><\/h5>\n<p><span style=\"font-weight: 400;\">For at forbedre appen f\u00f8rer vi statistik over din brug af appen og analyserer den. Vi vil derefter behandle dine Profiloplysninger, Enhedsoplysninger og Kontooplysninger. Vi g\u00f8r dette med legitim interesse som retsgrundlag. Vi opbevarer dine data, s\u00e5 l\u00e6nge du bruger appen, og vi sletter dine data, n\u00e5r du har v\u00e6ret inaktiv i 2 \u00e5r.\u00a0<\/span><\/p>\n<h5><b>Banksamarbejde<\/b><\/h5>\n<p><span style=\"font-weight: 400;\">I forbindelse med partnerskaber med banker kan du som kunde have modtaget Gimi som et partnerskabstilbud fra din bank. For at kunne give dig partnerskabstilbuddet er vi n\u00f8dt til at dele begr\u00e6nsede personoplysninger med vores partnerbank. Til dette form\u00e5l kan vi behandle kontakt- og kontooplysninger. Vi g\u00f8r dette med indg\u00e5else af aftaler som retsgrundlag. Vi opbevarer oplysningerne, s\u00e5 l\u00e6nge de er relevante for banksamarbejdet, dog h\u00f8jst i 2 \u00e5r.<\/span><\/p>\n<p><span style=\"font-weight: 400;\">Inden for rammerne af samarbejdet med banker, hvor du som kunde har modtaget Gimi som et tilbud fra din bank, kan Gimi dele aggregerede data med din bank. Da aggregeringen er p\u00e5 alle brugere, kan ingen individuel person identificeres ud fra dataene. Eksempler p\u00e5 data, der deles, er, hvor mange bankkunder der bruger Gimi, hvordan appen bruges, og hvilke funktioner der bruges. Vi g\u00f8r dette p\u00e5 grundlag af legitim interesse, og vi opbevarer oplysningerne, s\u00e5 l\u00e6nge de er relevante for bankforholdet, op til maksimalt 5 \u00e5r.<\/span><\/p>\n<h5><b>Forskningssamarbejde<\/b><\/h5>\n<p><span style=\"font-weight: 400;\">For at l\u00e6re mere om, hvordan b\u00f8rn bruger og l\u00e6rer om penge, samarbejder vi med universiteter og andre forskningsorganisationer. N\u00e5r vi g\u00f8r det, pseudonymiserer eller anonymiserer vi personoplysningerne, s\u00e5 ingen personer kan identificeres, og deler derefter oplysningerne med partneren. Vi kan derefter behandle Profiloplysninger, Enhedsoplysninger og Kontooplysninger. Vi g\u00f8r dette med legitim interesse som retsgrundlag. Vi opbevarer oplysningerne, s\u00e5 l\u00e6nge forskningsprojektet varer, og vi sletter oplysningerne efter projektets afslutning, senest 5 \u00e5r efter.<\/span><\/p>\n<h5><b>Markedsf\u00f8ring\u00a0<\/b><\/h5>\n<p><span style=\"font-weight: 400;\">For at informere dig om nye tjenester, funktioner og tilbud i Gimi kan vi sende dig markedsf\u00f8ring via e-mail eller push-meddelelser. Bem\u00e6rk, at du kan afmelde dig denne markedsf\u00f8ring. Vi kan derefter behandle Profiloplysninger og Enhedsoplysninger. Vi kan ogs\u00e5 bruge dine Profiloplysninger til at oprette m\u00e5lgrupper til annoncering p\u00e5 sociale medier. Vi g\u00f8r dette med legitim interesse som retsgrundlag. Vi opbevarer oplysningerne indtil kampagnens afslutning og i h\u00f8jst 3 \u00e5r mere.\u00a0<\/span><\/p>\n<h5><b>Sociale medier og Appstores<\/b><\/h5>\n<p><span style=\"font-weight: 400;\">Gimi har sider p\u00e5 de sociale medier og i Appstores. For at du kan give kommentarer og vurderinger p\u00e5 vores sociale medier og i vores Appstores, skal Gimi behandle Profiloplysninger, som du giver, n\u00e5r du kommenterer eller vurderer. Vi g\u00f8r dette med legitim interesse som retsgrundlag. Vi opbevarer oplysningerne i 5 \u00e5r.\u00a0<\/span><\/p>\n<h5><b>Forsvar af vores juridiske rettigheder\u00a0<\/b><\/h5>\n<p><span style=\"font-weight: 400;\">Gimi har en interesse i at forsvare juridiske rettigheder og kan behandle dine Profiloplysninger, Enhedsoplysninger og Kontooplysninger. Vi g\u00f8r dette med legitim interesse som retsgrundlag. Gimi kan dele oplysninger af hensyn til den nationale sikkerhed eller lovlige form\u00e5l. Vi opbevarer oplysningerne, s\u00e5 l\u00e6nge vi har brug for dem, dog h\u00f8jst i 5 \u00e5r.<\/span><\/p>\n<p>&nbsp;<\/p>\n<h3><b>Cookies:<\/b><\/h3>\n<p><span style=\"font-weight: 400;\">Gimis hjemmesider bruger cookies til at forbedre servicen og markedsf\u00f8ringen. L\u00e6s mere i vores cookiepolitik.<\/span><\/p>\n<p>&nbsp;<\/p>\n<h3><b>Informationssikkerhed:<\/b><\/h3>\n<p><span style=\"font-weight: 400;\">Vi g\u00f8r alt, hvad vi kan, for at beskytte dine personlige oplysninger og andre data mod at komme i de forkerte h\u00e6nder. Vi har forskellige fysiske, elektroniske og organisatoriske sikkerhedsforanstaltninger for at beskytte den. Vi arbejder i henhold til etablerede sikkerhedsprocedurer og -principper. Vi gemmer dine data p\u00e5 sikre servere og beskytter dem med st\u00e6rke netv\u00e6rk. Kun f\u00e5 mennesker, der arbejder her, har adgang til den. Men husk, at ingen metode p\u00e5 internettet er helt 100 % sikker.<\/span><\/p>\n<p>&nbsp;<\/p>\n<h3><b>Overf\u00f8rsler til tredjelande<\/b><\/h3>\n<p><span style=\"font-weight: 400;\">For at levere Gimi-tjenesten kan vi nogle gange sende, behandle og gemme dine oplysninger i forskellige lande. Nogle gange kan vi ogs\u00e5 bruge andre virksomheder uden for dit hjemland til at hj\u00e6lpe os med at behandle dine oplysninger. Hvis vi indsamler oplysninger inden for Det Europ\u00e6iske \u00d8konomiske Samarbejdsomr\u00e5de (E\u00d8S), kan vi nogle gange sende og behandle dem i et andet land uden for E\u00d8S, hovedsageligt USA. Vi sikrer, at der er tilstr\u00e6kkelig beskyttelse, og at dine oplysninger behandles med samme sikkerhedsniveau som i E\u00d8S. Du ved, at vi kan g\u00f8re dette med dine oplysninger, som beskrevet i vores Privatlivspolitik.<\/span><\/p>\n<p>&nbsp;<\/p>\n<h3><b>Profilering og automatiseret beslutningstagning:<\/b><\/h3>\n<p><span style=\"font-weight: 400;\">Profilering bruges til produktudvikling og statistik uden juridiske konsekvenser.\u00a0<\/span><\/p>\n<p><span style=\"font-weight: 400;\">Automatiseret beslutningstagning anvendes ikke med juridiske konsekvenser.<\/span><\/p>\n<p>&nbsp;<\/p>\n<h3><b>Dine rettigheder:<\/b><\/h3>\n<p><span style=\"font-weight: 400;\">Det er vigtigt, at du har kontrol over dine egne oplysninger p\u00e5 nettet. Det betyder, at du har ret til at vide, hvilke oplysninger der indsamles om dig, hvorfor de indsamles, og hvad de bruges til. Du har ogs\u00e5 ret til at sige &#8220;nej&#8221;, hvis nogen vil bruge dine oplysninger p\u00e5 en m\u00e5de, du ikke bryder dig om. Derudover kan du bede om at f\u00e5 at vide, hvad de ved om dig, og ogs\u00e5 at de sletter oplysningerne, hvis du \u00f8nsker det. S\u00e5 kort sagt giver GDPR dig ret til at kontrollere og bestemme over dine egne oplysninger online. Mere specifikt kan du:<\/span><\/p>\n<ul>\n<li style=\"font-weight: 400;\" aria-level=\"2\"><span style=\"font-weight: 400;\">F\u00e5 oplysninger om dine personlige data, rette dem, g\u00f8re indsigelse mod vores behandling, bede os om at slettedem eller begr\u00e6nsevores brug af dem.<\/span><\/li>\n<li style=\"font-weight: 400;\" aria-level=\"2\"><span style=\"font-weight: 400;\">Du kan n\u00e6gte behandling og anmode om, at vi overf\u00f8rer dine data tilen anden virksomhed (dataportabilitet).<\/span><\/li>\n<li style=\"font-weight: 400;\" aria-level=\"2\"><span style=\"font-weight: 400;\">Kontakt <\/span><a href=\"mailto:hello@gimitheapp.com\"><span style=\"font-weight: 400;\">hello@gimitheapp.com<\/span><\/a><span style=\"font-weight: 400;\"> eller kontakt <\/span><a href=\"mailto:dpo@gimitheapp.com\"><span style=\"font-weight: 400;\">dpo@gimitheapp.com<\/span><\/a><span style=\"font-weight: 400;\"> for at ud\u00f8ve dine rettigheder.<\/span><\/li>\n<li style=\"font-weight: 400;\" aria-level=\"2\"><span style=\"font-weight: 400;\">\u00a0Indsend en klage til<\/span><span style=\"font-weight: 400;\"> den <\/span><span style=\"font-weight: 400;\">\u00a0svenske myndighed for beskyttelse af privatlivets fred, som er tilsynsmyndighed for behandling af personoplysninger.<\/span><a href=\"https:\/\/www.imy.se\/om-oss\/kontakta-oss\/\"><span style=\"font-weight: 400;\">https:\/\/www.imy.se\/om-oss\/kontakta-oss\/<\/span><\/a><span style=\"font-weight: 400;\">.\u00a0<\/span><\/li>\n<\/ul>\n\r\n                        <\/div>\r\r\n                    <\/div>\r\r\n                <\/div>\r\r\n            <\/div>\r\r\n        <\/div>\r\r\n    <\/div>\r\r\n<\/section>\r\r\n\r\r\n\r\r\n\r\r\n\r\r\n","protected":false},"excerpt":{"rendered":"","protected":false},"author":4,"featured_media":6001,"parent":0,"menu_order":0,"comment_status":"closed","ping_status":"closed","template":"","meta":{"inline_featured_image":false},"yoast_head":"<!-- This site is optimized with the Yoast SEO plugin v19.10 - https:\/\/yoast.com\/wordpress\/plugins\/seo\/ -->\n<title>Privacy Policy - Gimi<\/title>\n<meta name=\"robots\" content=\"noindex, nofollow\" \/>\n<meta property=\"og:locale\" content=\"da_DK\" \/>\n<meta property=\"og:type\" content=\"article\" \/>\n<meta property=\"og:title\" content=\"Privacy Policy - Gimi\" \/>\n<meta property=\"og:url\" content=\"https:\/\/gimi.com\/da\/privacy-policy\/\" \/>\n<meta property=\"og:site_name\" content=\"Gimi\" \/>\n<meta property=\"article:publisher\" content=\"https:\/\/www.facebook.com\/GimiFinancialSuperskills\" \/>\n<meta property=\"article:modified_time\" content=\"2026-01-14T17:07:07+00:00\" \/>\n<meta property=\"og:image\" content=\"http:\/\/gimi.com\/wp-content\/uploads\/2022\/11\/gimi-logo-square.png\" \/>\n\t<meta property=\"og:image:width\" content=\"1080\" \/>\n\t<meta property=\"og:image:height\" content=\"1080\" \/>\n\t<meta property=\"og:image:type\" content=\"image\/png\" \/>\n<meta name=\"twitter:card\" content=\"summary_large_image\" \/>\n<script type=\"application\/ld+json\" class=\"yoast-schema-graph\">{\"@context\":\"https:\/\/schema.org\",\"@graph\":[{\"@type\":\"WebPage\",\"@id\":\"https:\/\/gimi.com\/da\/privacy-policy\/\",\"url\":\"https:\/\/gimi.com\/da\/privacy-policy\/\",\"name\":\"Privacy Policy - Gimi\",\"isPartOf\":{\"@id\":\"https:\/\/gimi.com\/#website\"},\"datePublished\":\"2026-01-14T17:07:06+00:00\",\"dateModified\":\"2026-01-14T17:07:07+00:00\",\"breadcrumb\":{\"@id\":\"https:\/\/gimi.com\/da\/privacy-policy\/#breadcrumb\"},\"inLanguage\":\"da-DK\",\"potentialAction\":[{\"@type\":\"ReadAction\",\"target\":[\"https:\/\/gimi.com\/da\/privacy-policy\/\"]}]},{\"@type\":\"BreadcrumbList\",\"@id\":\"https:\/\/gimi.com\/da\/privacy-policy\/#breadcrumb\",\"itemListElement\":[{\"@type\":\"ListItem\",\"position\":1,\"name\":\"Home\",\"item\":\"https:\/\/gimi.com\/\"},{\"@type\":\"ListItem\",\"position\":2,\"name\":\"Privacy Policy\"}]},{\"@type\":\"WebSite\",\"@id\":\"https:\/\/gimi.com\/#website\",\"url\":\"https:\/\/gimi.com\/\",\"name\":\"Gimi\",\"description\":\"Gimi\",\"publisher\":{\"@id\":\"https:\/\/gimi.com\/#organization\"},\"potentialAction\":[{\"@type\":\"SearchAction\",\"target\":{\"@type\":\"EntryPoint\",\"urlTemplate\":\"https:\/\/gimi.com\/?s={search_term_string}\"},\"query-input\":\"required name=search_term_string\"}],\"inLanguage\":\"da-DK\"},{\"@type\":\"Organization\",\"@id\":\"https:\/\/gimi.com\/#organization\",\"name\":\"Gimi\",\"url\":\"https:\/\/gimi.com\/\",\"logo\":{\"@type\":\"ImageObject\",\"inLanguage\":\"da-DK\",\"@id\":\"https:\/\/gimi.com\/#\/schema\/logo\/image\/\",\"url\":\"https:\/\/gimi.com\/wp-content\/uploads\/2022\/11\/gimi-logo-square.png\",\"contentUrl\":\"https:\/\/gimi.com\/wp-content\/uploads\/2022\/11\/gimi-logo-square.png\",\"width\":1080,\"height\":1080,\"caption\":\"Gimi\"},\"image\":{\"@id\":\"https:\/\/gimi.com\/#\/schema\/logo\/image\/\"},\"sameAs\":[\"https:\/\/www.youtube.com\/c\/Gimi-FinancialSuperskills\",\"https:\/\/www.instagram.com\/gimitheapp\/?hl=en\",\"https:\/\/www.facebook.com\/GimiFinancialSuperskills\"]}]}<\/script>\n<!-- \/ Yoast SEO plugin. -->","yoast_head_json":{"title":"Privacy Policy - Gimi","robots":{"index":"noindex","follow":"nofollow"},"og_locale":"da_DK","og_type":"article","og_title":"Privacy Policy - Gimi","og_url":"https:\/\/gimi.com\/da\/privacy-policy\/","og_site_name":"Gimi","article_publisher":"https:\/\/www.facebook.com\/GimiFinancialSuperskills","article_modified_time":"2026-01-14T17:07:07+00:00","og_image":[{"width":1080,"height":1080,"url":"http:\/\/gimi.com\/wp-content\/uploads\/2022\/11\/gimi-logo-square.png","type":"image\/png"}],"twitter_card":"summary_large_image","schema":{"@context":"https:\/\/schema.org","@graph":[{"@type":"WebPage","@id":"https:\/\/gimi.com\/da\/privacy-policy\/","url":"https:\/\/gimi.com\/da\/privacy-policy\/","name":"Privacy Policy - Gimi","isPartOf":{"@id":"https:\/\/gimi.com\/#website"},"datePublished":"2026-01-14T17:07:06+00:00","dateModified":"2026-01-14T17:07:07+00:00","breadcrumb":{"@id":"https:\/\/gimi.com\/da\/privacy-policy\/#breadcrumb"},"inLanguage":"da-DK","potentialAction":[{"@type":"ReadAction","target":["https:\/\/gimi.com\/da\/privacy-policy\/"]}]},{"@type":"BreadcrumbList","@id":"https:\/\/gimi.com\/da\/privacy-policy\/#breadcrumb","itemListElement":[{"@type":"ListItem","position":1,"name":"Home","item":"https:\/\/gimi.com\/"},{"@type":"ListItem","position":2,"name":"Privacy Policy"}]},{"@type":"WebSite","@id":"https:\/\/gimi.com\/#website","url":"https:\/\/gimi.com\/","name":"Gimi","description":"Gimi","publisher":{"@id":"https:\/\/gimi.com\/#organization"},"potentialAction":[{"@type":"SearchAction","target":{"@type":"EntryPoint","urlTemplate":"https:\/\/gimi.com\/?s={search_term_string}"},"query-input":"required name=search_term_string"}],"inLanguage":"da-DK"},{"@type":"Organization","@id":"https:\/\/gimi.com\/#organization","name":"Gimi","url":"https:\/\/gimi.com\/","logo":{"@type":"ImageObject","inLanguage":"da-DK","@id":"https:\/\/gimi.com\/#\/schema\/logo\/image\/","url":"https:\/\/gimi.com\/wp-content\/uploads\/2022\/11\/gimi-logo-square.png","contentUrl":"https:\/\/gimi.com\/wp-content\/uploads\/2022\/11\/gimi-logo-square.png","width":1080,"height":1080,"caption":"Gimi"},"image":{"@id":"https:\/\/gimi.com\/#\/schema\/logo\/image\/"},"sameAs":["https:\/\/www.youtube.com\/c\/Gimi-FinancialSuperskills","https:\/\/www.instagram.com\/gimitheapp\/?hl=en","https:\/\/www.facebook.com\/GimiFinancialSuperskills"]}]}},"_links":{"self":[{"href":"https:\/\/gimi.com\/da\/wp-json\/wp\/v2\/pages\/6007"}],"collection":[{"href":"https:\/\/gimi.com\/da\/wp-json\/wp\/v2\/pages"}],"about":[{"href":"https:\/\/gimi.com\/da\/wp-json\/wp\/v2\/types\/page"}],"author":[{"embeddable":true,"href":"https:\/\/gimi.com\/da\/wp-json\/wp\/v2\/users\/4"}],"replies":[{"embeddable":true,"href":"https:\/\/gimi.com\/da\/wp-json\/wp\/v2\/comments?post=6007"}],"version-history":[{"count":2,"href":"https:\/\/gimi.com\/da\/wp-json\/wp\/v2\/pages\/6007\/revisions"}],"predecessor-version":[{"id":6009,"href":"https:\/\/gimi.com\/da\/wp-json\/wp\/v2\/pages\/6007\/revisions\/6009"}],"wp:featuredmedia":[{"embeddable":true,"href":"https:\/\/gimi.com\/da\/wp-json\/wp\/v2\/media\/6001"}],"wp:attachment":[{"href":"https:\/\/gimi.com\/da\/wp-json\/wp\/v2\/media?parent=6007"}],"curies":[{"name":"wp","href":"https:\/\/api.w.org\/{rel}","templated":true}]}}