






{"id":5997,"date":"2026-01-14T16:54:28","date_gmt":"2026-01-14T16:54:28","guid":{"rendered":"https:\/\/gimi.com\/?page_id=5997"},"modified":"2026-01-14T17:56:57","modified_gmt":"2026-01-14T17:56:57","slug":"user-terms","status":"publish","type":"page","link":"https:\/\/gimi.com\/da\/user-terms\/","title":{"rendered":"User terms"},"content":{"rendered":"\r\n\r\r\n<section  data-aos=\"fade-up\" data-aos-easing=\"ease-in-sine\" id=\"legals-block_6967c82743270\" class=\"_legals _topGray   \" >\r\r\n    <div class=\"container\">\r\r\n        <div class=\"row\">\r\r\n            <div class=\"col-md-12\">\r\r\n                <div class=\"_pageHdr _container-1000\">\r\r\n\r\r\n                    <div class=\"row\">\r\r\n                        <div class=\"col-md-4\">\r\r\n                            <h1>User terms<\/h1>\r\r\n                        <\/div>\r\r\n                        <div class=\"col-md-8\">\r\r\n                            <h4>Vilk\u00e5r for brug<\/h4>\n<h5><b>Indledning<\/b><\/h5>\n<p><span style=\"font-weight: 400;\">Vi er Gimi AB, en svensk virksomhed (herefter &#8220;Gimi&#8221;, &#8220;Vi&#8221;, &#8220;Os&#8221;, &#8220;Vores&#8221;, &#8220;Vores&#8221;).<\/span><\/p>\n<p><span style=\"font-weight: 400;\">Disse vilk\u00e5r for brug (&#8220;Vilk\u00e5r&#8221;) er g\u00e6ldende mellem Gimi og dig og g\u00e6lder for din adgang til og brug af Tjenesten. Det er vigtigt, at du l\u00e6ser Brugsvilk\u00e5rene omhyggeligt, inden du bruger tjenesten.<\/span><\/p>\n<p><span style=\"font-weight: 400;\">Ved at registrere dig som bruger hos Gimi og bruge Tjenesten, accepterer du at v\u00e6re juridisk bundet af Vilk\u00e5rene. Hvis du ikke er enig i Vilk\u00e5rene og ikke \u00f8nsker at v\u00e6re bundet af dem, kan du ikke bruge Tjenesten.\u00a0<\/span><\/p>\n<p><span style=\"font-weight: 400;\">N\u00e5r du tilmelder dig tjenesten som for\u00e6lder\/v\u00e6rge og forbinder din konto med et barns konto, giver du tilladelse til barnets brug af Tjenesten og accepterer disse vilk\u00e5r og betingelser for dit barns brug af Tjenesten. Et barns konto, der ikke er knyttet til dets for\u00e6lder eller v\u00e6rge inden for syv dage, vil blive slettet.<\/span><\/p>\n<p><span style=\"font-weight: 400;\">Gimi tilbyder en global Tjeneste, og derfor kan specifikke versioner af Vilk\u00e5rene v\u00e6re g\u00e6ldende i visse jurisdiktioner. Denne version af Vilk\u00e5r skal v\u00e6re g\u00e6ldende i Danmark. Andre Vilk\u00e5r g\u00e6lder i andre lande.\u00a0<\/span><\/p>\n<h5><b> Om tjenesten\u00a0<\/b><\/h5>\n<p><span style=\"font-weight: 400;\">Gimi tilbyder en mobilapplikation, der er beregnet til at blive brugt af b\u00f8rn, for\u00e6ldre og voksne, til at hj\u00e6lpe familier med at styre deres b\u00f8rns \u00f8konomi og uddanne b\u00f8rn om penge (&#8220;Tjenesten&#8221;).\u00a0<\/span><\/p>\n<p><span style=\"font-weight: 400;\">Tjenesten stilles til r\u00e5dighed via vores applikation til mobile enheder (&#8220;Applikationen&#8221;) og delvist via vores hjemmeside (<\/span><a href=\"http:\/\/www.gimitheapp.com\"><span style=\"font-weight: 400;\">www.gimitheapp.com<\/span><\/a><span style=\"font-weight: 400;\">) (&#8220;Hjemmesiden&#8221;, &#8220;Vores hjemmeside&#8221;).\u00a0\u00a0<\/span><\/p>\n<p><span style=\"font-weight: 400;\">Gimi har ret til at \u00e6ndre Tjenesten, f.eks. ved at tilf\u00f8je nye funktioner, fjerne funktioner, l\u00e5se funktioner eller \u00e6ndre funktioner.<\/span><\/p>\n<h5><b> For\u00e6ldres og b\u00f8rns brug af Tjenesten<\/b><span style=\"font-weight: 400;\">.\u00a0<\/span><\/h5>\n<p><span style=\"font-weight: 400;\">For at bruge Tjenesten skal du v\u00e6re over 18 \u00e5r eller have samtykke fra en for\u00e6lder eller v\u00e6rge.\u00a0<\/span><\/p>\n<p><span style=\"font-weight: 400;\">Hvis du som for\u00e6lder eller v\u00e6rge giver dit barn tilladelse til at bruge Tjenesten, skal du sikre dig, at dit barn er klar over, hvordan det m\u00e5 bruge Tjenesten. Du er ansvarlig for dit barns brug af Tjenesten under dit for\u00e6ldreansvar. Vi opfordrer dig til regelm\u00e6ssigt at tale med dit barn om dets brug af Tjenesten.<\/span><\/p>\n<p><span style=\"font-weight: 400;\">Kun for\u00e6ldre\/v\u00e6rgerkan tilmelde sig tjenesten som prim\u00e6r (f\u00f8rste) supporter og knytte deres konto til et barn, som de har ansvaret for. Derefter kan personer, der er godkendt af for\u00e6lder\/v\u00e6rge, deltagesom supporter og knytte sin konto til barnets konto, f.eks. bedstefor\u00e6ldre, s\u00f8skende, naboer eller lignende.\u00a0\u00a0<\/span><\/p>\n<h5><b> Abonnementer og gebyrer<\/b><\/h5>\n<p><span style=\"font-weight: 400;\">Du har mulighed for at abonnere p\u00e5 yderligere tjenester og funktioner i Gimi-appen. Det betyder, at du betaler Gimi p\u00e5 m\u00e5neds- eller \u00e5rsbasis. Du har altid mulighed for at afmelde dig.\u00a0<\/span><\/p>\n<p><span style=\"font-weight: 400;\">Du er selv ansvarlig for at betale dit abonnement. Hvis abonnementsgebyret ikke betales inden forfaldsdatoen, vil den ekstra tjeneste blive begr\u00e6nset eller midlertidigt blokeret.\u00a0<\/span><\/p>\n<p><span style=\"font-weight: 400;\">Gimi har ret til at beslutte, om funktionaliteter, fremtidig produktudvikling, udvikling af tjenesten og yderligere tjenester skal betragtes som en del af den tjeneste, du har abonneret p\u00e5. Du kan derfor ikke h\u00e6vde, at dit abonnement anses for at omfatte s\u00e5danne funktionaliteter, produktudviklinger, serviceudviklinger og yderligere tjenester.<\/span><\/p>\n<p><span style=\"font-weight: 400;\">Bem\u00e6rk venligst, at Gimi forbeholder sig ret til at \u00e6ndre sine gebyrer og sin prismodel. Dette vil blive vist p\u00e5 vores hjemmeside, og du vil ogs\u00e5 modtage specifikke oplysninger om \u00e6ndringer i gebyrerne for at abonnere p\u00e5 yderligere tjenester.\u00a0<\/span><\/p>\n<p><span style=\"font-weight: 400;\">Gimi kan samarbejde med tredjeparter for at give dig som bruger gratis eller nedsat adgang til yderligere tjenester i Gimi-appen. Gimi har, sammen med vores partnere, fuld r\u00e5deret over vilk\u00e5rene og betingelserne for s\u00e5dan en gratis eller nedsat adgang, og du kan ikke g\u00f8re krav p\u00e5, at dit abonnement skal v\u00e6re underlagt s\u00e5dan en adgang.\u00a0<\/span><\/p>\n<h5><b> Dine forpligtelser, n\u00e5r du bruger Tjenesten\u00a0<\/b><\/h5>\n<p><span style=\"font-weight: 400;\">For at f\u00e5 adgang til Tjenesten skal du acceptere og godkende Vilk\u00e5rene og oprette en brugerkonto ved at registrere visse personlige oplysninger, herunder brugernavn, f\u00f8dselsdato og telefonnummer eller e-mailadresse (&#8220;Brugerkonto&#8221;).<\/span><\/p>\n<p><span style=\"font-weight: 400;\">Du er ansvarlig for at bruge Tjenesten p\u00e5 en lovlig og ansvarlig m\u00e5de i overensstemmelse med disse Vilk\u00e5r. Din brug af Tjenesten b\u00f8r derfor tage hensyn til f\u00f8lgende forpligtelser:\u00a0<\/span><\/p>\n<p><span style=\"font-weight: 400;\">&#8211; Du er ansvarlig for at give fuldst\u00e6ndige, rigtige og n\u00f8jagtige kontakt-, konto- og betalingsoplysninger og for at sikre, at s\u00e5danne oplysninger holdes ajour. Du er ogs\u00e5 ansvarlig for at sikre, at alle andre oplysninger, som du m\u00e5tte sende til Gimi, som bruger af Tjenesten, s\u00e5 vidt du ved, ikke er falske eller p\u00e5 anden m\u00e5de kan \u00f8del\u00e6gge eller forstyrre Tjenesten, at du har ret til at dele dem med Gimi og andre brugere, og at du har ret til at dele oplysningerne med Gimi og andre brugere.\u00a0<\/span><\/p>\n<ul>\n<li style=\"font-weight: 400;\" aria-level=\"1\"><span style=\"font-weight: 400;\">Du er ansvarlig for al brug af Tjenesten, der finder sted under dit brugernavn og, hvis du er v\u00e6rge, under dit barns brugernavn. Hvis dit brugernavn, telefonnummer eller den enhed, du bruger til at f\u00e5 adgang til tjenesten, er mistet eller stj\u00e5let, eller hvis du har grund til at tro, at der har v\u00e6ret uautoriseret adgang til din brugerkonto, bedes du straks kontakte Gimi og \u00e6ndre din adgangskode hurtigst muligt.\u00a0<\/span><\/li>\n<li style=\"font-weight: 400;\" aria-level=\"1\"><span style=\"font-weight: 400;\">Du m\u00e5 ikke bruge tjenesten til kommercielle eller andre form\u00e5l, der ikke er relateret til form\u00e5let med tjenesten (at blive brugt af b\u00f8rn, for\u00e6ldre\/v\u00e6rger og andre voksne, der er autoriseret af for\u00e6ldrene\/v\u00e6rgerne til at administrere penge og til at hj\u00e6lpe familien med at administrere b\u00f8rns \u00f8konomi og uddanne b\u00f8rn om digitale penge).\u00a0<\/span><\/li>\n<li style=\"font-weight: 400;\" aria-level=\"1\"><span style=\"font-weight: 400;\">Du m\u00e5 ikke kopiere (undtagen som udtrykkeligt tilladt i disse vilk\u00e5r), afkode, \u00e6ndre, arrangere, fors\u00f8ge at f\u00e5 adgang til kildekoden, modificere, reverse engineer eller skabe dine egne variationer eller versioner af tjenesten. Scraping af oplysninger i Applikationen, herunder tredjepartsoplysninger, der er tilg\u00e6ngelige via Tjenesten, er strengt forbudt.\u00a0<\/span><\/li>\n<li style=\"font-weight: 400;\" aria-level=\"1\"><span style=\"font-weight: 400;\">Tjenesten m\u00e5 ikke bruges p\u00e5 nogen m\u00e5de, der er ulovlig, skadelig eller anst\u00f8delig for Gimi, andre brugere eller tredjeparter. Du m\u00e5 is\u00e6r ikke bruge Tjenesten p\u00e5 nogen m\u00e5de til at chikanere, misbruge, true, \u00e6rekr\u00e6nke eller p\u00e5 anden m\u00e5de kr\u00e6nke andres rettigheder. Gimi er ikke ansvarlig for s\u00e5dan brug af andre brugere eller part, men Gimi opfordrer dig til at rapportere eventuelle h\u00e6ndelser til Gimi (s\u00e5som chikane, trusler, \u00e6rekr\u00e6nkelse, st\u00f8dende eller ulovlige beskeder).\u00a0<\/span><\/li>\n<\/ul>\n<p><span style=\"font-weight: 400;\">Hvis du overtr\u00e6der nogen af disse Vilk\u00e5r, eller hvis der opst\u00e5r juridisk ansvar som f\u00f8lge af din brug af Tjenesten, er du ansvarlig for alle omkostninger og udgifter, herunder juridiske gebyrer og omkostninger, som vi eller vores medarbejdere, entrepren\u00f8rer eller samarbejdspartnere p\u00e5drager os som f\u00f8lge heraf. Dette omfatter eventuelle omkostninger som f\u00f8lge af, at en anden har brugt dine oplysninger eller Gimi-konto, medmindre du kan bevise, at de er blevet brugt svigagtigt.\u00a0<\/span><\/p>\n<h5><b> Personlige data og Integritet\u00a0<\/b><\/h5>\n<p><span style=\"font-weight: 400;\">Vi tager din integritet meget alvorligt. Vi har derfor den n\u00f8dvendige sikkerhed og beskyttelse p\u00e5 plads for dine personlige oplysninger og behandler kun dine personlige data i overensstemmelse med vores privatlivspolitik.\u00a0<\/span><\/p>\n<h5><b> Opsigelse eller suspension af Tjenesten<\/b><\/h5>\n<p><span style=\"font-weight: 400;\">Du kan til enhver tid opsige din aftale med Gimi ved at afinstallere Gimi-applikationen og afslutte din brug af Tjenesten.\u00a0<\/span><\/p>\n<p><span style=\"font-weight: 400;\">Gimi kan opsige aftalen med dig i henhold til disse Vilk\u00e5r og suspendere eller opsige din brug af og adgang til Tjenesten, hvis noget af det f\u00f8lgende sker:\u00a0<\/span><\/p>\n<ul>\n<li style=\"font-weight: 400;\" aria-level=\"1\"><span style=\"font-weight: 400;\">Du har overtr\u00e5dt vores Vilk\u00e5r.\u00a0\u00a0<\/span><\/li>\n<li style=\"font-weight: 400;\" aria-level=\"1\"><span style=\"font-weight: 400;\">Du giver ikke, n\u00e5r du bliver bedt om det, de oplysninger, vi har brug for til at bekr\u00e6fte din identitet eller gyldigheden af de oplysninger, du har givet os.\u00a0<\/span><\/li>\n<li style=\"font-weight: 400;\" aria-level=\"1\"><span style=\"font-weight: 400;\">Vi har mistanke om, at du er eller har v\u00e6ret involveret i svigagtige eller ulovlige aktiviteter, n\u00e5r du bruger Tjenesten.\u00a0<\/span><\/li>\n<\/ul>\n<p><span style=\"font-weight: 400;\">N\u00e5r du opsiger din aftale med os, skal du stoppe med at bruge Tjenesten. Hvis opsigelsen skyldes, at du har overtr\u00e5dt disse Vilk\u00e5r, vil du ikke f\u00e5 refunderet eventuelle indbetalte gebyrer.<\/span><\/p>\n<p><span style=\"font-weight: 400;\">Gimi har ogs\u00e5 ret til at opsige aftalen med dig uden at angive en grund. I tilf\u00e6lde af en s\u00e5dan annullering fra Gimis side uden grund, vil du f\u00e5 refunderet forudbetalte gebyrer.\u00a0<\/span><\/p>\n<h5><b>Ejendomsrettigheder\u00a0<\/b><\/h5>\n<p><span style=\"font-weight: 400;\">Tjenesten er beskyttet af love om ophavsret og internationale instrumenter om ophavsret samt andre love og bestemmelser vedr\u00f8rende ejendomsret og immateriel ejendomsret. Gimi og dets licensgivere bevarer ejendomsretten til Tjenesten og alle relaterede immaterielle rettigheder, herunder, uden begr\u00e6nsning, varem\u00e6rker, firmanavne, databaserettigheder og patenter. Du f\u00e5r en licens med en, kun begr\u00e6nset, ret til at bruge Tjenesten som beskrevet i og underlagt disse vilk\u00e5r.\u00a0<\/span><\/p>\n<p><span style=\"font-weight: 400;\">Licensen giver dig ikke ret til at bruge Gimis navn, varem\u00e6rker eller andre kommercielle symboler. Alle rettigheder og licenser, der ikke udtrykkeligt er tildelt dig i disse Vilk\u00e5r, bevares af Gimi.<\/span><\/p>\n<h5><b> Begr\u00e6nsning af ansvar<\/b><\/h5>\n<p><span style=\"font-weight: 400;\">Vi kan ikke garantere, at din adgang til vores Applikation og Hjemmeside eller dets indhold leveres uafbrudt og fejlfrit, eller at webstedet er fri for virus eller andre skadelige egenskaber. Det er dit ansvar at have passende sikkerhedsforanstaltninger og procedurer p\u00e5 plads for at sikre, at al materiale, du henter fra vores hjemmeside, er fri for skadelige egenskaber.<\/span><\/p>\n<p><span style=\"font-weight: 400;\">Gimi kontrollerer og overv\u00e5ger indhold, der stilles til r\u00e5dighed af brugere eller andre tredjeparter via Tjenesten, men kan alligevel ikke garantere dets oprindelse eller n\u00f8jagtighed. Gimi er ikke ansvarlig og kan ikke holdes ansvarlig for gyldigheden og n\u00f8jagtigheden af det indhold, der opn\u00e5s i forbindelse med brugen af Tjenesten. Enhver brug af oplysninger, der opn\u00e5s ved brug af tjenesten, sker efter eget sk\u00f8n og p\u00e5 egen risiko.\u00a0<\/span><\/p>\n<p><span style=\"font-weight: 400;\">Vi har taget alle forholdsregler for at forhindre online svindel og for at sikre, at alle data, der indsamles fra dig, opbevares sikkert. I det ekstremt usandsynlige tilf\u00e6lde af et brud p\u00e5 vores sikre dataservere kan vi ikke holdes ansvarlige.\u00a0<\/span><\/p>\n<p><span style=\"font-weight: 400;\">Vi kan under ingen omst\u00e6ndigheder holdes ansvarlige for direkte, indirekte, ideelle eller andre former for tab eller skader, der opst\u00e5r som f\u00f8lge af din brug eller download af indhold fra tjenesten.\u00a0<\/span><\/p>\n<p><span style=\"font-weight: 400;\">Gimi er ikke ansvarlig for forsinkelser eller tab, der skyldes forhold uden for vores kontrol, og som i v\u00e6sentlig grad vanskeligg\u00f8r opfyldelsen af den p\u00e5g\u00e6ldende forpligtelse, eller at opfyldelsen af forpligtelsen ikke er \u00f8konomisk forsvarlig.\u00a0<\/span><\/p>\n<h5><b> Overf\u00f8rsel og overdragelse<\/b><\/h5>\n<p><span style=\"font-weight: 400;\">Gimi kan overdrage og overf\u00f8re rettigheder og forpligtelser i henhold til disse vilk\u00e5r til tredjeparter, som Gimi samarbejder med. Gimi vil underrette dig om enhver s\u00e5dan overf\u00f8rsel eller overdragelse, hvis det p\u00e5virker dine rettigheder i henhold til disse vilk\u00e5r.\u00a0<\/span><\/p>\n<h5><b> Support og feedback<\/b><\/h5>\n<p><span style=\"font-weight: 400;\">Gimi bestr\u00e6ber sig p\u00e5 at levere pr\u00e6cis og effektiv teknisk support, opgraderinger og opdateringer til Tjenesten. Gimi er dog ikke forpligtet til at yde support eller vedligeholdelse af Tjenesten i henhold til disse Vilk\u00e5r og forbeholder sig ret til at begr\u00e6nse support, opgraderinger og opdateringer fra tid til anden.\u00a0<\/span><\/p>\n<p><span style=\"font-weight: 400;\">Hvis du sender sp\u00f8rgsm\u00e5l til vores support og beskeder i vores blogs og fora, ejer du ophavsretten til teksten. Du giver os dog en ubegr\u00e6nset gratis licens til at genudgive teksten p\u00e5 vores hjemmeside og til at distribuere, stille til r\u00e5dighed eller s\u00e6lge teksten i trykt eller elektronisk form overalt i verden som en del af en redigeret samling eller p\u00e5 anden m\u00e5de.\u00a0<\/span><\/p>\n<h5><b> \u00c6ndringer af Tjenesten og Vilk\u00e5rene\u00a0<\/b><\/h5>\n<p><span style=\"font-weight: 400;\">Gimi kan til enhver tid \u00e6ndre Vilk\u00e5rene, med eller uden varsel, ved at l\u00e6gge nye versioner af Vilk\u00e5rene ud p\u00e5 vores hjemmeside. Du kan altid finde den seneste version af vilk\u00e5rene p\u00e5 hjemmesiden. Medmindre andet er angivet, tr\u00e6der de nye versioner af vilk\u00e5rene i kraft 30 dage efter deres offentligg\u00f8relse p\u00e5 hjemmesiden.\u00a0<\/span><\/p>\n<p><span style=\"font-weight: 400;\">I tilf\u00e6lde af v\u00e6sentlige \u00e6ndringer vil du blive underrettet via en besked i appen eller en meddelelse p\u00e5 webstedet og f\u00e5 mulighed for at opsige tjenesten, f\u00f8r de tr\u00e6der i kraft.\u00a0<\/span><\/p>\n<h5><b> Kontaktoplysninger\u00a0<\/b><\/h5>\n<p><span style=\"font-weight: 400;\">Hvis du har yderligere sp\u00f8rgsm\u00e5l om Gimis vilk\u00e5r og betingelser eller \u00f8nsker at anmode om bestemte oplysninger, opfordres du til at kontakte Gimi.\u00a0<\/span><\/p>\n<p>&nbsp;<\/p>\n<p><span style=\"font-weight: 400;\">Kontaktoplysningerne er:\u00a0<\/span><\/p>\n<p>&nbsp;<\/p>\n<p><span style=\"font-weight: 400;\">Gimi AB, Registreringsnummer <\/span><span style=\"font-weight: 400;\">556985-8029, <\/span><span style=\"font-weight: 400;\">\u00a0\u00c5s\u00f6gatan 142, 116 24, Stockholm.<\/span><\/p>\n<p><span style=\"font-weight: 400;\">Du kan ogs\u00e5 sende sp\u00f8rgsm\u00e5l til <\/span><a href=\"mailto:info@gimitheapp.com\"><span style=\"font-weight: 400;\">info@gimitheapp.com<\/span><\/a><span style=\"font-weight: 400;\"> eller i applikationen.<\/span><\/p>\n<p>&nbsp;<\/p>\n<p><span style=\"font-weight: 400;\">Disse vilk\u00e5r blev sidst opdateret\u00a0 den 10. januar 2024.\u00a0<\/span><\/p>\n\r\n                        <\/div>\r\r\n                    <\/div>\r\r\n                <\/div>\r\r\n            <\/div>\r\r\n        <\/div>\r\r\n    <\/div>\r\r\n<\/section>\r\r\n\r\r\n\r\r\n\r\r\n\r\r\n","protected":false},"excerpt":{"rendered":"","protected":false},"author":4,"featured_media":6001,"parent":0,"menu_order":0,"comment_status":"closed","ping_status":"closed","template":"","meta":{"inline_featured_image":false},"yoast_head":"<!-- This site is optimized with the Yoast SEO plugin v19.10 - https:\/\/yoast.com\/wordpress\/plugins\/seo\/ -->\n<title>User terms - Gimi<\/title>\n<meta name=\"robots\" content=\"index, follow, max-snippet:-1, max-image-preview:large, max-video-preview:-1\" \/>\n<link rel=\"canonical\" href=\"https:\/\/gimi.com\/da\/user-terms\/\" \/>\n<meta property=\"og:locale\" content=\"da_DK\" \/>\n<meta property=\"og:type\" content=\"article\" \/>\n<meta property=\"og:title\" content=\"User terms - Gimi\" \/>\n<meta property=\"og:url\" content=\"https:\/\/gimi.com\/da\/user-terms\/\" \/>\n<meta property=\"og:site_name\" content=\"Gimi\" \/>\n<meta property=\"article:publisher\" content=\"https:\/\/www.facebook.com\/GimiFinancialSuperskills\" \/>\n<meta property=\"article:modified_time\" content=\"2026-01-14T17:56:57+00:00\" \/>\n<meta property=\"og:image\" content=\"http:\/\/gimi.com\/wp-content\/uploads\/2022\/11\/gimi-logo-square.png\" \/>\n\t<meta property=\"og:image:width\" content=\"1080\" \/>\n\t<meta property=\"og:image:height\" content=\"1080\" \/>\n\t<meta property=\"og:image:type\" content=\"image\/png\" \/>\n<meta name=\"twitter:card\" content=\"summary_large_image\" \/>\n<script type=\"application\/ld+json\" class=\"yoast-schema-graph\">{\"@context\":\"https:\/\/schema.org\",\"@graph\":[{\"@type\":\"WebPage\",\"@id\":\"https:\/\/gimi.com\/da\/user-terms\/\",\"url\":\"https:\/\/gimi.com\/da\/user-terms\/\",\"name\":\"User terms - Gimi\",\"isPartOf\":{\"@id\":\"https:\/\/gimi.com\/#website\"},\"datePublished\":\"2026-01-14T16:54:28+00:00\",\"dateModified\":\"2026-01-14T17:56:57+00:00\",\"breadcrumb\":{\"@id\":\"https:\/\/gimi.com\/da\/user-terms\/#breadcrumb\"},\"inLanguage\":\"da-DK\",\"potentialAction\":[{\"@type\":\"ReadAction\",\"target\":[\"https:\/\/gimi.com\/da\/user-terms\/\"]}]},{\"@type\":\"BreadcrumbList\",\"@id\":\"https:\/\/gimi.com\/da\/user-terms\/#breadcrumb\",\"itemListElement\":[{\"@type\":\"ListItem\",\"position\":1,\"name\":\"Home\",\"item\":\"https:\/\/gimi.com\/\"},{\"@type\":\"ListItem\",\"position\":2,\"name\":\"User terms\"}]},{\"@type\":\"WebSite\",\"@id\":\"https:\/\/gimi.com\/#website\",\"url\":\"https:\/\/gimi.com\/\",\"name\":\"Gimi\",\"description\":\"Gimi\",\"publisher\":{\"@id\":\"https:\/\/gimi.com\/#organization\"},\"potentialAction\":[{\"@type\":\"SearchAction\",\"target\":{\"@type\":\"EntryPoint\",\"urlTemplate\":\"https:\/\/gimi.com\/?s={search_term_string}\"},\"query-input\":\"required name=search_term_string\"}],\"inLanguage\":\"da-DK\"},{\"@type\":\"Organization\",\"@id\":\"https:\/\/gimi.com\/#organization\",\"name\":\"Gimi\",\"url\":\"https:\/\/gimi.com\/\",\"logo\":{\"@type\":\"ImageObject\",\"inLanguage\":\"da-DK\",\"@id\":\"https:\/\/gimi.com\/#\/schema\/logo\/image\/\",\"url\":\"https:\/\/gimi.com\/wp-content\/uploads\/2022\/11\/gimi-logo-square.png\",\"contentUrl\":\"https:\/\/gimi.com\/wp-content\/uploads\/2022\/11\/gimi-logo-square.png\",\"width\":1080,\"height\":1080,\"caption\":\"Gimi\"},\"image\":{\"@id\":\"https:\/\/gimi.com\/#\/schema\/logo\/image\/\"},\"sameAs\":[\"https:\/\/www.youtube.com\/c\/Gimi-FinancialSuperskills\",\"https:\/\/www.instagram.com\/gimitheapp\/?hl=en\",\"https:\/\/www.facebook.com\/GimiFinancialSuperskills\"]}]}<\/script>\n<!-- \/ Yoast SEO plugin. -->","yoast_head_json":{"title":"User terms - Gimi","robots":{"index":"index","follow":"follow","max-snippet":"max-snippet:-1","max-image-preview":"max-image-preview:large","max-video-preview":"max-video-preview:-1"},"canonical":"https:\/\/gimi.com\/da\/user-terms\/","og_locale":"da_DK","og_type":"article","og_title":"User terms - Gimi","og_url":"https:\/\/gimi.com\/da\/user-terms\/","og_site_name":"Gimi","article_publisher":"https:\/\/www.facebook.com\/GimiFinancialSuperskills","article_modified_time":"2026-01-14T17:56:57+00:00","og_image":[{"width":1080,"height":1080,"url":"http:\/\/gimi.com\/wp-content\/uploads\/2022\/11\/gimi-logo-square.png","type":"image\/png"}],"twitter_card":"summary_large_image","schema":{"@context":"https:\/\/schema.org","@graph":[{"@type":"WebPage","@id":"https:\/\/gimi.com\/da\/user-terms\/","url":"https:\/\/gimi.com\/da\/user-terms\/","name":"User terms - Gimi","isPartOf":{"@id":"https:\/\/gimi.com\/#website"},"datePublished":"2026-01-14T16:54:28+00:00","dateModified":"2026-01-14T17:56:57+00:00","breadcrumb":{"@id":"https:\/\/gimi.com\/da\/user-terms\/#breadcrumb"},"inLanguage":"da-DK","potentialAction":[{"@type":"ReadAction","target":["https:\/\/gimi.com\/da\/user-terms\/"]}]},{"@type":"BreadcrumbList","@id":"https:\/\/gimi.com\/da\/user-terms\/#breadcrumb","itemListElement":[{"@type":"ListItem","position":1,"name":"Home","item":"https:\/\/gimi.com\/"},{"@type":"ListItem","position":2,"name":"User terms"}]},{"@type":"WebSite","@id":"https:\/\/gimi.com\/#website","url":"https:\/\/gimi.com\/","name":"Gimi","description":"Gimi","publisher":{"@id":"https:\/\/gimi.com\/#organization"},"potentialAction":[{"@type":"SearchAction","target":{"@type":"EntryPoint","urlTemplate":"https:\/\/gimi.com\/?s={search_term_string}"},"query-input":"required name=search_term_string"}],"inLanguage":"da-DK"},{"@type":"Organization","@id":"https:\/\/gimi.com\/#organization","name":"Gimi","url":"https:\/\/gimi.com\/","logo":{"@type":"ImageObject","inLanguage":"da-DK","@id":"https:\/\/gimi.com\/#\/schema\/logo\/image\/","url":"https:\/\/gimi.com\/wp-content\/uploads\/2022\/11\/gimi-logo-square.png","contentUrl":"https:\/\/gimi.com\/wp-content\/uploads\/2022\/11\/gimi-logo-square.png","width":1080,"height":1080,"caption":"Gimi"},"image":{"@id":"https:\/\/gimi.com\/#\/schema\/logo\/image\/"},"sameAs":["https:\/\/www.youtube.com\/c\/Gimi-FinancialSuperskills","https:\/\/www.instagram.com\/gimitheapp\/?hl=en","https:\/\/www.facebook.com\/GimiFinancialSuperskills"]}]}},"_links":{"self":[{"href":"https:\/\/gimi.com\/da\/wp-json\/wp\/v2\/pages\/5997"}],"collection":[{"href":"https:\/\/gimi.com\/da\/wp-json\/wp\/v2\/pages"}],"about":[{"href":"https:\/\/gimi.com\/da\/wp-json\/wp\/v2\/types\/page"}],"author":[{"embeddable":true,"href":"https:\/\/gimi.com\/da\/wp-json\/wp\/v2\/users\/4"}],"replies":[{"embeddable":true,"href":"https:\/\/gimi.com\/da\/wp-json\/wp\/v2\/comments?post=5997"}],"version-history":[{"count":12,"href":"https:\/\/gimi.com\/da\/wp-json\/wp\/v2\/pages\/5997\/revisions"}],"predecessor-version":[{"id":6015,"href":"https:\/\/gimi.com\/da\/wp-json\/wp\/v2\/pages\/5997\/revisions\/6015"}],"wp:featuredmedia":[{"embeddable":true,"href":"https:\/\/gimi.com\/da\/wp-json\/wp\/v2\/media\/6001"}],"wp:attachment":[{"href":"https:\/\/gimi.com\/da\/wp-json\/wp\/v2\/media?parent=5997"}],"curies":[{"name":"wp","href":"https:\/\/api.w.org\/{rel}","templated":true}]}}